{"id":1213,"date":"2024-04-22T18:45:05","date_gmt":"2024-04-22T15:45:05","guid":{"rendered":"https:\/\/yhdistykset.vihreat.fi\/ikavihreat\/?page_id=1213"},"modified":"2025-02-27T17:51:34","modified_gmt":"2025-02-27T15:51:34","slug":"euroopan-vihreiden-seniorien-verkosto-engs","status":"publish","type":"page","link":"https:\/\/yhdistykset.vihreat.fi\/ikavihreat\/euroopan-vihreiden-seniorien-verkosto-engs\/","title":{"rendered":"Euroopan vihreiden seniorien verkosto EGS"},"content":{"rendered":"<p><span style=\"font-weight: 400;\">Euroopan vihreiden seniorien verkosto (EGS) on eurooppalaisten vihreiden senioriyhdistysten yhteenliittym\u00e4. EGS edist\u00e4\u00e4 senioreiden oikeuksia Euroopan Vihreiden kautta EU-tasolla pyrkien vaikuttamaan vanhuspolitiikkaan EU:ssa.<\/span><\/p>\n<p><span style=\"font-weight: 400;\">Euroopan vihreiden senioreiden verkoston tavoitteita ovat esimerkiksi joustavat ty\u00f6skentelymahdollisuudet, hyv\u00e4 hoiva, riitt\u00e4v\u00e4t el\u00e4kkeet ja osallistumisoikeudet. Ikivihre\u00e4t ry:n ja Helsingin Seudun Ikivihreiden j\u00e4sen\u00a0 osallistuu EGS:n\u00a0 hallituksen et\u00e4kokouksiin.\u00a0<\/span><\/p>\n<p><span style=\"font-weight: 400;\">Lue tiivistelm\u00e4t EGS-kokouksista <a href=\"https:\/\/yhdistykset.vihreat.fi\/ikavihreat\/ajankohtaista\/\">Ajankohtaista-osiosta<\/a>. P\u00e4\u00e4set tutustumaan tarkemmin EGS:n toimintaan verkoston <\/span><a href=\"https:\/\/www.greenseniors.eu\/\"><span style=\"font-weight: 400;\">kotisivuilta<\/span><\/a><span style=\"font-weight: 400;\">.\u00a0 \u00a0Voit osallistua EGS:n hallituksen kokouksiin, joita on pitkin vuotta. Linkki on verkkosivuilla.\u00a0<\/span><\/p>\n","protected":false},"excerpt":{"rendered":"<p>Euroopan vihreiden seniorien verkosto (EGS) on eurooppalaisten vihreiden senioriyhdistysten yhteenliittym\u00e4. EGS edist\u00e4\u00e4 senioreiden oikeuksia Euroopan Vihreiden kautta EU-tasolla pyrkien vaikuttamaan vanhuspolitiikkaan EU:ssa. Euroopan vihreiden senioreiden verkoston tavoitteita ovat esimerkiksi joustavat ty\u00f6skentelymahdollisuudet, hyv\u00e4 hoiva, riitt\u00e4v\u00e4t el\u00e4kkeet ja osallistumisoikeudet. Ikivihre\u00e4t ry:n ja Helsingin Seudun Ikivihreiden j\u00e4sen\u00a0 osallistuu EGS:n\u00a0 hallituksen et\u00e4kokouksiin.\u00a0 Lue tiivistelm\u00e4t EGS-kokouksista Ajankohtaista-osiosta. P\u00e4\u00e4set tutustumaan tarkemmin [&hellip;]<\/p>\n","protected":false},"author":865,"featured_media":1397,"parent":0,"menu_order":10,"comment_status":"closed","ping_status":"closed","template":"","meta":{"_crdt_document":"","footnotes":""},"class_list":["post-1213","page","type-page","status-publish","has-post-thumbnail","hentry"],"yoast_head":"<!-- This site is optimized with the Yoast SEO plugin v27.1.1 - https:\/\/yoast.com\/product\/yoast-seo-wordpress\/ -->\n<title>Euroopan vihreiden seniorien verkosto EGS - Ik\u00e4vihre\u00e4t<\/title>\n<meta name=\"robots\" content=\"index, follow, max-snippet:-1, max-image-preview:large, max-video-preview:-1\" \/>\n<link rel=\"canonical\" href=\"https:\/\/yhdistykset.vihreat.fi\/ikavihreat\/euroopan-vihreiden-seniorien-verkosto-engs\/\" \/>\n<meta property=\"og:locale\" content=\"fi_FI\" \/>\n<meta property=\"og:type\" content=\"article\" \/>\n<meta property=\"og:title\" content=\"Euroopan vihreiden seniorien verkosto EGS - Ik\u00e4vihre\u00e4t\" \/>\n<meta property=\"og:description\" content=\"Euroopan vihreiden seniorien verkosto (EGS) on eurooppalaisten vihreiden senioriyhdistysten yhteenliittym\u00e4. EGS edist\u00e4\u00e4 senioreiden oikeuksia Euroopan Vihreiden kautta EU-tasolla pyrkien vaikuttamaan vanhuspolitiikkaan EU:ssa. Euroopan vihreiden senioreiden verkoston tavoitteita ovat esimerkiksi joustavat ty\u00f6skentelymahdollisuudet, hyv\u00e4 hoiva, riitt\u00e4v\u00e4t el\u00e4kkeet ja osallistumisoikeudet. Ikivihre\u00e4t ry:n ja Helsingin Seudun Ikivihreiden j\u00e4sen\u00a0 osallistuu EGS:n\u00a0 hallituksen et\u00e4kokouksiin.\u00a0 Lue tiivistelm\u00e4t EGS-kokouksista Ajankohtaista-osiosta. P\u00e4\u00e4set tutustumaan tarkemmin [&hellip;]\" \/>\n<meta property=\"og:url\" content=\"https:\/\/yhdistykset.vihreat.fi\/ikavihreat\/euroopan-vihreiden-seniorien-verkosto-engs\/\" \/>\n<meta property=\"og:site_name\" content=\"Ik\u00e4vihre\u00e4t\" \/>\n<meta property=\"article:modified_time\" content=\"2025-02-27T15:51:34+00:00\" \/>\n<meta property=\"og:image\" content=\"https:\/\/yhdistykset.vihreat.fi\/ikavihreat\/files\/2024\/02\/Lyon-2024.jpg\" \/>\n\t<meta property=\"og:image:width\" content=\"1024\" \/>\n\t<meta property=\"og:image:height\" content=\"768\" \/>\n\t<meta property=\"og:image:type\" content=\"image\/jpeg\" \/>\n<meta name=\"twitter:card\" content=\"summary_large_image\" \/>\n<meta name=\"twitter:label1\" content=\"Arvioitu lukuaika\" \/>\n\t<meta name=\"twitter:data1\" content=\"1 minuutti\" \/>\n<script type=\"application\/ld+json\" class=\"yoast-schema-graph\">{\"@context\":\"https:\/\/schema.org\",\"@graph\":[{\"@type\":\"WebPage\",\"@id\":\"https:\/\/yhdistykset.vihreat.fi\/ikavihreat\/euroopan-vihreiden-seniorien-verkosto-engs\/\",\"url\":\"https:\/\/yhdistykset.vihreat.fi\/ikavihreat\/euroopan-vihreiden-seniorien-verkosto-engs\/\",\"name\":\"Euroopan vihreiden seniorien verkosto EGS - Ik\u00e4vihre\u00e4t\",\"isPartOf\":{\"@id\":\"https:\/\/yhdistykset.vihreat.fi\/ikavihreat\/#website\"},\"primaryImageOfPage\":{\"@id\":\"https:\/\/yhdistykset.vihreat.fi\/ikavihreat\/euroopan-vihreiden-seniorien-verkosto-engs\/#primaryimage\"},\"image\":{\"@id\":\"https:\/\/yhdistykset.vihreat.fi\/ikavihreat\/euroopan-vihreiden-seniorien-verkosto-engs\/#primaryimage\"},\"thumbnailUrl\":\"https:\/\/yhdistykset.vihreat.fi\/ikavihreat\/files\/2024\/02\/Lyon-2024.jpg\",\"datePublished\":\"2024-04-22T15:45:05+00:00\",\"dateModified\":\"2025-02-27T15:51:34+00:00\",\"breadcrumb\":{\"@id\":\"https:\/\/yhdistykset.vihreat.fi\/ikavihreat\/euroopan-vihreiden-seniorien-verkosto-engs\/#breadcrumb\"},\"inLanguage\":\"fi\",\"potentialAction\":[{\"@type\":\"ReadAction\",\"target\":[\"https:\/\/yhdistykset.vihreat.fi\/ikavihreat\/euroopan-vihreiden-seniorien-verkosto-engs\/\"]}]},{\"@type\":\"ImageObject\",\"inLanguage\":\"fi\",\"@id\":\"https:\/\/yhdistykset.vihreat.fi\/ikavihreat\/euroopan-vihreiden-seniorien-verkosto-engs\/#primaryimage\",\"url\":\"https:\/\/yhdistykset.vihreat.fi\/ikavihreat\/files\/2024\/02\/Lyon-2024.jpg\",\"contentUrl\":\"https:\/\/yhdistykset.vihreat.fi\/ikavihreat\/files\/2024\/02\/Lyon-2024.jpg\",\"width\":1024,\"height\":768},{\"@type\":\"BreadcrumbList\",\"@id\":\"https:\/\/yhdistykset.vihreat.fi\/ikavihreat\/euroopan-vihreiden-seniorien-verkosto-engs\/#breadcrumb\",\"itemListElement\":[{\"@type\":\"ListItem\",\"position\":1,\"name\":\"Home\",\"item\":\"https:\/\/yhdistykset.vihreat.fi\/ikavihreat\/\"},{\"@type\":\"ListItem\",\"position\":2,\"name\":\"Euroopan vihreiden seniorien verkosto EGS\"}]},{\"@type\":\"WebSite\",\"@id\":\"https:\/\/yhdistykset.vihreat.fi\/ikavihreat\/#website\",\"url\":\"https:\/\/yhdistykset.vihreat.fi\/ikavihreat\/\",\"name\":\"Ik\u00e4vihre\u00e4t\",\"description\":\"Ik\u00e4vihre\u00e4t ry:n yhdistyksen verkkosivu\",\"publisher\":{\"@id\":\"https:\/\/yhdistykset.vihreat.fi\/ikavihreat\/#organization\"},\"potentialAction\":[{\"@type\":\"SearchAction\",\"target\":{\"@type\":\"EntryPoint\",\"urlTemplate\":\"https:\/\/yhdistykset.vihreat.fi\/ikavihreat\/?s={search_term_string}\"},\"query-input\":{\"@type\":\"PropertyValueSpecification\",\"valueRequired\":true,\"valueName\":\"search_term_string\"}}],\"inLanguage\":\"fi\"},{\"@type\":\"Organization\",\"@id\":\"https:\/\/yhdistykset.vihreat.fi\/ikavihreat\/#organization\",\"name\":\"Ik\u00e4vihre\u00e4t\",\"url\":\"https:\/\/yhdistykset.vihreat.fi\/ikavihreat\/\",\"logo\":{\"@type\":\"ImageObject\",\"inLanguage\":\"fi\",\"@id\":\"https:\/\/yhdistykset.vihreat.fi\/ikavihreat\/#\/schema\/logo\/image\/\",\"url\":\"https:\/\/yhdistykset.vihreat.fi\/ikavihreat\/files\/2024\/09\/Ika\u0308vihrea\u0308t-logo.png\",\"contentUrl\":\"https:\/\/yhdistykset.vihreat.fi\/ikavihreat\/files\/2024\/09\/Ika\u0308vihrea\u0308t-logo.png\",\"width\":398,\"height\":76,\"caption\":\"Ik\u00e4vihre\u00e4t\"},\"image\":{\"@id\":\"https:\/\/yhdistykset.vihreat.fi\/ikavihreat\/#\/schema\/logo\/image\/\"}}]}<\/script>\n<!-- \/ Yoast SEO plugin. -->","yoast_head_json":{"title":"Euroopan vihreiden seniorien verkosto EGS - Ik\u00e4vihre\u00e4t","robots":{"index":"index","follow":"follow","max-snippet":"max-snippet:-1","max-image-preview":"max-image-preview:large","max-video-preview":"max-video-preview:-1"},"canonical":"https:\/\/yhdistykset.vihreat.fi\/ikavihreat\/euroopan-vihreiden-seniorien-verkosto-engs\/","og_locale":"fi_FI","og_type":"article","og_title":"Euroopan vihreiden seniorien verkosto EGS - Ik\u00e4vihre\u00e4t","og_description":"Euroopan vihreiden seniorien verkosto (EGS) on eurooppalaisten vihreiden senioriyhdistysten yhteenliittym\u00e4. EGS edist\u00e4\u00e4 senioreiden oikeuksia Euroopan Vihreiden kautta EU-tasolla pyrkien vaikuttamaan vanhuspolitiikkaan EU:ssa. Euroopan vihreiden senioreiden verkoston tavoitteita ovat esimerkiksi joustavat ty\u00f6skentelymahdollisuudet, hyv\u00e4 hoiva, riitt\u00e4v\u00e4t el\u00e4kkeet ja osallistumisoikeudet. Ikivihre\u00e4t ry:n ja Helsingin Seudun Ikivihreiden j\u00e4sen\u00a0 osallistuu EGS:n\u00a0 hallituksen et\u00e4kokouksiin.\u00a0 Lue tiivistelm\u00e4t EGS-kokouksista Ajankohtaista-osiosta. P\u00e4\u00e4set tutustumaan tarkemmin [&hellip;]","og_url":"https:\/\/yhdistykset.vihreat.fi\/ikavihreat\/euroopan-vihreiden-seniorien-verkosto-engs\/","og_site_name":"Ik\u00e4vihre\u00e4t","article_modified_time":"2025-02-27T15:51:34+00:00","og_image":[{"width":1024,"height":768,"url":"https:\/\/yhdistykset.vihreat.fi\/ikavihreat\/files\/2024\/02\/Lyon-2024.jpg","type":"image\/jpeg"}],"twitter_card":"summary_large_image","twitter_misc":{"Arvioitu lukuaika":"1 minuutti"},"schema":{"@context":"https:\/\/schema.org","@graph":[{"@type":"WebPage","@id":"https:\/\/yhdistykset.vihreat.fi\/ikavihreat\/euroopan-vihreiden-seniorien-verkosto-engs\/","url":"https:\/\/yhdistykset.vihreat.fi\/ikavihreat\/euroopan-vihreiden-seniorien-verkosto-engs\/","name":"Euroopan vihreiden seniorien verkosto EGS - Ik\u00e4vihre\u00e4t","isPartOf":{"@id":"https:\/\/yhdistykset.vihreat.fi\/ikavihreat\/#website"},"primaryImageOfPage":{"@id":"https:\/\/yhdistykset.vihreat.fi\/ikavihreat\/euroopan-vihreiden-seniorien-verkosto-engs\/#primaryimage"},"image":{"@id":"https:\/\/yhdistykset.vihreat.fi\/ikavihreat\/euroopan-vihreiden-seniorien-verkosto-engs\/#primaryimage"},"thumbnailUrl":"https:\/\/yhdistykset.vihreat.fi\/ikavihreat\/files\/2024\/02\/Lyon-2024.jpg","datePublished":"2024-04-22T15:45:05+00:00","dateModified":"2025-02-27T15:51:34+00:00","breadcrumb":{"@id":"https:\/\/yhdistykset.vihreat.fi\/ikavihreat\/euroopan-vihreiden-seniorien-verkosto-engs\/#breadcrumb"},"inLanguage":"fi","potentialAction":[{"@type":"ReadAction","target":["https:\/\/yhdistykset.vihreat.fi\/ikavihreat\/euroopan-vihreiden-seniorien-verkosto-engs\/"]}]},{"@type":"ImageObject","inLanguage":"fi","@id":"https:\/\/yhdistykset.vihreat.fi\/ikavihreat\/euroopan-vihreiden-seniorien-verkosto-engs\/#primaryimage","url":"https:\/\/yhdistykset.vihreat.fi\/ikavihreat\/files\/2024\/02\/Lyon-2024.jpg","contentUrl":"https:\/\/yhdistykset.vihreat.fi\/ikavihreat\/files\/2024\/02\/Lyon-2024.jpg","width":1024,"height":768},{"@type":"BreadcrumbList","@id":"https:\/\/yhdistykset.vihreat.fi\/ikavihreat\/euroopan-vihreiden-seniorien-verkosto-engs\/#breadcrumb","itemListElement":[{"@type":"ListItem","position":1,"name":"Home","item":"https:\/\/yhdistykset.vihreat.fi\/ikavihreat\/"},{"@type":"ListItem","position":2,"name":"Euroopan vihreiden seniorien verkosto EGS"}]},{"@type":"WebSite","@id":"https:\/\/yhdistykset.vihreat.fi\/ikavihreat\/#website","url":"https:\/\/yhdistykset.vihreat.fi\/ikavihreat\/","name":"Ik\u00e4vihre\u00e4t","description":"Ik\u00e4vihre\u00e4t ry:n yhdistyksen verkkosivu","publisher":{"@id":"https:\/\/yhdistykset.vihreat.fi\/ikavihreat\/#organization"},"potentialAction":[{"@type":"SearchAction","target":{"@type":"EntryPoint","urlTemplate":"https:\/\/yhdistykset.vihreat.fi\/ikavihreat\/?s={search_term_string}"},"query-input":{"@type":"PropertyValueSpecification","valueRequired":true,"valueName":"search_term_string"}}],"inLanguage":"fi"},{"@type":"Organization","@id":"https:\/\/yhdistykset.vihreat.fi\/ikavihreat\/#organization","name":"Ik\u00e4vihre\u00e4t","url":"https:\/\/yhdistykset.vihreat.fi\/ikavihreat\/","logo":{"@type":"ImageObject","inLanguage":"fi","@id":"https:\/\/yhdistykset.vihreat.fi\/ikavihreat\/#\/schema\/logo\/image\/","url":"https:\/\/yhdistykset.vihreat.fi\/ikavihreat\/files\/2024\/09\/Ika\u0308vihrea\u0308t-logo.png","contentUrl":"https:\/\/yhdistykset.vihreat.fi\/ikavihreat\/files\/2024\/09\/Ika\u0308vihrea\u0308t-logo.png","width":398,"height":76,"caption":"Ik\u00e4vihre\u00e4t"},"image":{"@id":"https:\/\/yhdistykset.vihreat.fi\/ikavihreat\/#\/schema\/logo\/image\/"}}]}},"_links":{"self":[{"href":"https:\/\/yhdistykset.vihreat.fi\/ikavihreat\/wp-json\/wp\/v2\/pages\/1213","targetHints":{"allow":["GET"]}}],"collection":[{"href":"https:\/\/yhdistykset.vihreat.fi\/ikavihreat\/wp-json\/wp\/v2\/pages"}],"about":[{"href":"https:\/\/yhdistykset.vihreat.fi\/ikavihreat\/wp-json\/wp\/v2\/types\/page"}],"author":[{"embeddable":true,"href":"https:\/\/yhdistykset.vihreat.fi\/ikavihreat\/wp-json\/wp\/v2\/users\/865"}],"replies":[{"embeddable":true,"href":"https:\/\/yhdistykset.vihreat.fi\/ikavihreat\/wp-json\/wp\/v2\/comments?post=1213"}],"version-history":[{"count":13,"href":"https:\/\/yhdistykset.vihreat.fi\/ikavihreat\/wp-json\/wp\/v2\/pages\/1213\/revisions"}],"predecessor-version":[{"id":2328,"href":"https:\/\/yhdistykset.vihreat.fi\/ikavihreat\/wp-json\/wp\/v2\/pages\/1213\/revisions\/2328"}],"wp:featuredmedia":[{"embeddable":true,"href":"https:\/\/yhdistykset.vihreat.fi\/ikavihreat\/wp-json\/wp\/v2\/media\/1397"}],"wp:attachment":[{"href":"https:\/\/yhdistykset.vihreat.fi\/ikavihreat\/wp-json\/wp\/v2\/media?parent=1213"}],"curies":[{"name":"wp","href":"https:\/\/api.w.org\/{rel}","templated":true}]}}