{"id":1342,"date":"2025-04-25T17:19:40","date_gmt":"2025-04-25T14:19:40","guid":{"rendered":"https:\/\/yhdistykset.vihreat.fi\/ikavihreat\/?page_id=1342"},"modified":"2025-04-25T17:19:41","modified_gmt":"2025-04-25T14:19:41","slug":"hallitus","status":"publish","type":"page","link":"https:\/\/yhdistykset.vihreat.fi\/ikavihreat\/hallitus\/","title":{"rendered":"Hallitus"},"content":{"rendered":"\n<p class=\"wp-block-paragraph\">Hallitus 1.5.2025-30.4.2026<\/p>\n\n\n\n<p class=\"wp-block-paragraph\">Birgit Backlund-Palander, Lemp\u00e4\u00e4l\u00e4, puheenjohtaja<\/p>\n\n\n\n<p class=\"wp-block-paragraph\">Auni-Marja Vilavaara, Helsinki, varapuheenjohtaja<\/p>\n\n\n\n<p class=\"wp-block-paragraph\">Taina T\u00f6rm\u00e4, Tampere, sihteeri<\/p>\n\n\n\n<p class=\"wp-block-paragraph\">Leena Hulkkonen, Pirkkala, taloudenhoitaja<\/p>\n\n\n\n<p class=\"wp-block-paragraph\">Veikko Ahola, Jyv\u00e4skyl\u00e4<\/p>\n\n\n\n<p class=\"wp-block-paragraph\">Saila Joutsio, Tampere<\/p>\n\n\n\n<p class=\"wp-block-paragraph\">Reino Lampinen, Helsinki<\/p>\n\n\n\n<p class=\"wp-block-paragraph\">Tarja Pasma, Oulu<\/p>\n\n\n\n<p class=\"wp-block-paragraph\">Pirkko Telaranta, Helsinki<\/p>\n\n\n\n<p class=\"wp-block-paragraph\">Mikko Vuorinen, Tampere<\/p>\n\n\n\n<p class=\"wp-block-paragraph\">Hanna Erjanti, Naantali<\/p>\n\n\n\n<p class=\"wp-block-paragraph\">Marjo P. H\u00e4m\u00e4l\u00e4inen, Joensuu<\/p>\n\n\n\n<p class=\"wp-block-paragraph\"><\/p>\n\n\n\n<p class=\"wp-block-paragraph\"><strong>Hallitus 1.5.2024-30.4.2025<\/strong><\/p>\n\n\n\n<p class=\"wp-block-paragraph\">Auni-Marja Vilavaara, puheenjohtaja, Helsinki<br \/>Saila Joutsio, varapuheenjohtaja, Tampere<br \/>Taina T\u00f6rm\u00e4 , sihteeri, Tampere<br \/>Tuulikki Korhonen, rahastonhoitaja, Helsinki<br \/>Veikko Ahola, Jyv\u00e4skyl\u00e4<br \/>Yrj\u00f6 Ala-Paavola , Hyvink\u00e4\u00e4<br \/>Birgit Backlund-Palander, Lemp\u00e4\u00e4l\u00e4<br \/>Reino Lampinen, Helsinki<br \/>Pirkko Telaranta, Helsinki<br \/>Marjo P. H\u00e4m\u00e4l\u00e4inen, Joensuu<br \/>Hanna Erjanti, Naantali<\/p>\n\n\n\n<div style=\"height:34px\" aria-hidden=\"true\" class=\"wp-block-spacer\"><\/div>\n","protected":false},"excerpt":{"rendered":"<p>Hallitus 1.5.2025-30.4.2026 Birgit Backlund-Palander, Lemp\u00e4\u00e4l\u00e4, puheenjohtaja Auni-Marja Vilavaara, Helsinki, varapuheenjohtaja Taina T\u00f6rm\u00e4, Tampere, sihteeri Leena Hulkkonen, Pirkkala, taloudenhoitaja Veikko Ahola, Jyv\u00e4skyl\u00e4 Saila Joutsio, Tampere Reino Lampinen, Helsinki Tarja Pasma, Oulu Pirkko Telaranta, Helsinki Mikko Vuorinen, Tampere Hanna Erjanti, Naantali Marjo P. H\u00e4m\u00e4l\u00e4inen, Joensuu Hallitus 1.5.2024-30.4.2025 Auni-Marja Vilavaara, puheenjohtaja, HelsinkiSaila Joutsio, varapuheenjohtaja, TampereTaina T\u00f6rm\u00e4 , sihteeri, [&hellip;]<\/p>\n","protected":false},"author":865,"featured_media":1196,"parent":0,"menu_order":1,"comment_status":"closed","ping_status":"closed","template":"","meta":{"_crdt_document":"","footnotes":""},"class_list":["post-1342","page","type-page","status-publish","has-post-thumbnail","hentry"],"yoast_head":"<!-- This site is optimized with the Yoast SEO plugin v27.1.1 - https:\/\/yoast.com\/product\/yoast-seo-wordpress\/ -->\n<title>Hallitus - Ik\u00e4vihre\u00e4t<\/title>\n<meta name=\"robots\" content=\"index, follow, max-snippet:-1, max-image-preview:large, max-video-preview:-1\" \/>\n<link rel=\"canonical\" href=\"https:\/\/yhdistykset.vihreat.fi\/ikavihreat\/hallitus\/\" \/>\n<meta property=\"og:locale\" content=\"fi_FI\" \/>\n<meta property=\"og:type\" content=\"article\" \/>\n<meta property=\"og:title\" content=\"Hallitus - Ik\u00e4vihre\u00e4t\" \/>\n<meta property=\"og:description\" content=\"Hallitus 1.5.2025-30.4.2026 Birgit Backlund-Palander, Lemp\u00e4\u00e4l\u00e4, puheenjohtaja Auni-Marja Vilavaara, Helsinki, varapuheenjohtaja Taina T\u00f6rm\u00e4, Tampere, sihteeri Leena Hulkkonen, Pirkkala, taloudenhoitaja Veikko Ahola, Jyv\u00e4skyl\u00e4 Saila Joutsio, Tampere Reino Lampinen, Helsinki Tarja Pasma, Oulu Pirkko Telaranta, Helsinki Mikko Vuorinen, Tampere Hanna Erjanti, Naantali Marjo P. H\u00e4m\u00e4l\u00e4inen, Joensuu Hallitus 1.5.2024-30.4.2025 Auni-Marja Vilavaara, puheenjohtaja, HelsinkiSaila Joutsio, varapuheenjohtaja, TampereTaina T\u00f6rm\u00e4 , sihteeri, [&hellip;]\" \/>\n<meta property=\"og:url\" content=\"https:\/\/yhdistykset.vihreat.fi\/ikavihreat\/hallitus\/\" \/>\n<meta property=\"og:site_name\" content=\"Ik\u00e4vihre\u00e4t\" \/>\n<meta property=\"article:modified_time\" content=\"2025-04-25T14:19:41+00:00\" \/>\n<meta property=\"og:image\" content=\"https:\/\/yhdistykset.vihreat.fi\/ikavihreat\/files\/2022\/05\/Hautalan-ryhmakuva-090502022-e1725606946462-1200x320.jpeg\" \/>\n\t<meta property=\"og:image:width\" content=\"2037\" \/>\n\t<meta property=\"og:image:height\" content=\"450\" \/>\n\t<meta property=\"og:image:type\" content=\"image\/jpeg\" \/>\n<meta name=\"twitter:card\" content=\"summary_large_image\" \/>\n<meta name=\"twitter:label1\" content=\"Arvioitu lukuaika\" \/>\n\t<meta name=\"twitter:data1\" content=\"1 minuutti\" \/>\n<script type=\"application\/ld+json\" class=\"yoast-schema-graph\">{\"@context\":\"https:\/\/schema.org\",\"@graph\":[{\"@type\":\"WebPage\",\"@id\":\"https:\/\/yhdistykset.vihreat.fi\/ikavihreat\/hallitus\/\",\"url\":\"https:\/\/yhdistykset.vihreat.fi\/ikavihreat\/hallitus\/\",\"name\":\"Hallitus - Ik\u00e4vihre\u00e4t\",\"isPartOf\":{\"@id\":\"https:\/\/yhdistykset.vihreat.fi\/ikavihreat\/#website\"},\"primaryImageOfPage\":{\"@id\":\"https:\/\/yhdistykset.vihreat.fi\/ikavihreat\/hallitus\/#primaryimage\"},\"image\":{\"@id\":\"https:\/\/yhdistykset.vihreat.fi\/ikavihreat\/hallitus\/#primaryimage\"},\"thumbnailUrl\":\"https:\/\/yhdistykset.vihreat.fi\/ikavihreat\/files\/2022\/05\/Hautalan-ryhmakuva-090502022-e1725606946462-1200x320.jpeg\",\"datePublished\":\"2025-04-25T14:19:40+00:00\",\"dateModified\":\"2025-04-25T14:19:41+00:00\",\"breadcrumb\":{\"@id\":\"https:\/\/yhdistykset.vihreat.fi\/ikavihreat\/hallitus\/#breadcrumb\"},\"inLanguage\":\"fi\",\"potentialAction\":[{\"@type\":\"ReadAction\",\"target\":[\"https:\/\/yhdistykset.vihreat.fi\/ikavihreat\/hallitus\/\"]}]},{\"@type\":\"ImageObject\",\"inLanguage\":\"fi\",\"@id\":\"https:\/\/yhdistykset.vihreat.fi\/ikavihreat\/hallitus\/#primaryimage\",\"url\":\"https:\/\/yhdistykset.vihreat.fi\/ikavihreat\/files\/2022\/05\/Hautalan-ryhmakuva-090502022-e1725606946462-1200x320.jpeg\",\"contentUrl\":\"https:\/\/yhdistykset.vihreat.fi\/ikavihreat\/files\/2022\/05\/Hautalan-ryhmakuva-090502022-e1725606946462-1200x320.jpeg\",\"width\":2037,\"height\":450},{\"@type\":\"BreadcrumbList\",\"@id\":\"https:\/\/yhdistykset.vihreat.fi\/ikavihreat\/hallitus\/#breadcrumb\",\"itemListElement\":[{\"@type\":\"ListItem\",\"position\":1,\"name\":\"Home\",\"item\":\"https:\/\/yhdistykset.vihreat.fi\/ikavihreat\/\"},{\"@type\":\"ListItem\",\"position\":2,\"name\":\"Hallitus\"}]},{\"@type\":\"WebSite\",\"@id\":\"https:\/\/yhdistykset.vihreat.fi\/ikavihreat\/#website\",\"url\":\"https:\/\/yhdistykset.vihreat.fi\/ikavihreat\/\",\"name\":\"Ik\u00e4vihre\u00e4t\",\"description\":\"Ik\u00e4vihre\u00e4t ry:n yhdistyksen verkkosivu\",\"publisher\":{\"@id\":\"https:\/\/yhdistykset.vihreat.fi\/ikavihreat\/#organization\"},\"potentialAction\":[{\"@type\":\"SearchAction\",\"target\":{\"@type\":\"EntryPoint\",\"urlTemplate\":\"https:\/\/yhdistykset.vihreat.fi\/ikavihreat\/?s={search_term_string}\"},\"query-input\":{\"@type\":\"PropertyValueSpecification\",\"valueRequired\":true,\"valueName\":\"search_term_string\"}}],\"inLanguage\":\"fi\"},{\"@type\":\"Organization\",\"@id\":\"https:\/\/yhdistykset.vihreat.fi\/ikavihreat\/#organization\",\"name\":\"Ik\u00e4vihre\u00e4t\",\"url\":\"https:\/\/yhdistykset.vihreat.fi\/ikavihreat\/\",\"logo\":{\"@type\":\"ImageObject\",\"inLanguage\":\"fi\",\"@id\":\"https:\/\/yhdistykset.vihreat.fi\/ikavihreat\/#\/schema\/logo\/image\/\",\"url\":\"https:\/\/yhdistykset.vihreat.fi\/ikavihreat\/files\/2024\/09\/Ika\u0308vihrea\u0308t-logo.png\",\"contentUrl\":\"https:\/\/yhdistykset.vihreat.fi\/ikavihreat\/files\/2024\/09\/Ika\u0308vihrea\u0308t-logo.png\",\"width\":398,\"height\":76,\"caption\":\"Ik\u00e4vihre\u00e4t\"},\"image\":{\"@id\":\"https:\/\/yhdistykset.vihreat.fi\/ikavihreat\/#\/schema\/logo\/image\/\"}}]}<\/script>\n<!-- \/ Yoast SEO plugin. -->","yoast_head_json":{"title":"Hallitus - Ik\u00e4vihre\u00e4t","robots":{"index":"index","follow":"follow","max-snippet":"max-snippet:-1","max-image-preview":"max-image-preview:large","max-video-preview":"max-video-preview:-1"},"canonical":"https:\/\/yhdistykset.vihreat.fi\/ikavihreat\/hallitus\/","og_locale":"fi_FI","og_type":"article","og_title":"Hallitus - Ik\u00e4vihre\u00e4t","og_description":"Hallitus 1.5.2025-30.4.2026 Birgit Backlund-Palander, Lemp\u00e4\u00e4l\u00e4, puheenjohtaja Auni-Marja Vilavaara, Helsinki, varapuheenjohtaja Taina T\u00f6rm\u00e4, Tampere, sihteeri Leena Hulkkonen, Pirkkala, taloudenhoitaja Veikko Ahola, Jyv\u00e4skyl\u00e4 Saila Joutsio, Tampere Reino Lampinen, Helsinki Tarja Pasma, Oulu Pirkko Telaranta, Helsinki Mikko Vuorinen, Tampere Hanna Erjanti, Naantali Marjo P. H\u00e4m\u00e4l\u00e4inen, Joensuu Hallitus 1.5.2024-30.4.2025 Auni-Marja Vilavaara, puheenjohtaja, HelsinkiSaila Joutsio, varapuheenjohtaja, TampereTaina T\u00f6rm\u00e4 , sihteeri, [&hellip;]","og_url":"https:\/\/yhdistykset.vihreat.fi\/ikavihreat\/hallitus\/","og_site_name":"Ik\u00e4vihre\u00e4t","article_modified_time":"2025-04-25T14:19:41+00:00","og_image":[{"width":2037,"height":450,"url":"https:\/\/yhdistykset.vihreat.fi\/ikavihreat\/files\/2022\/05\/Hautalan-ryhmakuva-090502022-e1725606946462-1200x320.jpeg","type":"image\/jpeg"}],"twitter_card":"summary_large_image","twitter_misc":{"Arvioitu lukuaika":"1 minuutti"},"schema":{"@context":"https:\/\/schema.org","@graph":[{"@type":"WebPage","@id":"https:\/\/yhdistykset.vihreat.fi\/ikavihreat\/hallitus\/","url":"https:\/\/yhdistykset.vihreat.fi\/ikavihreat\/hallitus\/","name":"Hallitus - Ik\u00e4vihre\u00e4t","isPartOf":{"@id":"https:\/\/yhdistykset.vihreat.fi\/ikavihreat\/#website"},"primaryImageOfPage":{"@id":"https:\/\/yhdistykset.vihreat.fi\/ikavihreat\/hallitus\/#primaryimage"},"image":{"@id":"https:\/\/yhdistykset.vihreat.fi\/ikavihreat\/hallitus\/#primaryimage"},"thumbnailUrl":"https:\/\/yhdistykset.vihreat.fi\/ikavihreat\/files\/2022\/05\/Hautalan-ryhmakuva-090502022-e1725606946462-1200x320.jpeg","datePublished":"2025-04-25T14:19:40+00:00","dateModified":"2025-04-25T14:19:41+00:00","breadcrumb":{"@id":"https:\/\/yhdistykset.vihreat.fi\/ikavihreat\/hallitus\/#breadcrumb"},"inLanguage":"fi","potentialAction":[{"@type":"ReadAction","target":["https:\/\/yhdistykset.vihreat.fi\/ikavihreat\/hallitus\/"]}]},{"@type":"ImageObject","inLanguage":"fi","@id":"https:\/\/yhdistykset.vihreat.fi\/ikavihreat\/hallitus\/#primaryimage","url":"https:\/\/yhdistykset.vihreat.fi\/ikavihreat\/files\/2022\/05\/Hautalan-ryhmakuva-090502022-e1725606946462-1200x320.jpeg","contentUrl":"https:\/\/yhdistykset.vihreat.fi\/ikavihreat\/files\/2022\/05\/Hautalan-ryhmakuva-090502022-e1725606946462-1200x320.jpeg","width":2037,"height":450},{"@type":"BreadcrumbList","@id":"https:\/\/yhdistykset.vihreat.fi\/ikavihreat\/hallitus\/#breadcrumb","itemListElement":[{"@type":"ListItem","position":1,"name":"Home","item":"https:\/\/yhdistykset.vihreat.fi\/ikavihreat\/"},{"@type":"ListItem","position":2,"name":"Hallitus"}]},{"@type":"WebSite","@id":"https:\/\/yhdistykset.vihreat.fi\/ikavihreat\/#website","url":"https:\/\/yhdistykset.vihreat.fi\/ikavihreat\/","name":"Ik\u00e4vihre\u00e4t","description":"Ik\u00e4vihre\u00e4t ry:n yhdistyksen verkkosivu","publisher":{"@id":"https:\/\/yhdistykset.vihreat.fi\/ikavihreat\/#organization"},"potentialAction":[{"@type":"SearchAction","target":{"@type":"EntryPoint","urlTemplate":"https:\/\/yhdistykset.vihreat.fi\/ikavihreat\/?s={search_term_string}"},"query-input":{"@type":"PropertyValueSpecification","valueRequired":true,"valueName":"search_term_string"}}],"inLanguage":"fi"},{"@type":"Organization","@id":"https:\/\/yhdistykset.vihreat.fi\/ikavihreat\/#organization","name":"Ik\u00e4vihre\u00e4t","url":"https:\/\/yhdistykset.vihreat.fi\/ikavihreat\/","logo":{"@type":"ImageObject","inLanguage":"fi","@id":"https:\/\/yhdistykset.vihreat.fi\/ikavihreat\/#\/schema\/logo\/image\/","url":"https:\/\/yhdistykset.vihreat.fi\/ikavihreat\/files\/2024\/09\/Ika\u0308vihrea\u0308t-logo.png","contentUrl":"https:\/\/yhdistykset.vihreat.fi\/ikavihreat\/files\/2024\/09\/Ika\u0308vihrea\u0308t-logo.png","width":398,"height":76,"caption":"Ik\u00e4vihre\u00e4t"},"image":{"@id":"https:\/\/yhdistykset.vihreat.fi\/ikavihreat\/#\/schema\/logo\/image\/"}}]}},"_links":{"self":[{"href":"https:\/\/yhdistykset.vihreat.fi\/ikavihreat\/wp-json\/wp\/v2\/pages\/1342","targetHints":{"allow":["GET"]}}],"collection":[{"href":"https:\/\/yhdistykset.vihreat.fi\/ikavihreat\/wp-json\/wp\/v2\/pages"}],"about":[{"href":"https:\/\/yhdistykset.vihreat.fi\/ikavihreat\/wp-json\/wp\/v2\/types\/page"}],"author":[{"embeddable":true,"href":"https:\/\/yhdistykset.vihreat.fi\/ikavihreat\/wp-json\/wp\/v2\/users\/865"}],"replies":[{"embeddable":true,"href":"https:\/\/yhdistykset.vihreat.fi\/ikavihreat\/wp-json\/wp\/v2\/comments?post=1342"}],"version-history":[{"count":32,"href":"https:\/\/yhdistykset.vihreat.fi\/ikavihreat\/wp-json\/wp\/v2\/pages\/1342\/revisions"}],"predecessor-version":[{"id":2369,"href":"https:\/\/yhdistykset.vihreat.fi\/ikavihreat\/wp-json\/wp\/v2\/pages\/1342\/revisions\/2369"}],"wp:featuredmedia":[{"embeddable":true,"href":"https:\/\/yhdistykset.vihreat.fi\/ikavihreat\/wp-json\/wp\/v2\/media\/1196"}],"wp:attachment":[{"href":"https:\/\/yhdistykset.vihreat.fi\/ikavihreat\/wp-json\/wp\/v2\/media?parent=1342"}],"curies":[{"name":"wp","href":"https:\/\/api.w.org\/{rel}","templated":true}]}}