{"id":149,"date":"2024-04-22T20:27:22","date_gmt":"2024-04-22T17:27:22","guid":{"rendered":"https:\/\/yhdistykset.vihreat.fi\/ikavihreat\/?page_id=149"},"modified":"2024-09-06T10:48:36","modified_gmt":"2024-09-06T07:48:36","slug":"uusi-jasen-liity-ikavihreisiin","status":"publish","type":"page","link":"https:\/\/yhdistykset.vihreat.fi\/ikavihreat\/uusi-jasen-liity-ikavihreisiin\/","title":{"rendered":"Liity Ik\u00e4vihreisiin"},"content":{"rendered":"<p>Jos haluat vaikuttaa ik\u00e4ihmisten oikeuksiin, liity j\u00e4seneksi!\u00a0<br \/><br \/>J\u00e4senhakemus on helppo, sinun tarvitsee vain t\u00e4ytt\u00e4\u00e4 s\u00e4hk\u00f6isesti hakemus. Valitse lomakkeelta Ik\u00e4vihreat ry, kun valitset yhdityst\u00e4.<br \/><br \/>J\u00e4senmaksu on 48\u00a0 euroa, pienituloisille 18 euroa.<\/p>\n\n\n<div class=\"wp-block-buttons is-layout-flex wp-block-buttons-is-layout-flex\">\n<div class=\"wp-block-button\"><a class=\"wp-block-button__link wp-element-button\" href=\"https:\/\/asiointi.vihreat.fi\/liittymislomake\" style=\"padding-top:23px;padding-bottom:23px\">Liity j\u00e4seneksi<\/a><\/div>\n<\/div>\n","protected":false},"excerpt":{"rendered":"<p>Jos haluat vaikuttaa ik\u00e4ihmisten oikeuksiin, liity j\u00e4seneksi!\u00a0 J\u00e4senhakemus on helppo, sinun tarvitsee vain t\u00e4ytt\u00e4\u00e4 s\u00e4hk\u00f6isesti hakemus. Valitse lomakkeelta Ik\u00e4vihreat ry, kun valitset yhdityst\u00e4. J\u00e4senmaksu on 48\u00a0 euroa, pienituloisille 18 euroa.<\/p>\n","protected":false},"author":865,"featured_media":1702,"parent":0,"menu_order":4,"comment_status":"open","ping_status":"open","template":"","meta":{"_crdt_document":"","footnotes":""},"class_list":["post-149","page","type-page","status-publish","has-post-thumbnail","hentry"],"yoast_head":"<!-- This site is optimized with the Yoast SEO plugin v27.1.1 - https:\/\/yoast.com\/product\/yoast-seo-wordpress\/ -->\n<title>Liity Ik\u00e4vihreisiin - Ik\u00e4vihre\u00e4t<\/title>\n<meta name=\"robots\" content=\"index, follow, max-snippet:-1, max-image-preview:large, max-video-preview:-1\" \/>\n<link rel=\"canonical\" href=\"https:\/\/yhdistykset.vihreat.fi\/ikavihreat\/uusi-jasen-liity-ikavihreisiin\/\" \/>\n<meta property=\"og:locale\" content=\"fi_FI\" \/>\n<meta property=\"og:type\" content=\"article\" \/>\n<meta property=\"og:title\" content=\"Liity Ik\u00e4vihreisiin - Ik\u00e4vihre\u00e4t\" \/>\n<meta property=\"og:description\" content=\"Jos haluat vaikuttaa ik\u00e4ihmisten oikeuksiin, liity j\u00e4seneksi!\u00a0 J\u00e4senhakemus on helppo, sinun tarvitsee vain t\u00e4ytt\u00e4\u00e4 s\u00e4hk\u00f6isesti hakemus. Valitse lomakkeelta Ik\u00e4vihreat ry, kun valitset yhdityst\u00e4. J\u00e4senmaksu on 48\u00a0 euroa, pienituloisille 18 euroa.\" \/>\n<meta property=\"og:url\" content=\"https:\/\/yhdistykset.vihreat.fi\/ikavihreat\/uusi-jasen-liity-ikavihreisiin\/\" \/>\n<meta property=\"og:site_name\" content=\"Ik\u00e4vihre\u00e4t\" \/>\n<meta property=\"article:modified_time\" content=\"2024-09-06T07:48:36+00:00\" \/>\n<meta property=\"og:image\" content=\"https:\/\/yhdistykset.vihreat.fi\/ikavihreat\/files\/2024\/08\/mokki-kuviasuomesta.fi-roine-piirainen-scaled-1-1200x320.jpg\" \/>\n\t<meta property=\"og:image:width\" content=\"2560\" \/>\n\t<meta property=\"og:image:height\" content=\"1707\" \/>\n\t<meta property=\"og:image:type\" content=\"image\/jpeg\" \/>\n<meta name=\"twitter:card\" content=\"summary_large_image\" \/>\n<meta name=\"twitter:label1\" content=\"Arvioitu lukuaika\" \/>\n\t<meta name=\"twitter:data1\" content=\"1 minuutti\" \/>\n<script type=\"application\/ld+json\" class=\"yoast-schema-graph\">{\"@context\":\"https:\/\/schema.org\",\"@graph\":[{\"@type\":\"WebPage\",\"@id\":\"https:\/\/yhdistykset.vihreat.fi\/ikavihreat\/uusi-jasen-liity-ikavihreisiin\/\",\"url\":\"https:\/\/yhdistykset.vihreat.fi\/ikavihreat\/uusi-jasen-liity-ikavihreisiin\/\",\"name\":\"Liity Ik\u00e4vihreisiin - Ik\u00e4vihre\u00e4t\",\"isPartOf\":{\"@id\":\"https:\/\/yhdistykset.vihreat.fi\/ikavihreat\/#website\"},\"primaryImageOfPage\":{\"@id\":\"https:\/\/yhdistykset.vihreat.fi\/ikavihreat\/uusi-jasen-liity-ikavihreisiin\/#primaryimage\"},\"image\":{\"@id\":\"https:\/\/yhdistykset.vihreat.fi\/ikavihreat\/uusi-jasen-liity-ikavihreisiin\/#primaryimage\"},\"thumbnailUrl\":\"https:\/\/yhdistykset.vihreat.fi\/ikavihreat\/files\/2024\/08\/mokki-kuviasuomesta.fi-roine-piirainen-scaled-1-1200x320.jpg\",\"datePublished\":\"2024-04-22T17:27:22+00:00\",\"dateModified\":\"2024-09-06T07:48:36+00:00\",\"breadcrumb\":{\"@id\":\"https:\/\/yhdistykset.vihreat.fi\/ikavihreat\/uusi-jasen-liity-ikavihreisiin\/#breadcrumb\"},\"inLanguage\":\"fi\",\"potentialAction\":[{\"@type\":\"ReadAction\",\"target\":[\"https:\/\/yhdistykset.vihreat.fi\/ikavihreat\/uusi-jasen-liity-ikavihreisiin\/\"]}]},{\"@type\":\"ImageObject\",\"inLanguage\":\"fi\",\"@id\":\"https:\/\/yhdistykset.vihreat.fi\/ikavihreat\/uusi-jasen-liity-ikavihreisiin\/#primaryimage\",\"url\":\"https:\/\/yhdistykset.vihreat.fi\/ikavihreat\/files\/2024\/08\/mokki-kuviasuomesta.fi-roine-piirainen-scaled-1-1200x320.jpg\",\"contentUrl\":\"https:\/\/yhdistykset.vihreat.fi\/ikavihreat\/files\/2024\/08\/mokki-kuviasuomesta.fi-roine-piirainen-scaled-1-1200x320.jpg\",\"width\":2560,\"height\":1707},{\"@type\":\"BreadcrumbList\",\"@id\":\"https:\/\/yhdistykset.vihreat.fi\/ikavihreat\/uusi-jasen-liity-ikavihreisiin\/#breadcrumb\",\"itemListElement\":[{\"@type\":\"ListItem\",\"position\":1,\"name\":\"Home\",\"item\":\"https:\/\/yhdistykset.vihreat.fi\/ikavihreat\/\"},{\"@type\":\"ListItem\",\"position\":2,\"name\":\"Liity Ik\u00e4vihreisiin\"}]},{\"@type\":\"WebSite\",\"@id\":\"https:\/\/yhdistykset.vihreat.fi\/ikavihreat\/#website\",\"url\":\"https:\/\/yhdistykset.vihreat.fi\/ikavihreat\/\",\"name\":\"Ik\u00e4vihre\u00e4t\",\"description\":\"Ik\u00e4vihre\u00e4t ry:n yhdistyksen verkkosivu\",\"publisher\":{\"@id\":\"https:\/\/yhdistykset.vihreat.fi\/ikavihreat\/#organization\"},\"potentialAction\":[{\"@type\":\"SearchAction\",\"target\":{\"@type\":\"EntryPoint\",\"urlTemplate\":\"https:\/\/yhdistykset.vihreat.fi\/ikavihreat\/?s={search_term_string}\"},\"query-input\":{\"@type\":\"PropertyValueSpecification\",\"valueRequired\":true,\"valueName\":\"search_term_string\"}}],\"inLanguage\":\"fi\"},{\"@type\":\"Organization\",\"@id\":\"https:\/\/yhdistykset.vihreat.fi\/ikavihreat\/#organization\",\"name\":\"Ik\u00e4vihre\u00e4t\",\"url\":\"https:\/\/yhdistykset.vihreat.fi\/ikavihreat\/\",\"logo\":{\"@type\":\"ImageObject\",\"inLanguage\":\"fi\",\"@id\":\"https:\/\/yhdistykset.vihreat.fi\/ikavihreat\/#\/schema\/logo\/image\/\",\"url\":\"https:\/\/yhdistykset.vihreat.fi\/ikavihreat\/files\/2024\/09\/Ika\u0308vihrea\u0308t-logo.png\",\"contentUrl\":\"https:\/\/yhdistykset.vihreat.fi\/ikavihreat\/files\/2024\/09\/Ika\u0308vihrea\u0308t-logo.png\",\"width\":398,\"height\":76,\"caption\":\"Ik\u00e4vihre\u00e4t\"},\"image\":{\"@id\":\"https:\/\/yhdistykset.vihreat.fi\/ikavihreat\/#\/schema\/logo\/image\/\"}}]}<\/script>\n<!-- \/ Yoast SEO plugin. -->","yoast_head_json":{"title":"Liity Ik\u00e4vihreisiin - Ik\u00e4vihre\u00e4t","robots":{"index":"index","follow":"follow","max-snippet":"max-snippet:-1","max-image-preview":"max-image-preview:large","max-video-preview":"max-video-preview:-1"},"canonical":"https:\/\/yhdistykset.vihreat.fi\/ikavihreat\/uusi-jasen-liity-ikavihreisiin\/","og_locale":"fi_FI","og_type":"article","og_title":"Liity Ik\u00e4vihreisiin - Ik\u00e4vihre\u00e4t","og_description":"Jos haluat vaikuttaa ik\u00e4ihmisten oikeuksiin, liity j\u00e4seneksi!\u00a0 J\u00e4senhakemus on helppo, sinun tarvitsee vain t\u00e4ytt\u00e4\u00e4 s\u00e4hk\u00f6isesti hakemus. Valitse lomakkeelta Ik\u00e4vihreat ry, kun valitset yhdityst\u00e4. J\u00e4senmaksu on 48\u00a0 euroa, pienituloisille 18 euroa.","og_url":"https:\/\/yhdistykset.vihreat.fi\/ikavihreat\/uusi-jasen-liity-ikavihreisiin\/","og_site_name":"Ik\u00e4vihre\u00e4t","article_modified_time":"2024-09-06T07:48:36+00:00","og_image":[{"width":2560,"height":1707,"url":"https:\/\/yhdistykset.vihreat.fi\/ikavihreat\/files\/2024\/08\/mokki-kuviasuomesta.fi-roine-piirainen-scaled-1-1200x320.jpg","type":"image\/jpeg"}],"twitter_card":"summary_large_image","twitter_misc":{"Arvioitu lukuaika":"1 minuutti"},"schema":{"@context":"https:\/\/schema.org","@graph":[{"@type":"WebPage","@id":"https:\/\/yhdistykset.vihreat.fi\/ikavihreat\/uusi-jasen-liity-ikavihreisiin\/","url":"https:\/\/yhdistykset.vihreat.fi\/ikavihreat\/uusi-jasen-liity-ikavihreisiin\/","name":"Liity Ik\u00e4vihreisiin - Ik\u00e4vihre\u00e4t","isPartOf":{"@id":"https:\/\/yhdistykset.vihreat.fi\/ikavihreat\/#website"},"primaryImageOfPage":{"@id":"https:\/\/yhdistykset.vihreat.fi\/ikavihreat\/uusi-jasen-liity-ikavihreisiin\/#primaryimage"},"image":{"@id":"https:\/\/yhdistykset.vihreat.fi\/ikavihreat\/uusi-jasen-liity-ikavihreisiin\/#primaryimage"},"thumbnailUrl":"https:\/\/yhdistykset.vihreat.fi\/ikavihreat\/files\/2024\/08\/mokki-kuviasuomesta.fi-roine-piirainen-scaled-1-1200x320.jpg","datePublished":"2024-04-22T17:27:22+00:00","dateModified":"2024-09-06T07:48:36+00:00","breadcrumb":{"@id":"https:\/\/yhdistykset.vihreat.fi\/ikavihreat\/uusi-jasen-liity-ikavihreisiin\/#breadcrumb"},"inLanguage":"fi","potentialAction":[{"@type":"ReadAction","target":["https:\/\/yhdistykset.vihreat.fi\/ikavihreat\/uusi-jasen-liity-ikavihreisiin\/"]}]},{"@type":"ImageObject","inLanguage":"fi","@id":"https:\/\/yhdistykset.vihreat.fi\/ikavihreat\/uusi-jasen-liity-ikavihreisiin\/#primaryimage","url":"https:\/\/yhdistykset.vihreat.fi\/ikavihreat\/files\/2024\/08\/mokki-kuviasuomesta.fi-roine-piirainen-scaled-1-1200x320.jpg","contentUrl":"https:\/\/yhdistykset.vihreat.fi\/ikavihreat\/files\/2024\/08\/mokki-kuviasuomesta.fi-roine-piirainen-scaled-1-1200x320.jpg","width":2560,"height":1707},{"@type":"BreadcrumbList","@id":"https:\/\/yhdistykset.vihreat.fi\/ikavihreat\/uusi-jasen-liity-ikavihreisiin\/#breadcrumb","itemListElement":[{"@type":"ListItem","position":1,"name":"Home","item":"https:\/\/yhdistykset.vihreat.fi\/ikavihreat\/"},{"@type":"ListItem","position":2,"name":"Liity Ik\u00e4vihreisiin"}]},{"@type":"WebSite","@id":"https:\/\/yhdistykset.vihreat.fi\/ikavihreat\/#website","url":"https:\/\/yhdistykset.vihreat.fi\/ikavihreat\/","name":"Ik\u00e4vihre\u00e4t","description":"Ik\u00e4vihre\u00e4t ry:n yhdistyksen verkkosivu","publisher":{"@id":"https:\/\/yhdistykset.vihreat.fi\/ikavihreat\/#organization"},"potentialAction":[{"@type":"SearchAction","target":{"@type":"EntryPoint","urlTemplate":"https:\/\/yhdistykset.vihreat.fi\/ikavihreat\/?s={search_term_string}"},"query-input":{"@type":"PropertyValueSpecification","valueRequired":true,"valueName":"search_term_string"}}],"inLanguage":"fi"},{"@type":"Organization","@id":"https:\/\/yhdistykset.vihreat.fi\/ikavihreat\/#organization","name":"Ik\u00e4vihre\u00e4t","url":"https:\/\/yhdistykset.vihreat.fi\/ikavihreat\/","logo":{"@type":"ImageObject","inLanguage":"fi","@id":"https:\/\/yhdistykset.vihreat.fi\/ikavihreat\/#\/schema\/logo\/image\/","url":"https:\/\/yhdistykset.vihreat.fi\/ikavihreat\/files\/2024\/09\/Ika\u0308vihrea\u0308t-logo.png","contentUrl":"https:\/\/yhdistykset.vihreat.fi\/ikavihreat\/files\/2024\/09\/Ika\u0308vihrea\u0308t-logo.png","width":398,"height":76,"caption":"Ik\u00e4vihre\u00e4t"},"image":{"@id":"https:\/\/yhdistykset.vihreat.fi\/ikavihreat\/#\/schema\/logo\/image\/"}}]}},"_links":{"self":[{"href":"https:\/\/yhdistykset.vihreat.fi\/ikavihreat\/wp-json\/wp\/v2\/pages\/149","targetHints":{"allow":["GET"]}}],"collection":[{"href":"https:\/\/yhdistykset.vihreat.fi\/ikavihreat\/wp-json\/wp\/v2\/pages"}],"about":[{"href":"https:\/\/yhdistykset.vihreat.fi\/ikavihreat\/wp-json\/wp\/v2\/types\/page"}],"author":[{"embeddable":true,"href":"https:\/\/yhdistykset.vihreat.fi\/ikavihreat\/wp-json\/wp\/v2\/users\/865"}],"replies":[{"embeddable":true,"href":"https:\/\/yhdistykset.vihreat.fi\/ikavihreat\/wp-json\/wp\/v2\/comments?post=149"}],"version-history":[{"count":16,"href":"https:\/\/yhdistykset.vihreat.fi\/ikavihreat\/wp-json\/wp\/v2\/pages\/149\/revisions"}],"predecessor-version":[{"id":2011,"href":"https:\/\/yhdistykset.vihreat.fi\/ikavihreat\/wp-json\/wp\/v2\/pages\/149\/revisions\/2011"}],"wp:featuredmedia":[{"embeddable":true,"href":"https:\/\/yhdistykset.vihreat.fi\/ikavihreat\/wp-json\/wp\/v2\/media\/1702"}],"wp:attachment":[{"href":"https:\/\/yhdistykset.vihreat.fi\/ikavihreat\/wp-json\/wp\/v2\/media?parent=149"}],"curies":[{"name":"wp","href":"https:\/\/api.w.org\/{rel}","templated":true}]}}