{"id":1622,"date":"2025-04-25T12:45:00","date_gmt":"2025-04-25T09:45:00","guid":{"rendered":"https:\/\/yhdistykset.vihreat.fi\/ikavihreat\/?page_id=1622"},"modified":"2025-04-27T17:28:52","modified_gmt":"2025-04-27T14:28:52","slug":"yhteystiedot","status":"publish","type":"page","link":"https:\/\/yhdistykset.vihreat.fi\/ikavihreat\/yhteystiedot\/","title":{"rendered":"Yhteystiedot"},"content":{"rendered":"\n<p class=\"has-black-color has-text-color has-link-color wp-elements-0b2285f58c4d8787ad195faa4ecfaa0d wp-block-paragraph\">Birgit Backlund-Palander puheenjohtaja,\u00a0 Lemp\u00e4\u00e4l\u00e4,birgitbp@hotmail.fi<\/p>\n\n\n\n<p class=\"has-black-color has-text-color has-link-color wp-elements-3f4a54a6f5ce614e5c4a32c48acaa9e4 wp-block-paragraph\">Auni-Marja Vilavaara, varapuheenjohtaja, Helsinki<br \/>Taina T\u00f6rm\u00e4, sihteeri, Tampere;&nbsp;thsaarin@gmail.com<br \/>Leena Hulkkonen, rahastonhoitaja, Pirkkala<br \/>Veikko Ahola, Jyv\u00e4skyl\u00e4<br \/>Saila Joutsio, Tampere<\/p>\n\n\n\n<p class=\"has-black-color has-text-color has-link-color wp-elements-f0936aef84ff06ed074a2ce609bd8b9d wp-block-paragraph\"> Tarja Pasma, Oulu<br \/>Reino Lampinen, Helsinki<br \/>Pirkko Telaranta, Helsinki<\/p>\n\n\n\n<p class=\"has-black-color has-text-color has-link-color wp-elements-5f1cbdfc43ba3a50e4bd3c53dad9ca5d wp-block-paragraph\">Mikko Vuorinen, Tampere<br \/>Hanna Erjanti, varaj\u00e4sen , Naantali<br \/>Marjo H\u00e4m\u00e4l\u00e4inen, varaj\u00e4sen, Joensuu<\/p>\n","protected":false},"excerpt":{"rendered":"<p>Birgit Backlund-Palander puheenjohtaja,\u00a0 Lemp\u00e4\u00e4l\u00e4,birgitbp@hotmail.fi Auni-Marja Vilavaara, varapuheenjohtaja, HelsinkiTaina T\u00f6rm\u00e4, sihteeri, Tampere;&nbsp;thsaarin@gmail.comLeena Hulkkonen, rahastonhoitaja, PirkkalaVeikko Ahola, Jyv\u00e4skyl\u00e4Saila Joutsio, Tampere Tarja Pasma, OuluReino Lampinen, HelsinkiPirkko Telaranta, Helsinki Mikko Vuorinen, TampereHanna Erjanti, varaj\u00e4sen , NaantaliMarjo H\u00e4m\u00e4l\u00e4inen, varaj\u00e4sen, Joensuu<\/p>\n","protected":false},"author":865,"featured_media":1258,"parent":0,"menu_order":0,"comment_status":"closed","ping_status":"closed","template":"","meta":{"_crdt_document":"","footnotes":""},"class_list":["post-1622","page","type-page","status-publish","has-post-thumbnail","hentry"],"yoast_head":"<!-- This site is optimized with the Yoast SEO plugin v27.1.1 - https:\/\/yoast.com\/product\/yoast-seo-wordpress\/ -->\n<title>Yhteystiedot - Ik\u00e4vihre\u00e4t<\/title>\n<meta name=\"robots\" content=\"index, follow, max-snippet:-1, max-image-preview:large, max-video-preview:-1\" \/>\n<link rel=\"canonical\" href=\"https:\/\/yhdistykset.vihreat.fi\/ikavihreat\/yhteystiedot\/\" \/>\n<meta property=\"og:locale\" content=\"fi_FI\" \/>\n<meta property=\"og:type\" content=\"article\" \/>\n<meta property=\"og:title\" content=\"Yhteystiedot - Ik\u00e4vihre\u00e4t\" \/>\n<meta property=\"og:description\" content=\"Birgit Backlund-Palander puheenjohtaja,\u00a0 Lemp\u00e4\u00e4l\u00e4,birgitbp@hotmail.fi Auni-Marja Vilavaara, varapuheenjohtaja, HelsinkiTaina T\u00f6rm\u00e4, sihteeri, Tampere;&nbsp;thsaarin@gmail.comLeena Hulkkonen, rahastonhoitaja, PirkkalaVeikko Ahola, Jyv\u00e4skyl\u00e4Saila Joutsio, Tampere Tarja Pasma, OuluReino Lampinen, HelsinkiPirkko Telaranta, Helsinki Mikko Vuorinen, TampereHanna Erjanti, varaj\u00e4sen , NaantaliMarjo H\u00e4m\u00e4l\u00e4inen, varaj\u00e4sen, Joensuu\" \/>\n<meta property=\"og:url\" content=\"https:\/\/yhdistykset.vihreat.fi\/ikavihreat\/yhteystiedot\/\" \/>\n<meta property=\"og:site_name\" content=\"Ik\u00e4vihre\u00e4t\" \/>\n<meta property=\"article:modified_time\" content=\"2025-04-27T14:28:52+00:00\" \/>\n<meta property=\"og:image\" content=\"https:\/\/yhdistykset.vihreat.fi\/ikavihreat\/files\/2022\/09\/Screenshot-2022-09-01-at-21.27.39-e1725609188805-1024x330.png\" \/>\n\t<meta property=\"og:image:width\" content=\"1024\" \/>\n\t<meta property=\"og:image:height\" content=\"330\" \/>\n\t<meta property=\"og:image:type\" content=\"image\/png\" \/>\n<meta name=\"twitter:card\" content=\"summary_large_image\" \/>\n<meta name=\"twitter:label1\" content=\"Arvioitu lukuaika\" \/>\n\t<meta name=\"twitter:data1\" content=\"1 minuutti\" \/>\n<script type=\"application\/ld+json\" class=\"yoast-schema-graph\">{\"@context\":\"https:\/\/schema.org\",\"@graph\":[{\"@type\":\"WebPage\",\"@id\":\"https:\/\/yhdistykset.vihreat.fi\/ikavihreat\/yhteystiedot\/\",\"url\":\"https:\/\/yhdistykset.vihreat.fi\/ikavihreat\/yhteystiedot\/\",\"name\":\"Yhteystiedot - Ik\u00e4vihre\u00e4t\",\"isPartOf\":{\"@id\":\"https:\/\/yhdistykset.vihreat.fi\/ikavihreat\/#website\"},\"primaryImageOfPage\":{\"@id\":\"https:\/\/yhdistykset.vihreat.fi\/ikavihreat\/yhteystiedot\/#primaryimage\"},\"image\":{\"@id\":\"https:\/\/yhdistykset.vihreat.fi\/ikavihreat\/yhteystiedot\/#primaryimage\"},\"thumbnailUrl\":\"https:\/\/yhdistykset.vihreat.fi\/ikavihreat\/files\/2022\/09\/Screenshot-2022-09-01-at-21.27.39-e1725609188805-1200x320.png\",\"datePublished\":\"2025-04-25T09:45:00+00:00\",\"dateModified\":\"2025-04-27T14:28:52+00:00\",\"breadcrumb\":{\"@id\":\"https:\/\/yhdistykset.vihreat.fi\/ikavihreat\/yhteystiedot\/#breadcrumb\"},\"inLanguage\":\"fi\",\"potentialAction\":[{\"@type\":\"ReadAction\",\"target\":[\"https:\/\/yhdistykset.vihreat.fi\/ikavihreat\/yhteystiedot\/\"]}]},{\"@type\":\"ImageObject\",\"inLanguage\":\"fi\",\"@id\":\"https:\/\/yhdistykset.vihreat.fi\/ikavihreat\/yhteystiedot\/#primaryimage\",\"url\":\"https:\/\/yhdistykset.vihreat.fi\/ikavihreat\/files\/2022\/09\/Screenshot-2022-09-01-at-21.27.39-e1725609188805-1200x320.png\",\"contentUrl\":\"https:\/\/yhdistykset.vihreat.fi\/ikavihreat\/files\/2022\/09\/Screenshot-2022-09-01-at-21.27.39-e1725609188805-1200x320.png\",\"width\":1735,\"height\":559},{\"@type\":\"BreadcrumbList\",\"@id\":\"https:\/\/yhdistykset.vihreat.fi\/ikavihreat\/yhteystiedot\/#breadcrumb\",\"itemListElement\":[{\"@type\":\"ListItem\",\"position\":1,\"name\":\"Home\",\"item\":\"https:\/\/yhdistykset.vihreat.fi\/ikavihreat\/\"},{\"@type\":\"ListItem\",\"position\":2,\"name\":\"Yhteystiedot\"}]},{\"@type\":\"WebSite\",\"@id\":\"https:\/\/yhdistykset.vihreat.fi\/ikavihreat\/#website\",\"url\":\"https:\/\/yhdistykset.vihreat.fi\/ikavihreat\/\",\"name\":\"Ik\u00e4vihre\u00e4t\",\"description\":\"Ik\u00e4vihre\u00e4t ry:n yhdistyksen verkkosivu\",\"publisher\":{\"@id\":\"https:\/\/yhdistykset.vihreat.fi\/ikavihreat\/#organization\"},\"potentialAction\":[{\"@type\":\"SearchAction\",\"target\":{\"@type\":\"EntryPoint\",\"urlTemplate\":\"https:\/\/yhdistykset.vihreat.fi\/ikavihreat\/?s={search_term_string}\"},\"query-input\":{\"@type\":\"PropertyValueSpecification\",\"valueRequired\":true,\"valueName\":\"search_term_string\"}}],\"inLanguage\":\"fi\"},{\"@type\":\"Organization\",\"@id\":\"https:\/\/yhdistykset.vihreat.fi\/ikavihreat\/#organization\",\"name\":\"Ik\u00e4vihre\u00e4t\",\"url\":\"https:\/\/yhdistykset.vihreat.fi\/ikavihreat\/\",\"logo\":{\"@type\":\"ImageObject\",\"inLanguage\":\"fi\",\"@id\":\"https:\/\/yhdistykset.vihreat.fi\/ikavihreat\/#\/schema\/logo\/image\/\",\"url\":\"https:\/\/yhdistykset.vihreat.fi\/ikavihreat\/files\/2024\/09\/Ika\u0308vihrea\u0308t-logo.png\",\"contentUrl\":\"https:\/\/yhdistykset.vihreat.fi\/ikavihreat\/files\/2024\/09\/Ika\u0308vihrea\u0308t-logo.png\",\"width\":398,\"height\":76,\"caption\":\"Ik\u00e4vihre\u00e4t\"},\"image\":{\"@id\":\"https:\/\/yhdistykset.vihreat.fi\/ikavihreat\/#\/schema\/logo\/image\/\"}}]}<\/script>\n<!-- \/ Yoast SEO plugin. -->","yoast_head_json":{"title":"Yhteystiedot - Ik\u00e4vihre\u00e4t","robots":{"index":"index","follow":"follow","max-snippet":"max-snippet:-1","max-image-preview":"max-image-preview:large","max-video-preview":"max-video-preview:-1"},"canonical":"https:\/\/yhdistykset.vihreat.fi\/ikavihreat\/yhteystiedot\/","og_locale":"fi_FI","og_type":"article","og_title":"Yhteystiedot - Ik\u00e4vihre\u00e4t","og_description":"Birgit Backlund-Palander puheenjohtaja,\u00a0 Lemp\u00e4\u00e4l\u00e4,birgitbp@hotmail.fi Auni-Marja Vilavaara, varapuheenjohtaja, HelsinkiTaina T\u00f6rm\u00e4, sihteeri, Tampere;&nbsp;thsaarin@gmail.comLeena Hulkkonen, rahastonhoitaja, PirkkalaVeikko Ahola, Jyv\u00e4skyl\u00e4Saila Joutsio, Tampere Tarja Pasma, OuluReino Lampinen, HelsinkiPirkko Telaranta, Helsinki Mikko Vuorinen, TampereHanna Erjanti, varaj\u00e4sen , NaantaliMarjo H\u00e4m\u00e4l\u00e4inen, varaj\u00e4sen, Joensuu","og_url":"https:\/\/yhdistykset.vihreat.fi\/ikavihreat\/yhteystiedot\/","og_site_name":"Ik\u00e4vihre\u00e4t","article_modified_time":"2025-04-27T14:28:52+00:00","og_image":[{"width":1024,"height":330,"url":"https:\/\/yhdistykset.vihreat.fi\/ikavihreat\/files\/2022\/09\/Screenshot-2022-09-01-at-21.27.39-e1725609188805-1024x330.png","type":"image\/png"}],"twitter_card":"summary_large_image","twitter_misc":{"Arvioitu lukuaika":"1 minuutti"},"schema":{"@context":"https:\/\/schema.org","@graph":[{"@type":"WebPage","@id":"https:\/\/yhdistykset.vihreat.fi\/ikavihreat\/yhteystiedot\/","url":"https:\/\/yhdistykset.vihreat.fi\/ikavihreat\/yhteystiedot\/","name":"Yhteystiedot - Ik\u00e4vihre\u00e4t","isPartOf":{"@id":"https:\/\/yhdistykset.vihreat.fi\/ikavihreat\/#website"},"primaryImageOfPage":{"@id":"https:\/\/yhdistykset.vihreat.fi\/ikavihreat\/yhteystiedot\/#primaryimage"},"image":{"@id":"https:\/\/yhdistykset.vihreat.fi\/ikavihreat\/yhteystiedot\/#primaryimage"},"thumbnailUrl":"https:\/\/yhdistykset.vihreat.fi\/ikavihreat\/files\/2022\/09\/Screenshot-2022-09-01-at-21.27.39-e1725609188805-1200x320.png","datePublished":"2025-04-25T09:45:00+00:00","dateModified":"2025-04-27T14:28:52+00:00","breadcrumb":{"@id":"https:\/\/yhdistykset.vihreat.fi\/ikavihreat\/yhteystiedot\/#breadcrumb"},"inLanguage":"fi","potentialAction":[{"@type":"ReadAction","target":["https:\/\/yhdistykset.vihreat.fi\/ikavihreat\/yhteystiedot\/"]}]},{"@type":"ImageObject","inLanguage":"fi","@id":"https:\/\/yhdistykset.vihreat.fi\/ikavihreat\/yhteystiedot\/#primaryimage","url":"https:\/\/yhdistykset.vihreat.fi\/ikavihreat\/files\/2022\/09\/Screenshot-2022-09-01-at-21.27.39-e1725609188805-1200x320.png","contentUrl":"https:\/\/yhdistykset.vihreat.fi\/ikavihreat\/files\/2022\/09\/Screenshot-2022-09-01-at-21.27.39-e1725609188805-1200x320.png","width":1735,"height":559},{"@type":"BreadcrumbList","@id":"https:\/\/yhdistykset.vihreat.fi\/ikavihreat\/yhteystiedot\/#breadcrumb","itemListElement":[{"@type":"ListItem","position":1,"name":"Home","item":"https:\/\/yhdistykset.vihreat.fi\/ikavihreat\/"},{"@type":"ListItem","position":2,"name":"Yhteystiedot"}]},{"@type":"WebSite","@id":"https:\/\/yhdistykset.vihreat.fi\/ikavihreat\/#website","url":"https:\/\/yhdistykset.vihreat.fi\/ikavihreat\/","name":"Ik\u00e4vihre\u00e4t","description":"Ik\u00e4vihre\u00e4t ry:n yhdistyksen verkkosivu","publisher":{"@id":"https:\/\/yhdistykset.vihreat.fi\/ikavihreat\/#organization"},"potentialAction":[{"@type":"SearchAction","target":{"@type":"EntryPoint","urlTemplate":"https:\/\/yhdistykset.vihreat.fi\/ikavihreat\/?s={search_term_string}"},"query-input":{"@type":"PropertyValueSpecification","valueRequired":true,"valueName":"search_term_string"}}],"inLanguage":"fi"},{"@type":"Organization","@id":"https:\/\/yhdistykset.vihreat.fi\/ikavihreat\/#organization","name":"Ik\u00e4vihre\u00e4t","url":"https:\/\/yhdistykset.vihreat.fi\/ikavihreat\/","logo":{"@type":"ImageObject","inLanguage":"fi","@id":"https:\/\/yhdistykset.vihreat.fi\/ikavihreat\/#\/schema\/logo\/image\/","url":"https:\/\/yhdistykset.vihreat.fi\/ikavihreat\/files\/2024\/09\/Ika\u0308vihrea\u0308t-logo.png","contentUrl":"https:\/\/yhdistykset.vihreat.fi\/ikavihreat\/files\/2024\/09\/Ika\u0308vihrea\u0308t-logo.png","width":398,"height":76,"caption":"Ik\u00e4vihre\u00e4t"},"image":{"@id":"https:\/\/yhdistykset.vihreat.fi\/ikavihreat\/#\/schema\/logo\/image\/"}}]}},"_links":{"self":[{"href":"https:\/\/yhdistykset.vihreat.fi\/ikavihreat\/wp-json\/wp\/v2\/pages\/1622","targetHints":{"allow":["GET"]}}],"collection":[{"href":"https:\/\/yhdistykset.vihreat.fi\/ikavihreat\/wp-json\/wp\/v2\/pages"}],"about":[{"href":"https:\/\/yhdistykset.vihreat.fi\/ikavihreat\/wp-json\/wp\/v2\/types\/page"}],"author":[{"embeddable":true,"href":"https:\/\/yhdistykset.vihreat.fi\/ikavihreat\/wp-json\/wp\/v2\/users\/865"}],"replies":[{"embeddable":true,"href":"https:\/\/yhdistykset.vihreat.fi\/ikavihreat\/wp-json\/wp\/v2\/comments?post=1622"}],"version-history":[{"count":7,"href":"https:\/\/yhdistykset.vihreat.fi\/ikavihreat\/wp-json\/wp\/v2\/pages\/1622\/revisions"}],"predecessor-version":[{"id":2371,"href":"https:\/\/yhdistykset.vihreat.fi\/ikavihreat\/wp-json\/wp\/v2\/pages\/1622\/revisions\/2371"}],"wp:featuredmedia":[{"embeddable":true,"href":"https:\/\/yhdistykset.vihreat.fi\/ikavihreat\/wp-json\/wp\/v2\/media\/1258"}],"wp:attachment":[{"href":"https:\/\/yhdistykset.vihreat.fi\/ikavihreat\/wp-json\/wp\/v2\/media?parent=1622"}],"curies":[{"name":"wp","href":"https:\/\/api.w.org\/{rel}","templated":true}]}}