{"id":1797,"date":"2024-09-05T22:27:20","date_gmt":"2024-09-05T19:27:20","guid":{"rendered":"https:\/\/yhdistykset.vihreat.fi\/ikavihreat\/?page_id=1797"},"modified":"2024-09-06T10:23:39","modified_gmt":"2024-09-06T07:23:39","slug":"toiminta","status":"publish","type":"page","link":"https:\/\/yhdistykset.vihreat.fi\/ikavihreat\/toiminta\/","title":{"rendered":"Toiminta"},"content":{"rendered":"\n<p class=\"wp-block-paragraph\">Ik\u00e4vihre\u00e4t vastustaa ik\u00e4syrjint\u00e4\u00e4 ja puolustaa i\u00e4kk\u00e4iden perus- ja ihmisoikeuksia. Ik\u00e4ihmiset eiv\u00e4t ole kest\u00e4vyysvajeen syy. P\u00e4invastoin, ik\u00e4ihmiset antavat merkitt\u00e4v\u00e4n ja monipuolisen panoksen niin omaksi kuin koko yhteiskunnan hy\u00f6dyksi. Ik\u00e4ihmiset maksavat veroa el\u00e4kkeest\u00e4\u00e4n sek\u00e4 hoitavat puolisoaan, vanhempiaan\u00a0ja lapsenlapsiaan. He my\u00f6s t\u00e4ytt\u00e4v\u00e4t teatteriesitysten ja konserttien katsomot sek\u00e4\u00a0kansalais- ja ty\u00f6v\u00e4enopistojen kurssit.<\/p>\n\n\n\n<p class=\"wp-block-paragraph\">Pyrimme vaikuttamaan vihre\u00e4\u00e4n politiikkaan. J\u00e4rjest\u00e4mme tapahtumia, tilaisuuksia ja mahdollisuuksia osallistua poliittiseen p\u00e4\u00e4t\u00f6ksentekoon.<\/p>\n\n\n\n<p class=\"wp-block-paragraph\">Tule mukaan!<\/p>\n\n\n\n<div class=\"wp-block-buttons is-layout-flex wp-block-buttons-is-layout-flex\">\n<div class=\"wp-block-button\"><a class=\"wp-block-button__link wp-element-button\" href=\"https:\/\/yhdistykset.vihreat.fi\/ikavihreat\/uusi-jasen-liity-ikavihreisiin\/\" style=\"padding-top:23px;padding-bottom:23px\">Liity j\u00e4seneksi<\/a><\/div>\n<\/div>\n","protected":false},"excerpt":{"rendered":"<p>Ik\u00e4vihre\u00e4t vastustaa ik\u00e4syrjint\u00e4\u00e4 ja puolustaa i\u00e4kk\u00e4iden perus- ja ihmisoikeuksia. Ik\u00e4ihmiset eiv\u00e4t ole kest\u00e4vyysvajeen syy. P\u00e4invastoin, ik\u00e4ihmiset antavat merkitt\u00e4v\u00e4n ja monipuolisen panoksen niin omaksi kuin koko yhteiskunnan hy\u00f6dyksi. Ik\u00e4ihmiset maksavat veroa el\u00e4kkeest\u00e4\u00e4n sek\u00e4 hoitavat puolisoaan, vanhempiaan\u00a0ja lapsenlapsiaan. He my\u00f6s t\u00e4ytt\u00e4v\u00e4t teatteriesitysten ja konserttien katsomot sek\u00e4\u00a0kansalais- ja ty\u00f6v\u00e4enopistojen kurssit. Pyrimme vaikuttamaan vihre\u00e4\u00e4n politiikkaan. J\u00e4rjest\u00e4mme tapahtumia, tilaisuuksia ja [&hellip;]<\/p>\n","protected":false},"author":865,"featured_media":1970,"parent":0,"menu_order":0,"comment_status":"closed","ping_status":"closed","template":"","meta":{"_crdt_document":"","footnotes":""},"class_list":["post-1797","page","type-page","status-publish","has-post-thumbnail","hentry"],"yoast_head":"<!-- This site is optimized with the Yoast SEO plugin v27.1.1 - https:\/\/yoast.com\/product\/yoast-seo-wordpress\/ -->\n<title>Toiminta - Ik\u00e4vihre\u00e4t<\/title>\n<meta name=\"robots\" content=\"index, follow, max-snippet:-1, max-image-preview:large, max-video-preview:-1\" \/>\n<link rel=\"canonical\" href=\"https:\/\/yhdistykset.vihreat.fi\/ikavihreat\/toiminta\/\" \/>\n<meta property=\"og:locale\" content=\"fi_FI\" \/>\n<meta property=\"og:type\" content=\"article\" \/>\n<meta property=\"og:title\" content=\"Toiminta - Ik\u00e4vihre\u00e4t\" \/>\n<meta property=\"og:description\" content=\"Ik\u00e4vihre\u00e4t vastustaa ik\u00e4syrjint\u00e4\u00e4 ja puolustaa i\u00e4kk\u00e4iden perus- ja ihmisoikeuksia. Ik\u00e4ihmiset eiv\u00e4t ole kest\u00e4vyysvajeen syy. P\u00e4invastoin, ik\u00e4ihmiset antavat merkitt\u00e4v\u00e4n ja monipuolisen panoksen niin omaksi kuin koko yhteiskunnan hy\u00f6dyksi. Ik\u00e4ihmiset maksavat veroa el\u00e4kkeest\u00e4\u00e4n sek\u00e4 hoitavat puolisoaan, vanhempiaan\u00a0ja lapsenlapsiaan. He my\u00f6s t\u00e4ytt\u00e4v\u00e4t teatteriesitysten ja konserttien katsomot sek\u00e4\u00a0kansalais- ja ty\u00f6v\u00e4enopistojen kurssit. Pyrimme vaikuttamaan vihre\u00e4\u00e4n politiikkaan. J\u00e4rjest\u00e4mme tapahtumia, tilaisuuksia ja [&hellip;]\" \/>\n<meta property=\"og:url\" content=\"https:\/\/yhdistykset.vihreat.fi\/ikavihreat\/toiminta\/\" \/>\n<meta property=\"og:site_name\" content=\"Ik\u00e4vihre\u00e4t\" \/>\n<meta property=\"article:modified_time\" content=\"2024-09-06T07:23:39+00:00\" \/>\n<meta property=\"og:image\" content=\"https:\/\/yhdistykset.vihreat.fi\/ikavihreat\/files\/2024\/09\/spring-179616_1280-e1725607194592-1200x320.jpg\" \/>\n\t<meta property=\"og:image:width\" content=\"1280\" \/>\n\t<meta property=\"og:image:height\" content=\"418\" \/>\n\t<meta property=\"og:image:type\" content=\"image\/jpeg\" \/>\n<meta name=\"twitter:card\" content=\"summary_large_image\" \/>\n<meta name=\"twitter:label1\" content=\"Arvioitu lukuaika\" \/>\n\t<meta name=\"twitter:data1\" content=\"1 minuutti\" \/>\n<script type=\"application\/ld+json\" class=\"yoast-schema-graph\">{\"@context\":\"https:\/\/schema.org\",\"@graph\":[{\"@type\":\"WebPage\",\"@id\":\"https:\/\/yhdistykset.vihreat.fi\/ikavihreat\/toiminta\/\",\"url\":\"https:\/\/yhdistykset.vihreat.fi\/ikavihreat\/toiminta\/\",\"name\":\"Toiminta - Ik\u00e4vihre\u00e4t\",\"isPartOf\":{\"@id\":\"https:\/\/yhdistykset.vihreat.fi\/ikavihreat\/#website\"},\"primaryImageOfPage\":{\"@id\":\"https:\/\/yhdistykset.vihreat.fi\/ikavihreat\/toiminta\/#primaryimage\"},\"image\":{\"@id\":\"https:\/\/yhdistykset.vihreat.fi\/ikavihreat\/toiminta\/#primaryimage\"},\"thumbnailUrl\":\"https:\/\/yhdistykset.vihreat.fi\/ikavihreat\/files\/2024\/09\/spring-179616_1280-e1725607194592-1200x320.jpg\",\"datePublished\":\"2024-09-05T19:27:20+00:00\",\"dateModified\":\"2024-09-06T07:23:39+00:00\",\"breadcrumb\":{\"@id\":\"https:\/\/yhdistykset.vihreat.fi\/ikavihreat\/toiminta\/#breadcrumb\"},\"inLanguage\":\"fi\",\"potentialAction\":[{\"@type\":\"ReadAction\",\"target\":[\"https:\/\/yhdistykset.vihreat.fi\/ikavihreat\/toiminta\/\"]}]},{\"@type\":\"ImageObject\",\"inLanguage\":\"fi\",\"@id\":\"https:\/\/yhdistykset.vihreat.fi\/ikavihreat\/toiminta\/#primaryimage\",\"url\":\"https:\/\/yhdistykset.vihreat.fi\/ikavihreat\/files\/2024\/09\/spring-179616_1280-e1725607194592-1200x320.jpg\",\"contentUrl\":\"https:\/\/yhdistykset.vihreat.fi\/ikavihreat\/files\/2024\/09\/spring-179616_1280-e1725607194592-1200x320.jpg\",\"width\":1280,\"height\":418},{\"@type\":\"BreadcrumbList\",\"@id\":\"https:\/\/yhdistykset.vihreat.fi\/ikavihreat\/toiminta\/#breadcrumb\",\"itemListElement\":[{\"@type\":\"ListItem\",\"position\":1,\"name\":\"Home\",\"item\":\"https:\/\/yhdistykset.vihreat.fi\/ikavihreat\/\"},{\"@type\":\"ListItem\",\"position\":2,\"name\":\"Toiminta\"}]},{\"@type\":\"WebSite\",\"@id\":\"https:\/\/yhdistykset.vihreat.fi\/ikavihreat\/#website\",\"url\":\"https:\/\/yhdistykset.vihreat.fi\/ikavihreat\/\",\"name\":\"Ik\u00e4vihre\u00e4t\",\"description\":\"Ik\u00e4vihre\u00e4t ry:n yhdistyksen verkkosivu\",\"publisher\":{\"@id\":\"https:\/\/yhdistykset.vihreat.fi\/ikavihreat\/#organization\"},\"potentialAction\":[{\"@type\":\"SearchAction\",\"target\":{\"@type\":\"EntryPoint\",\"urlTemplate\":\"https:\/\/yhdistykset.vihreat.fi\/ikavihreat\/?s={search_term_string}\"},\"query-input\":{\"@type\":\"PropertyValueSpecification\",\"valueRequired\":true,\"valueName\":\"search_term_string\"}}],\"inLanguage\":\"fi\"},{\"@type\":\"Organization\",\"@id\":\"https:\/\/yhdistykset.vihreat.fi\/ikavihreat\/#organization\",\"name\":\"Ik\u00e4vihre\u00e4t\",\"url\":\"https:\/\/yhdistykset.vihreat.fi\/ikavihreat\/\",\"logo\":{\"@type\":\"ImageObject\",\"inLanguage\":\"fi\",\"@id\":\"https:\/\/yhdistykset.vihreat.fi\/ikavihreat\/#\/schema\/logo\/image\/\",\"url\":\"https:\/\/yhdistykset.vihreat.fi\/ikavihreat\/files\/2024\/09\/Ika\u0308vihrea\u0308t-logo.png\",\"contentUrl\":\"https:\/\/yhdistykset.vihreat.fi\/ikavihreat\/files\/2024\/09\/Ika\u0308vihrea\u0308t-logo.png\",\"width\":398,\"height\":76,\"caption\":\"Ik\u00e4vihre\u00e4t\"},\"image\":{\"@id\":\"https:\/\/yhdistykset.vihreat.fi\/ikavihreat\/#\/schema\/logo\/image\/\"}}]}<\/script>\n<!-- \/ Yoast SEO plugin. -->","yoast_head_json":{"title":"Toiminta - Ik\u00e4vihre\u00e4t","robots":{"index":"index","follow":"follow","max-snippet":"max-snippet:-1","max-image-preview":"max-image-preview:large","max-video-preview":"max-video-preview:-1"},"canonical":"https:\/\/yhdistykset.vihreat.fi\/ikavihreat\/toiminta\/","og_locale":"fi_FI","og_type":"article","og_title":"Toiminta - Ik\u00e4vihre\u00e4t","og_description":"Ik\u00e4vihre\u00e4t vastustaa ik\u00e4syrjint\u00e4\u00e4 ja puolustaa i\u00e4kk\u00e4iden perus- ja ihmisoikeuksia. Ik\u00e4ihmiset eiv\u00e4t ole kest\u00e4vyysvajeen syy. P\u00e4invastoin, ik\u00e4ihmiset antavat merkitt\u00e4v\u00e4n ja monipuolisen panoksen niin omaksi kuin koko yhteiskunnan hy\u00f6dyksi. Ik\u00e4ihmiset maksavat veroa el\u00e4kkeest\u00e4\u00e4n sek\u00e4 hoitavat puolisoaan, vanhempiaan\u00a0ja lapsenlapsiaan. He my\u00f6s t\u00e4ytt\u00e4v\u00e4t teatteriesitysten ja konserttien katsomot sek\u00e4\u00a0kansalais- ja ty\u00f6v\u00e4enopistojen kurssit. Pyrimme vaikuttamaan vihre\u00e4\u00e4n politiikkaan. J\u00e4rjest\u00e4mme tapahtumia, tilaisuuksia ja [&hellip;]","og_url":"https:\/\/yhdistykset.vihreat.fi\/ikavihreat\/toiminta\/","og_site_name":"Ik\u00e4vihre\u00e4t","article_modified_time":"2024-09-06T07:23:39+00:00","og_image":[{"width":1280,"height":418,"url":"https:\/\/yhdistykset.vihreat.fi\/ikavihreat\/files\/2024\/09\/spring-179616_1280-e1725607194592-1200x320.jpg","type":"image\/jpeg"}],"twitter_card":"summary_large_image","twitter_misc":{"Arvioitu lukuaika":"1 minuutti"},"schema":{"@context":"https:\/\/schema.org","@graph":[{"@type":"WebPage","@id":"https:\/\/yhdistykset.vihreat.fi\/ikavihreat\/toiminta\/","url":"https:\/\/yhdistykset.vihreat.fi\/ikavihreat\/toiminta\/","name":"Toiminta - Ik\u00e4vihre\u00e4t","isPartOf":{"@id":"https:\/\/yhdistykset.vihreat.fi\/ikavihreat\/#website"},"primaryImageOfPage":{"@id":"https:\/\/yhdistykset.vihreat.fi\/ikavihreat\/toiminta\/#primaryimage"},"image":{"@id":"https:\/\/yhdistykset.vihreat.fi\/ikavihreat\/toiminta\/#primaryimage"},"thumbnailUrl":"https:\/\/yhdistykset.vihreat.fi\/ikavihreat\/files\/2024\/09\/spring-179616_1280-e1725607194592-1200x320.jpg","datePublished":"2024-09-05T19:27:20+00:00","dateModified":"2024-09-06T07:23:39+00:00","breadcrumb":{"@id":"https:\/\/yhdistykset.vihreat.fi\/ikavihreat\/toiminta\/#breadcrumb"},"inLanguage":"fi","potentialAction":[{"@type":"ReadAction","target":["https:\/\/yhdistykset.vihreat.fi\/ikavihreat\/toiminta\/"]}]},{"@type":"ImageObject","inLanguage":"fi","@id":"https:\/\/yhdistykset.vihreat.fi\/ikavihreat\/toiminta\/#primaryimage","url":"https:\/\/yhdistykset.vihreat.fi\/ikavihreat\/files\/2024\/09\/spring-179616_1280-e1725607194592-1200x320.jpg","contentUrl":"https:\/\/yhdistykset.vihreat.fi\/ikavihreat\/files\/2024\/09\/spring-179616_1280-e1725607194592-1200x320.jpg","width":1280,"height":418},{"@type":"BreadcrumbList","@id":"https:\/\/yhdistykset.vihreat.fi\/ikavihreat\/toiminta\/#breadcrumb","itemListElement":[{"@type":"ListItem","position":1,"name":"Home","item":"https:\/\/yhdistykset.vihreat.fi\/ikavihreat\/"},{"@type":"ListItem","position":2,"name":"Toiminta"}]},{"@type":"WebSite","@id":"https:\/\/yhdistykset.vihreat.fi\/ikavihreat\/#website","url":"https:\/\/yhdistykset.vihreat.fi\/ikavihreat\/","name":"Ik\u00e4vihre\u00e4t","description":"Ik\u00e4vihre\u00e4t ry:n yhdistyksen verkkosivu","publisher":{"@id":"https:\/\/yhdistykset.vihreat.fi\/ikavihreat\/#organization"},"potentialAction":[{"@type":"SearchAction","target":{"@type":"EntryPoint","urlTemplate":"https:\/\/yhdistykset.vihreat.fi\/ikavihreat\/?s={search_term_string}"},"query-input":{"@type":"PropertyValueSpecification","valueRequired":true,"valueName":"search_term_string"}}],"inLanguage":"fi"},{"@type":"Organization","@id":"https:\/\/yhdistykset.vihreat.fi\/ikavihreat\/#organization","name":"Ik\u00e4vihre\u00e4t","url":"https:\/\/yhdistykset.vihreat.fi\/ikavihreat\/","logo":{"@type":"ImageObject","inLanguage":"fi","@id":"https:\/\/yhdistykset.vihreat.fi\/ikavihreat\/#\/schema\/logo\/image\/","url":"https:\/\/yhdistykset.vihreat.fi\/ikavihreat\/files\/2024\/09\/Ika\u0308vihrea\u0308t-logo.png","contentUrl":"https:\/\/yhdistykset.vihreat.fi\/ikavihreat\/files\/2024\/09\/Ika\u0308vihrea\u0308t-logo.png","width":398,"height":76,"caption":"Ik\u00e4vihre\u00e4t"},"image":{"@id":"https:\/\/yhdistykset.vihreat.fi\/ikavihreat\/#\/schema\/logo\/image\/"}}]}},"_links":{"self":[{"href":"https:\/\/yhdistykset.vihreat.fi\/ikavihreat\/wp-json\/wp\/v2\/pages\/1797","targetHints":{"allow":["GET"]}}],"collection":[{"href":"https:\/\/yhdistykset.vihreat.fi\/ikavihreat\/wp-json\/wp\/v2\/pages"}],"about":[{"href":"https:\/\/yhdistykset.vihreat.fi\/ikavihreat\/wp-json\/wp\/v2\/types\/page"}],"author":[{"embeddable":true,"href":"https:\/\/yhdistykset.vihreat.fi\/ikavihreat\/wp-json\/wp\/v2\/users\/865"}],"replies":[{"embeddable":true,"href":"https:\/\/yhdistykset.vihreat.fi\/ikavihreat\/wp-json\/wp\/v2\/comments?post=1797"}],"version-history":[{"count":5,"href":"https:\/\/yhdistykset.vihreat.fi\/ikavihreat\/wp-json\/wp\/v2\/pages\/1797\/revisions"}],"predecessor-version":[{"id":1977,"href":"https:\/\/yhdistykset.vihreat.fi\/ikavihreat\/wp-json\/wp\/v2\/pages\/1797\/revisions\/1977"}],"wp:featuredmedia":[{"embeddable":true,"href":"https:\/\/yhdistykset.vihreat.fi\/ikavihreat\/wp-json\/wp\/v2\/media\/1970"}],"wp:attachment":[{"href":"https:\/\/yhdistykset.vihreat.fi\/ikavihreat\/wp-json\/wp\/v2\/media?parent=1797"}],"curies":[{"name":"wp","href":"https:\/\/api.w.org\/{rel}","templated":true}]}}