{"id":2232,"date":"2024-12-09T14:55:02","date_gmt":"2024-12-09T12:55:02","guid":{"rendered":"https:\/\/yhdistykset.vihreat.fi\/ikavihreat\/?page_id=2232"},"modified":"2025-06-12T15:44:26","modified_gmt":"2025-06-12T12:44:26","slug":"etusivu","status":"publish","type":"page","link":"https:\/\/yhdistykset.vihreat.fi\/ikavihreat\/","title":{"rendered":"Etusivu"},"content":{"rendered":"\n<div class=\"wp-block-artcloud-blocks-artcloud-hero alignfull card-text-align\"><style>\n\t\t\t\t.artcloud_hero_block_wrapper.style2 .artcloud_hero_image img {\n\t\t\t\t\tmask-image: url(\"https:\/\/yhdistykset.vihreat.fi\/ikavihreat\/wp-content\/themes\/vihreat\/svgC\/chakra.svg\");\n\t\t\t\t\tmask-position: center;\n\t    mask-repeat: no-repeat;\n\t    mask-size: 100% auto;\n\t    max-width: 100%;\n\t    height: 494px;\n\t    object-fit: cover;\n\t    text-align: center;\n\t    margin: 0 auto;\n\t    width: 29.7rem !important;\n                }\n\t\t\t\t\t.artcloud_hero_cover {\n\t\t\t\t\tpadding-bottom: 4rem;\n\t\t\t\t\tpadding-top: 2rem;\n\n\t\t\t}\n\t\t\t\t\t\t\t\t\t.transparent-header-on .artcloud_hero_cover {\n\t\t\t\t\tpadding-top: calc(2rem + 190px) !important;\n\t\t\t}\n\t\t\t\n\t\t\t\t\t.artcloud_hero_group {\n\t\t\t\t\t\tmargin-bottom: 4rem;\n\t\t\t\t\tmargin-top: 2rem;\n\t\t\t\t\t}\n\t\t\t\t\t.artcloud_hero_block_wrapper.style1.pattern1\n\t\t\t\t\t.artcloud_hero_column_image::before {\n\t\t\t\t\tcontent: \"\";\n\t\t\t\t\tposition: absolute;\n\t\t\t\t\ttop: 0;\n\t\t\t\t\tbottom: 0;\n\t\t\t\t\theight: 32rem;\n\t\t\t\t\twidth: 6rem;\n\t\t\t\t\tleft: calc(0% - 1px);\n\t\t\t\t\tbackground: var(--wp--preset--color--yellow-green);\n\t\t\t\t\t-webkit-clip-path: polygon(0 100%, 0 0, 100% 50%);\n\t\t\t\t\tclip-path: polygon(0 100%, 0 0, 100% 50%);\n\t\t\t\t\tz-index: 1;\n\t\t\t\t}\n\n\t\t\t\t.artcloud_hero_block_wrapper.style1.pattern1.right\n\t\t\t\t\t.artcloud_hero_column_image::before {\n\t\t\t\t\tright: calc(0% - 1px);\n\t\t\t\t\tleft: unset;\n\t\t\t\t\trotate: 180deg;\n\t\t\t\t}\n\t\t\t\t.artcloud_hero_block_wrapper.style1.pattern3\n\t\t\t\t\t.artcloud_hero_column_image::before {\n\t\t\t\t\tcontent: \"\";\n\t\t\t\t\tposition: absolute;\n\t\t\t\t\ttop: 0;\n\t\t\t\t\tbottom: 0;\n\t\t\t\t\theight: 32rem;\n\t\t\t\t\twidth: 6rem;\n\t\t\t\t\tleft: calc(0% - 1px);\n\t\t\t\t\tbackground: var(--wp--preset--color--yellow-green);\n\t\t\t\t\tclip-path: polygon(0 0, 0 100%, 100% 0);\n\t\t\t\t\t-webkit-clip-path: polygon(0 0, 0 100%, 100% 0);\n\t\t\t\t\tz-index: 1;\n\t\t\t\t}\n\n\t\t\t\t.artcloud_hero_block_wrapper.style1.pattern3.right\n\t\t\t\t\t.artcloud_hero_column_image::before {\n\t\t\t\t\tleft: unset;\n\t\t\t\t\tright: calc(0% - 1px);\n\t\t\t\t\trotate: 180deg;\n\t\t\t\t}\n\n\t\t\t\t.artcloud_hero_block_wrapper.style1.pattern2\n\t\t\t\t\t.artcloud_hero_column_image::before {\n\t\t\t\t\tcontent: \"\";\n\t\t\t\t\tposition: absolute;\n\t\t\t\t\ttop: 0;\n\t\t\t\t\tbottom: 0;\n\t\t\t\t\theight: 32rem;\n\t\t\t\t\twidth: 6rem;\n\t\t\t\t\tleft: calc(0% - 1px);\n\t\t\t\t\tbackground: var(--wp--preset--color--yellow-green);\n\t\t\t\t\tclip-path: polygon(100% 0, 0 50%, 100% 100%, 0 100%, 0 55%, 0 0);\n\t\t\t\t\t-webkit-clip-path: polygon(100% 0, 0 50%, 100% 100%, 0 100%, 0 55%, 0 0);\n\t\t\t\t\tz-index: 1;\n\t\t\t\t}\n\t\t\t\t.artcloud_hero_block_wrapper.style1.pattern2.right\n\t\t\t\t\t.artcloud_hero_column_image::before {\n\t\t\t\t\tleft: unset;\n\t\t\t\t\tright: calc(0% - 1px);\n\t\t\t\t\trotate: 180deg;\n\t\t\t\t}\n\t\t\t\t\t.style3 .artcloud_hero_column_content{\n\t\t\t\tmax-width: 64% !important;\n\t\t\t\t}\n\t\t\t<\/style><div class=\"artcloud_hero_block_wrapper style2 pattern2 left\">\n<div class=\"wp-block-cover artcloud_hero_cover\"><img decoding=\"async\" class=\"wp-block-cover__image-background\" alt=\"\" src=\"https:\/\/yhdistykset.vihreat.fi\/ikavihreat\/wp-content\/plugins\/artcloud-blocks\/build\/blocks\/artcloud-hero\/..\/..\/images\/hero3.0b53398d.png\" style=\"object-position:45% 40%\" data-object-fit=\"cover\" data-object-position=\"45% 40%\"\/><span aria-hidden=\"true\" class=\"wp-block-cover__background has-accent-background-color has-background-dim-100 has-background-dim\"><\/span><div class=\"wp-block-cover__inner-container is-layout-flow wp-block-cover-is-layout-flow\">\n<div class=\"wp-block-columns artcloud_hero_column_main is-layout-flex wp-container-core-columns-is-layout-4805a82d wp-block-columns-is-layout-flex\">\n<div class=\"wp-block-column is-vertically-aligned-center artcloud_hero_column_content is-layout-flow wp-block-column-is-layout-flow\">\n<h2 class=\"wp-block-heading artcloud_hero_heading\"><strong>Tervetuloa Ik\u00e4vihreiden sivuille!<\/strong><\/h2>\n\n\n\n<p class=\"artcloud_hero_description wp-block-paragraph\">Ik\u00e4vihre\u00e4t ty\u00f6skentelee kest\u00e4v\u00e4mm\u00e4n maailman puolesta. Meille on t\u00e4rke\u00e4\u00e4 vaalia arvokasta luontoamme ja j\u00e4tt\u00e4\u00e4 elinkelpoinen maapallo tuleville sukupolville.<\/p>\n\n\n\n<p class=\"artcloud_hero_description wp-block-paragraph\">Haluamme rakentaa oikeudenmukaista, tasa-arvoista ja yhdenvertaista yhteiskuntaa. Edist\u00e4mme ik\u00e4ihmisten kokonaisvaltaista hyvinvointia ja oikeuksia.<\/p>\n\n\n\n<div class=\"wp-block-columns artcloud_hero_columns_child is-layout-flex wp-container-core-columns-is-layout-4805a82d wp-block-columns-is-layout-flex\">\n<div class=\"wp-block-column is-vertically-aligned-center artcloud_hero_column_child is-layout-flow wp-block-column-is-layout-flow\">\n<div class=\"wp-block-buttons artcloud_hero_button is-layout-flex wp-block-buttons-is-layout-flex\">\n<div class=\"wp-block-button artcloud_hero_button\"><a class=\"wp-block-button__link wp-element-button\" href=\"https:\/\/yhdistykset.vihreat.fi\/ikavihreat\/toiminta\/\">Lue lis\u00e4\u00e4<\/a><\/div>\n\n\n<\/div>\n<\/div>\n<\/div>\n<\/div>\n\n\n\n<div class=\"wp-block-column artcloud_hero_column_image is-layout-flow wp-block-column-is-layout-flow\">\n<figure class=\"wp-block-image size-large artcloud_hero_image\"><a href=\"https:\/\/yhdistykset.vihreat.fi\/ikavihreat\/files\/2022\/10\/Ikinuoret-ka\u0308velija\u0308t-4.10.22.jpg\"><img loading=\"lazy\" decoding=\"async\" width=\"1024\" height=\"768\" src=\"https:\/\/yhdistykset.vihreat.fi\/ikavihreat\/files\/2022\/10\/Ikinuoret-ka\u0308velija\u0308t-4.10.22-1024x768.jpg\" alt=\"\" class=\"wp-image-1270\" srcset=\"https:\/\/yhdistykset.vihreat.fi\/ikavihreat\/files\/2022\/10\/Ikinuoret-ka\u0308velija\u0308t-4.10.22-1024x768.jpg 1024w, https:\/\/yhdistykset.vihreat.fi\/ikavihreat\/files\/2022\/10\/Ikinuoret-ka\u0308velija\u0308t-4.10.22-300x225.jpg 300w, https:\/\/yhdistykset.vihreat.fi\/ikavihreat\/files\/2022\/10\/Ikinuoret-ka\u0308velija\u0308t-4.10.22-768x576.jpg 768w, https:\/\/yhdistykset.vihreat.fi\/ikavihreat\/files\/2022\/10\/Ikinuoret-ka\u0308velija\u0308t-4.10.22.jpg 1280w\" sizes=\"auto, (max-width: 1024px) 100vw, 1024px\" \/><\/a><\/figure>\n<\/div>\n<\/div>\n<\/div><\/div>\n<\/div><\/div>\n\n\n<div class=\"wp-block-artcloud-blocks-artcloud-posts\" ><div id=\"loadPost-style1\"><h2 class=\"block-titleH2\" style=\"padding-bottom: 15px; border-bottom: 1px solid var(--wp--preset--color--primary);color: var(--wp--preset--color--primary);\">Ajankohtaista<\/h2><div class=\"row style1\"><div class=\"artcloud-item col-4 left\" style=\"background-color:var(--wp--preset--color--white)\"><div class=\"artcloud-item-content\"><div class=\"artcloud-post\"><div class=\"artcloud-postImg\"><a href=\"https:\/\/yhdistykset.vihreat.fi\/ikavihreat\/ymparistotiedon-foorumin-uutiskirjeessa-esitettya\/\"><img decoding=\"async\" src=\"https:\/\/yhdistykset.vihreat.fi\/ikavihreat\/files\/2026\/04\/20260403_130946-scaled.jpg\" alt=\"Ymp\u00e4rist\u00f6tiedon foorumin uutiskirjeess\u00e4 esitetty\u00e4\"><\/a><\/div><div class=\"artcloud-content\" style=\"background-color:var(--wp--preset--color--white)\"><span style=\"color:var(--wp--preset--color--black)\">10.04.2026<\/span> | <span style=\"color:var(--wp--preset--color--black)\">aunimarjavilavaara<\/span><p class=\"post-category\"><span style=\"color:var(--wp--preset--color--black)\">Ajankohtaista, Blogit<\/span><\/p><a href=\"https:\/\/yhdistykset.vihreat.fi\/ikavihreat\/ymparistotiedon-foorumin-uutiskirjeessa-esitettya\/\"><h3 style=\"color:var(--wp--preset--color--black)\">Ymp\u00e4rist\u00f6tiedon foorumin uutiskirjeess\u00e4 esitetty\u00e4<\/h3><\/a><\/div><\/div><div class=\"artcloud-readmore\"><a href=\"https:\/\/yhdistykset.vihreat.fi\/ikavihreat\/ymparistotiedon-foorumin-uutiskirjeessa-esitettya\/\" class=\"wp-block-button__link wp-element-button\"style=\"color:var(--wp--preset--color--white);background-color:var(--wp--preset--color--primary)\">Lue lis\u00e4\u00e4<\/a><\/div><\/div><\/div><div class=\"artcloud-item col-4\" style=\"background-color:var(--wp--preset--color--white)\"><div class=\"artcloud-item-content\"><div class=\"artcloud-post\"><div class=\"artcloud-postImg\"><a href=\"https:\/\/yhdistykset.vihreat.fi\/ikavihreat\/ikaystavallinen-suomi-tulevaisuuden-tavoite\/\"><img decoding=\"async\" src=\"https:\/\/yhdistykset.vihreat.fi\/ikavihreat\/files\/2026\/04\/20260318_133407-scaled-e1775133932781.jpg\" alt=\"Ik\u00e4yst\u00e4v\u00e4llinen Suomi- tulevaisuuden tavoite?\"><\/a><\/div><div class=\"artcloud-content\" style=\"background-color:var(--wp--preset--color--white)\"><span style=\"color:var(--wp--preset--color--black)\">02.04.2026<\/span> | <span style=\"color:var(--wp--preset--color--black)\">aunimarjavilavaara<\/span><p class=\"post-category\"><span style=\"color:var(--wp--preset--color--black)\">Ajankohtaista<\/span><\/p><a href=\"https:\/\/yhdistykset.vihreat.fi\/ikavihreat\/ikaystavallinen-suomi-tulevaisuuden-tavoite\/\"><h3 style=\"color:var(--wp--preset--color--black)\">Ik\u00e4yst\u00e4v\u00e4llinen Suomi- tulevaisuuden tavoite?<\/h3><\/a><\/div><\/div><div class=\"artcloud-readmore\"><a href=\"https:\/\/yhdistykset.vihreat.fi\/ikavihreat\/ikaystavallinen-suomi-tulevaisuuden-tavoite\/\" class=\"wp-block-button__link wp-element-button\"style=\"color:var(--wp--preset--color--white);background-color:var(--wp--preset--color--primary)\">Lue lis\u00e4\u00e4<\/a><\/div><\/div><\/div><div class=\"artcloud-item col-4\" style=\"background-color:var(--wp--preset--color--white)\"><div class=\"artcloud-item-content\"><div class=\"artcloud-post\"><div class=\"artcloud-postImg\"><a href=\"https:\/\/yhdistykset.vihreat.fi\/ikavihreat\/luonto-liikettoiminnan-sydammessa-kohti-uudistuvia-palveluja\/\"><img decoding=\"async\" src=\"https:\/\/yhdistykset.vihreat.fi\/ikavihreat\/files\/2026\/02\/image.png\" alt=\"LUONTO LIIKETTOIMINNAN SYD\u00c4MMESS\u00c4-kohti uudistuvia palveluja\"><\/a><\/div><div class=\"artcloud-content\" style=\"background-color:var(--wp--preset--color--white)\"><span style=\"color:var(--wp--preset--color--black)\">20.02.2026<\/span> | <span style=\"color:var(--wp--preset--color--black)\">aunimarjavilavaara<\/span><p class=\"post-category\"><span style=\"color:var(--wp--preset--color--black)\">Ajankohtaista, Blogit<\/span><\/p><a href=\"https:\/\/yhdistykset.vihreat.fi\/ikavihreat\/luonto-liikettoiminnan-sydammessa-kohti-uudistuvia-palveluja\/\"><h3 style=\"color:var(--wp--preset--color--black)\">LUONTO LIIKETTOIMINNAN SYD\u00c4MMESS\u00c4-kohti uudistuvia palveluja<\/h3><\/a><\/div><\/div><div class=\"artcloud-readmore\"><a href=\"https:\/\/yhdistykset.vihreat.fi\/ikavihreat\/luonto-liikettoiminnan-sydammessa-kohti-uudistuvia-palveluja\/\" class=\"wp-block-button__link wp-element-button\"style=\"color:var(--wp--preset--color--white);background-color:var(--wp--preset--color--primary)\">Lue lis\u00e4\u00e4<\/a><\/div><\/div><\/div><\/div><div style=\"margin-top:40px !important;\"><a href=\"#\" id=\"load_more_posts-style1\" class=\"wp-block-button__link wp-element-button\" data-attributes=\"{&quot;title&quot;:&quot;Ajankohtaista&quot;,&quot;titleColor&quot;:&quot;var(--wp--preset--color--black)&quot;,&quot;headingColor&quot;:&quot;var(--wp--preset--color--primary)&quot;,&quot;numberOfItems&quot;:3,&quot;displayFeaturedImage&quot;:true,&quot;displayDescription&quot;:false,&quot;displayhDescription&quot;:true,&quot;displayAuthor&quot;:true,&quot;displayDate&quot;:true,&quot;displayTime&quot;:true,&quot;displayPagination&quot;:false,&quot;buttonRadius&quot;:true,&quot;displayLoadMore&quot;:true,&quot;selectedCol&quot;:&quot;4&quot;,&quot;buttonStyle&quot;:&quot;style1&quot;,&quot;postType&quot;:&quot;post&quot;,&quot;selectedTitles&quot;:[],&quot;backgroundColor&quot;:&quot;var(--wp--preset--color--white)&quot;,&quot;selectedStyle&quot;:&quot;style1&quot;,&quot;selectedSide&quot;:&quot;left&quot;,&quot;textColor&quot;:&quot;var(--wp--preset--color--black)&quot;,&quot;btnColor&quot;:&quot;var(--wp--preset--color--primary)&quot;,&quot;btnTextColor&quot;:&quot;var(--wp--preset--color--white)&quot;,&quot;hpostTitleColor&quot;:&quot;var(--wp--preset--color--black)&quot;,&quot;hpostTextColor&quot;:&quot;var(--wp--preset--color--black)&quot;,&quot;hpostBgColor&quot;:&quot;var(--wp--preset--color--white)&quot;,&quot;htitleborder&quot;:&quot;var(--wp--preset--color--primary)&quot;,&quot;order&quot;:&quot;desc&quot;,&quot;orderBy&quot;:&quot;date&quot;,&quot;fontSize&quot;:27,&quot;wordsCount&quot;:5,&quot;displayCategory&quot;:true,&quot;displayTitleBorder&quot;:true}\" data-offset=\"3\">N\u00e4yt\u00e4 lis\u00e4\u00e4<\/a><\/div><\/div><\/div>","protected":false},"excerpt":{"rendered":"","protected":false},"author":1,"featured_media":0,"parent":0,"menu_order":0,"comment_status":"closed","ping_status":"closed","template":"","meta":{"_crdt_document":"","footnotes":""},"class_list":["post-2232","page","type-page","status-publish","hentry"],"yoast_head":"<!-- This site is optimized with the Yoast SEO plugin v27.1.1 - https:\/\/yoast.com\/product\/yoast-seo-wordpress\/ -->\n<title>Etusivu - Ik\u00e4vihre\u00e4t<\/title>\n<meta name=\"robots\" content=\"index, follow, max-snippet:-1, max-image-preview:large, max-video-preview:-1\" \/>\n<link rel=\"canonical\" href=\"https:\/\/yhdistykset.vihreat.fi\/ikavihreat\/\" \/>\n<meta property=\"og:locale\" content=\"fi_FI\" \/>\n<meta property=\"og:type\" content=\"article\" \/>\n<meta property=\"og:title\" content=\"Etusivu - Ik\u00e4vihre\u00e4t\" \/>\n<meta property=\"og:url\" content=\"https:\/\/yhdistykset.vihreat.fi\/ikavihreat\/\" \/>\n<meta property=\"og:site_name\" content=\"Ik\u00e4vihre\u00e4t\" \/>\n<meta property=\"article:modified_time\" content=\"2025-06-12T12:44:26+00:00\" \/>\n<meta property=\"og:image\" content=\"https:\/\/yhdistykset.vihreat.fi\/ikavihreat\/wp-content\/plugins\/artcloud-blocks\/build\/blocks\/artcloud-hero\/..\/..\/images\/hero3.0b53398d.png\" \/>\n<meta name=\"twitter:card\" content=\"summary_large_image\" \/>\n<meta name=\"twitter:label1\" content=\"Arvioitu lukuaika\" \/>\n\t<meta name=\"twitter:data1\" content=\"1 minuutti\" \/>\n<script type=\"application\/ld+json\" class=\"yoast-schema-graph\">{\"@context\":\"https:\/\/schema.org\",\"@graph\":[{\"@type\":\"WebPage\",\"@id\":\"https:\/\/yhdistykset.vihreat.fi\/ikavihreat\/\",\"url\":\"https:\/\/yhdistykset.vihreat.fi\/ikavihreat\/\",\"name\":\"Etusivu - Ik\u00e4vihre\u00e4t\",\"isPartOf\":{\"@id\":\"https:\/\/yhdistykset.vihreat.fi\/ikavihreat\/#website\"},\"primaryImageOfPage\":{\"@id\":\"https:\/\/yhdistykset.vihreat.fi\/ikavihreat\/#primaryimage\"},\"image\":{\"@id\":\"https:\/\/yhdistykset.vihreat.fi\/ikavihreat\/#primaryimage\"},\"thumbnailUrl\":\"https:\/\/yhdistykset.vihreat.fi\/ikavihreat\/wp-content\/plugins\/artcloud-blocks\/build\/blocks\/artcloud-hero\/..\/..\/images\/hero3.0b53398d.png\",\"datePublished\":\"2024-12-09T12:55:02+00:00\",\"dateModified\":\"2025-06-12T12:44:26+00:00\",\"breadcrumb\":{\"@id\":\"https:\/\/yhdistykset.vihreat.fi\/ikavihreat\/#breadcrumb\"},\"inLanguage\":\"fi\",\"potentialAction\":[{\"@type\":\"ReadAction\",\"target\":[\"https:\/\/yhdistykset.vihreat.fi\/ikavihreat\/\"]}]},{\"@type\":\"ImageObject\",\"inLanguage\":\"fi\",\"@id\":\"https:\/\/yhdistykset.vihreat.fi\/ikavihreat\/#primaryimage\",\"url\":\"https:\/\/yhdistykset.vihreat.fi\/ikavihreat\/wp-content\/plugins\/artcloud-blocks\/build\/blocks\/artcloud-hero\/..\/..\/images\/hero3.0b53398d.png\",\"contentUrl\":\"https:\/\/yhdistykset.vihreat.fi\/ikavihreat\/wp-content\/plugins\/artcloud-blocks\/build\/blocks\/artcloud-hero\/..\/..\/images\/hero3.0b53398d.png\"},{\"@type\":\"BreadcrumbList\",\"@id\":\"https:\/\/yhdistykset.vihreat.fi\/ikavihreat\/#breadcrumb\",\"itemListElement\":[{\"@type\":\"ListItem\",\"position\":1,\"name\":\"Home\",\"item\":\"https:\/\/yhdistykset.vihreat.fi\/ikavihreat\/\"},{\"@type\":\"ListItem\",\"position\":2,\"name\":\"Etusivu\"}]},{\"@type\":\"WebSite\",\"@id\":\"https:\/\/yhdistykset.vihreat.fi\/ikavihreat\/#website\",\"url\":\"https:\/\/yhdistykset.vihreat.fi\/ikavihreat\/\",\"name\":\"Ik\u00e4vihre\u00e4t\",\"description\":\"Ik\u00e4vihre\u00e4t ry:n yhdistyksen verkkosivu\",\"publisher\":{\"@id\":\"https:\/\/yhdistykset.vihreat.fi\/ikavihreat\/#organization\"},\"potentialAction\":[{\"@type\":\"SearchAction\",\"target\":{\"@type\":\"EntryPoint\",\"urlTemplate\":\"https:\/\/yhdistykset.vihreat.fi\/ikavihreat\/?s={search_term_string}\"},\"query-input\":{\"@type\":\"PropertyValueSpecification\",\"valueRequired\":true,\"valueName\":\"search_term_string\"}}],\"inLanguage\":\"fi\"},{\"@type\":\"Organization\",\"@id\":\"https:\/\/yhdistykset.vihreat.fi\/ikavihreat\/#organization\",\"name\":\"Ik\u00e4vihre\u00e4t\",\"url\":\"https:\/\/yhdistykset.vihreat.fi\/ikavihreat\/\",\"logo\":{\"@type\":\"ImageObject\",\"inLanguage\":\"fi\",\"@id\":\"https:\/\/yhdistykset.vihreat.fi\/ikavihreat\/#\/schema\/logo\/image\/\",\"url\":\"https:\/\/yhdistykset.vihreat.fi\/ikavihreat\/files\/2024\/09\/Ika\u0308vihrea\u0308t-logo.png\",\"contentUrl\":\"https:\/\/yhdistykset.vihreat.fi\/ikavihreat\/files\/2024\/09\/Ika\u0308vihrea\u0308t-logo.png\",\"width\":398,\"height\":76,\"caption\":\"Ik\u00e4vihre\u00e4t\"},\"image\":{\"@id\":\"https:\/\/yhdistykset.vihreat.fi\/ikavihreat\/#\/schema\/logo\/image\/\"}}]}<\/script>\n<!-- \/ Yoast SEO plugin. -->","yoast_head_json":{"title":"Etusivu - Ik\u00e4vihre\u00e4t","robots":{"index":"index","follow":"follow","max-snippet":"max-snippet:-1","max-image-preview":"max-image-preview:large","max-video-preview":"max-video-preview:-1"},"canonical":"https:\/\/yhdistykset.vihreat.fi\/ikavihreat\/","og_locale":"fi_FI","og_type":"article","og_title":"Etusivu - Ik\u00e4vihre\u00e4t","og_url":"https:\/\/yhdistykset.vihreat.fi\/ikavihreat\/","og_site_name":"Ik\u00e4vihre\u00e4t","article_modified_time":"2025-06-12T12:44:26+00:00","og_image":[{"url":"https:\/\/yhdistykset.vihreat.fi\/ikavihreat\/wp-content\/plugins\/artcloud-blocks\/build\/blocks\/artcloud-hero\/..\/..\/images\/hero3.0b53398d.png","type":"","width":"","height":""}],"twitter_card":"summary_large_image","twitter_misc":{"Arvioitu lukuaika":"1 minuutti"},"schema":{"@context":"https:\/\/schema.org","@graph":[{"@type":"WebPage","@id":"https:\/\/yhdistykset.vihreat.fi\/ikavihreat\/","url":"https:\/\/yhdistykset.vihreat.fi\/ikavihreat\/","name":"Etusivu - Ik\u00e4vihre\u00e4t","isPartOf":{"@id":"https:\/\/yhdistykset.vihreat.fi\/ikavihreat\/#website"},"primaryImageOfPage":{"@id":"https:\/\/yhdistykset.vihreat.fi\/ikavihreat\/#primaryimage"},"image":{"@id":"https:\/\/yhdistykset.vihreat.fi\/ikavihreat\/#primaryimage"},"thumbnailUrl":"https:\/\/yhdistykset.vihreat.fi\/ikavihreat\/wp-content\/plugins\/artcloud-blocks\/build\/blocks\/artcloud-hero\/..\/..\/images\/hero3.0b53398d.png","datePublished":"2024-12-09T12:55:02+00:00","dateModified":"2025-06-12T12:44:26+00:00","breadcrumb":{"@id":"https:\/\/yhdistykset.vihreat.fi\/ikavihreat\/#breadcrumb"},"inLanguage":"fi","potentialAction":[{"@type":"ReadAction","target":["https:\/\/yhdistykset.vihreat.fi\/ikavihreat\/"]}]},{"@type":"ImageObject","inLanguage":"fi","@id":"https:\/\/yhdistykset.vihreat.fi\/ikavihreat\/#primaryimage","url":"https:\/\/yhdistykset.vihreat.fi\/ikavihreat\/wp-content\/plugins\/artcloud-blocks\/build\/blocks\/artcloud-hero\/..\/..\/images\/hero3.0b53398d.png","contentUrl":"https:\/\/yhdistykset.vihreat.fi\/ikavihreat\/wp-content\/plugins\/artcloud-blocks\/build\/blocks\/artcloud-hero\/..\/..\/images\/hero3.0b53398d.png"},{"@type":"BreadcrumbList","@id":"https:\/\/yhdistykset.vihreat.fi\/ikavihreat\/#breadcrumb","itemListElement":[{"@type":"ListItem","position":1,"name":"Home","item":"https:\/\/yhdistykset.vihreat.fi\/ikavihreat\/"},{"@type":"ListItem","position":2,"name":"Etusivu"}]},{"@type":"WebSite","@id":"https:\/\/yhdistykset.vihreat.fi\/ikavihreat\/#website","url":"https:\/\/yhdistykset.vihreat.fi\/ikavihreat\/","name":"Ik\u00e4vihre\u00e4t","description":"Ik\u00e4vihre\u00e4t ry:n yhdistyksen verkkosivu","publisher":{"@id":"https:\/\/yhdistykset.vihreat.fi\/ikavihreat\/#organization"},"potentialAction":[{"@type":"SearchAction","target":{"@type":"EntryPoint","urlTemplate":"https:\/\/yhdistykset.vihreat.fi\/ikavihreat\/?s={search_term_string}"},"query-input":{"@type":"PropertyValueSpecification","valueRequired":true,"valueName":"search_term_string"}}],"inLanguage":"fi"},{"@type":"Organization","@id":"https:\/\/yhdistykset.vihreat.fi\/ikavihreat\/#organization","name":"Ik\u00e4vihre\u00e4t","url":"https:\/\/yhdistykset.vihreat.fi\/ikavihreat\/","logo":{"@type":"ImageObject","inLanguage":"fi","@id":"https:\/\/yhdistykset.vihreat.fi\/ikavihreat\/#\/schema\/logo\/image\/","url":"https:\/\/yhdistykset.vihreat.fi\/ikavihreat\/files\/2024\/09\/Ika\u0308vihrea\u0308t-logo.png","contentUrl":"https:\/\/yhdistykset.vihreat.fi\/ikavihreat\/files\/2024\/09\/Ika\u0308vihrea\u0308t-logo.png","width":398,"height":76,"caption":"Ik\u00e4vihre\u00e4t"},"image":{"@id":"https:\/\/yhdistykset.vihreat.fi\/ikavihreat\/#\/schema\/logo\/image\/"}}]}},"_links":{"self":[{"href":"https:\/\/yhdistykset.vihreat.fi\/ikavihreat\/wp-json\/wp\/v2\/pages\/2232","targetHints":{"allow":["GET"]}}],"collection":[{"href":"https:\/\/yhdistykset.vihreat.fi\/ikavihreat\/wp-json\/wp\/v2\/pages"}],"about":[{"href":"https:\/\/yhdistykset.vihreat.fi\/ikavihreat\/wp-json\/wp\/v2\/types\/page"}],"author":[{"embeddable":true,"href":"https:\/\/yhdistykset.vihreat.fi\/ikavihreat\/wp-json\/wp\/v2\/users\/1"}],"replies":[{"embeddable":true,"href":"https:\/\/yhdistykset.vihreat.fi\/ikavihreat\/wp-json\/wp\/v2\/comments?post=2232"}],"version-history":[{"count":5,"href":"https:\/\/yhdistykset.vihreat.fi\/ikavihreat\/wp-json\/wp\/v2\/pages\/2232\/revisions"}],"predecessor-version":[{"id":2380,"href":"https:\/\/yhdistykset.vihreat.fi\/ikavihreat\/wp-json\/wp\/v2\/pages\/2232\/revisions\/2380"}],"wp:attachment":[{"href":"https:\/\/yhdistykset.vihreat.fi\/ikavihreat\/wp-json\/wp\/v2\/media?parent=2232"}],"curies":[{"name":"wp","href":"https:\/\/api.w.org\/{rel}","templated":true}]}}