{"id":22,"date":"2013-05-20T22:31:04","date_gmt":"2013-05-20T19:31:04","guid":{"rendered":"https:\/\/yhdistykset.vihreat.fi\/kemionsaaren.vihreat\/?page_id=22"},"modified":"2024-12-31T08:59:12","modified_gmt":"2024-12-31T06:59:12","slug":"kontaktuppgifter-yhteystiedot","status":"publish","type":"page","link":"https:\/\/yhdistykset.vihreat.fi\/kemionsaaren.vihreat\/kontaktuppgifter-yhteystiedot\/","title":{"rendered":"Kontaktuppgifter \/ Yhteystiedot"},"content":{"rendered":"<h5>Ordf\u00f6rande \/ Puheenjohtaja<\/h5>\n<p><strong>Sari Kippil\u00e4 <\/strong>\u00a0 \u00a0 \u00a0041-806 4766 sari[at]quitu.com<\/p>\n<p>&nbsp;<\/p>\n<p>&nbsp;<\/p>\n<h5><a href=\"https:\/\/www.facebook.com\/pages\/De-Gr\u00f6na-i-Kimito\u00f6n-Kemi\u00f6nsaaren-Vihre\u00e4t\/207963979232475\" target=\"_blank\" rel=\"noopener\">De Gr\u00f6na i Kimito\u00f6n p\u00e5 Facebook \/ Kemi\u00f6nsaaren Vihre\u00e4t Facebookissa<\/a><\/h5>\n","protected":false},"excerpt":{"rendered":"<p>Ordf\u00f6rande \/ Puheenjohtaja Sari Kippil\u00e4 \u00a0 \u00a0 \u00a0041-806 4766 sari[at]quitu.com &nbsp; &nbsp; De Gr\u00f6na i Kimito\u00f6n p\u00e5 Facebook \/ Kemi\u00f6nsaaren Vihre\u00e4t Facebookissa<\/p>\n","protected":false},"author":704,"featured_media":0,"parent":0,"menu_order":0,"comment_status":"closed","ping_status":"closed","template":"","meta":{"_et_pb_use_builder":"off","_et_pb_old_content":"","_et_gb_content_width":"","footnotes":""},"class_list":["post-22","page","type-page","status-publish","hentry"],"_links":{"self":[{"href":"https:\/\/yhdistykset.vihreat.fi\/kemionsaaren.vihreat\/wp-json\/wp\/v2\/pages\/22","targetHints":{"allow":["GET"]}}],"collection":[{"href":"https:\/\/yhdistykset.vihreat.fi\/kemionsaaren.vihreat\/wp-json\/wp\/v2\/pages"}],"about":[{"href":"https:\/\/yhdistykset.vihreat.fi\/kemionsaaren.vihreat\/wp-json\/wp\/v2\/types\/page"}],"author":[{"embeddable":true,"href":"https:\/\/yhdistykset.vihreat.fi\/kemionsaaren.vihreat\/wp-json\/wp\/v2\/users\/704"}],"replies":[{"embeddable":true,"href":"https:\/\/yhdistykset.vihreat.fi\/kemionsaaren.vihreat\/wp-json\/wp\/v2\/comments?post=22"}],"version-history":[{"count":36,"href":"https:\/\/yhdistykset.vihreat.fi\/kemionsaaren.vihreat\/wp-json\/wp\/v2\/pages\/22\/revisions"}],"predecessor-version":[{"id":1215,"href":"https:\/\/yhdistykset.vihreat.fi\/kemionsaaren.vihreat\/wp-json\/wp\/v2\/pages\/22\/revisions\/1215"}],"wp:attachment":[{"href":"https:\/\/yhdistykset.vihreat.fi\/kemionsaaren.vihreat\/wp-json\/wp\/v2\/media?parent=22"}],"curies":[{"name":"wp","href":"https:\/\/api.w.org\/{rel}","templated":true}]}}