{"id":28,"date":"2013-03-18T13:18:31","date_gmt":"2013-03-18T11:18:31","guid":{"rendered":"https:\/\/yhdistykset.vihreat.fi\/kemionsaaren.vihreat\/?page_id=28"},"modified":"2024-12-31T08:54:21","modified_gmt":"2024-12-31T06:54:21","slug":"styrelse-hallitus","status":"publish","type":"page","link":"https:\/\/yhdistykset.vihreat.fi\/kemionsaaren.vihreat\/styrelse-hallitus\/","title":{"rendered":"Styrelse \/ Hallitus"},"content":{"rendered":"<p>[et_pb_section fb_built=&#8221;1&#8243; admin_label=&#8221;Section&#8221; _builder_version=&#8221;4.16&#8243; global_colors_info=&#8221;{}&#8221;][et_pb_row column_structure=&#8221;1_2,1_2&#8243; _builder_version=&#8221;4.23.1&#8243; _module_preset=&#8221;default&#8221; global_colors_info=&#8221;{}&#8221;][et_pb_column type=&#8221;1_2&#8243; _builder_version=&#8221;4.23.1&#8243; _module_preset=&#8221;default&#8221; global_colors_info=&#8221;{}&#8221;][et_pb_text _builder_version=&#8221;4.23.1&#8243; _module_preset=&#8221;default&#8221; global_colors_info=&#8221;{}&#8221;]<\/p>\n<p><strong>2025:<br \/>Ordf\u00f6rande \/\u00a0<em>Puheenjohtaja<\/em>\u00a0\u00a0<\/strong><br \/>Sari Kippil\u00e4<\/p>\n<p><strong>Andra styrelsemedlemmar \/ <em>Muut hallituksen j\u00e4senet<\/em>\u00a0<em><br \/><\/em><\/strong>Gunilla Avell\u00e1n<br \/>Lea R\u00e4is\u00e4nen<br \/>Sami Siitojoki<br \/>Eeva Toivanen<\/p>\n<p>[\/et_pb_text][\/et_pb_column][et_pb_column type=&#8221;1_2&#8243; _builder_version=&#8221;4.23.1&#8243; _module_preset=&#8221;default&#8221; global_colors_info=&#8221;{}&#8221;][et_pb_code _builder_version=&#8221;4.23.1&#8243; _module_preset=&#8221;default&#8221; hover_enabled=&#8221;0&#8243; global_colors_info=&#8221;{}&#8221; sticky_enabled=&#8221;0&#8243;][\/et_pb_code][\/et_pb_column][\/et_pb_row][\/et_pb_section]<\/p>\n","protected":false},"excerpt":{"rendered":"<p>2025:Ordf\u00f6rande \/\u00a0Puheenjohtaja\u00a0\u00a0Sari Kippil\u00e4 Andra styrelsemedlemmar \/ Muut hallituksen j\u00e4senet\u00a0Gunilla Avell\u00e1nLea R\u00e4is\u00e4nenSami SiitojokiEeva Toivanen<\/p>\n","protected":false},"author":704,"featured_media":0,"parent":0,"menu_order":0,"comment_status":"closed","ping_status":"closed","template":"","meta":{"_et_pb_use_builder":"on","_et_pb_old_content":"<p><strong>Ordf\u00f6rande \/ <em>Puheenjohtaja<\/em> \u00a0<\/strong> Satu Zwerver<\/p><p><strong>Viceordf\u00f6rande \/ <em>Varapuheenjohtaja <\/em><\/strong> Sari Kippil\u00e4<\/p><p><strong>Sekreterare \/ <em>Sihteeri<\/em><\/strong> Sami Siitojoki<\/p><p><strong>Kass\u00f6r \/ <em>Rahastonhoitaja <\/em><\/strong> Satu Zwerver<\/p><p><strong>Andra ledam\u00f6ter \u00a0\/<em> Muut j\u00e4senet:<\/em><\/strong>\u00a0Gunilla Avellan, Lea R\u00e4is\u00e4nen<\/p>","_et_gb_content_width":"","footnotes":""},"class_list":["post-28","page","type-page","status-publish","hentry"],"_links":{"self":[{"href":"https:\/\/yhdistykset.vihreat.fi\/kemionsaaren.vihreat\/wp-json\/wp\/v2\/pages\/28","targetHints":{"allow":["GET"]}}],"collection":[{"href":"https:\/\/yhdistykset.vihreat.fi\/kemionsaaren.vihreat\/wp-json\/wp\/v2\/pages"}],"about":[{"href":"https:\/\/yhdistykset.vihreat.fi\/kemionsaaren.vihreat\/wp-json\/wp\/v2\/types\/page"}],"author":[{"embeddable":true,"href":"https:\/\/yhdistykset.vihreat.fi\/kemionsaaren.vihreat\/wp-json\/wp\/v2\/users\/704"}],"replies":[{"embeddable":true,"href":"https:\/\/yhdistykset.vihreat.fi\/kemionsaaren.vihreat\/wp-json\/wp\/v2\/comments?post=28"}],"version-history":[{"count":54,"href":"https:\/\/yhdistykset.vihreat.fi\/kemionsaaren.vihreat\/wp-json\/wp\/v2\/pages\/28\/revisions"}],"predecessor-version":[{"id":1212,"href":"https:\/\/yhdistykset.vihreat.fi\/kemionsaaren.vihreat\/wp-json\/wp\/v2\/pages\/28\/revisions\/1212"}],"wp:attachment":[{"href":"https:\/\/yhdistykset.vihreat.fi\/kemionsaaren.vihreat\/wp-json\/wp\/v2\/media?parent=28"}],"curies":[{"name":"wp","href":"https:\/\/api.w.org\/{rel}","templated":true}]}}