{"id":431,"date":"2022-04-08T10:42:07","date_gmt":"2022-04-08T07:42:07","guid":{"rendered":"https:\/\/yhdistykset.vihreat.fi\/kemionsaaren.vihreat\/?page_id=431"},"modified":"2024-10-07T21:41:48","modified_gmt":"2024-10-07T18:41:48","slug":"fortroendevalda-luottamuspaikat","status":"publish","type":"page","link":"https:\/\/yhdistykset.vihreat.fi\/kemionsaaren.vihreat\/fortroendevalda-luottamuspaikat\/","title":{"rendered":"F\u00f6rtroendevalda \/ Luottamuspaikat 2021-2024"},"content":{"rendered":"<p>[et_pb_section fb_built=&#8221;1&#8243; _builder_version=&#8221;4.16&#8243; global_colors_info=&#8221;{}&#8221;][et_pb_row _builder_version=&#8221;4.16&#8243; background_size=&#8221;initial&#8221; background_position=&#8221;top_left&#8221; background_repeat=&#8221;repeat&#8221; global_colors_info=&#8221;{}&#8221;][et_pb_column type=&#8221;4_4&#8243; _builder_version=&#8221;4.16&#8243; custom_padding=&#8221;|||&#8221; global_colors_info=&#8221;{}&#8221; custom_padding__hover=&#8221;|||&#8221;][et_pb_text admin_label=&#8221;Otsikko&#8221; _builder_version=&#8221;4.16&#8243; global_colors_info=&#8221;{}&#8221;]<\/p>\n<h1 style=\"text-align: center;\">F\u00f6rtroendevalda \/ Luottamuspaikat 2021\u20132024<\/h1>\n<p>[\/et_pb_text][\/et_pb_column][\/et_pb_row][et_pb_row column_structure=&#8221;1_3,1_3,1_3&#8243; _builder_version=&#8221;4.16&#8243; background_size=&#8221;initial&#8221; background_position=&#8221;top_left&#8221; background_repeat=&#8221;repeat&#8221; global_colors_info=&#8221;{}&#8221;][et_pb_column type=&#8221;1_3&#8243; _builder_version=&#8221;4.16&#8243; custom_padding=&#8221;|||&#8221; global_colors_info=&#8221;{}&#8221; custom_padding__hover=&#8221;|||&#8221;][et_pb_team_member name=&#8221;Satu Zwerver&#8221; image_url=&#8221;https:\/\/yhdistykset.vihreat.fi\/kemionsaaren.vihreat\/files\/2022\/04\/SZ-p.png&#8221; admin_label=&#8221;Satu Zwerver&#8221; _builder_version=&#8221;4.23.1&#8243; _module_preset=&#8221;default&#8221; header_text_align=&#8221;center&#8221; text_orientation=&#8221;center&#8221; hover_enabled=&#8221;0&#8243; global_colors_info=&#8221;{}&#8221; sticky_enabled=&#8221;0&#8243;]<\/p>\n<p>Fullm\u00e4ktigeledam\u00f6t \/<br \/>Valtuuston j\u00e4sen<\/p>\n<p>Viceordf\u00f6rande i n\u00e4ringslivsn\u00e4mnden \/<br \/>Elinkeinolautakunnan varapuheenjohtaja<\/p>\n<p>Suppleant i tekniska n\u00e4mnden \/<br \/>Teknisen lautakunnan varaj\u00e4sen<\/p>\n<p>[\/et_pb_team_member][\/et_pb_column][et_pb_column type=&#8221;1_3&#8243; _builder_version=&#8221;4.16&#8243; custom_padding=&#8221;|||&#8221; global_colors_info=&#8221;{}&#8221; custom_padding__hover=&#8221;|||&#8221;][et_pb_team_member name=&#8221;Gunilla Avellan&#8221; image_url=&#8221;https:\/\/yhdistykset.vihreat.fi\/kemionsaaren.vihreat\/files\/2022\/04\/gunilla-tori-p.png&#8221; admin_label=&#8221;Gunilla Avellan&#8221; _builder_version=&#8221;4.23.1&#8243; header_level=&#8221;h3&#8243; header_text_align=&#8221;center&#8221; text_orientation=&#8221;center&#8221; hover_enabled=&#8221;0&#8243; global_colors_info=&#8221;{}&#8221; sticky_enabled=&#8221;0&#8243;]<\/p>\n<p>F\u00f6rsta suppleant i kommunsfullm\u00e4ktige \/<br \/>Kunnanvaltuuston ensimm\u00e4inen varaj\u00e4sen<\/p>\n<p>Ledamot i tekniska n\u00e4mnden \/<br \/>Teknisen lautakunnan j\u00e4sen<\/p>\n<p>Suppleant i bygg- och milj\u00f6tillsynsn\u00e4mnden \/<br \/>Rakennus- ja ymp\u00e4rist\u00f6valvontalautakunnan varaj\u00e4sen<\/p>\n<p>[\/et_pb_team_member][\/et_pb_column][et_pb_column type=&#8221;1_3&#8243; _builder_version=&#8221;4.16&#8243; custom_padding=&#8221;|||&#8221; global_colors_info=&#8221;{}&#8221; custom_padding__hover=&#8221;|||&#8221;][et_pb_team_member name=&#8221;Milla Rasila&#8221; image_url=&#8221;https:\/\/yhdistykset.vihreat.fi\/kemionsaaren.vihreat\/files\/2022\/04\/Milla-p.png&#8221; admin_label=&#8221;Milla Rasila&#8221; _builder_version=&#8221;4.23.1&#8243; _module_preset=&#8221;default&#8221; header_text_align=&#8221;center&#8221; text_orientation=&#8221;center&#8221; hover_enabled=&#8221;0&#8243; global_colors_info=&#8221;{}&#8221; sticky_enabled=&#8221;0&#8243;]<\/p>\n<p>Andra suppleant i kommunsfullm\u00e4ktige \/<br \/>Kunnanvaltuuston toinen varaj\u00e4sen<\/p>\n<p>Ledamot i bygg- och milj\u00f6tillsyns n\u00e4mnd \/<br \/>Rakennus- ja ymp\u00e4rist\u00f6lupalautakunnan j\u00e4sen<\/p>\n<p>Ledamot i revisionsn\u00e4mnden \/<br \/>Tarkastuslautakunnan j\u00e4sen<\/p>\n<p>&nbsp;<\/p>\n<p>[\/et_pb_team_member][\/et_pb_column][\/et_pb_row][et_pb_row column_structure=&#8221;1_3,1_3,1_3&#8243; _builder_version=&#8221;4.16&#8243; background_size=&#8221;initial&#8221; background_position=&#8221;top_left&#8221; background_repeat=&#8221;repeat&#8221; global_colors_info=&#8221;{}&#8221;][et_pb_column type=&#8221;1_3&#8243; _builder_version=&#8221;4.16&#8243; custom_padding=&#8221;|||&#8221; global_colors_info=&#8221;{}&#8221; custom_padding__hover=&#8221;|||&#8221;][et_pb_team_member name=&#8221;Sari Kippil\u00e4&#8221; image_url=&#8221;https:\/\/yhdistykset.vihreat.fi\/kemionsaaren.vihreat\/files\/2022\/04\/SK-p.png&#8221; admin_label=&#8221;Sari Kippil\u00e4&#8221; _builder_version=&#8221;4.23.1&#8243; header_level=&#8221;h3&#8243; text_orientation=&#8221;center&#8221; hover_enabled=&#8221;0&#8243; global_colors_info=&#8221;{}&#8221; sticky_enabled=&#8221;0&#8243;]<\/p>\n<p>Bildningsn\u00e4mndens viceoordf\u00f6rande \/<br \/>Sivistyslautakunnan varapuheenjohtaja<\/p>\n<p>Suppleant i finska skolsektionen \/<br \/>Suomenkielisen koulujaoston varaj\u00e4sen<\/p>\n<p>Suppleant i n\u00e4ringslivsn\u00e4mnd \/<br \/>Elinkeinolautakunnan varaj\u00e4sen<\/p>\n<p>Suppleant i revisionsn\u00e4mnden \/<br \/>Tarkastuslautakunnan varaj\u00e4sen<\/p>\n<p>[\/et_pb_team_member][\/et_pb_column][et_pb_column type=&#8221;1_3&#8243; _builder_version=&#8221;4.16&#8243; custom_padding=&#8221;|||&#8221; global_colors_info=&#8221;{}&#8221; custom_padding__hover=&#8221;|||&#8221;][et_pb_team_member name=&#8221;Lea R\u00e4is\u00e4nen&#8221; image_url=&#8221;https:\/\/yhdistykset.vihreat.fi\/kemionsaaren.vihreat\/files\/2022\/04\/LR-p.png&#8221; admin_label=&#8221;Lea R\u00e4is\u00e4nen&#8221; _builder_version=&#8221;4.16&#8243; header_level=&#8221;h3&#8243; background_color=&#8221;#ffffff&#8221; text_orientation=&#8221;center&#8221; hover_enabled=&#8221;0&#8243; global_colors_info=&#8221;{}&#8221; sticky_enabled=&#8221;0&#8243;]<\/p>\n<p>Suppleant i kommunstryrelsen \/<br \/>Hallituksen varaj\u00e4sen<\/p>\n<p>Suppleant i vattenverkets direktion \/<br \/>Vesilaitoksen johtokunnan varaj\u00e4sen<\/p>\n<p>Ledamot i landskapsstryrelse \/<br \/>Maakuntahallituksen j\u00e4sen<\/p>\n<p>&nbsp;<\/p>\n<p>[\/et_pb_team_member][\/et_pb_column][et_pb_column type=&#8221;1_3&#8243; _builder_version=&#8221;4.16&#8243; custom_padding=&#8221;|||&#8221; global_colors_info=&#8221;{}&#8221; custom_padding__hover=&#8221;|||&#8221;][et_pb_team_member name=&#8221;Sami Siitojoki&#8221; image_url=&#8221;https:\/\/yhdistykset.vihreat.fi\/kemionsaaren.vihreat\/files\/2022\/04\/sami-tori-p.png&#8221; admin_label=&#8221;Sami Siitojoki&#8221; _builder_version=&#8221;4.16&#8243; header_level=&#8221;h3&#8243; text_orientation=&#8221;center&#8221; hover_enabled=&#8221;0&#8243; global_colors_info=&#8221;{}&#8221; sticky_enabled=&#8221;0&#8243;]<\/p>\n<p>Suppleant i centralvaln\u00e4mnden \/<br \/>Keskusvaalilautakunnan varaj\u00e4sen<\/p>\n<p>Suppleant i kultur- och fritidn\u00e4mnden \/<br \/>Kulttuuri- ja vapaa-ajan lautakunnan varaj\u00e4sen<\/p>\n<p>[\/et_pb_team_member][\/et_pb_column][\/et_pb_row][et_pb_row column_structure=&#8221;1_3,1_3,1_3&#8243; _builder_version=&#8221;4.16&#8243; background_size=&#8221;initial&#8221; background_position=&#8221;top_left&#8221; background_repeat=&#8221;repeat&#8221; global_colors_info=&#8221;{}&#8221;][et_pb_column type=&#8221;1_3&#8243; _builder_version=&#8221;4.16&#8243; custom_padding=&#8221;|||&#8221; global_colors_info=&#8221;{}&#8221; custom_padding__hover=&#8221;|||&#8221;][\/et_pb_column][et_pb_column type=&#8221;1_3&#8243; _builder_version=&#8221;4.16&#8243; custom_padding=&#8221;|||&#8221; global_colors_info=&#8221;{}&#8221; custom_padding__hover=&#8221;|||&#8221;][\/et_pb_column][et_pb_column type=&#8221;1_3&#8243; _builder_version=&#8221;4.16&#8243; custom_padding=&#8221;|||&#8221; global_colors_info=&#8221;{}&#8221; custom_padding__hover=&#8221;|||&#8221;][\/et_pb_column][\/et_pb_row][et_pb_row column_structure=&#8221;1_3,1_3,1_3&#8243; _builder_version=&#8221;4.16&#8243; background_size=&#8221;initial&#8221; background_position=&#8221;top_left&#8221; background_repeat=&#8221;repeat&#8221; global_colors_info=&#8221;{}&#8221;][et_pb_column type=&#8221;1_3&#8243; _builder_version=&#8221;4.16&#8243; custom_padding=&#8221;|||&#8221; global_colors_info=&#8221;{}&#8221; custom_padding__hover=&#8221;|||&#8221;][\/et_pb_column][et_pb_column type=&#8221;1_3&#8243; _builder_version=&#8221;4.16&#8243; custom_padding=&#8221;|||&#8221; global_colors_info=&#8221;{}&#8221; custom_padding__hover=&#8221;|||&#8221;][\/et_pb_column][et_pb_column type=&#8221;1_3&#8243; _builder_version=&#8221;4.16&#8243; custom_padding=&#8221;|||&#8221; global_colors_info=&#8221;{}&#8221; custom_padding__hover=&#8221;|||&#8221;][\/et_pb_column][\/et_pb_row][\/et_pb_section]<\/p>\n","protected":false},"excerpt":{"rendered":"<p>F\u00f6rtroendevalda \/ Luottamuspaikat 2021\u20132024Fullm\u00e4ktigeledam\u00f6t \/Valtuuston j\u00e4sen Viceordf\u00f6rande i n\u00e4ringslivsn\u00e4mnden \/Elinkeinolautakunnan varapuheenjohtaja Suppleant i tekniska n\u00e4mnden \/Teknisen lautakunnan varaj\u00e4senF\u00f6rsta suppleant i kommunsfullm\u00e4ktige \/Kunnanvaltuuston ensimm\u00e4inen varaj\u00e4sen Ledamot i tekniska n\u00e4mnden \/Teknisen lautakunnan j\u00e4sen Suppleant i bygg- och milj\u00f6tillsynsn\u00e4mnden \/Rakennus- ja ymp\u00e4rist\u00f6valvontalautakunnan varaj\u00e4senAndra suppleant i kommunsfullm\u00e4ktige \/Kunnanvaltuuston toinen varaj\u00e4sen Ledamot i bygg- och milj\u00f6tillsyns n\u00e4mnd \/Rakennus- ja ymp\u00e4rist\u00f6lupalautakunnan [&hellip;]<\/p>\n","protected":false},"author":859,"featured_media":0,"parent":0,"menu_order":0,"comment_status":"closed","ping_status":"closed","template":"","meta":{"_et_pb_use_builder":"on","_et_pb_old_content":"","_et_gb_content_width":"","footnotes":""},"class_list":["post-431","page","type-page","status-publish","hentry"],"_links":{"self":[{"href":"https:\/\/yhdistykset.vihreat.fi\/kemionsaaren.vihreat\/wp-json\/wp\/v2\/pages\/431","targetHints":{"allow":["GET"]}}],"collection":[{"href":"https:\/\/yhdistykset.vihreat.fi\/kemionsaaren.vihreat\/wp-json\/wp\/v2\/pages"}],"about":[{"href":"https:\/\/yhdistykset.vihreat.fi\/kemionsaaren.vihreat\/wp-json\/wp\/v2\/types\/page"}],"author":[{"embeddable":true,"href":"https:\/\/yhdistykset.vihreat.fi\/kemionsaaren.vihreat\/wp-json\/wp\/v2\/users\/859"}],"replies":[{"embeddable":true,"href":"https:\/\/yhdistykset.vihreat.fi\/kemionsaaren.vihreat\/wp-json\/wp\/v2\/comments?post=431"}],"version-history":[{"count":13,"href":"https:\/\/yhdistykset.vihreat.fi\/kemionsaaren.vihreat\/wp-json\/wp\/v2\/pages\/431\/revisions"}],"predecessor-version":[{"id":1161,"href":"https:\/\/yhdistykset.vihreat.fi\/kemionsaaren.vihreat\/wp-json\/wp\/v2\/pages\/431\/revisions\/1161"}],"wp:attachment":[{"href":"https:\/\/yhdistykset.vihreat.fi\/kemionsaaren.vihreat\/wp-json\/wp\/v2\/media?parent=431"}],"curies":[{"name":"wp","href":"https:\/\/api.w.org\/{rel}","templated":true}]}}