{"id":24808,"date":"2016-07-06T11:42:45","date_gmt":"2016-07-06T08:42:45","guid":{"rendered":"http:\/\/localhost\/vihreat\/?page_id=24808"},"modified":"2026-03-15T18:52:09","modified_gmt":"2026-03-15T16:52:09","slug":"yhdistys","status":"publish","type":"page","link":"https:\/\/yhdistykset.vihreat.fi\/muuramen.vihreat\/yhdistys\/","title":{"rendered":"Yhdistys"},"content":{"rendered":"\n<h2 class=\"wp-block-heading\">Muuramen Vihre\u00e4t ry<\/h2>\n\n\n\n<p class=\"wp-block-paragraph\">Olemme vuonna 2007 perustettu Vihreiden paikallisyhdistys. Muutamme maailmaa ja etenkin Muuramea kest\u00e4v\u00e4mm\u00e4ksi ja vihre\u00e4mm\u00e4ksi. Toimimme sek\u00e4 politiikan kautta ett\u00e4 suoraan.<\/p>\n\n\n\n<p class=\"wp-block-paragraph\">Vihreys tarkoittaa meille Muuramessa:<\/p>\n\n\n\n<ul class=\"wp-block-list\">\n<li>ymp\u00e4rist\u00f6n ja ekologisen kest\u00e4vyyden huomioimista kaiken p\u00e4\u00e4t\u00f6ksenteon l\u00e4p\u00e4isev\u00e4n\u00e4 periaatteena<\/li>\n\n\n\n<li>kasvatukseen ja koulutukseen panostamista, riitt\u00e4vi\u00e4 resursseja varhaiskasvatuksesta toiselle asteelle<\/li>\n\n\n\n<li>oikeudenmukaisuutta, vapautta ja yhdenvertaisuutta kaikessa p\u00e4\u00e4t\u00f6ksenteossa<\/li>\n\n\n\n<li>tulevaisuuden rakentamista sellaiseksi, ett\u00e4 lapsilla ja tulevilla sukupolvilla on mahdollisuus hyv\u00e4\u00e4n ja turvalliseen el\u00e4m\u00e4\u00e4n<\/li>\n\n\n\n<li>yrityksien ja yritt\u00e4jien kannustamista Vihre\u00e4n huomisen rakentamiseen ja ekologisen j\u00e4lleenrakennuksen edist\u00e4miseen yritt\u00e4jyyden kautta<\/li>\n\n\n\n<li>kest\u00e4v\u00e4mm\u00e4n arjen ja el\u00e4m\u00e4ntavan edist\u00e4mist\u00e4 kunta- ja j\u00e4rjest\u00f6ty\u00f6n kautta<\/li>\n<\/ul>\n\n\n\n<p class=\"wp-block-paragraph\">&nbsp;<\/p>\n\n\n\n<p class=\"has-text-align-center wp-block-paragraph\"><strong>\u201dLis\u00e4\u00e4 MuuVia el\u00e4m\u00e4\u00e4n!\u201d<\/strong><\/p>\n\n\n\n<h2 class=\"wp-block-heading\">Yhteystiedot<\/h2>\n\n\n\n<p class=\"wp-block-paragraph\">muuramenvihreat(at)gmail.com<\/p>\n\n\n\n<p class=\"wp-block-paragraph\"><strong>Yhdistyksen hallitus 2026<\/strong><\/p>\n\n\n\n<p class=\"wp-block-paragraph\">Riikka Purola, puheenjohtaja<\/p>\n\n\n\n<p class=\"wp-block-paragraph\">Jussi Pet\u00e4j\u00e4<\/p>\n\n\n\n<p class=\"wp-block-paragraph\">Tarja B\u00e5ga<\/p>\n\n\n\n<p class=\"wp-block-paragraph\">P\u00e4ivi Halinen<\/p>\n\n\n\n<h2 class=\"wp-block-heading\">Linkkej\u00e4<\/h2>\n\n\n\n<p class=\"wp-block-paragraph\"><a href=\"http:\/\/www.youtube.com\/@muuramenvihreat1262\">Youtube<\/a><\/p>\n\n\n\n<p class=\"wp-block-paragraph\"><a href=\"https:\/\/drive.google.com\/file\/d\/16aIZLtuSEpvqg3dDaFxOIROmULvtZi-u\/view?usp=sharing\">Yhdistyksen s\u00e4\u00e4nn\u00f6t<\/a><\/p>\n\n\n\n<p class=\"wp-block-paragraph\"><\/p>\n","protected":false},"excerpt":{"rendered":"<p>Muuramen Vihre\u00e4t ry Olemme vuonna 2007 perustettu Vihreiden paikallisyhdistys. Muutamme maailmaa ja etenkin Muuramea kest\u00e4v\u00e4mm\u00e4ksi ja vihre\u00e4mm\u00e4ksi. Toimimme sek\u00e4 politiikan kautta ett\u00e4 suoraan. Vihreys tarkoittaa meille Muuramessa: &nbsp; \u201dLis\u00e4\u00e4 MuuVia el\u00e4m\u00e4\u00e4n!\u201d Yhteystiedot muuramenvihreat(at)gmail.com Yhdistyksen hallitus 2026 Riikka Purola, puheenjohtaja Jussi Pet\u00e4j\u00e4 Tarja B\u00e5ga P\u00e4ivi Halinen Linkkej\u00e4 Youtube Yhdistyksen s\u00e4\u00e4nn\u00f6t<\/p>\n","protected":false},"author":1,"featured_media":0,"parent":0,"menu_order":0,"comment_status":"closed","ping_status":"closed","template":"","meta":{"_crdt_document":"","footnotes":""},"class_list":["post-24808","page","type-page","status-publish","hentry"],"_links":{"self":[{"href":"https:\/\/yhdistykset.vihreat.fi\/muuramen.vihreat\/wp-json\/wp\/v2\/pages\/24808","targetHints":{"allow":["GET"]}}],"collection":[{"href":"https:\/\/yhdistykset.vihreat.fi\/muuramen.vihreat\/wp-json\/wp\/v2\/pages"}],"about":[{"href":"https:\/\/yhdistykset.vihreat.fi\/muuramen.vihreat\/wp-json\/wp\/v2\/types\/page"}],"author":[{"embeddable":true,"href":"https:\/\/yhdistykset.vihreat.fi\/muuramen.vihreat\/wp-json\/wp\/v2\/users\/1"}],"replies":[{"embeddable":true,"href":"https:\/\/yhdistykset.vihreat.fi\/muuramen.vihreat\/wp-json\/wp\/v2\/comments?post=24808"}],"version-history":[{"count":35,"href":"https:\/\/yhdistykset.vihreat.fi\/muuramen.vihreat\/wp-json\/wp\/v2\/pages\/24808\/revisions"}],"predecessor-version":[{"id":27797,"href":"https:\/\/yhdistykset.vihreat.fi\/muuramen.vihreat\/wp-json\/wp\/v2\/pages\/24808\/revisions\/27797"}],"wp:attachment":[{"href":"https:\/\/yhdistykset.vihreat.fi\/muuramen.vihreat\/wp-json\/wp\/v2\/media?parent=24808"}],"curies":[{"name":"wp","href":"https:\/\/api.w.org\/{rel}","templated":true}]}}