{"id":26563,"date":"2021-01-24T20:52:30","date_gmt":"2021-01-24T18:52:30","guid":{"rendered":"https:\/\/yhdistykset.vihreat.fi\/muuramen.vihreat\/?page_id=26563"},"modified":"2021-04-25T10:14:35","modified_gmt":"2021-04-25T07:14:35","slug":"ehdokas-riikka-purola","status":"publish","type":"page","link":"https:\/\/yhdistykset.vihreat.fi\/muuramen.vihreat\/ehdokas-riikka-purola\/","title":{"rendered":"Ehdokas: Riikka Purola"},"content":{"rendered":"<p>[et_pb_section fb_built=&#8221;1&#8243; _builder_version=&#8221;4.8.1&#8243; _module_preset=&#8221;default&#8221;][et_pb_row _builder_version=&#8221;4.8.1&#8243; _module_preset=&#8221;default&#8221; width=&#8221;100%&#8221;][et_pb_column type=&#8221;4_4&#8243; _builder_version=&#8221;4.8.1&#8243; _module_preset=&#8221;default&#8221;][et_pb_team_member name=&#8221;Riikka Purola&#8221; position=&#8221;FM, opettaja&#8221; image_url=&#8221;https:\/\/yhdistykset.vihreat.fi\/muuramen.vihreat\/files\/2021\/01\/Riikka1.jpg&#8221; facebook_url=&#8221;https:\/\/www.facebook.com\/riikka.purola.vihreat&#8221; google_url=&#8221;https:\/\/www.instagram.com\/riikka.purola.vihreat\/&#8221; linkedin_url=&#8221;https:\/\/www.linkedin.com\/in\/riikka-purola-962a9bb6\/&#8221; _builder_version=&#8221;4.9.4&#8243; _module_preset=&#8221;default&#8221; hover_enabled=&#8221;0&#8243; sticky_enabled=&#8221;0&#8243;]<\/p>\n<p>Olen aineenopettaja ja kahden koululaisen \u00e4iti Muuramen Tervam\u00e4est\u00e4. Olen asunut Muuramessa vuodesta 2015. Liikun paljon luonnossa, ja varsinkin polkujuoksu mets\u00e4ss\u00e4 on minulle t\u00e4rke\u00e4 rentoutumiskeino. Lukeminen on toinen minulle rakas harrastus.<\/p>\n<p>Ty\u00f6ss\u00e4ni kohtaan muuramelaisia nuoria, ja lasten ja nuorten hyvinvointi onkin minulle politiikassa kaikista t\u00e4rkein asia. My\u00f6s lapset ovat kuntalaisia, ja heid\u00e4n \u00e4\u00e4nens\u00e4 on otettava huomioon p\u00e4\u00e4t\u00f6ksenteossa. Haluan, ett\u00e4 meill\u00e4 Muuramessa turvataan jokaiselle lapselle laadukas koulutus ja riitt\u00e4v\u00e4t oppilashuollon palvelut. Koulussa on oltava riitt\u00e4v\u00e4sti aikuisia tukemassa lasten ja nuorten kasvua ja oppimista. Lapsille ja nuorille on tarjottava my\u00f6s tasapuoliset mahdollisuudet harrastaa. Jokainen lapsiin satsattu euro on sijoitus tulevaisuuteen ja koko kunnan hyvinvointiin.<\/p>\n<p><img loading=\"lazy\" decoding=\"async\" class=\"alignnone wp-image-26567\" src=\"https:\/\/yhdistykset.vihreat.fi\/muuramen.vihreat\/files\/2021\/01\/Riikka2-768x1024.jpg\" alt=\"\" width=\"350\" height=\"467\" srcset=\"https:\/\/yhdistykset.vihreat.fi\/muuramen.vihreat\/files\/2021\/01\/Riikka2-768x1024.jpg 768w, https:\/\/yhdistykset.vihreat.fi\/muuramen.vihreat\/files\/2021\/01\/Riikka2-225x300.jpg 225w, https:\/\/yhdistykset.vihreat.fi\/muuramen.vihreat\/files\/2021\/01\/Riikka2-1152x1536.jpg 1152w, https:\/\/yhdistykset.vihreat.fi\/muuramen.vihreat\/files\/2021\/01\/Riikka2-1536x2048.jpg 1536w, https:\/\/yhdistykset.vihreat.fi\/muuramen.vihreat\/files\/2021\/01\/Riikka2-1080x1440.jpg 1080w, https:\/\/yhdistykset.vihreat.fi\/muuramen.vihreat\/files\/2021\/01\/Riikka2-1280x1707.jpg 1280w, https:\/\/yhdistykset.vihreat.fi\/muuramen.vihreat\/files\/2021\/01\/Riikka2-980x1307.jpg 980w, https:\/\/yhdistykset.vihreat.fi\/muuramen.vihreat\/files\/2021\/01\/Riikka2-480x640.jpg 480w, https:\/\/yhdistykset.vihreat.fi\/muuramen.vihreat\/files\/2021\/01\/Riikka2.jpg 1875w\" sizes=\"auto, (max-width: 350px) 100vw, 350px\" \/><\/p>\n<p>Vuorovaikutuksessa toisten kanssa en pelk\u00e4\u00e4 sanoa mielipiteit\u00e4ni mutta osaan my\u00f6s kuunnella muita. Arvostan tutkittua tietoa ja erilaisten ihmisten osaamista. Mielest\u00e4ni p\u00e4\u00e4t\u00f6ksenteossa &#8211; etenkin valmisteluvaiheessa &#8211; pit\u00e4isi kuunnella enemm\u00e4n ja aidommin niit\u00e4 ihmisi\u00e4, joita p\u00e4\u00e4tett\u00e4v\u00e4t asiat koskevat. Kuulemisen ei pit\u00e4isi olla pelkk\u00e4 muodollisuus. Kunnan p\u00e4\u00e4t\u00f6ksenteon pit\u00e4isi olla my\u00f6s pitk\u00e4j\u00e4nteist\u00e4 &#8211; t\u00e4m\u00e4n p\u00e4iv\u00e4n investointi voi olla pitk\u00e4ll\u00e4 t\u00e4ht\u00e4imell\u00e4 taloudellisesti ja sosiaalisesti j\u00e4rkevin ratkaisu. Ekologisuus on otettava huomioon kaikessa kunnan toiminnassa, jotta mahdollistamme tuleville sukupolville turvallisen ja monimuotoisen elinymp\u00e4rist\u00f6n.<\/p>\n<p><img loading=\"lazy\" decoding=\"async\" class=\"alignnone wp-image-26566\" src=\"https:\/\/yhdistykset.vihreat.fi\/muuramen.vihreat\/files\/2021\/01\/Riikka3-683x1024.jpg\" alt=\"\" width=\"340\" height=\"510\" srcset=\"https:\/\/yhdistykset.vihreat.fi\/muuramen.vihreat\/files\/2021\/01\/Riikka3-683x1024.jpg 683w, https:\/\/yhdistykset.vihreat.fi\/muuramen.vihreat\/files\/2021\/01\/Riikka3-200x300.jpg 200w, https:\/\/yhdistykset.vihreat.fi\/muuramen.vihreat\/files\/2021\/01\/Riikka3-768x1152.jpg 768w, https:\/\/yhdistykset.vihreat.fi\/muuramen.vihreat\/files\/2021\/01\/Riikka3-1024x1536.jpg 1024w, https:\/\/yhdistykset.vihreat.fi\/muuramen.vihreat\/files\/2021\/01\/Riikka3-1366x2048.jpg 1366w, https:\/\/yhdistykset.vihreat.fi\/muuramen.vihreat\/files\/2021\/01\/Riikka3-1080x1620.jpg 1080w, https:\/\/yhdistykset.vihreat.fi\/muuramen.vihreat\/files\/2021\/01\/Riikka3-1280x1920.jpg 1280w, https:\/\/yhdistykset.vihreat.fi\/muuramen.vihreat\/files\/2021\/01\/Riikka3-980x1470.jpg 980w, https:\/\/yhdistykset.vihreat.fi\/muuramen.vihreat\/files\/2021\/01\/Riikka3-480x720.jpg 480w, https:\/\/yhdistykset.vihreat.fi\/muuramen.vihreat\/files\/2021\/01\/Riikka3.jpg 1667w\" sizes=\"auto, (max-width: 340px) 100vw, 340px\" \/><\/p>\n<p>&nbsp;<\/p>\n<p><a href=\"https:\/\/yhdistykset.vihreat.fi\/muuramen.vihreat\/avainsanat\/riikkapurola\/\">Viestini Muuramen Vihreiden blogissa<\/a><\/p>\n<p>[\/et_pb_team_member][\/et_pb_column][\/et_pb_row][\/et_pb_section]<\/p>\n","protected":false},"excerpt":{"rendered":"<p>[et_pb_section fb_built=&#8221;1&#8243; _builder_version=&#8221;4.8.1&#8243; _module_preset=&#8221;default&#8221;][et_pb_row _builder_version=&#8221;4.8.1&#8243; _module_preset=&#8221;default&#8221; width=&#8221;100%&#8221;][et_pb_column type=&#8221;4_4&#8243; _builder_version=&#8221;4.8.1&#8243; _module_preset=&#8221;default&#8221;][et_pb_team_member name=&#8221;Riikka Purola&#8221; position=&#8221;FM, opettaja&#8221; image_url=&#8221;https:\/\/yhdistykset.vihreat.fi\/muuramen.vihreat\/files\/2021\/01\/Riikka1.jpg&#8221; facebook_url=&#8221;https:\/\/www.facebook.com\/riikka.purola.vihreat&#8221; google_url=&#8221;https:\/\/www.instagram.com\/riikka.purola.vihreat\/&#8221; linkedin_url=&#8221;https:\/\/www.linkedin.com\/in\/riikka-purola-962a9bb6\/&#8221; _builder_version=&#8221;4.9.4&#8243; _module_preset=&#8221;default&#8221; hover_enabled=&#8221;0&#8243; sticky_enabled=&#8221;0&#8243;] Olen aineenopettaja ja kahden koululaisen \u00e4iti Muuramen Tervam\u00e4est\u00e4. Olen asunut Muuramessa vuodesta 2015. Liikun paljon luonnossa, ja varsinkin polkujuoksu mets\u00e4ss\u00e4 on minulle t\u00e4rke\u00e4 rentoutumiskeino. Lukeminen on toinen minulle rakas harrastus. Ty\u00f6ss\u00e4ni kohtaan muuramelaisia [&hellip;]<\/p>\n","protected":false},"author":1108,"featured_media":0,"parent":0,"menu_order":0,"comment_status":"closed","ping_status":"closed","template":"","meta":{"_crdt_document":"","footnotes":""},"class_list":["post-26563","page","type-page","status-publish","hentry"],"_links":{"self":[{"href":"https:\/\/yhdistykset.vihreat.fi\/muuramen.vihreat\/wp-json\/wp\/v2\/pages\/26563","targetHints":{"allow":["GET"]}}],"collection":[{"href":"https:\/\/yhdistykset.vihreat.fi\/muuramen.vihreat\/wp-json\/wp\/v2\/pages"}],"about":[{"href":"https:\/\/yhdistykset.vihreat.fi\/muuramen.vihreat\/wp-json\/wp\/v2\/types\/page"}],"author":[{"embeddable":true,"href":"https:\/\/yhdistykset.vihreat.fi\/muuramen.vihreat\/wp-json\/wp\/v2\/users\/1108"}],"replies":[{"embeddable":true,"href":"https:\/\/yhdistykset.vihreat.fi\/muuramen.vihreat\/wp-json\/wp\/v2\/comments?post=26563"}],"version-history":[{"count":34,"href":"https:\/\/yhdistykset.vihreat.fi\/muuramen.vihreat\/wp-json\/wp\/v2\/pages\/26563\/revisions"}],"predecessor-version":[{"id":27227,"href":"https:\/\/yhdistykset.vihreat.fi\/muuramen.vihreat\/wp-json\/wp\/v2\/pages\/26563\/revisions\/27227"}],"wp:attachment":[{"href":"https:\/\/yhdistykset.vihreat.fi\/muuramen.vihreat\/wp-json\/wp\/v2\/media?parent=26563"}],"curies":[{"name":"wp","href":"https:\/\/api.w.org\/{rel}","templated":true}]}}