{"id":26684,"date":"2021-01-31T17:27:46","date_gmt":"2021-01-31T15:27:46","guid":{"rendered":"https:\/\/yhdistykset.vihreat.fi\/muuramen.vihreat\/?page_id=26684"},"modified":"2025-02-14T20:12:36","modified_gmt":"2025-02-14T18:12:36","slug":"saavutuksiamme-2017-2021","status":"publish","type":"page","link":"https:\/\/yhdistykset.vihreat.fi\/muuramen.vihreat\/saavutuksiamme-2017-2021\/","title":{"rendered":"Saavutuksiamme 2017-2021"},"content":{"rendered":"\n<h2 class=\"wp-block-heading\"><\/h2>\n\n\n\n<div>Valtuustoryhm\u00e4mme 2017-2021 on muodostanut Teea Kortetm\u00e4ki (ryhm\u00e4n pj), Luka Lindqvist (ryhm\u00e4n vpj) ja Seija Leinonen. Olemme osallistuneet aktiivisesti valtuustokauden aikaiseen ty\u00f6h\u00f6n ja mm. j\u00e4tt\u00e4neet paljon aloitteita, joista suurin osa on k\u00e4sitelty ja johtanut jatkotoimiin (kaikki kuluvan kauden valtuustoaloitteemme). Lis\u00e4ksi olemme osallistuneet aktiivisesti sek\u00e4 valtuusto-, lautakunta- ett\u00e4 kunnanhallituksen kokouksissa kysymyksin, puheenvuoroin ja esityksin. Kuntapolitiikassa tulokset ovat usein my\u00f6s tulosta pitk\u00e4j\u00e4nteisest\u00e4 yhteisty\u00f6st\u00e4, vuoropuhelusta muiden kanssa ja sinnikk\u00e4\u00e4st\u00e4 t\u00e4rkeiden asioiden puolustamisesta.<\/div>\n\n\n\n<h4 class=\"wp-block-heading\">Muutamia nostoja ty\u00f6st\u00e4mme:<\/h4>\n\n\n\n<h4 class=\"wp-block-heading\">Py\u00f6r\u00e4ily ja joukkoliikenne<\/h4>\n\n\n\n<p class=\"wp-block-paragraph\">Valtuutettumme Luka Lindqvist on tehnyt eritt\u00e4in aktiivisesti t\u00f6it\u00e4 ns. <strong>Kinkomaa-Muurame-kevytliikennev\u00e4yl\u00e4n edist\u00e4miseksi.<\/strong> Jo 20 vuotta puheenaiheena ollut v\u00e4yl\u00e4 on nyt edennyt suunnitteluasteelle ja v\u00e4yl\u00e4 on priorisoitu Muuramen t\u00e4rkeimm\u00e4ksi hankkeeksi ely-keskukseen (\u00a7 7, ELKLTK 19.1.2021) n\u00e4hden ja sill\u00e4 on 50 prosentin rahoitus (Muurame ja Jyv\u00e4skyl\u00e4). Ely-keskuksen osuus on viel\u00e4 auki. Lis\u00e4ksi Luka ja on tehnyt lukuisia valtuustoaloitteita py\u00f6r\u00e4ilyn edist\u00e4miseksi kunnassa (mm. py\u00f6r\u00e4ilykuntien verkostoon liittyminen, kampanjat, s\u00e4hk\u00f6py\u00f6rien latausmahdollisuudet).<\/p>\n\n\n\n<p class=\"wp-block-paragraph\">Teea Kortetm\u00e4ki toimi kunnanhallituksen edustajana <strong>Linkki tulevaisuuteen -joukkoliikenteen kehitt\u00e4mishankkeen<\/strong> ohjausryhm\u00e4ss\u00e4 ja toi aktiivisesti esiin joukkoliikenteen kehitt\u00e4mistarpeita Muuramen n\u00e4k\u00f6kulmasta sek\u00e4 viesti kunnanhallituksen suuntaan joukkoliikenteen kehitt\u00e4misen t\u00e4rkeydest\u00e4 ohjelman edellytt\u00e4mien investointien tasolla.<\/p>\n\n\n\n<h4 class=\"wp-block-heading\">Ilmasto ja luonto<\/h4>\n\n\n\n<p class=\"wp-block-paragraph\"><strong>Hiilineutraalit kunnat<\/strong> HINKU -verkostoon liittymisen valtuustoaloite ja sen tiukka puolustaminen jatkok\u00e4sittelyiss\u00e4. Aloite ei mennyt l\u00e4pi, mutta tiukan \u00e4\u00e4nestyksen j\u00e4lkeen valtuusto hyv\u00e4ksyi toimenpidealoitteen kunnan omien ilmastotavoitteiden ja niihin johtavien toimien m\u00e4\u00e4rittelyst\u00e4. M\u00e4\u00e4rittely on tulossa osaksi v. 2021 kuntastrategian linjauksia.<\/p>\n\n\n\n<p class=\"wp-block-paragraph\"><strong>Luonnon monimuotoisuuden turvaaminen <\/strong>Olemme parantaneet kaavoissa mm. luonnontilaisen noron asemaa ja vaatineet viitasammakoiden huomioon ottamista rantatonteilla. Muuramenjoen luontopolun hoitosuunnitelman yhteydess\u00e4 paransimme monimuotoisuudelle t\u00e4rke\u00e4n lahopuuston s\u00e4ilymist\u00e4 alueella. Teimme my\u00f6s valtuustoaloitteen <strong>avohakkuuttomasta mets\u00e4nhoidosta <\/strong>kunnan omistamissa metsiss\u00e4, joita ei ole tarkoitus muuttaa asuin- tai yritystonttialueeksi. Olemme my\u00f6s esitt\u00e4neet, ett\u00e4 Muuramen kunta selvitt\u00e4isi mahdollisuuksia perustaa luontopolku ja l\u00e4hiliikuntakohde Levonojan\/Levonm\u00e4en vanhan kuusimets\u00e4n alueelle.<\/p>\n\n\n\n<h4 class=\"wp-block-heading\">Vastuullisuus ja kest\u00e4v\u00e4 kehitys<\/h4>\n\n\n\n<p class=\"wp-block-paragraph\"><strong>Vesihuolto <\/strong>Luka teki useita hyv\u00e4ksyttyj\u00e4 Muuramen kunnan vesihuoltoon liittyvi\u00e4 aloitteita, kuten Kinkomaan vedenottamon l\u00e4hialueen osto kunnalle ja&nbsp;Kinkomaan ja Muuramen pohjavesialueiden suojelusuunnitelma.<\/p>\n\n\n\n<p class=\"wp-block-paragraph\"><strong>Julkiset hankinnat <\/strong>Teimme kattavan, muiden kuntien k\u00e4yt\u00e4nt\u00f6ihin ja tutkimusraportteihin nojaavan lausunnon kunnan uusiin hankintaohjeisiin koskien hankintojen kest\u00e4vyytt\u00e4. Teimme valtuustoaloitteen kest\u00e4vist\u00e4 julkisista hankinnoista koskien mm. kunnan kahvi- ja teetarjoiluja.<\/p>\n\n\n\n<p class=\"wp-block-paragraph\"><strong>Biosf\u00e4\u00e4rialue <\/strong>Puolsimme vahvasti P\u00e4ij\u00e4nteen biosf\u00e4\u00e4rialueen (UNESCO-kulttuuriperint\u00f6alue) statuksen hakemista ja Muuramen kunnan mukanaoloa n\u00e4iss\u00e4 prosesseissa.<\/p>\n\n\n\n<h4 class=\"wp-block-heading\">Lapset ja nuoret<\/h4>\n\n\n\n<p class=\"wp-block-paragraph\">Kehitt\u00e4misty\u00f6ryhm\u00e4n perustamisehdotus opetuksen ja erityisopetuksen palveluiden laadun tehostamiseksi kuntatalouden raamien puitteissa yhteisty\u00f6ss\u00e4 ty\u00f6ntekij\u00f6iden, lautakunnan ja virkamiesten kanssa. Lasten ja nuorten hyvinvointia tukevien l\u00e4hipalvelujen kuten l\u00e4hikoulujen turvaaminen ja erityisopetusresurssien puolustaminen ovat olleet keskeinen osa lautakuntaty\u00f6t\u00e4mme.<span id=\"divtagdefaultwrapper\"><\/span><\/p>\n\n\n\n<h4 class=\"wp-block-heading\">Osallistaminen ja hyv\u00e4 hallinto<\/h4>\n\n\n\n<p class=\"wp-block-paragraph\">Luka teki useita hyv\u00e4ksyttyj\u00e4 aloitteita, kuten Muuramen liittyminen <a href=\"https:\/\/www.kuntalaisaloite.fi\">kuntalaisaloite.fi<\/a>-palveluun.<\/p>\n\n\n\n<p class=\"wp-block-paragraph\">Vihre\u00e4n ryhm\u00e4n ehdotukset kunnan taloussuunnittelun kehitt\u00e4misty\u00f6ryhm\u00e4ss\u00e4 olivat merkitt\u00e4v\u00e4ss\u00e4 roolissa ja esimerkiksi ajamamme talousarviosuunnittelun vuosikello hallintoty\u00f6n l\u00e4pin\u00e4kyvyyden edist\u00e4miseksi n\u00e4ki p\u00e4iv\u00e4nvalon ja hyv\u00e4ksyttiin valtuustossa alkuvuodesta 2021. Lis\u00e4ksi edustajamme Seija Leinonen valittiin puoluerajat ylitt\u00e4v\u00e4ll\u00e4 laajalla kannatuksella puheenjohtajaksi tilap\u00e4iseen valiokuntaan, jolle annettiin teht\u00e4v\u00e4ksi tarkastaa Muuramen hallinnon ja p\u00e4\u00e4t\u00f6ksenteko-virkamies-yhteisty\u00f6n toimivuutta ja kehitt\u00e4miskohteita vuonna 2020-2021.<\/p>\n\n\n\n<h4 class=\"wp-block-heading\">Muuramen Vihre\u00e4t yhdistyksen\u00e4 2017-2021<\/h4>\n\n\n\n<p class=\"wp-block-paragraph\">Muuramen Vihre\u00e4t on tasaisesti j\u00e4senm\u00e4\u00e4r\u00e4\u00e4ns\u00e4 viime vuosina kasvattanut vihreiden paikallisyhdistys. Olemme j\u00e4rjest\u00e4neet monia tilaisuuksia ja osallistuneet vaality\u00f6h\u00f6n eri vaaleissa sek\u00e4 Keski-Suomen alueen vihre\u00e4\u00e4n yhteisty\u00f6h\u00f6n.<\/p>\n\n\n\n<p class=\"wp-block-paragraph\">Helmikuussa 2019 ennen eduskuntavaaleja Muuramessa vieraili Vihreiden t\u00e4m\u00e4nhetkinen puheenjohtaja (silloinen varapuheenjohtaja) Maria Ohisalo. Samassa tilaisuudessa olivat panelisteina eduskuntavaaliehdokkaat Bella Forsgr\u00e9n ja Irina Tuokko. Tilaisuuden osallistujam\u00e4\u00e4r\u00e4 oli yhdistyksemme historian suurin. Vuonna 2020 saimme ensimm\u00e4inen oman edustajan Vihreiden puoluekokoukseen j\u00e4senm\u00e4\u00e4r\u00e4mme perusteella.<\/p>\n","protected":false},"excerpt":{"rendered":"<p>Valtuustoryhm\u00e4mme 2017-2021 on muodostanut Teea Kortetm\u00e4ki (ryhm\u00e4n pj), Luka Lindqvist (ryhm\u00e4n vpj) ja Seija Leinonen. Olemme osallistuneet aktiivisesti valtuustokauden aikaiseen ty\u00f6h\u00f6n ja mm. j\u00e4tt\u00e4neet paljon aloitteita, joista suurin osa on k\u00e4sitelty ja johtanut jatkotoimiin (kaikki kuluvan kauden valtuustoaloitteemme). Lis\u00e4ksi olemme osallistuneet aktiivisesti sek\u00e4 valtuusto-, lautakunta- ett\u00e4 kunnanhallituksen kokouksissa kysymyksin, puheenvuoroin ja esityksin. Kuntapolitiikassa tulokset ovat [&hellip;]<\/p>\n","protected":false},"author":1108,"featured_media":0,"parent":0,"menu_order":0,"comment_status":"closed","ping_status":"closed","template":"","meta":{"_crdt_document":"","footnotes":""},"class_list":["post-26684","page","type-page","status-publish","hentry"],"_links":{"self":[{"href":"https:\/\/yhdistykset.vihreat.fi\/muuramen.vihreat\/wp-json\/wp\/v2\/pages\/26684","targetHints":{"allow":["GET"]}}],"collection":[{"href":"https:\/\/yhdistykset.vihreat.fi\/muuramen.vihreat\/wp-json\/wp\/v2\/pages"}],"about":[{"href":"https:\/\/yhdistykset.vihreat.fi\/muuramen.vihreat\/wp-json\/wp\/v2\/types\/page"}],"author":[{"embeddable":true,"href":"https:\/\/yhdistykset.vihreat.fi\/muuramen.vihreat\/wp-json\/wp\/v2\/users\/1108"}],"replies":[{"embeddable":true,"href":"https:\/\/yhdistykset.vihreat.fi\/muuramen.vihreat\/wp-json\/wp\/v2\/comments?post=26684"}],"version-history":[{"count":15,"href":"https:\/\/yhdistykset.vihreat.fi\/muuramen.vihreat\/wp-json\/wp\/v2\/pages\/26684\/revisions"}],"predecessor-version":[{"id":27693,"href":"https:\/\/yhdistykset.vihreat.fi\/muuramen.vihreat\/wp-json\/wp\/v2\/pages\/26684\/revisions\/27693"}],"wp:attachment":[{"href":"https:\/\/yhdistykset.vihreat.fi\/muuramen.vihreat\/wp-json\/wp\/v2\/media?parent=26684"}],"curies":[{"name":"wp","href":"https:\/\/api.w.org\/{rel}","templated":true}]}}