{"id":26869,"date":"2021-02-06T09:39:01","date_gmt":"2021-02-06T07:39:01","guid":{"rendered":"https:\/\/yhdistykset.vihreat.fi\/muuramen.vihreat\/?page_id=26869"},"modified":"2021-02-09T20:58:30","modified_gmt":"2021-02-09T18:58:30","slug":"ehdokas-irja-seilola","status":"publish","type":"page","link":"https:\/\/yhdistykset.vihreat.fi\/muuramen.vihreat\/ehdokas-irja-seilola\/","title":{"rendered":"Ehdokas: Irja Seilola"},"content":{"rendered":"<p>[et_pb_section fb_built=&#8221;1&#8243; _builder_version=&#8221;4.8.1&#8243; _module_preset=&#8221;default&#8221;][et_pb_row _builder_version=&#8221;4.8.1&#8243; _module_preset=&#8221;default&#8221; width=&#8221;100%&#8221;][et_pb_column type=&#8221;4_4&#8243; _builder_version=&#8221;4.8.1&#8243; _module_preset=&#8221;default&#8221;][et_pb_team_member name=&#8221;Irja Seilola&#8221; image_url=&#8221;https:\/\/yhdistykset.vihreat.fi\/muuramen.vihreat\/files\/2021\/02\/Seilola_Irja_01-683&#215;1024.jpg&#8221; _builder_version=&#8221;4.8.2&#8243; _module_preset=&#8221;default&#8221; hover_enabled=&#8221;0&#8243; facebook_url=&#8221;https:\/\/www.facebook.com\/irjaseilola.vihreat.5&#8243; sticky_enabled=&#8221;0&#8243;]<\/p>\n<p>Olen luokanopettaja, ty\u00f6valmentaja ja kevytyritt\u00e4j\u00e4 Muuramen Kinkomaalta, jonne muutimme 2011. Olen juurtunut t\u00e4nne ja perheemme on kokenut Muuramen kodikseen jo muutosta l\u00e4htien. Sisimm\u00e4lt\u00e4ni olen opettaja, olen toiminut vuosia erityisluokanopettajana. Vapaa-ajalla olen j\u00e4rjest\u00f6toimija, usein tukemassa lasten harrastuksia tai perhej\u00e4rjest\u00f6jen toimintaa. T\u00e4ll\u00e4 hetkell\u00e4 Muuramen Vihreiden varapuheenjohtajana sek\u00e4 pienen perhej\u00e4rjest\u00f6n hallituksessa.<\/p>\n<p>Perheemme on kaksikielinen, \u00e4idinkielemme on viittomakieli, mutta k\u00e4yt\u00e4mme p\u00e4ivitt\u00e4in my\u00f6s suomen kielt\u00e4. T\u00e4st\u00e4 syyst\u00e4 minulle t\u00e4rke\u00e4 asia on saavutettavuus ja esteett\u00f6myys. Kunnan viestinn\u00e4n ja palveluiden tulee olla saavutettavia meille kaikille kuntalaisille. Saavutettavuuden lis\u00e4ksi ajattelen, ett\u00e4 meill\u00e4 kaikilla on oltava tasa-arvoinen mahdollisuus oppia ja kehitty\u00e4 sek\u00e4 el\u00e4\u00e4 oman n\u00e4k\u00f6ist\u00e4 el\u00e4m\u00e4\u00e4. Tasa-arvoinen ja saavutettava ymp\u00e4rist\u00f6 ei ole itsest\u00e4\u00e4nselvyys, mutta yhdess\u00e4 me voimme saavuttaa sen.<\/p>\n<p>Toivon, ett\u00e4 kunnassamme tuodaan yh\u00e4 paremmin esille kuntalaisten osallisuus ja vaikuttamismahdollisuudet. Meill\u00e4 jokaisella on oikeus vaikuttaa asioihimme ja asuinymp\u00e4rist\u00f6\u00f6n vaikka pienill\u00e4kin teoilla.<\/p>\n<p>Jos et l\u00f6yd\u00e4 minua edell\u00e4 kuvatuista toiminnoista, l\u00f6yd\u00e4t minut nauttimasta Muuramen l\u00e4hiluonnosta, mets\u00e4poluilta koirien kanssa tai tekem\u00e4st\u00e4 k\u00e4sit\u00f6it\u00e4.<\/p>\n<p><img loading=\"lazy\" decoding=\"async\" class=\"alignnone wp-image-26873 \" title=\"Irja Seilola\" src=\"https:\/\/yhdistykset.vihreat.fi\/muuramen.vihreat\/files\/2021\/02\/Seilola_Irja_02-scaled-e1612597077956-769x1024.jpg\" alt=\"Irja Seilola\" width=\"398\" height=\"530\" srcset=\"https:\/\/yhdistykset.vihreat.fi\/muuramen.vihreat\/files\/2021\/02\/Seilola_Irja_02-scaled-e1612597077956-769x1024.jpg 769w, https:\/\/yhdistykset.vihreat.fi\/muuramen.vihreat\/files\/2021\/02\/Seilola_Irja_02-scaled-e1612597077956-225x300.jpg 225w, https:\/\/yhdistykset.vihreat.fi\/muuramen.vihreat\/files\/2021\/02\/Seilola_Irja_02-scaled-e1612597077956-768x1022.jpg 768w, https:\/\/yhdistykset.vihreat.fi\/muuramen.vihreat\/files\/2021\/02\/Seilola_Irja_02-scaled-e1612597077956-1154x1536.jpg 1154w, https:\/\/yhdistykset.vihreat.fi\/muuramen.vihreat\/files\/2021\/02\/Seilola_Irja_02-scaled-e1612597077956-1538x2048.jpg 1538w, https:\/\/yhdistykset.vihreat.fi\/muuramen.vihreat\/files\/2021\/02\/Seilola_Irja_02-scaled-e1612597077956-1080x1438.jpg 1080w, https:\/\/yhdistykset.vihreat.fi\/muuramen.vihreat\/files\/2021\/02\/Seilola_Irja_02-scaled-e1612597077956.jpg 1923w\" sizes=\"auto, (max-width: 398px) 100vw, 398px\" \/><\/p>\n<p>[\/et_pb_team_member][\/et_pb_column][\/et_pb_row][\/et_pb_section]<\/p>\n","protected":false},"excerpt":{"rendered":"<p>[et_pb_section fb_built=&#8221;1&#8243; _builder_version=&#8221;4.8.1&#8243; _module_preset=&#8221;default&#8221;][et_pb_row _builder_version=&#8221;4.8.1&#8243; _module_preset=&#8221;default&#8221; width=&#8221;100%&#8221;][et_pb_column type=&#8221;4_4&#8243; _builder_version=&#8221;4.8.1&#8243; _module_preset=&#8221;default&#8221;][et_pb_team_member name=&#8221;Irja Seilola&#8221; image_url=&#8221;https:\/\/yhdistykset.vihreat.fi\/muuramen.vihreat\/files\/2021\/02\/Seilola_Irja_01-683&#215;1024.jpg&#8221; _builder_version=&#8221;4.8.2&#8243; _module_preset=&#8221;default&#8221; hover_enabled=&#8221;0&#8243; facebook_url=&#8221;https:\/\/www.facebook.com\/irjaseilola.vihreat.5&#8243; sticky_enabled=&#8221;0&#8243;] Olen luokanopettaja, ty\u00f6valmentaja ja kevytyritt\u00e4j\u00e4 Muuramen Kinkomaalta, jonne muutimme 2011. Olen juurtunut t\u00e4nne ja perheemme on kokenut Muuramen kodikseen jo muutosta l\u00e4htien. Sisimm\u00e4lt\u00e4ni olen opettaja, olen toiminut vuosia erityisluokanopettajana. Vapaa-ajalla olen j\u00e4rjest\u00f6toimija, usein tukemassa lasten harrastuksia tai [&hellip;]<\/p>\n","protected":false},"author":1108,"featured_media":0,"parent":0,"menu_order":0,"comment_status":"closed","ping_status":"closed","template":"","meta":{"_crdt_document":"","footnotes":""},"class_list":["post-26869","page","type-page","status-publish","hentry"],"_links":{"self":[{"href":"https:\/\/yhdistykset.vihreat.fi\/muuramen.vihreat\/wp-json\/wp\/v2\/pages\/26869","targetHints":{"allow":["GET"]}}],"collection":[{"href":"https:\/\/yhdistykset.vihreat.fi\/muuramen.vihreat\/wp-json\/wp\/v2\/pages"}],"about":[{"href":"https:\/\/yhdistykset.vihreat.fi\/muuramen.vihreat\/wp-json\/wp\/v2\/types\/page"}],"author":[{"embeddable":true,"href":"https:\/\/yhdistykset.vihreat.fi\/muuramen.vihreat\/wp-json\/wp\/v2\/users\/1108"}],"replies":[{"embeddable":true,"href":"https:\/\/yhdistykset.vihreat.fi\/muuramen.vihreat\/wp-json\/wp\/v2\/comments?post=26869"}],"version-history":[{"count":7,"href":"https:\/\/yhdistykset.vihreat.fi\/muuramen.vihreat\/wp-json\/wp\/v2\/pages\/26869\/revisions"}],"predecessor-version":[{"id":26882,"href":"https:\/\/yhdistykset.vihreat.fi\/muuramen.vihreat\/wp-json\/wp\/v2\/pages\/26869\/revisions\/26882"}],"wp:attachment":[{"href":"https:\/\/yhdistykset.vihreat.fi\/muuramen.vihreat\/wp-json\/wp\/v2\/media?parent=26869"}],"curies":[{"name":"wp","href":"https:\/\/api.w.org\/{rel}","templated":true}]}}