{"id":26937,"date":"2021-02-24T19:15:29","date_gmt":"2021-02-24T17:15:29","guid":{"rendered":"https:\/\/yhdistykset.vihreat.fi\/muuramen.vihreat\/?page_id=26937"},"modified":"2025-02-14T20:13:17","modified_gmt":"2025-02-14T18:13:17","slug":"valtuustoaloitteet","status":"publish","type":"page","link":"https:\/\/yhdistykset.vihreat.fi\/muuramen.vihreat\/valtuustoaloitteet\/","title":{"rendered":"Muuramen vihreiden valtuustoaloitteet 2008\u2013"},"content":{"rendered":"\n<h3 class=\"wp-block-heading\">Muuramen Vihre\u00e4n valtuustoryhm\u00e4n ja valtuutettujen valtuustoaloitteet<\/h3>\n\n\n\n<h4 class=\"wp-block-heading\">2023<\/h4>\n\n\n\n<p class=\"wp-block-paragraph\"><strong>Nuorisovaltuuston toiminnan kehitt\u00e4minen<\/strong><\/p>\n\n\n\n<p class=\"wp-block-paragraph\">J\u00e4tetty: 16.1.2023<\/p>\n\n\n\n<p class=\"wp-block-paragraph\">&nbsp;<\/p>\n\n\n\n<p class=\"wp-block-paragraph\"><strong>Koulunk\u00e4ynnin ohjaajien ja m\u00e4\u00e4r\u00e4aikaisten opettajien kes\u00e4ajan palkka<\/strong><\/p>\n\n\n\n<p class=\"wp-block-paragraph\">J\u00e4tetty: 13.3.2023<\/p>\n\n\n\n<p class=\"wp-block-paragraph\">&nbsp;<\/p>\n\n\n\n<p class=\"wp-block-paragraph\"><strong>Py\u00f6r\u00e4pys\u00e4k\u00f6innin parantaminen<\/strong><\/p>\n\n\n\n<p class=\"wp-block-paragraph\">J\u00e4tetty: 22.5.2023<\/p>\n\n\n\n<p class=\"wp-block-paragraph\">&nbsp;<\/p>\n\n\n\n<p class=\"wp-block-paragraph\"><strong>Luontokunnat-verkostoon ja Luontoviisaat kunnat -verkostoon liittyminen<\/strong><\/p>\n\n\n\n<p class=\"wp-block-paragraph\">J\u00e4tetty: 29.5.2023<\/p>\n\n\n\n<p class=\"wp-block-paragraph\">&nbsp;<\/p>\n\n\n\n<h4 class=\"wp-block-heading\">2022<\/h4>\n\n\n\n<p class=\"wp-block-paragraph\"><strong>Asuinalueiden luonnon monimuotoisuuden ja vihrealueiden laadun turvaaminen rakennusj\u00e4rjestyksess\u00e4<\/strong><\/p>\n\n\n\n<p class=\"wp-block-paragraph\">J\u00e4tetty: 21.3.2022<\/p>\n\n\n\n<p class=\"wp-block-paragraph\">&nbsp;<\/p>\n\n\n\n<p class=\"wp-block-paragraph\"><strong>Kunnan ty\u00f6ntekij\u00e4iden kest\u00e4vyysosaamisen vahvistaminen<\/strong><\/p>\n\n\n\n<p class=\"wp-block-paragraph\">J\u00e4tetty: 14.11.2022<\/p>\n\n\n\n<p class=\"wp-block-paragraph\">&nbsp;<\/p>\n\n\n\n<h4 class=\"wp-block-heading\">2021<\/h4>\n\n\n\n<p class=\"wp-block-paragraph\"><strong>Muuramen kunnan eettiset ohjeet<\/strong><\/p>\n\n\n\n<p class=\"wp-block-paragraph\">J\u00e4tetty: 24.2.2021<\/p>\n\n\n\n<p class=\"wp-block-paragraph\"><strong>Mit\u00e4 seurasi?<\/strong><\/p>\n\n\n\n<p class=\"wp-block-paragraph\">Uuden valtuustokauden alussa syksyll\u00e4 2021 valmisteltiin ja p\u00e4\u00e4tettiin valtuuston ty\u00f6skentely\u00e4 ohjaava huoneentaulu.<\/p>\n\n\n\n<p class=\"wp-block-paragraph\">&nbsp;<\/p>\n\n\n\n<h4 class=\"wp-block-heading\">2019<\/h4>\n\n\n\n<p class=\"wp-block-paragraph\"><strong>Muuratsalon kest\u00e4v\u00e4n l\u00e4himatkailun edist\u00e4minen Muuramen ja Jyv\u00e4skyl\u00e4n yhteisty\u00f6ll\u00e4<\/strong><\/p>\n\n\n\n<p class=\"wp-block-paragraph\">J\u00e4tetty: 28.1.2019<\/p>\n\n\n\n<p class=\"wp-block-paragraph\">K\u00e4sitelty:<\/p>\n\n\n\n<p class=\"wp-block-paragraph\">P\u00e4\u00e4t\u00f6s:<\/p>\n\n\n\n<p class=\"wp-block-paragraph\">&nbsp;<\/p>\n\n\n\n<p class=\"wp-block-paragraph\"><strong>Visit Muurame -nimen ja verkkosivuston k\u00e4ytt\u00f6\u00f6notto<\/strong><\/p>\n\n\n\n<p class=\"wp-block-paragraph\">J\u00e4tetty: 28.1.2019<\/p>\n\n\n\n<p class=\"wp-block-paragraph\">K\u00e4sitelty: 27.4.2020<\/p>\n\n\n\n<p class=\"wp-block-paragraph\">P\u00e4\u00e4t\u00f6s: \u201dElinvoiman ja kest\u00e4v\u00e4n kasvun lautakunta esitt\u00e4\u00e4, ett\u00e4 yhteisty\u00f6t\u00e4 Visit Jyv\u00e4skyl\u00e4n ja sen j\u00e4senkuntien kanssa vahvistetaan ja kehitet\u00e4\u00e4n edelleen.\u201d Aloite hyl\u00e4tty. Vuoden 2020 loppupuolella Muurame otti aktiiviseen k\u00e4ytt\u00f6\u00f6n Visit Muurame -nimen ja rakensi sen p\u00e4\u00e4lle matkailusivuston.<\/p>\n\n\n\n<p class=\"wp-block-paragraph\"><span style=\"font-size: 15px;\">&nbsp;<\/span><\/p>\n\n\n\n<h4 class=\"wp-block-heading\">2018<\/h4>\n\n\n\n<p class=\"wp-block-paragraph\"><strong>Muuramen kunta mukaan &#8221;Kohti hiilineutraalia kuntaa&#8221; (HINKU) \u2013 hankkeeseen <\/strong><a href=\"https:\/\/yhdistykset.vihreat.fi\/muuramen.vihreat\/files\/2021\/02\/Valtuustoaloite-HINKU.pdf\">(aloiteteksti)<\/a><\/p>\n\n\n\n<p class=\"wp-block-paragraph\">J\u00e4tetty: 12.11.2018<\/p>\n\n\n\n<p class=\"wp-block-paragraph\">K\u00e4sitelty: 26.8.2019<\/p>\n\n\n\n<p class=\"wp-block-paragraph\">P\u00e4\u00e4t\u00f6s: \u201dMuuramen kunta ei ainakaan t\u00e4ss\u00e4 vaiheessa l\u00e4hde mukaan &#8221;Kohti hiilineutraalia kuntaa&#8221; (HINKU) \u2013 hankkeeseen.\u201d<\/p>\n\n\n\n<p class=\"wp-block-paragraph\">\u201dVihreiden valtuustoryhm\u00e4 esitti, ett\u00e4 valtuuston p\u00e4\u00e4t\u00f6kseen lis\u00e4t\u00e4\u00e4n seuraavansis\u00e4lt\u00f6inen toimenpidealoite kunnanhallitukselle: Muuramen kunta selvitt\u00e4\u00e4 HINKU-verkostoon liittymist\u00e4 uudelleen Keski-Suomen liiton ilmastohankkeen loppuvaiheessa vuoden 2020 aikana tapana jatkaa ja kehitt\u00e4\u00e4 ilmastoty\u00f6t\u00e4.<\/p>\n\n\n\n<p class=\"wp-block-paragraph\">Tarkastelun tueksi HINKU-verkoston projektiryhm\u00e4n edustaja kutsutaan esittelem\u00e4\u00e4n HINKUa. Mik\u00e4li kunta ei liity HINKUun, se sitoutuu muulla tavoin riitt\u00e4viin p\u00e4\u00e4st\u00f6v\u00e4hennyksiin, varaa riitt\u00e4v\u00e4t resurssit ilmastotoimiin, sek\u00e4 luo keinot seurata kunnan ilmastotoimia, arvioida niiden tehokkuutta ja raportoida n\u00e4ist\u00e4 s\u00e4\u00e4nn\u00f6llisesti.\u201d Asiasta \u00e4\u00e4nestettiin ja \u201dtoimenpidealoite liitettiin p\u00e4\u00e4t\u00f6kseen \u00e4\u00e4nin 19\u201316\u201d.<\/p>\n\n\n\n<p class=\"wp-block-paragraph\">&nbsp;<\/p>\n\n\n\n<p class=\"wp-block-paragraph\"><strong>Muuramen liittyminen kuntalaisaloite.fi palveluun<\/strong><\/p>\n\n\n\n<p class=\"wp-block-paragraph\">J\u00e4tetty: 28.5.2018<\/p>\n\n\n\n<p class=\"wp-block-paragraph\">K\u00e4sitelty: 25.3.2019<\/p>\n\n\n\n<p class=\"wp-block-paragraph\">P\u00e4\u00e4t\u00f6s: \u201dMik\u00e4li palvelun k\u00e4ytt\u00f6\u00f6notto ei aiheuta lis\u00e4kustannuksia eik\u00e4 sielt\u00e4 kautta tulevien aloitteiden k\u00e4sittely vaadi lis\u00e4resursseja, Muuramen kunta liittyy Kuntalaisaloite.fi palveluun vuoden 2019 aikana.\u201d Muurame on liittynyt palveluun.<\/p>\n\n\n\n<p class=\"wp-block-paragraph\">&nbsp;<\/p>\n\n\n\n<p class=\"wp-block-paragraph\"><strong>Osallistu- ja vaikuta -otsikon ja sis\u00e4ll\u00f6n lis\u00e4\u00e4minen ja kuntalaisaloitesivun palauttaminen Muuramen kunnan nettisivuille<\/strong><\/p>\n\n\n\n<p class=\"wp-block-paragraph\">J\u00e4tetty: 28.5.2018<\/p>\n\n\n\n<p class=\"wp-block-paragraph\">K\u00e4sitelty: 25.3.2019<\/p>\n\n\n\n<p class=\"wp-block-paragraph\">P\u00e4\u00e4t\u00f6s: \u201dosallistu- ja vaikuta-otsikon ja sis\u00e4ll\u00f6n avaamista kunnan nettisivuille selvitet\u00e4\u00e4n ja toteutetaan k\u00e4ytett\u00e4viss\u00e4 olevien resurssien ja prioriteettien puitteissa.\u201d<\/p>\n\n\n\n<p class=\"wp-block-paragraph\">&nbsp;<\/p>\n\n\n\n<p class=\"wp-block-paragraph\"><strong>Muuramen YouTube-kanavan el\u00e4v\u00f6itt\u00e4minen<\/strong><\/p>\n\n\n\n<p class=\"wp-block-paragraph\">J\u00e4tetty: 28.5.2018<\/p>\n\n\n\n<p class=\"wp-block-paragraph\">K\u00e4sitelty: 25.3.2019<\/p>\n\n\n\n<p class=\"wp-block-paragraph\">P\u00e4\u00e4t\u00f6s: \u201dYouTube-kanavan kehitt\u00e4minen on osa s\u00e4hk\u00f6isen toimintaymp\u00e4rist\u00f6n kehitt\u00e4misen kokonaisuutta, jota kunnassa tehd\u00e4\u00e4n. Mik\u00e4li verkkoviestinn\u00e4ss\u00e4 halutaan edet\u00e4 nykyist\u00e4 nopeammin, tulee siihen osoittaa tarvittavat taloudelliset ja henkil\u00f6st\u00f6\u00f6n liittyv\u00e4t resurssit. Uuden tiedottajan kanssa linjataan kunnan n\u00e4kyvyytt\u00e4 sosiaalisessa mediassa\u201d.<\/p>\n\n\n\n<p class=\"wp-block-paragraph\">Aloitteen vastine otti my\u00f6s kantaa laajemmin asiaan \u201dSosiaalinen media ja siell\u00e4 toimiminen on yksi osa kehityskulkua, johon kuntien tulee v\u00e4\u00e4j\u00e4\u00e4m\u00e4tt\u00e4 vastata.\u201d<\/p>\n\n\n\n<p class=\"wp-block-paragraph\">Muuramen viestint\u00e4 on selke\u00e4sti monipuolistunut t\u00e4ll\u00e4 valtuustokaudella ja Youtube-kanavaa on k\u00e4ytetty esimerkiksi \u201dMuurame 100 \u2013 juhlitaan yhdess\u00e4\u201d yhteydess\u00e4.<\/p>\n\n\n\n<p class=\"wp-block-paragraph\">&nbsp;<\/p>\n\n\n\n<p class=\"wp-block-paragraph\"><strong>Selvitys mahdollisuudesta saada tukea Muurame &#8211; S\u00e4yn\u00e4tsalo v\u00e4lisen kevyenliikenteenv\u00e4yl\u00e4n tukemiseen<\/strong><\/p>\n\n\n\n<p class=\"wp-block-paragraph\">J\u00e4tetty: 28.5.2018<\/p>\n\n\n\n<p class=\"wp-block-paragraph\">K\u00e4sitelty: 09.10.2018<\/p>\n\n\n\n<p class=\"wp-block-paragraph\">Aloite esitti: tutkii mahdollisuuksia hakea tukea, on aktiivisesti yhteydess\u00e4 Jyv\u00e4skyl\u00e4\u00e4n yhteisty\u00f6n merkeiss\u00e4.<\/p>\n\n\n\n<p class=\"wp-block-paragraph\">&nbsp;<\/p>\n\n\n\n<p class=\"wp-block-paragraph\"><strong>S\u00e4hk\u00f6avusteisten polkupy\u00f6rien latauspiste Muuramen kunnantalolle<\/strong><\/p>\n\n\n\n<p class=\"wp-block-paragraph\">J\u00e4tetty: 28.5.2018<\/p>\n\n\n\n<p class=\"wp-block-paragraph\">K\u00e4sitelty: 25.3.2019<\/p>\n\n\n\n<p class=\"wp-block-paragraph\">P\u00e4\u00e4t\u00f6s: \u201ds\u00e4hk\u00f6avusteisten polkupy\u00f6rien lataukseen soveltuvan latauspaikan mahdollisuus selvitet\u00e4\u00e4n mahdollisen s\u00e4hk\u00f6autojen latausaseman hankinnan yhteydess\u00e4.\u201d<\/p>\n\n\n\n<p class=\"wp-block-paragraph\">&nbsp;<\/p>\n\n\n\n<p class=\"wp-block-paragraph\"><strong>Uusitaan Muuramen vesihuollon kehitt\u00e4missuunnitelma<\/strong><\/p>\n\n\n\n<p class=\"wp-block-paragraph\">J\u00e4tetty: 28.5.2018<\/p>\n\n\n\n<p class=\"wp-block-paragraph\">K\u00e4sitelty: 25.3.2019<\/p>\n\n\n\n<p class=\"wp-block-paragraph\">P\u00e4\u00e4t\u00f6s: \u201dPohjavesialueiden suojelusuunnitelmien laatiminen on k\u00e4ynnistetty maaliskuussa 2019. Laajempi kehitt\u00e4missuunnitelma laaditaan resurssien salliessa.\u201d<\/p>\n\n\n\n<p class=\"wp-block-paragraph\">&nbsp;<\/p>\n\n\n\n<p class=\"wp-block-paragraph\"><strong>Ostetaan Muuramen kunnalle Kinkomaan vedenottamon l\u00e4hialue<\/strong><\/p>\n\n\n\n<p class=\"wp-block-paragraph\">J\u00e4tetty: 28.5.2018<\/p>\n\n\n\n<p class=\"wp-block-paragraph\">K\u00e4sitelty: 25.3.2019<\/p>\n\n\n\n<p class=\"wp-block-paragraph\">P\u00e4\u00e4t\u00f6s: \u201dKinkomaan Vitapoliksen alueella on vireill\u00e4 asemakaavamuutos, jossa tullaan huomioimaan Kinkomaan vedenottamon alue. Tavoitteena on saada alue kunnan omistukseen.\u201d<\/p>\n\n\n\n<p class=\"wp-block-paragraph\">&nbsp;<\/p>\n\n\n\n<p class=\"wp-block-paragraph\"><strong>Vuoden py\u00f6r\u00e4ilykunnan valinnan kriteerien hy\u00f6dynt\u00e4minen Muuramessa<\/strong><\/p>\n\n\n\n<p class=\"wp-block-paragraph\">J\u00e4tetty: 28.5.2018<\/p>\n\n\n\n<p class=\"wp-block-paragraph\">K\u00e4sitelty: 27.5.2019<\/p>\n\n\n\n<p class=\"wp-block-paragraph\">P\u00e4\u00e4t\u00f6s: \u201dKunnanhallitus esitt\u00e4\u00e4 valtuustolle, ett\u00e4 kunta jatkaa kuntastrategian mukaisesti liikunnan ja hyvinvoinnin laajamittaista edist\u00e4mist\u00e4. Py\u00f6r\u00e4ilyn edist\u00e4misty\u00f6ss\u00e4 huomioidaan soveltuvin osin py\u00f6r\u00e4ilykuntakriteerit. Lausunnosta muutettiin viimeist\u00e4 lausetta keskustelun j\u00e4lkeen muotoon \u201dPy\u00f6r\u00e4ilyn edist\u00e4misty\u00f6ss\u00e4 huomioidaan py\u00f6r\u00e4ilykuntakriteerit\u201d\u201d.<\/p>\n\n\n\n<p class=\"wp-block-paragraph\">&nbsp;<\/p>\n\n\n\n<p class=\"wp-block-paragraph\"><strong>Avohakkuuttomasta mets\u00e4nhoidosta Muuramessa<\/strong> <a href=\"https:\/\/yhdistykset.vihreat.fi\/muuramen.vihreat\/files\/2021\/02\/Valtuustoaloite-avohakkuuttomasta-metsanhoidosta-Muuramessa-2018.pdf\">(aloiteteksti)<\/a><\/p>\n\n\n\n<p class=\"wp-block-paragraph\">J\u00e4tetty: 28.5.2018<\/p>\n\n\n\n<p class=\"wp-block-paragraph\">K\u00e4sitelty: 28.1.2019<\/p>\n\n\n\n<p class=\"wp-block-paragraph\">P\u00e4\u00e4t\u00f6s: Hyv\u00e4ksytty toimenpidealoite \u201dKunta selvitt\u00e4\u00e4 monimuotoisuuden kannalta t\u00e4rkeimm\u00e4t talousmets\u00e4alueensa sek\u00e4 selvitt\u00e4\u00e4 niiden kohdalla avohakkuista luopumisen resurssivaatimukset\u201d.<\/p>\n\n\n\n<p class=\"wp-block-paragraph\">&nbsp;<\/p>\n\n\n\n<p class=\"wp-block-paragraph\"><strong>Kinkomaan ja Muuramen pohjavesialueiden suojelusuunnitelma<\/strong><\/p>\n\n\n\n<p class=\"wp-block-paragraph\">J\u00e4tetty: 29.1.2018<\/p>\n\n\n\n<p class=\"wp-block-paragraph\">K\u00e4sitelty: 25.3.2019<\/p>\n\n\n\n<p class=\"wp-block-paragraph\">P\u00e4\u00e4t\u00f6s: \u201dKinkomaan ja Muuramen pohjavesien suojelusuunnitelman laatiminen on aloitettu maaliskuussa 2019.\u201d<\/p>\n\n\n\n<p class=\"wp-block-paragraph\">&nbsp;<\/p>\n\n\n\n<p class=\"wp-block-paragraph\">&nbsp;<\/p>\n\n\n\n<h4 class=\"wp-block-heading\">2017<\/h4>\n\n\n\n<p class=\"wp-block-paragraph\"><strong style=\"font-size: 15px;\">Liittyminen py\u00f6r\u00e4ilykuntien verkostoon<\/strong><\/p>\n\n\n\n<p class=\"wp-block-paragraph\">J\u00e4tetty: 15.11.2017<\/p>\n\n\n\n<p class=\"wp-block-paragraph\">K\u00e4sitelty: 27.5.2019<\/p>\n\n\n\n<p class=\"wp-block-paragraph\">P\u00e4\u00e4t\u00f6s: \u201dKunnanhallitus esitt\u00e4\u00e4 valtuustolle vastaukseksi, ettei Muuramen kunta t\u00e4ss\u00e4 vaiheessa n\u00e4e tarkoituksenmukaisena Py\u00f6r\u00e4ilykuntien verkosto ry:n j\u00e4seneksi liittymist\u00e4.\u201d<\/p>\n\n\n\n<p class=\"wp-block-paragraph\">&nbsp;<\/p>\n\n\n\n<h4 class=\"wp-block-heading\">2016<\/h4>\n\n\n\n<p class=\"wp-block-paragraph\"><strong>Kest\u00e4v\u00e4n kasvun ja hyvinvoinnin indeksi Muuramen kunnalle<\/strong><\/p>\n\n\n\n<p class=\"wp-block-paragraph\">J\u00e4tetty: 14.11.2016<\/p>\n\n\n\n<p class=\"wp-block-paragraph\">K\u00e4sitelty: 24.4.2017<\/p>\n\n\n\n<p class=\"wp-block-paragraph\">P\u00e4\u00e4t\u00f6s: \u201dKunnan toiminnan mittaristoa uudistetaan syksyll\u00e4 2017 talous- ja toimintasuunnittelun yhteydess\u00e4. Lis\u00e4ksi mittareiden k\u00e4ytt\u00f6\u00e4 tarkastellaan s\u00e4hk\u00f6isen hyvinvointikertomuksen laadinnan yhteydess\u00e4 tulevalla valtuustokaudella.\u201d<\/p>\n\n\n\n<p class=\"wp-block-paragraph\">&nbsp;<\/p>\n\n\n\n<p class=\"wp-block-paragraph\"><strong>Muuramen kunnasta reilun kaupan kunta<\/strong><\/p>\n\n\n\n<p class=\"wp-block-paragraph\">J\u00e4tetty: 23.5.2016<\/p>\n\n\n\n<p class=\"wp-block-paragraph\">K\u00e4sitelty 24.4.2017<\/p>\n\n\n\n<p class=\"wp-block-paragraph\">P\u00e4\u00e4t\u00f6s: \u201dkunta ei ainakaan t\u00e4ss\u00e4 vaiheessa l\u00e4hde hakemaan reilun kaupan kunnan statusta.\u201d<\/p>\n\n\n\n<p class=\"wp-block-paragraph\">&nbsp;<\/p>\n\n\n\n<h4 class=\"wp-block-heading\">2012<\/h4>\n\n\n\n<p class=\"wp-block-paragraph\"><strong>Aloite py\u00f6r\u00e4ilyn edist\u00e4misest\u00e4 Muuramessa<\/strong><\/p>\n\n\n\n<p class=\"wp-block-paragraph\">Allekirjoittajia tuli monesta muustakin ryhm\u00e4st\u00e4. Aloite esitteli monia toimia py\u00f6r\u00e4ilyn lis\u00e4\u00e4miseksi: kevytv\u00e4yl\u00e4t tulee suunnitella nopeakulkuisiksi, niiden tulisi olla lyhyempi\u00e4 kuin autoreittien (silloin kun t\u00e4m\u00e4 on j\u00e4rkev\u00e4sti toteutettavissa), ja talvella kevytv\u00e4ylien kunnossapitoa on tehostettava).<\/p>\n\n\n\n<p class=\"wp-block-paragraph\">&nbsp;<\/p>\n\n\n\n<h4 class=\"wp-block-heading\">2010<\/h4>\n\n\n\n<p class=\"wp-block-paragraph\"><strong>Reilun kaupan kahvin ja teen tarjoamisesta kunnan tilaisuuksissa<\/strong><\/p>\n\n\n\n<p class=\"wp-block-paragraph\">&nbsp;<\/p>\n\n\n\n<p class=\"wp-block-paragraph\">&nbsp;<\/p>\n\n\n\n<h4 class=\"wp-block-heading\">2009<\/h4>\n\n\n\n<p class=\"wp-block-paragraph\"><strong>Aloite kuntien energiaohjelmaan liittymisest\u00e4<\/strong><\/p>\n\n\n\n<p class=\"wp-block-paragraph\"><strong>Aloite kunnan bussipys\u00e4kkien informatiivisuuden parantamisesta kunnan ty\u00f6pajatoimintana<\/strong><\/p>\n\n\n\n<p class=\"wp-block-paragraph\">&nbsp;<\/p>\n\n\n\n<p class=\"wp-block-paragraph\">T\u00e4m\u00e4n lis\u00e4ksi Vihre\u00e4t valtuutetut\/Vihre\u00e4 valtuustoryhm\u00e4 on tukenut lukuisia aloitteita allekirjoittamalla ne vuosien varrella.<\/p>\n\n\n\n<p class=\"wp-block-paragraph\">&nbsp;<\/p>\n\n\n\n<h4 class=\"wp-block-heading\">kyselytuntikysymykset<\/h4>\n\n\n\n<p class=\"wp-block-paragraph\">Kunnan hallintos\u00e4\u00e4nt\u00f6 antaa valtuutetuille mahdollisuuden esitt\u00e4\u00e4 \u201dlyhyit\u00e4 enint\u00e4\u00e4n 2 minuutin pituisia kysymyksi\u00e4 kunnan hallintoa ja taloutta koskevista asioista, joihin saadaan vastaus valtuustossa\u201d.<\/p>\n\n\n\n<p class=\"wp-block-paragraph\">Kysymyksi\u00e4 on tehty seuraavasti:<\/p>\n\n\n\n<p class=\"wp-block-paragraph\"><strong>&nbsp;<\/strong><strong>2019<\/strong><\/p>\n\n\n\n<p class=\"wp-block-paragraph\">Esitetty pyynt\u00f6 saada vieraaksi Riihivuoren yritt\u00e4j\u00e4 kertomaan Riihivuoren kuulumisia (Luka)<\/p>\n\n\n\n<p class=\"wp-block-paragraph\">Kunnanjohtajan katsaus MAL-tilanne (Luka)<\/p>\n\n\n\n<p class=\"wp-block-paragraph\">H\u00e4iri\u00f6tilanne Kinkomaan vesiverkossa (Luka)<\/p>\n\n\n\n<p class=\"wp-block-paragraph\">Voidaanko Muurame-hengen m\u00e4\u00e4ritelm\u00e4 palauttaa takaisin Muuramen sivuille (Luka)<\/p>\n\n\n\n<p class=\"wp-block-paragraph\"><strong>2018 <\/strong><\/p>\n\n\n\n<p class=\"wp-block-paragraph\">Osallistuminen Muuramen markkinoille tulevina vuosina (Luka)<\/p>\n\n\n\n<p class=\"wp-block-paragraph\">J\u00e4rjest\u00f6yhteisty\u00f6, voidaanko kuntaan saada j\u00e4rjest\u00f6yhdyshenkil\u00f6, yhteisi\u00e4 tapaamisia (Luka)<\/p>\n\n\n\n<p class=\"wp-block-paragraph\">Frisbeegolf (miten turvataan frisbeegolfin harrastamisen jatkuminen) (Luka)<\/p>\n\n\n\n<p class=\"wp-block-paragraph\">Riihivuori (kustannukset ja tuotot) (Luka) x 2<\/p>\n\n\n\n<p class=\"wp-block-paragraph\">Vitapolis (vetoomus luontoarvojen s\u00e4ilytt\u00e4misen puolesta) (Luka)<\/p>\n\n\n\n<p class=\"wp-block-paragraph\">Kunnan ty\u00f6ntekij\u00f6iden sis\u00e4iset aloitteet (Luka)<\/p>\n\n\n\n<p class=\"wp-block-paragraph\"><strong>2017<\/strong><\/p>\n\n\n\n<p class=\"wp-block-paragraph\">Valtuutettujen kokousj\u00e4rjestelm\u00e4n siirtyminen s\u00e4hk\u00f6iseksi, kustannushy\u00f6dyt mill\u00e4 aikaj\u00e4nteell\u00e4 (Luka)<\/p>\n\n\n\n<p class=\"wp-block-paragraph\">Suomifi palvelu mit\u00e4 palveluja saatavilla ja milloin, kysytt\u00e4ess\u00e4 Muuramessa 1 (Luka)<\/p>\n\n\n\n<p class=\"wp-block-paragraph\">&nbsp;<\/p>\n\n\n\n<p class=\"wp-block-paragraph\">&nbsp;<\/p>\n\n\n\n<h3 class=\"wp-block-heading\">kuntalaisaloitteet<\/h3>\n\n\n\n<p class=\"wp-block-paragraph\"><span style=\"font-size: 15px;\">Kuntalaisaloitteita, Luka Lindqvist<\/span><\/p>\n\n\n\n<p class=\"wp-block-paragraph\">J\u00e4tetty: 2016<\/p>\n\n\n\n<p class=\"wp-block-paragraph\">K\u00e4sitelty: 24.4.2017<\/p>\n\n\n\n<p class=\"wp-block-paragraph\">P\u00e4\u00e4t\u00f6s: \u201dTehdyt kuntalaisaloitteet on k\u00e4sitelty toimivaltaisissa viranomaisissa.\u201d<\/p>\n\n\n\n<p class=\"wp-block-paragraph\">&nbsp;<\/p>\n\n\n\n<p class=\"wp-block-paragraph\">Paikallisliikenteen linja-autoihin gps-paikannin ja tieto nettiin sovelluksen k\u00e4ytt\u00f6\u00f6n,<\/p>\n\n\n\n<p class=\"wp-block-paragraph\">Wifi-yhteys paikallisliikenteen linja-autoihin,<\/p>\n\n\n\n<p class=\"wp-block-paragraph\">Py\u00f6r\u00e4parkki 2 x ja opastetaulu Kinkomaantien Parantolantien risteyksen linja-autopys\u00e4keille,<\/p>\n\n\n\n<p class=\"wp-block-paragraph\">Paikallisliikenteen linja-autopys\u00e4kkien siistiminen\/korjaaminen ja vaihtaminen,<\/p>\n\n\n\n<p class=\"wp-block-paragraph\">Paikallisliikenteen linja 16 palauttaminen k\u00e4ym\u00e4\u00e4n Kinkomaan sairaalalla (Vitapolis),<\/p>\n\n\n\n<p class=\"wp-block-paragraph\">Paikallisliikenteen linja 21 palauttaminen k\u00e4ym\u00e4\u00e4n Kinkomaan sairaalalla (Vitapolis),<\/p>\n\n\n\n<p class=\"wp-block-paragraph\">Kinkovuorentien (6090) ja Muuramentien risteykseen tulisi rakentaa liikenneympyr\u00e4,<\/p>\n\n\n\n<p class=\"wp-block-paragraph\">Kinkovuorentielle (6090) tulisi rakentaa kevyen liikenteen v\u00e4yl\u00e4,<\/p>\n\n\n\n<p class=\"wp-block-paragraph\">Kirjasto takaisin Kinkomaalle,<\/p>\n\n\n\n<p class=\"wp-block-paragraph\">Kuntalaisaloite fi -palvelun k\u00e4ytt\u00f6\u00f6notosta<\/p>\n\n\n\n<p class=\"wp-block-paragraph\">&nbsp;<\/p>\n\n\n\n<p class=\"wp-block-paragraph\">kuntalaisaloite fi -palvelun k\u00e4ytt\u00f6\u00f6notto, kuntalaisaloite Luka Lindqvist<\/p>\n\n\n\n<p class=\"wp-block-paragraph\">J\u00e4tetty: 2016<\/p>\n\n\n\n<p class=\"wp-block-paragraph\">K\u00e4sitelty: 27.3.17<\/p>\n\n\n\n<p class=\"wp-block-paragraph\">P\u00e4\u00e4t\u00f6s: \u201dei oteta t\u00e4ss\u00e4 vaiheessa k\u00e4ytt\u00f6\u00f6n\u201d<\/p>\n\n\n\n<p class=\"wp-block-paragraph\">&nbsp;<\/p>\n\n\n\n<p class=\"wp-block-paragraph\">Kirjasto takaisin Kinkomaalle, kuntalaisaloite Luka Lindqvist<\/p>\n\n\n\n<p class=\"wp-block-paragraph\">J\u00e4tetty: 2016<\/p>\n\n\n\n<p class=\"wp-block-paragraph\">K\u00e4sitelty: 27.3.17<\/p>\n\n\n\n<p class=\"wp-block-paragraph\">P\u00e4\u00e4t\u00f6s: \u201dKinkomaan sivukirjastolle on vahvat perusteet, joten tarkempi valmistelu talousarviovaraukseen ja k\u00e4yt\u00e4nn\u00f6n toteuttamiseen on tarkoituksenmukaista aloittaa tilakysymysten ratkettua.\u201d<\/p>\n\n\n\n<p class=\"wp-block-paragraph\">&nbsp;<\/p>\n","protected":false},"excerpt":{"rendered":"<p>Muuramen Vihre\u00e4n valtuustoryhm\u00e4n ja valtuutettujen valtuustoaloitteet 2023 Nuorisovaltuuston toiminnan kehitt\u00e4minen J\u00e4tetty: 16.1.2023 &nbsp; Koulunk\u00e4ynnin ohjaajien ja m\u00e4\u00e4r\u00e4aikaisten opettajien kes\u00e4ajan palkka J\u00e4tetty: 13.3.2023 &nbsp; Py\u00f6r\u00e4pys\u00e4k\u00f6innin parantaminen J\u00e4tetty: 22.5.2023 &nbsp; Luontokunnat-verkostoon ja Luontoviisaat kunnat -verkostoon liittyminen J\u00e4tetty: 29.5.2023 &nbsp; 2022 Asuinalueiden luonnon monimuotoisuuden ja vihrealueiden laadun turvaaminen rakennusj\u00e4rjestyksess\u00e4 J\u00e4tetty: 21.3.2022 &nbsp; Kunnan ty\u00f6ntekij\u00e4iden kest\u00e4vyysosaamisen vahvistaminen J\u00e4tetty: 14.11.2022 [&hellip;]<\/p>\n","protected":false},"author":1108,"featured_media":0,"parent":0,"menu_order":0,"comment_status":"closed","ping_status":"closed","template":"","meta":{"_crdt_document":"","footnotes":""},"class_list":["post-26937","page","type-page","status-publish","hentry"],"_links":{"self":[{"href":"https:\/\/yhdistykset.vihreat.fi\/muuramen.vihreat\/wp-json\/wp\/v2\/pages\/26937","targetHints":{"allow":["GET"]}}],"collection":[{"href":"https:\/\/yhdistykset.vihreat.fi\/muuramen.vihreat\/wp-json\/wp\/v2\/pages"}],"about":[{"href":"https:\/\/yhdistykset.vihreat.fi\/muuramen.vihreat\/wp-json\/wp\/v2\/types\/page"}],"author":[{"embeddable":true,"href":"https:\/\/yhdistykset.vihreat.fi\/muuramen.vihreat\/wp-json\/wp\/v2\/users\/1108"}],"replies":[{"embeddable":true,"href":"https:\/\/yhdistykset.vihreat.fi\/muuramen.vihreat\/wp-json\/wp\/v2\/comments?post=26937"}],"version-history":[{"count":23,"href":"https:\/\/yhdistykset.vihreat.fi\/muuramen.vihreat\/wp-json\/wp\/v2\/pages\/26937\/revisions"}],"predecessor-version":[{"id":27695,"href":"https:\/\/yhdistykset.vihreat.fi\/muuramen.vihreat\/wp-json\/wp\/v2\/pages\/26937\/revisions\/27695"}],"wp:attachment":[{"href":"https:\/\/yhdistykset.vihreat.fi\/muuramen.vihreat\/wp-json\/wp\/v2\/media?parent=26937"}],"curies":[{"name":"wp","href":"https:\/\/api.w.org\/{rel}","templated":true}]}}