{"id":26956,"date":"2021-02-25T08:14:03","date_gmt":"2021-02-25T06:14:03","guid":{"rendered":"https:\/\/yhdistykset.vihreat.fi\/muuramen.vihreat\/?page_id=26956"},"modified":"2021-02-25T08:31:15","modified_gmt":"2021-02-25T06:31:15","slug":"vaaliohjelma2021","status":"publish","type":"page","link":"https:\/\/yhdistykset.vihreat.fi\/muuramen.vihreat\/vaaliohjelma2021\/","title":{"rendered":"Muuramen vihreiden vaaliohjelma 2021"},"content":{"rendered":"<p>[et_pb_section fb_built=&#8221;1&#8243; _builder_version=&#8221;4.9.0&#8243; _module_preset=&#8221;default&#8221;][et_pb_row _builder_version=&#8221;4.9.0&#8243; _module_preset=&#8221;default&#8221;][et_pb_column type=&#8221;4_4&#8243; _builder_version=&#8221;4.9.0&#8243; _module_preset=&#8221;default&#8221;][et_pb_text admin_label=&#8221;Vaaliohjelman otsikot&#8221; _builder_version=&#8221;4.9.0&#8243; _module_preset=&#8221;default&#8221; text_orientation=&#8221;center&#8221;]<\/p>\n<h1>Vaaliohjelma 2021<\/h1>\n<h3>Vihre\u00e4 Muurame on vastuullinen, vire\u00e4 ja viihtyis\u00e4<\/h3>\n<p>[\/et_pb_text][\/et_pb_column][\/et_pb_row][et_pb_row column_structure=&#8221;1_3,1_3,1_3&#8243; _builder_version=&#8221;4.9.0&#8243; _module_preset=&#8221;default&#8221;][et_pb_column type=&#8221;1_3&#8243; _builder_version=&#8221;4.9.0&#8243; _module_preset=&#8221;default&#8221;][et_pb_team_member image_url=&#8221;https:\/\/yhdistykset.vihreat.fi\/muuramen.vihreat\/files\/2021\/02\/kunnantalo.png&#8221; admin_label=&#8221;tasa-arvo&#8221; _builder_version=&#8221;4.9.0&#8243; _module_preset=&#8221;default&#8221; border_radii_image=&#8221;off||||&#8221;]<\/p>\n<h2 style=\"text-align: center;\">Tasa-arvoisessa Muuramessa on kaikkien hyv\u00e4 el\u00e4\u00e4<\/h2>\n<ul>\n<li>Taataan palveluiden saavutettavuus ja esteett\u00f6myys, tarvittiinpa l\u00e4\u00e4k\u00e4ri\u00e4 tai kirjastoa. Neuvontaa ja apua tarjotaan paikan p\u00e4\u00e4ll\u00e4, puhelimitse ja digitaalisesti niin, ett\u00e4 kaikille turvataan hyv\u00e4 ja luonteva vaihtoehto asioida.<\/li>\n<li>Turvataan hyv\u00e4n julkisen terveydenhuollon s\u00e4ilyminen Muuramessa.<\/li>\n<li>Tarjotaan hyvi\u00e4 asumismuotoja eri el\u00e4m\u00e4ntilanteisiin ja perhemuotoihin.<\/li>\n<li>Tehd\u00e4\u00e4n kunnan tiedotuksesta saavutettavaa kaikille.<\/li>\n<\/ul>\n<p>[\/et_pb_team_member][\/et_pb_column][et_pb_column type=&#8221;1_3&#8243; _builder_version=&#8221;4.9.0&#8243; _module_preset=&#8221;default&#8221;][et_pb_team_member image_url=&#8221;https:\/\/yhdistykset.vihreat.fi\/muuramen.vihreat\/files\/2021\/02\/29493684-students-doing-practice-in-the-electronic-classroom.jpg&#8221; admin_label=&#8221;yritt\u00e4jyys&#8221; _builder_version=&#8221;4.9.0&#8243; _module_preset=&#8221;default&#8221; border_radii_image=&#8221;off||||&#8221;]<\/p>\n<h2 style=\"text-align: center;\">Kest\u00e4v\u00e4 yritt\u00e4jyys on Muuramen valtti<\/h2>\n<ul>\n<li>Rakennetaan Muuramesta kest\u00e4v\u00e4n yritt\u00e4jyyden kunta tukemalla yritysten energia- ja materiaalitehokkuutta ja kiertotaloutta.<\/li>\n<li>Tehd\u00e4\u00e4n resurssiviisasta elinkeinopolitiikkaa ja luodaan houkuttelevia mahdollisuuksia korkean jalostusasteen ja asiantuntijuuden yrityksille.\u00a0<\/li>\n<li>Jatketaan lukiossa tulevaisuuden muuramelaisten yritt\u00e4jien kouluttamista kest\u00e4v\u00e4\u00e4 kehityst\u00e4 ja yritt\u00e4jyytt\u00e4 painottavalla opintopolulla.<\/li>\n<li>Sis\u00e4llytet\u00e4\u00e4n kest\u00e4vyysn\u00e4k\u00f6kulma kunnan elinkeinopolitiikkaan l\u00e4pileikkaavana teemana.<\/li>\n<\/ul>\n<p>[\/et_pb_team_member][\/et_pb_column][et_pb_column type=&#8221;1_3&#8243; _builder_version=&#8221;4.9.0&#8243; _module_preset=&#8221;default&#8221;][et_pb_team_member image_url=&#8221;https:\/\/yhdistykset.vihreat.fi\/muuramen.vihreat\/files\/2021\/02\/33552262-road-sign-for-bikes-and-pedestrians-blue-round-traffic.jpg&#8221; admin_label=&#8221;hiili&#8221; _builder_version=&#8221;4.9.0&#8243; _module_preset=&#8221;default&#8221;]<\/p>\n<h2 style=\"text-align: center;\">Hiilineutraali ja monimuotoinen Muurame<\/h2>\n<ul>\n<li>T\u00e4hd\u00e4t\u00e4\u00e4n Muuramessa hiilineutraaliuteen 2035.<\/li>\n<li>Kaavoitetaan kest\u00e4v\u00e4sti ja otetaan luontoarvot huomioon maank\u00e4yt\u00f6ss\u00e4.<\/li>\n<li>Otetaan kaavoituksessa k\u00e4ytt\u00f6\u00f6n kokonaisheikentym\u00e4tt\u00f6myyden periaate: uusi kaavoitus ei saa heikent\u00e4\u00e4 luontoarvoja kokonaisuudessaan vaan haitat on kompensoitava muualla.<\/li>\n<\/ul>\n<p>[\/et_pb_team_member][\/et_pb_column][\/et_pb_row][et_pb_row column_structure=&#8221;1_3,1_3,1_3&#8243; _builder_version=&#8221;4.9.0&#8243; _module_preset=&#8221;default&#8221;][et_pb_column type=&#8221;1_3&#8243; _builder_version=&#8221;4.9.0&#8243; _module_preset=&#8221;default&#8221;][et_pb_team_member image_url=&#8221;https:\/\/yhdistykset.vihreat.fi\/muuramen.vihreat\/files\/2021\/02\/36608848-covid-19-washing-hands-with-soap-under-the-faucet-with.jpg&#8221; admin_label=&#8221;terveys&#8221; _builder_version=&#8221;4.9.0&#8243; _module_preset=&#8221;default&#8221; border_radii_image=&#8221;off||||&#8221;]<\/p>\n<h2 style=\"text-align: center;\">Ennaltaehk\u00e4isy on hyv\u00e4\u00e4 terveyspolitiikkaa<\/h2>\n<ul>\n<li>Panostetaan matalan kynnyksen apuun ja palveluihin, joilla tuetaan esimerkiksi perheiden jaksamista.<\/li>\n<li>Tuetaan erityisesti nuorten ja ik\u00e4ihmisten aktiivisuutta ja osallistumista.<\/li>\n<li>Pidet\u00e4\u00e4n huolta matalan kynnyksen harrastusmahdollisuuksista lapsille ja nuorille huomioiden kaikki tasa-arvoisesti.<\/li>\n<\/ul>\n<p>[\/et_pb_team_member][\/et_pb_column][et_pb_column type=&#8221;1_3&#8243; _builder_version=&#8221;4.9.0&#8243; _module_preset=&#8221;default&#8221;][et_pb_team_member image_url=&#8221;https:\/\/yhdistykset.vihreat.fi\/muuramen.vihreat\/files\/2021\/02\/10580913-group-of-school-kids-with-soda-cans-in-corridor.jpg&#8221; admin_label=&#8221;lapset&#8221; _builder_version=&#8221;4.9.0&#8243; _module_preset=&#8221;default&#8221; border_radii_image=&#8221;off||||&#8221;]<\/p>\n<h2 style=\"text-align: center;\">Tarjotaan lapsille ja nuorille polku hyv\u00e4\u00e4n el\u00e4m\u00e4\u00e4n<\/h2>\n<ul>\n<li>Pidet\u00e4\u00e4n ryhm\u00e4koot maltillisina varhaiskasvatuksesta lukioon.<\/li>\n<li>Varmistetaan riitt\u00e4v\u00e4 oppilashuollon henkil\u00f6kunta.<\/li>\n<li>Tarjotaan mahdollisuus oppimisen tukeen matalalla kynnyksell\u00e4. Ongelmiin puututaan ajoissa ja ennaltaehk\u00e4isev\u00e4ll\u00e4 otteella. <\/li>\n<\/ul>\n<p>[\/et_pb_team_member][\/et_pb_column][et_pb_column type=&#8221;1_3&#8243; _builder_version=&#8221;4.9.0&#8243; _module_preset=&#8221;default&#8221;][et_pb_team_member image_url=&#8221;https:\/\/yhdistykset.vihreat.fi\/muuramen.vihreat\/files\/2021\/02\/3241443-forest-trail.jpg&#8221; admin_label=&#8221;l\u00e4hiluonto&#8221; _builder_version=&#8221;4.9.0&#8243; _module_preset=&#8221;default&#8221; border_radii_image=&#8221;off||||&#8221;]<\/p>\n<h2 style=\"text-align: center;\">L\u00e4hiluonnosta elinvoimaa ja hyvinvointia<\/h2>\n<ul>\n<li>Kehitet\u00e4\u00e4n laaja ja monipuolinen ulkoilualueiden verkosto, joka mahdollistaa monenlaisen luontoliikunnan.<\/li>\n<li>Tunnustetaan l\u00e4hiluonnon arvot ja merkitys luonnon monimuotoisuudelle.<\/li>\n<li>Turvataan mahdollisuudet luontokokemuksiin my\u00f6s ilman autoa.<\/li>\n<li>Luonnossa liikkumisen ja luontokokemusten terveys- ja hyvinvointivaikutukset tunnustetaan ja otetaan huomioon entist\u00e4 paremmin.<\/li>\n<\/ul>\n<p>[\/et_pb_team_member][\/et_pb_column][\/et_pb_row][et_pb_row _builder_version=&#8221;4.9.0&#8243; _module_preset=&#8221;default&#8221;][et_pb_column type=&#8221;4_4&#8243; _builder_version=&#8221;4.9.0&#8243; _module_preset=&#8221;default&#8221;][et_pb_text admin_label=&#8221;jakopainikkeet&#8221; _builder_version=&#8221;4.9.0&#8243; _module_preset=&#8221;default&#8221;][addthis tool=&#8221;addthis_inline_share_toolbox_cjff&#8221;][\/et_pb_text][\/et_pb_column][\/et_pb_row][\/et_pb_section]<\/p>\n","protected":false},"excerpt":{"rendered":"<p>[et_pb_section fb_built=&#8221;1&#8243; _builder_version=&#8221;4.9.0&#8243; _module_preset=&#8221;default&#8221;][et_pb_row _builder_version=&#8221;4.9.0&#8243; _module_preset=&#8221;default&#8221;][et_pb_column type=&#8221;4_4&#8243; _builder_version=&#8221;4.9.0&#8243; _module_preset=&#8221;default&#8221;][et_pb_text admin_label=&#8221;Vaaliohjelman otsikot&#8221; _builder_version=&#8221;4.9.0&#8243; _module_preset=&#8221;default&#8221; text_orientation=&#8221;center&#8221;] Vaaliohjelma 2021 Vihre\u00e4 Muurame on vastuullinen, vire\u00e4 ja viihtyis\u00e4 [\/et_pb_text][\/et_pb_column][\/et_pb_row][et_pb_row column_structure=&#8221;1_3,1_3,1_3&#8243; _builder_version=&#8221;4.9.0&#8243; _module_preset=&#8221;default&#8221;][et_pb_column type=&#8221;1_3&#8243; _builder_version=&#8221;4.9.0&#8243; _module_preset=&#8221;default&#8221;][et_pb_team_member image_url=&#8221;https:\/\/yhdistykset.vihreat.fi\/muuramen.vihreat\/files\/2021\/02\/kunnantalo.png&#8221; admin_label=&#8221;tasa-arvo&#8221; _builder_version=&#8221;4.9.0&#8243; _module_preset=&#8221;default&#8221; border_radii_image=&#8221;off||||&#8221;] Tasa-arvoisessa Muuramessa on kaikkien hyv\u00e4 el\u00e4\u00e4 Taataan palveluiden saavutettavuus ja esteett\u00f6myys, tarvittiinpa l\u00e4\u00e4k\u00e4ri\u00e4 tai kirjastoa. Neuvontaa ja apua tarjotaan paikan [&hellip;]<\/p>\n","protected":false},"author":1108,"featured_media":0,"parent":0,"menu_order":0,"comment_status":"closed","ping_status":"closed","template":"","meta":{"_crdt_document":"","footnotes":""},"class_list":["post-26956","page","type-page","status-publish","hentry"],"_links":{"self":[{"href":"https:\/\/yhdistykset.vihreat.fi\/muuramen.vihreat\/wp-json\/wp\/v2\/pages\/26956","targetHints":{"allow":["GET"]}}],"collection":[{"href":"https:\/\/yhdistykset.vihreat.fi\/muuramen.vihreat\/wp-json\/wp\/v2\/pages"}],"about":[{"href":"https:\/\/yhdistykset.vihreat.fi\/muuramen.vihreat\/wp-json\/wp\/v2\/types\/page"}],"author":[{"embeddable":true,"href":"https:\/\/yhdistykset.vihreat.fi\/muuramen.vihreat\/wp-json\/wp\/v2\/users\/1108"}],"replies":[{"embeddable":true,"href":"https:\/\/yhdistykset.vihreat.fi\/muuramen.vihreat\/wp-json\/wp\/v2\/comments?post=26956"}],"version-history":[{"count":24,"href":"https:\/\/yhdistykset.vihreat.fi\/muuramen.vihreat\/wp-json\/wp\/v2\/pages\/26956\/revisions"}],"predecessor-version":[{"id":26998,"href":"https:\/\/yhdistykset.vihreat.fi\/muuramen.vihreat\/wp-json\/wp\/v2\/pages\/26956\/revisions\/26998"}],"wp:attachment":[{"href":"https:\/\/yhdistykset.vihreat.fi\/muuramen.vihreat\/wp-json\/wp\/v2\/media?parent=26956"}],"curies":[{"name":"wp","href":"https:\/\/api.w.org\/{rel}","templated":true}]}}