{"id":27635,"date":"2025-02-13T21:22:51","date_gmt":"2025-02-13T19:22:51","guid":{"rendered":"https:\/\/yhdistykset.vihreat.fi\/muuramen.vihreat\/?page_id=27635"},"modified":"2025-03-10T10:20:35","modified_gmt":"2025-03-10T08:20:35","slug":"kuntavaalit-2025","status":"publish","type":"page","link":"https:\/\/yhdistykset.vihreat.fi\/muuramen.vihreat\/kuntavaalit-2025\/","title":{"rendered":"Kuntavaalit 2025"},"content":{"rendered":"\n<p class=\"wp-block-paragraph\">Kuntavaalit j\u00e4rjestet\u00e4\u00e4n yhdess\u00e4 aluevaalien kanssa sunnuntaina 13.4.2025.<\/p>\n\n\n\n<p class=\"wp-block-paragraph\">Voit \u00e4\u00e4nest\u00e4\u00e4 my\u00f6s ennakkoon miss\u00e4 tahansa ennakko\u00e4\u00e4nestyspaikassa Suomessa tai ulkomailla. Mukaan tarvitset vain henkil\u00f6llisyystodistuksen.<\/p>\n\n\n\n<p class=\"wp-block-paragraph\">Ennakkoon voit \u00e4\u00e4nest\u00e4\u00e4:<\/p>\n\n\n\n<ul class=\"wp-block-list\">\n<li>kotimaassa: 2. &#8211; 8.4.2025<\/li>\n\n\n\n<li>ulkomailla: 2. &#8211; 5.4.2025<br \/><p><a class=\"ext\" data-extlink=\"\" href=\"https:\/\/vaalit.fi\/nain-aanestat-kuntavaaleissa\" target=\"_blank\" rel=\"noopener\">Lue tarkemmat ohjeet Oikeusministeri\u00f6n verkkosivuilta.<\/a><\/p><\/li>\n<\/ul>\n\n\n\n<p class=\"wp-block-paragraph\">T\u00e4lt\u00e4 sivulta l\u00f6yd\u00e4t Muuramen vihreiden kunnallisvaaliehdokkaat 2025 ja <a href=\"https:\/\/yhdistykset.vihreat.fi\/muuramen.vihreat\/kuntavaalit-2025\/vaaliohjelma\/\" data-type=\"page\" data-id=\"27670\">vaaliohjelmamme<\/a>. Ohjelmamme ohjaa toimintaamme t\u00e4ll\u00e4 valtuustokaudella.<\/p>\n","protected":false},"excerpt":{"rendered":"<p>Kuntavaalit j\u00e4rjestet\u00e4\u00e4n yhdess\u00e4 aluevaalien kanssa sunnuntaina 13.4.2025. Voit \u00e4\u00e4nest\u00e4\u00e4 my\u00f6s ennakkoon miss\u00e4 tahansa ennakko\u00e4\u00e4nestyspaikassa Suomessa tai ulkomailla. Mukaan tarvitset vain henkil\u00f6llisyystodistuksen. Ennakkoon voit \u00e4\u00e4nest\u00e4\u00e4: T\u00e4lt\u00e4 sivulta l\u00f6yd\u00e4t Muuramen vihreiden kunnallisvaaliehdokkaat 2025 ja vaaliohjelmamme. Ohjelmamme ohjaa toimintaamme t\u00e4ll\u00e4 valtuustokaudella.<\/p>\n","protected":false},"author":1233,"featured_media":0,"parent":0,"menu_order":0,"comment_status":"closed","ping_status":"closed","template":"","meta":{"_crdt_document":"","footnotes":""},"class_list":["post-27635","page","type-page","status-publish","hentry"],"_links":{"self":[{"href":"https:\/\/yhdistykset.vihreat.fi\/muuramen.vihreat\/wp-json\/wp\/v2\/pages\/27635","targetHints":{"allow":["GET"]}}],"collection":[{"href":"https:\/\/yhdistykset.vihreat.fi\/muuramen.vihreat\/wp-json\/wp\/v2\/pages"}],"about":[{"href":"https:\/\/yhdistykset.vihreat.fi\/muuramen.vihreat\/wp-json\/wp\/v2\/types\/page"}],"author":[{"embeddable":true,"href":"https:\/\/yhdistykset.vihreat.fi\/muuramen.vihreat\/wp-json\/wp\/v2\/users\/1233"}],"replies":[{"embeddable":true,"href":"https:\/\/yhdistykset.vihreat.fi\/muuramen.vihreat\/wp-json\/wp\/v2\/comments?post=27635"}],"version-history":[{"count":4,"href":"https:\/\/yhdistykset.vihreat.fi\/muuramen.vihreat\/wp-json\/wp\/v2\/pages\/27635\/revisions"}],"predecessor-version":[{"id":27731,"href":"https:\/\/yhdistykset.vihreat.fi\/muuramen.vihreat\/wp-json\/wp\/v2\/pages\/27635\/revisions\/27731"}],"wp:attachment":[{"href":"https:\/\/yhdistykset.vihreat.fi\/muuramen.vihreat\/wp-json\/wp\/v2\/media?parent=27635"}],"curies":[{"name":"wp","href":"https:\/\/api.w.org\/{rel}","templated":true}]}}