{"id":24799,"date":"2016-06-22T11:01:25","date_gmt":"2016-06-22T08:01:25","guid":{"rendered":"http:\/\/localhost\/vihreat\/?page_id=37"},"modified":"2025-02-03T18:48:25","modified_gmt":"2025-02-03T16:48:25","slug":"yhdistys","status":"publish","type":"page","link":"https:\/\/yhdistykset.vihreat.fi\/orimattilan.vihreat\/yhdistys\/","title":{"rendered":"Yhdistys"},"content":{"rendered":"\n<p>&nbsp;<\/p>\n\n\n\n<h1 class=\"wp-block-heading\">PIENI MUTTA PIPPURINEN<\/h1>\n\n\n\n<p class=\"has-text-align-center\"><\/p>\n\n\n\n<p class=\"has-text-align-left\">Orimattilan Vihre\u00e4t&nbsp; ry on pieni, aktiivisten j\u00e4sentens\u00e4 varassa toimiva paikallisyhdistys.<\/p>\n\n\n\n<p class=\"has-text-align-left\">Teemme paikallista politiikka Orimattilassa, jotta huomenna Orimattila olisi vihre\u00e4mpi. Uskomme kuntien mahdollisuuteen torjua ilmastonmuutosta, edist\u00e4\u00e4 luonnon monimuotoisuutta, tuottaa hyvi\u00e4 l\u00e4hipalveluita ja kasvattaa elinvoimaa luontoa kunnioittaen.<\/p>\n\n\n\n<p class=\"has-text-align-left\">Hyvinvoivassa kunnassa jokainen voi tuntea olevansa osa yhteis\u00f6\u00e4.<\/p>\n\n\n\n<p class=\"has-text-align-left\">&nbsp;Orimattila tarvitsee vihreit\u00e4 politiikan tekij\u00f6it\u00e4! Viihtyis\u00e4 ymp\u00e4rist\u00f6, lapset ja nuoret, mets\u00e4t, luonto, maank\u00e4yt\u00f6nsuunnittelu, viisaat liikkumisen ratkaisut ja tasa-arvo tarvitsevat vihre\u00e4\u00e4 politikkaa. Tule mukaan!<\/p>\n\n\n\n<p class=\"has-text-align-left\">Vihreiden j\u00e4senyys on kannanotto maailman menoon. Tule mukaan tekem\u00e4\u00e4n Orimattilasta vihre\u00e4mp\u00e4\u00e4!<\/p>\n\n\n\n<div style=\"height:48px\" aria-hidden=\"true\" class=\"wp-block-spacer\"><\/div>\n\n\n\n<div class=\"wp-block-buttons alignfull is-content-justification-center is-layout-flex wp-container-core-buttons-is-layout-a89b3969 wp-block-buttons-is-layout-flex\">\n<div class=\"wp-block-button has-custom-width wp-block-button__width-50\"><a class=\"wp-block-button__link wp-element-button\" href=\"https:\/\/www.vihreat.fi\/liity\/\" target=\"_blank\" rel=\"noreferrer noopener\">Liity Vihreisiin ><\/a><\/div>\n<\/div>\n\n\n\n<div style=\"height:48px\" aria-hidden=\"true\" class=\"wp-block-spacer\"><\/div>\n\n\n\n<p><\/p>\n","protected":false},"excerpt":{"rendered":"<p>&nbsp; PIENI MUTTA PIPPURINEN Orimattilan Vihre\u00e4t&nbsp; ry on pieni, aktiivisten j\u00e4sentens\u00e4 varassa toimiva paikallisyhdistys. Teemme paikallista politiikka Orimattilassa, jotta huomenna Orimattila olisi vihre\u00e4mpi. Uskomme kuntien mahdollisuuteen torjua ilmastonmuutosta, edist\u00e4\u00e4 luonnon monimuotoisuutta, tuottaa hyvi\u00e4 l\u00e4hipalveluita ja kasvattaa elinvoimaa luontoa kunnioittaen. Hyvinvoivassa kunnassa jokainen voi tuntea olevansa osa yhteis\u00f6\u00e4. &nbsp;Orimattila tarvitsee vihreit\u00e4 politiikan tekij\u00f6it\u00e4! Viihtyis\u00e4 ymp\u00e4rist\u00f6, lapset [&hellip;]<\/p>\n","protected":false},"author":1,"featured_media":5,"parent":0,"menu_order":0,"comment_status":"closed","ping_status":"closed","template":"","meta":{"footnotes":""},"class_list":["post-24799","page","type-page","status-publish","has-post-thumbnail","hentry"],"_links":{"self":[{"href":"https:\/\/yhdistykset.vihreat.fi\/orimattilan.vihreat\/wp-json\/wp\/v2\/pages\/24799","targetHints":{"allow":["GET"]}}],"collection":[{"href":"https:\/\/yhdistykset.vihreat.fi\/orimattilan.vihreat\/wp-json\/wp\/v2\/pages"}],"about":[{"href":"https:\/\/yhdistykset.vihreat.fi\/orimattilan.vihreat\/wp-json\/wp\/v2\/types\/page"}],"author":[{"embeddable":true,"href":"https:\/\/yhdistykset.vihreat.fi\/orimattilan.vihreat\/wp-json\/wp\/v2\/users\/1"}],"replies":[{"embeddable":true,"href":"https:\/\/yhdistykset.vihreat.fi\/orimattilan.vihreat\/wp-json\/wp\/v2\/comments?post=24799"}],"version-history":[{"count":55,"href":"https:\/\/yhdistykset.vihreat.fi\/orimattilan.vihreat\/wp-json\/wp\/v2\/pages\/24799\/revisions"}],"predecessor-version":[{"id":26728,"href":"https:\/\/yhdistykset.vihreat.fi\/orimattilan.vihreat\/wp-json\/wp\/v2\/pages\/24799\/revisions\/26728"}],"wp:featuredmedia":[{"embeddable":true,"href":"https:\/\/yhdistykset.vihreat.fi\/orimattilan.vihreat\/wp-json\/wp\/v2\/media\/5"}],"wp:attachment":[{"href":"https:\/\/yhdistykset.vihreat.fi\/orimattilan.vihreat\/wp-json\/wp\/v2\/media?parent=24799"}],"curies":[{"name":"wp","href":"https:\/\/api.w.org\/{rel}","templated":true}]}}