{"id":24810,"date":"2016-07-06T11:43:01","date_gmt":"2016-07-06T08:43:01","guid":{"rendered":"http:\/\/localhost\/vihreat\/?page_id=24810"},"modified":"2026-01-22T19:12:36","modified_gmt":"2026-01-22T17:12:36","slug":"yhteystiedot","status":"publish","type":"page","link":"https:\/\/yhdistykset.vihreat.fi\/orimattilan.vihreat\/yhteystiedot\/","title":{"rendered":"Yhteystiedot"},"content":{"rendered":"\n<p>&nbsp;<\/p>\n\n\n\n<h2 class=\"wp-block-heading\">Puheenjohtaja<\/h2>\n\n\n\n<p class=\"has-text-align-left\">Venla Avelin<br \/>venla.avelin@outlook.com<br \/>+358 50 629 44<\/p>\n\n\n\n<h2 class=\"wp-block-heading\">Hallituksen j\u00e4senet 2026<\/h2>\n\n\n\n<p class=\"has-text-align-left\">Piia Tuomainen (vpj)<br \/>Minna Huttunen<br \/>Amanda Pollari<br \/>Juho Tupasela <br \/>Mira Syri<br \/>Saku Salminen (varaj\u00e4sen)<\/p>\n\n\n\n<h2 class=\"wp-block-heading\">Orimattilan Vihre\u00e4t Facebookissa<\/h2>\n\n\n\n<p><a href=\"https:\/\/www.facebook.com\/vihreavenla\">Venla Avelin kaupunginvaltuutettu<\/a><\/p>\n\n\n\n<p><a href=\"https:\/\/www.facebook.com\/orimattilanvihreat\" target=\"_blank\" rel=\"noreferrer noopener\">Orimattilan Vihre\u00e4t<\/a><\/p>\n\n\n\n<p><a href=\"https:\/\/www.facebook.com\/piiatuomainenvihreat\">Piia Tuomainen Vihre\u00e4t<\/a><\/p>\n\n\n\n<h2 class=\"wp-block-heading\">Orimattilan Vihre\u00e4t Instagramissa<\/h2>\n\n\n\n<p><a href=\"http:\/\/www.instagram.com\/orimattilanvihreat\">Orimattilan Vihre\u00e4t<\/a><\/p>\n\n\n\n<p><a href=\"http:\/\/www.instagram.com\/venlaavelin\">Venla Avelin<\/a><\/p>\n\n\n\n<p><a href=\"http:\/\/www.instagram.com\/sakkefff\">Saku Salminen<\/a><\/p>\n\n\n\n<p><a href=\"https:\/\/www.instagram.com\/amandakallio_\/\">Amanda Pollari<\/a><\/p>\n\n\n\n<p><a href=\"http:\/\/www.instagram.com\/kuvitelmaa\">Minna Huttunen<\/a><\/p>\n\n\n\n<p><\/p>\n","protected":false},"excerpt":{"rendered":"<p>&nbsp; Puheenjohtaja Venla Avelinvenla.avelin@outlook.com+358 50 629 44 Hallituksen j\u00e4senet 2026 Piia Tuomainen (vpj)Minna HuttunenAmanda PollariJuho Tupasela Mira SyriSaku Salminen (varaj\u00e4sen) Orimattilan Vihre\u00e4t Facebookissa Venla Avelin kaupunginvaltuutettu Orimattilan Vihre\u00e4t Piia Tuomainen Vihre\u00e4t Orimattilan Vihre\u00e4t Instagramissa Orimattilan Vihre\u00e4t Venla Avelin Saku Salminen Amanda Pollari Minna Huttunen<\/p>\n","protected":false},"author":1,"featured_media":0,"parent":0,"menu_order":0,"comment_status":"closed","ping_status":"closed","template":"","meta":{"footnotes":""},"class_list":["post-24810","page","type-page","status-publish","hentry"],"_links":{"self":[{"href":"https:\/\/yhdistykset.vihreat.fi\/orimattilan.vihreat\/wp-json\/wp\/v2\/pages\/24810","targetHints":{"allow":["GET"]}}],"collection":[{"href":"https:\/\/yhdistykset.vihreat.fi\/orimattilan.vihreat\/wp-json\/wp\/v2\/pages"}],"about":[{"href":"https:\/\/yhdistykset.vihreat.fi\/orimattilan.vihreat\/wp-json\/wp\/v2\/types\/page"}],"author":[{"embeddable":true,"href":"https:\/\/yhdistykset.vihreat.fi\/orimattilan.vihreat\/wp-json\/wp\/v2\/users\/1"}],"replies":[{"embeddable":true,"href":"https:\/\/yhdistykset.vihreat.fi\/orimattilan.vihreat\/wp-json\/wp\/v2\/comments?post=24810"}],"version-history":[{"count":30,"href":"https:\/\/yhdistykset.vihreat.fi\/orimattilan.vihreat\/wp-json\/wp\/v2\/pages\/24810\/revisions"}],"predecessor-version":[{"id":26777,"href":"https:\/\/yhdistykset.vihreat.fi\/orimattilan.vihreat\/wp-json\/wp\/v2\/pages\/24810\/revisions\/26777"}],"wp:attachment":[{"href":"https:\/\/yhdistykset.vihreat.fi\/orimattilan.vihreat\/wp-json\/wp\/v2\/media?parent=24810"}],"curies":[{"name":"wp","href":"https:\/\/api.w.org\/{rel}","templated":true}]}}