{"id":25990,"date":"2016-08-17T08:01:18","date_gmt":"2016-08-17T08:01:18","guid":{"rendered":"https:\/\/sivupaketti.vihreat.fi\/?page_id=25990"},"modified":"2026-01-22T19:15:19","modified_gmt":"2026-01-22T17:15:19","slug":"luottamushenkilot","status":"publish","type":"page","link":"https:\/\/yhdistykset.vihreat.fi\/orimattilan.vihreat\/luottamushenkilot\/","title":{"rendered":"Luottamushenkil\u00f6t"},"content":{"rendered":"\n<p><\/p>\n\n\n<p>Kaupunginvaltuusto:<br \/>\nVenla Avelin<br \/>\nSaku Salminen<br \/>\nAmanda Pollari<\/p>\n<p>varalla:<br \/>\nPauliina Siikala<br \/>\nPiia Tuomainen<br \/>\nPetra Virpiaro<\/p>\n<p>Orimattilan kaupunginhallitus:<br \/>\nSaku Salminen<br \/>\nVaraj\u00e4sen: Venla Avelin<\/p>\n<p>Orimattilan elinvoimavaliokunta<br \/>\nVenla Avelin<br \/>\nVaraj\u00e4sen: Petra Virpiaro<\/p>\n<p>Orimattilan tarkastuslautakunta:<br \/>\nAmanda Pollari<br \/>\nVaralla: Piia Tuomainen<\/p>\n<p>P\u00e4ij\u00e4t-H\u00e4meen aluevaltuusto:<br \/>\nVenla Avelin<\/p>\n\n\n\n<p><\/p>\n\n\n\n<p><\/p>\n","protected":false},"excerpt":{"rendered":"","protected":false},"author":1,"featured_media":0,"parent":0,"menu_order":0,"comment_status":"closed","ping_status":"closed","template":"","meta":{"footnotes":""},"class_list":["post-25990","page","type-page","status-publish","hentry"],"_links":{"self":[{"href":"https:\/\/yhdistykset.vihreat.fi\/orimattilan.vihreat\/wp-json\/wp\/v2\/pages\/25990","targetHints":{"allow":["GET"]}}],"collection":[{"href":"https:\/\/yhdistykset.vihreat.fi\/orimattilan.vihreat\/wp-json\/wp\/v2\/pages"}],"about":[{"href":"https:\/\/yhdistykset.vihreat.fi\/orimattilan.vihreat\/wp-json\/wp\/v2\/types\/page"}],"author":[{"embeddable":true,"href":"https:\/\/yhdistykset.vihreat.fi\/orimattilan.vihreat\/wp-json\/wp\/v2\/users\/1"}],"replies":[{"embeddable":true,"href":"https:\/\/yhdistykset.vihreat.fi\/orimattilan.vihreat\/wp-json\/wp\/v2\/comments?post=25990"}],"version-history":[{"count":25,"href":"https:\/\/yhdistykset.vihreat.fi\/orimattilan.vihreat\/wp-json\/wp\/v2\/pages\/25990\/revisions"}],"predecessor-version":[{"id":26779,"href":"https:\/\/yhdistykset.vihreat.fi\/orimattilan.vihreat\/wp-json\/wp\/v2\/pages\/25990\/revisions\/26779"}],"wp:attachment":[{"href":"https:\/\/yhdistykset.vihreat.fi\/orimattilan.vihreat\/wp-json\/wp\/v2\/media?parent=25990"}],"curies":[{"name":"wp","href":"https:\/\/api.w.org\/{rel}","templated":true}]}}