{"id":26535,"date":"2023-02-21T21:23:57","date_gmt":"2023-02-21T19:23:57","guid":{"rendered":"https:\/\/yhdistykset.vihreat.fi\/orimattilan.vihreat\/?page_id=26535"},"modified":"2025-04-05T20:51:17","modified_gmt":"2025-04-05T17:51:17","slug":"vaalit","status":"publish","type":"page","link":"https:\/\/yhdistykset.vihreat.fi\/orimattilan.vihreat\/vaalit\/","title":{"rendered":"Kuntavaalit 2025"},"content":{"rendered":"\n<h2 class=\"wp-block-heading\">Kuntavaaliohjelma 2025<\/h2>\n\n\n\n<p>Vihreiden kuntavaaliohjelma julkaistaan kev\u00e4\u00e4ll\u00e4.<\/p>\n\n\n\n<figure class=\"wp-block-gallery has-nested-images columns-default is-cropped wp-block-gallery-1 is-layout-flex wp-block-gallery-is-layout-flex\">\n<figure class=\"wp-block-image size-large\"><img loading=\"lazy\" decoding=\"async\" width=\"1080\" height=\"1350\" data-id=\"26761\" src=\"https:\/\/yhdistykset.vihreat.fi\/orimattilan.vihreat\/files\/2025\/04\/Kuntavaaliohjelma-sivu-1-uusi-2.jpg\" alt=\"\" class=\"wp-image-26761\"\/><\/figure>\n\n\n\n<figure class=\"wp-block-image size-large\"><img loading=\"lazy\" decoding=\"async\" width=\"1080\" height=\"1350\" data-id=\"26763\" src=\"https:\/\/yhdistykset.vihreat.fi\/orimattilan.vihreat\/files\/2025\/04\/Kuntavaaliohjelma-sivu-2-uusi-1.jpg\" alt=\"\" class=\"wp-image-26763\"\/><\/figure>\n\n\n\n<figure class=\"wp-block-image size-large\"><img loading=\"lazy\" decoding=\"async\" width=\"1080\" height=\"1350\" data-id=\"26762\" src=\"https:\/\/yhdistykset.vihreat.fi\/orimattilan.vihreat\/files\/2025\/04\/Kuntavaaliohjelma-sivu-3-uusi-1.jpg\" alt=\"\" class=\"wp-image-26762\"\/><\/figure>\n<\/figure>\n\n\n\n<figure class=\"wp-block-gallery has-nested-images columns-default is-cropped wp-block-gallery-2 is-layout-flex wp-block-gallery-is-layout-flex\">\n<figure class=\"wp-block-image size-large\"><img loading=\"lazy\" decoding=\"async\" width=\"1080\" height=\"1350\" data-id=\"26768\" src=\"https:\/\/yhdistykset.vihreat.fi\/orimattilan.vihreat\/files\/2025\/04\/Kuntavaaliohjelma-sivu-4-uusi-2.jpg\" alt=\"\" class=\"wp-image-26768\"\/><\/figure>\n\n\n\n<figure class=\"wp-block-image size-large\"><img loading=\"lazy\" decoding=\"async\" width=\"1080\" height=\"1350\" data-id=\"26771\" src=\"https:\/\/yhdistykset.vihreat.fi\/orimattilan.vihreat\/files\/2025\/04\/koulusi-resurssit.jpg\" alt=\"\" class=\"wp-image-26771\"\/><\/figure>\n\n\n\n<figure class=\"wp-block-image size-large\"><img loading=\"lazy\" decoding=\"async\" width=\"1080\" height=\"1350\" data-id=\"26770\" src=\"https:\/\/yhdistykset.vihreat.fi\/orimattilan.vihreat\/files\/2025\/04\/lahiluontoasi.jpg\" alt=\"\" class=\"wp-image-26770\"\/><\/figure>\n<\/figure>\n\n\n\n<h2 class=\"wp-block-heading\">Vihreiden kuntavaaliehdokkat 2025<\/h2>\n\n\n\n<p>Tutustu vihreiden <a href=\"https:\/\/www.vihreat.fi\/kuntavaalit-2025\/?kieli=fi&amp;vaali=kuntavaalit-2025\" target=\"_blank\" rel=\"noopener\">kuntavaaliehdokkaisiin<\/a>.<\/p>\n","protected":false},"excerpt":{"rendered":"<p>Kuntavaaliohjelma 2025 Vihreiden kuntavaaliohjelma julkaistaan kev\u00e4\u00e4ll\u00e4. Vihreiden kuntavaaliehdokkat 2025 Tutustu vihreiden kuntavaaliehdokkaisiin.<\/p>\n","protected":false},"author":1352,"featured_media":0,"parent":0,"menu_order":0,"comment_status":"closed","ping_status":"closed","template":"","meta":{"footnotes":""},"class_list":["post-26535","page","type-page","status-publish","hentry"],"_links":{"self":[{"href":"https:\/\/yhdistykset.vihreat.fi\/orimattilan.vihreat\/wp-json\/wp\/v2\/pages\/26535","targetHints":{"allow":["GET"]}}],"collection":[{"href":"https:\/\/yhdistykset.vihreat.fi\/orimattilan.vihreat\/wp-json\/wp\/v2\/pages"}],"about":[{"href":"https:\/\/yhdistykset.vihreat.fi\/orimattilan.vihreat\/wp-json\/wp\/v2\/types\/page"}],"author":[{"embeddable":true,"href":"https:\/\/yhdistykset.vihreat.fi\/orimattilan.vihreat\/wp-json\/wp\/v2\/users\/1352"}],"replies":[{"embeddable":true,"href":"https:\/\/yhdistykset.vihreat.fi\/orimattilan.vihreat\/wp-json\/wp\/v2\/comments?post=26535"}],"version-history":[{"count":19,"href":"https:\/\/yhdistykset.vihreat.fi\/orimattilan.vihreat\/wp-json\/wp\/v2\/pages\/26535\/revisions"}],"predecessor-version":[{"id":26772,"href":"https:\/\/yhdistykset.vihreat.fi\/orimattilan.vihreat\/wp-json\/wp\/v2\/pages\/26535\/revisions\/26772"}],"wp:attachment":[{"href":"https:\/\/yhdistykset.vihreat.fi\/orimattilan.vihreat\/wp-json\/wp\/v2\/media?parent=26535"}],"curies":[{"name":"wp","href":"https:\/\/api.w.org\/{rel}","templated":true}]}}