{"id":26519,"date":"2020-09-22T12:33:41","date_gmt":"2020-09-22T10:33:41","guid":{"rendered":"https:\/\/yhdistykset.vihreat.fi\/pietarsaaren.vihreat\/?page_id=26519"},"modified":"2021-12-16T15:17:11","modified_gmt":"2021-12-16T13:17:11","slug":"anna-maija-lyyran-aloite-pietarsaaren-kaupunginvaltuustolle-25-3-2019","status":"publish","type":"page","link":"https:\/\/yhdistykset.vihreat.fi\/pietarsaaren.vihreat\/tiedotteet\/anna-maija-lyyran-aloite-pietarsaaren-kaupunginvaltuustolle-25-3-2019\/","title":{"rendered":"Anna-Maija Lyyran aloite Pietarsaaren kaupunginvaltuustolle 25.3.2019"},"content":{"rendered":"<p><strong>Aloite pitk\u00e4n aikav\u00e4lin matkailukohteiden ja virkistysalueiden kehitt\u00e4misstrategian ja suunnitelman laatimiseksi Pietarsaaressa<\/strong><\/p>\n<p>Pietarsaari on kaunis ja omaleimainen kaupunki ja on juuri my\u00f6s kansallisessa seutukuntavertailussa saanut hyv\u00e4n arvion. Kaupungissa on museoita ja omaleimaisia puistoja ja vanhan sataman alue kaupungin keskustan tuntumassa. Meill\u00e4 on my\u00f6s hienoja l\u00e4hes luonnotilaisia l\u00e4hialueita, kuten F\u00e4bodan alue, joka on erinomainen virkistyskohde kaikille ja erityisesti niille, joilla ei ole omaa kes\u00e4m\u00f6kki\u00e4.&nbsp;<\/p>\n<p>Me pietarsaarelaiset toki tied\u00e4mme t\u00e4m\u00e4n&nbsp; ja samalla my\u00f6s tied\u00e4mme, ett\u00e4 aina on mahdollista my\u00f6s parantaa kaupungin palveluita ja lis\u00e4t\u00e4 ihmisten viihtyvyytt\u00e4. Kaupunki, jossa omat asukkaat viihtyv\u00e4t houkuttelee ja siell\u00e4 viihtyv\u00e4t&nbsp; my\u00f6s muualta tulevat matkailijat.<\/p>\n<p>Virkistysalueiden, n\u00e4ht\u00e4vyyksien ja matkailupalveluiden osalta putkahtaa aina silloin t\u00e4ll\u00f6in uusia esityksi\u00e4, jotka voivat toteutua sattumanvaraisesti tai useimmiten hautautuvat unholaan.<\/p>\n<p>Hallintokuntien p\u00e4\u00e4t\u00f6kset eiv\u00e4t aina ole suunnitelmallisesti sidoksissa toisiinsa ja selke\u00e4\u00e4, kattavaa vapaa-ajan palvelujen ja kehitt\u00e4misen suunnitelmaa ei ole. Suunnitelma olisi runko ja siin\u00e4 erilaiset hankkeet ja aikeet olisi laitettu t\u00e4rkeysj\u00e4rjestykseen. Sen&nbsp; avulla kaupungin suunnittelijat ja halllinto sek\u00e4&nbsp; mahdolliset yksityiset yritt\u00e4j\u00e4t ja toimijat voisivat suunnitella ja toteuttaa visioitaan yhteisty\u00f6ss\u00e4. Yksityiset toimijat tiet\u00e4isiv\u00e4t miten on tarkoitus edet\u00e4 ja&nbsp; kehitt\u00e4\u00e4 erilaisia palveluita ja el\u00e4myskohteita. Samalla heill\u00e4 olisi tieto siit\u00e4, mitk\u00e4 ovat Pietarsaaren kaupungin aikeet ja panostukset.<\/p>\n<p>Me allekirjoittaneet valtuutetut esit\u00e4mme,&nbsp;<\/p>\n<ul>\n<li>ett\u00e4&nbsp; Pietarsaaren kaupungissa laaditaan kaupunkilaisia ja eri eturyhmi\u00e4 kuullen, pitk\u00e4aikaisen matkailukohteiden ja virkistysalueiden kehitt\u00e4misstrategia ja suunnitelma, kaupungin eri n\u00e4ht\u00e4vyyksien ja virkistysalueiden kehitt\u00e4miseksi kaupunkilaisten ja samalla my\u00f6s matkailijoiden palvelemiseksi ja viihtymiseksi.<\/li>\n<li>suunnitelman perustana on kest\u00e4v\u00e4n kehityksen periaatteet<\/li>\n<\/ul>\n<p>Pietarsaaressa 25.3.2019<\/p>\n","protected":false},"excerpt":{"rendered":"<p>Aloite pitk\u00e4n aikav\u00e4lin matkailukohteiden ja virkistysalueiden kehitt\u00e4misstrategian ja suunnitelman laatimiseksi Pietarsaaressa Pietarsaari on kaunis ja omaleimainen kaupunki ja on juuri my\u00f6s kansallisessa seutukuntavertailussa saanut hyv\u00e4n arvion. Kaupungissa on museoita ja omaleimaisia puistoja ja vanhan sataman alue kaupungin keskustan tuntumassa. Meill\u00e4 on my\u00f6s hienoja l\u00e4hes luonnotilaisia l\u00e4hialueita, kuten F\u00e4bodan alue, joka on erinomainen virkistyskohde kaikille ja [&hellip;]<\/p>\n","protected":false},"author":1021,"featured_media":0,"parent":26771,"menu_order":0,"comment_status":"closed","ping_status":"closed","template":"","meta":{"_crdt_document":"","footnotes":""},"class_list":["post-26519","page","type-page","status-publish","hentry"],"yoast_head":"<!-- This site is optimized with the Yoast SEO plugin v27.1.1 - https:\/\/yoast.com\/product\/yoast-seo-wordpress\/ -->\n<title>Anna-Maija Lyyran aloite Pietarsaaren kaupunginvaltuustolle 25.3.2019 - Pietarsaaren Vihre\u00e4t - De Gr\u00f6na i Jakobstad<\/title>\n<meta name=\"robots\" content=\"index, follow, max-snippet:-1, max-image-preview:large, max-video-preview:-1\" \/>\n<link rel=\"canonical\" href=\"https:\/\/yhdistykset.vihreat.fi\/pietarsaaren.vihreat\/tiedotteet\/anna-maija-lyyran-aloite-pietarsaaren-kaupunginvaltuustolle-25-3-2019\/\" \/>\n<meta property=\"og:locale\" content=\"fi_FI\" \/>\n<meta property=\"og:type\" content=\"article\" \/>\n<meta property=\"og:title\" content=\"Anna-Maija Lyyran aloite Pietarsaaren kaupunginvaltuustolle 25.3.2019 - Pietarsaaren Vihre\u00e4t - De Gr\u00f6na i Jakobstad\" \/>\n<meta property=\"og:description\" content=\"Aloite pitk\u00e4n aikav\u00e4lin matkailukohteiden ja virkistysalueiden kehitt\u00e4misstrategian ja suunnitelman laatimiseksi Pietarsaaressa Pietarsaari on kaunis ja omaleimainen kaupunki ja on juuri my\u00f6s kansallisessa seutukuntavertailussa saanut hyv\u00e4n arvion. Kaupungissa on museoita ja omaleimaisia puistoja ja vanhan sataman alue kaupungin keskustan tuntumassa. Meill\u00e4 on my\u00f6s hienoja l\u00e4hes luonnotilaisia l\u00e4hialueita, kuten F\u00e4bodan alue, joka on erinomainen virkistyskohde kaikille ja [&hellip;]\" \/>\n<meta property=\"og:url\" content=\"https:\/\/yhdistykset.vihreat.fi\/pietarsaaren.vihreat\/tiedotteet\/anna-maija-lyyran-aloite-pietarsaaren-kaupunginvaltuustolle-25-3-2019\/\" \/>\n<meta property=\"og:site_name\" content=\"Pietarsaaren Vihre\u00e4t - De Gr\u00f6na i Jakobstad\" \/>\n<meta property=\"article:publisher\" content=\"https:\/\/www.facebook.com\/DeGrona\" \/>\n<meta property=\"article:modified_time\" content=\"2021-12-16T13:17:11+00:00\" \/>\n<meta name=\"twitter:card\" content=\"summary_large_image\" \/>\n<meta name=\"twitter:label1\" content=\"Arvioitu lukuaika\" \/>\n\t<meta name=\"twitter:data1\" content=\"1 minuutti\" \/>\n<script type=\"application\/ld+json\" class=\"yoast-schema-graph\">{\"@context\":\"https:\/\/schema.org\",\"@graph\":[{\"@type\":\"WebPage\",\"@id\":\"https:\/\/yhdistykset.vihreat.fi\/pietarsaaren.vihreat\/tiedotteet\/anna-maija-lyyran-aloite-pietarsaaren-kaupunginvaltuustolle-25-3-2019\/\",\"url\":\"https:\/\/yhdistykset.vihreat.fi\/pietarsaaren.vihreat\/tiedotteet\/anna-maija-lyyran-aloite-pietarsaaren-kaupunginvaltuustolle-25-3-2019\/\",\"name\":\"Anna-Maija Lyyran aloite Pietarsaaren kaupunginvaltuustolle 25.3.2019 - Pietarsaaren Vihre\u00e4t - De Gr\u00f6na i Jakobstad\",\"isPartOf\":{\"@id\":\"https:\/\/yhdistykset.vihreat.fi\/pietarsaaren.vihreat\/#website\"},\"datePublished\":\"2020-09-22T10:33:41+00:00\",\"dateModified\":\"2021-12-16T13:17:11+00:00\",\"breadcrumb\":{\"@id\":\"https:\/\/yhdistykset.vihreat.fi\/pietarsaaren.vihreat\/tiedotteet\/anna-maija-lyyran-aloite-pietarsaaren-kaupunginvaltuustolle-25-3-2019\/#breadcrumb\"},\"inLanguage\":\"fi\",\"potentialAction\":[{\"@type\":\"ReadAction\",\"target\":[\"https:\/\/yhdistykset.vihreat.fi\/pietarsaaren.vihreat\/tiedotteet\/anna-maija-lyyran-aloite-pietarsaaren-kaupunginvaltuustolle-25-3-2019\/\"]}]},{\"@type\":\"BreadcrumbList\",\"@id\":\"https:\/\/yhdistykset.vihreat.fi\/pietarsaaren.vihreat\/tiedotteet\/anna-maija-lyyran-aloite-pietarsaaren-kaupunginvaltuustolle-25-3-2019\/#breadcrumb\",\"itemListElement\":[{\"@type\":\"ListItem\",\"position\":1,\"name\":\"Home\",\"item\":\"https:\/\/yhdistykset.vihreat.fi\/pietarsaaren.vihreat\/\"},{\"@type\":\"ListItem\",\"position\":2,\"name\":\"Tiedotteet\",\"item\":\"https:\/\/yhdistykset.vihreat.fi\/pietarsaaren.vihreat\/tiedotteet\/\"},{\"@type\":\"ListItem\",\"position\":3,\"name\":\"Anna-Maija Lyyran aloite Pietarsaaren kaupunginvaltuustolle 25.3.2019\"}]},{\"@type\":\"WebSite\",\"@id\":\"https:\/\/yhdistykset.vihreat.fi\/pietarsaaren.vihreat\/#website\",\"url\":\"https:\/\/yhdistykset.vihreat.fi\/pietarsaaren.vihreat\/\",\"name\":\"Pietarsaaren Vihre\u00e4t - De Gr\u00f6na i Jakobstad\",\"description\":\"N\u00e4yt\u00e4 luontosi ja \u00e4\u00e4nest\u00e4\",\"publisher\":{\"@id\":\"https:\/\/yhdistykset.vihreat.fi\/pietarsaaren.vihreat\/#organization\"},\"potentialAction\":[{\"@type\":\"SearchAction\",\"target\":{\"@type\":\"EntryPoint\",\"urlTemplate\":\"https:\/\/yhdistykset.vihreat.fi\/pietarsaaren.vihreat\/?s={search_term_string}\"},\"query-input\":{\"@type\":\"PropertyValueSpecification\",\"valueRequired\":true,\"valueName\":\"search_term_string\"}}],\"inLanguage\":\"fi\"},{\"@type\":\"Organization\",\"@id\":\"https:\/\/yhdistykset.vihreat.fi\/pietarsaaren.vihreat\/#organization\",\"name\":\"Pietarsaaren Vihre\u00e4t - De Gr\u00f6na i Jakobstad\",\"url\":\"https:\/\/yhdistykset.vihreat.fi\/pietarsaaren.vihreat\/\",\"logo\":{\"@type\":\"ImageObject\",\"inLanguage\":\"fi\",\"@id\":\"https:\/\/yhdistykset.vihreat.fi\/pietarsaaren.vihreat\/#\/schema\/logo\/image\/\",\"url\":\"https:\/\/yhdistykset.vihreat.fi\/pietarsaaren.vihreat\/files\/2023\/02\/Vihreat_Logo_HOR_RGB_FIN_SWE.png\",\"contentUrl\":\"https:\/\/yhdistykset.vihreat.fi\/pietarsaaren.vihreat\/files\/2023\/02\/Vihreat_Logo_HOR_RGB_FIN_SWE.png\",\"width\":1162,\"height\":409,\"caption\":\"Pietarsaaren Vihre\u00e4t - De Gr\u00f6na i Jakobstad\"},\"image\":{\"@id\":\"https:\/\/yhdistykset.vihreat.fi\/pietarsaaren.vihreat\/#\/schema\/logo\/image\/\"},\"sameAs\":[\"https:\/\/www.facebook.com\/DeGrona\",\"https:\/\/www.instagram.com\/vihreat_jeppis\"]}]}<\/script>\n<!-- \/ Yoast SEO plugin. -->","yoast_head_json":{"title":"Anna-Maija Lyyran aloite Pietarsaaren kaupunginvaltuustolle 25.3.2019 - Pietarsaaren Vihre\u00e4t - De Gr\u00f6na i Jakobstad","robots":{"index":"index","follow":"follow","max-snippet":"max-snippet:-1","max-image-preview":"max-image-preview:large","max-video-preview":"max-video-preview:-1"},"canonical":"https:\/\/yhdistykset.vihreat.fi\/pietarsaaren.vihreat\/tiedotteet\/anna-maija-lyyran-aloite-pietarsaaren-kaupunginvaltuustolle-25-3-2019\/","og_locale":"fi_FI","og_type":"article","og_title":"Anna-Maija Lyyran aloite Pietarsaaren kaupunginvaltuustolle 25.3.2019 - Pietarsaaren Vihre\u00e4t - De Gr\u00f6na i Jakobstad","og_description":"Aloite pitk\u00e4n aikav\u00e4lin matkailukohteiden ja virkistysalueiden kehitt\u00e4misstrategian ja suunnitelman laatimiseksi Pietarsaaressa Pietarsaari on kaunis ja omaleimainen kaupunki ja on juuri my\u00f6s kansallisessa seutukuntavertailussa saanut hyv\u00e4n arvion. Kaupungissa on museoita ja omaleimaisia puistoja ja vanhan sataman alue kaupungin keskustan tuntumassa. Meill\u00e4 on my\u00f6s hienoja l\u00e4hes luonnotilaisia l\u00e4hialueita, kuten F\u00e4bodan alue, joka on erinomainen virkistyskohde kaikille ja [&hellip;]","og_url":"https:\/\/yhdistykset.vihreat.fi\/pietarsaaren.vihreat\/tiedotteet\/anna-maija-lyyran-aloite-pietarsaaren-kaupunginvaltuustolle-25-3-2019\/","og_site_name":"Pietarsaaren Vihre\u00e4t - De Gr\u00f6na i Jakobstad","article_publisher":"https:\/\/www.facebook.com\/DeGrona","article_modified_time":"2021-12-16T13:17:11+00:00","twitter_card":"summary_large_image","twitter_misc":{"Arvioitu lukuaika":"1 minuutti"},"schema":{"@context":"https:\/\/schema.org","@graph":[{"@type":"WebPage","@id":"https:\/\/yhdistykset.vihreat.fi\/pietarsaaren.vihreat\/tiedotteet\/anna-maija-lyyran-aloite-pietarsaaren-kaupunginvaltuustolle-25-3-2019\/","url":"https:\/\/yhdistykset.vihreat.fi\/pietarsaaren.vihreat\/tiedotteet\/anna-maija-lyyran-aloite-pietarsaaren-kaupunginvaltuustolle-25-3-2019\/","name":"Anna-Maija Lyyran aloite Pietarsaaren kaupunginvaltuustolle 25.3.2019 - Pietarsaaren Vihre\u00e4t - De Gr\u00f6na i Jakobstad","isPartOf":{"@id":"https:\/\/yhdistykset.vihreat.fi\/pietarsaaren.vihreat\/#website"},"datePublished":"2020-09-22T10:33:41+00:00","dateModified":"2021-12-16T13:17:11+00:00","breadcrumb":{"@id":"https:\/\/yhdistykset.vihreat.fi\/pietarsaaren.vihreat\/tiedotteet\/anna-maija-lyyran-aloite-pietarsaaren-kaupunginvaltuustolle-25-3-2019\/#breadcrumb"},"inLanguage":"fi","potentialAction":[{"@type":"ReadAction","target":["https:\/\/yhdistykset.vihreat.fi\/pietarsaaren.vihreat\/tiedotteet\/anna-maija-lyyran-aloite-pietarsaaren-kaupunginvaltuustolle-25-3-2019\/"]}]},{"@type":"BreadcrumbList","@id":"https:\/\/yhdistykset.vihreat.fi\/pietarsaaren.vihreat\/tiedotteet\/anna-maija-lyyran-aloite-pietarsaaren-kaupunginvaltuustolle-25-3-2019\/#breadcrumb","itemListElement":[{"@type":"ListItem","position":1,"name":"Home","item":"https:\/\/yhdistykset.vihreat.fi\/pietarsaaren.vihreat\/"},{"@type":"ListItem","position":2,"name":"Tiedotteet","item":"https:\/\/yhdistykset.vihreat.fi\/pietarsaaren.vihreat\/tiedotteet\/"},{"@type":"ListItem","position":3,"name":"Anna-Maija Lyyran aloite Pietarsaaren kaupunginvaltuustolle 25.3.2019"}]},{"@type":"WebSite","@id":"https:\/\/yhdistykset.vihreat.fi\/pietarsaaren.vihreat\/#website","url":"https:\/\/yhdistykset.vihreat.fi\/pietarsaaren.vihreat\/","name":"Pietarsaaren Vihre\u00e4t - De Gr\u00f6na i Jakobstad","description":"N\u00e4yt\u00e4 luontosi ja \u00e4\u00e4nest\u00e4","publisher":{"@id":"https:\/\/yhdistykset.vihreat.fi\/pietarsaaren.vihreat\/#organization"},"potentialAction":[{"@type":"SearchAction","target":{"@type":"EntryPoint","urlTemplate":"https:\/\/yhdistykset.vihreat.fi\/pietarsaaren.vihreat\/?s={search_term_string}"},"query-input":{"@type":"PropertyValueSpecification","valueRequired":true,"valueName":"search_term_string"}}],"inLanguage":"fi"},{"@type":"Organization","@id":"https:\/\/yhdistykset.vihreat.fi\/pietarsaaren.vihreat\/#organization","name":"Pietarsaaren Vihre\u00e4t - De Gr\u00f6na i Jakobstad","url":"https:\/\/yhdistykset.vihreat.fi\/pietarsaaren.vihreat\/","logo":{"@type":"ImageObject","inLanguage":"fi","@id":"https:\/\/yhdistykset.vihreat.fi\/pietarsaaren.vihreat\/#\/schema\/logo\/image\/","url":"https:\/\/yhdistykset.vihreat.fi\/pietarsaaren.vihreat\/files\/2023\/02\/Vihreat_Logo_HOR_RGB_FIN_SWE.png","contentUrl":"https:\/\/yhdistykset.vihreat.fi\/pietarsaaren.vihreat\/files\/2023\/02\/Vihreat_Logo_HOR_RGB_FIN_SWE.png","width":1162,"height":409,"caption":"Pietarsaaren Vihre\u00e4t - De Gr\u00f6na i Jakobstad"},"image":{"@id":"https:\/\/yhdistykset.vihreat.fi\/pietarsaaren.vihreat\/#\/schema\/logo\/image\/"},"sameAs":["https:\/\/www.facebook.com\/DeGrona","https:\/\/www.instagram.com\/vihreat_jeppis"]}]}},"_links":{"self":[{"href":"https:\/\/yhdistykset.vihreat.fi\/pietarsaaren.vihreat\/wp-json\/wp\/v2\/pages\/26519","targetHints":{"allow":["GET"]}}],"collection":[{"href":"https:\/\/yhdistykset.vihreat.fi\/pietarsaaren.vihreat\/wp-json\/wp\/v2\/pages"}],"about":[{"href":"https:\/\/yhdistykset.vihreat.fi\/pietarsaaren.vihreat\/wp-json\/wp\/v2\/types\/page"}],"author":[{"embeddable":true,"href":"https:\/\/yhdistykset.vihreat.fi\/pietarsaaren.vihreat\/wp-json\/wp\/v2\/users\/1021"}],"replies":[{"embeddable":true,"href":"https:\/\/yhdistykset.vihreat.fi\/pietarsaaren.vihreat\/wp-json\/wp\/v2\/comments?post=26519"}],"version-history":[{"count":3,"href":"https:\/\/yhdistykset.vihreat.fi\/pietarsaaren.vihreat\/wp-json\/wp\/v2\/pages\/26519\/revisions"}],"predecessor-version":[{"id":26522,"href":"https:\/\/yhdistykset.vihreat.fi\/pietarsaaren.vihreat\/wp-json\/wp\/v2\/pages\/26519\/revisions\/26522"}],"up":[{"embeddable":true,"href":"https:\/\/yhdistykset.vihreat.fi\/pietarsaaren.vihreat\/wp-json\/wp\/v2\/pages\/26771"}],"wp:attachment":[{"href":"https:\/\/yhdistykset.vihreat.fi\/pietarsaaren.vihreat\/wp-json\/wp\/v2\/media?parent=26519"}],"curies":[{"name":"wp","href":"https:\/\/api.w.org\/{rel}","templated":true}]}}