{"id":26529,"date":"2020-09-22T12:44:39","date_gmt":"2020-09-22T10:44:39","guid":{"rendered":"https:\/\/yhdistykset.vihreat.fi\/pietarsaaren.vihreat\/?page_id=26529"},"modified":"2020-09-22T12:44:39","modified_gmt":"2020-09-22T10:44:39","slug":"hanna-palovuoren-aloite-pietarsaaren-kaupunginvaltuustolle-25-11-2019","status":"publish","type":"page","link":"https:\/\/yhdistykset.vihreat.fi\/pietarsaaren.vihreat\/hanna-palovuoren-aloite-pietarsaaren-kaupunginvaltuustolle-25-11-2019\/","title":{"rendered":"Hanna Palovuoren aloite Pietarsaaren kaupunginvaltuustolle\u00a0 25.11.2019"},"content":{"rendered":"<p><strong>Pietarsaaren kaupunki tasa-arvoisena ty\u00f6nantajana<\/strong><\/p>\n<p>Seurasin pitkin syksy\u00e4 valtakunnallista uutisointia naisten palkkatasa-arvosta. Naisen euro on Suomessa noin 84 sentti\u00e4, eli keskim\u00e4\u00e4r\u00e4isen naisen keskim\u00e4\u00e4r\u00e4inen kuukausipalkka on n. 84% miesten kuukausipalkasta.<\/p>\n<p>Haluan tiet\u00e4\u00e4 millainen ty\u00f6nantaja Pietarsaaren kaupunki on. Pietarsaaren tyt\u00e4ryhti\u00f6t<\/p>\n<ul>\n<li>Jakobstads F\u00f6retagsfastigheter Ab<\/li>\n<li>Pietarsaaren Energia Oy<\/li>\n<li>Pietarsaaren Satama Oy<\/li>\n<li>Alerte Ab Oy<\/li>\n<li>Ab Bodg\u00e4rdet Oy<\/li>\n<li>Fastighets Ab Ebba Kiinteist\u00f6 Oy<\/li>\n<\/ul>\n<p>ovat t\u00e4ysin Pietarsaaren kaupungin omistuksessa, ja siksi n\u00e4iden yritysten ty\u00f6ntekij\u00f6ill\u00e4 on oikeus tulla kohdelluksi kaupungin ty\u00f6ntekij\u00f6in\u00e4.<\/p>\n<p>Haluan aloitteessani, ett\u00e4 kaupungin t\u00e4ysin omistamien tyt\u00e4ryhti\u00f6iden ty\u00f6ntekij\u00e4t otetaan osaksi kaupungin henkil\u00f6st\u00f6raporttia ainakin palkkauksen ja ty\u00f6suhteiden pituuden suhteen. Eli kuinka monta prosenttia eri sukupuolten palkkaus on toisiinsa n\u00e4hden ja jakautuvatko m\u00e4\u00e4r\u00e4aikaiset ty\u00f6sopimukset tasaisesti eri sukupuolten kesken.<\/p>\n<p>N\u00e4in pystyisimme paremmin seuraamaan arvokkaan tasa-arvoty\u00f6n kehittymist\u00e4 Pietarsaaressa ja ehk\u00e4 jopa vahvistamaan k\u00e4sityst\u00e4 Pietarsaaresta hyv\u00e4n\u00e4 ty\u00f6nantajana.<\/p>\n<p>Sen lis\u00e4ksi haluaisin, ett\u00e4 vuosittain seurattaisiin luottamushenkil\u00f6iden palkkioiden jakautumista naisten ja miesten v\u00e4lill\u00e4. Sukupuolikiinti\u00f6ist\u00e4 annetun asetuksen perusteella oletan jakauman olevan n. 40-60 % miesten hyv\u00e4ksi, onhan heit\u00e4 enemm\u00e4n valtuutettujen joukossa, mutta haluaisin t\u00e4st\u00e4 varman tiedon.<\/p>\n<p>Aloitteessani ehdotan siis<\/p>\n<ul>\n<li>Kaupungin tyt\u00e4ryhti\u00f6iden henkil\u00f6st\u00f6n huomioon ottamista kaupungin omassa henkil\u00f6st\u00f6raportissa.<\/li>\n<li>Sek\u00e4 kaupungin luottamushenkil\u00f6ille maksettavien palkkioiden jakautumista koskevan tiedon julkistamista vuosittain osana varsinaista Pietarsaaren kaupungin tilinp\u00e4\u00e4t\u00f6st\u00e4.<\/li>\n<\/ul>\n<p>&nbsp;<\/p>\n<p>Pietarsaaressa 25.11.2019<\/p>\n<p>Hanna Palovuori<br \/>\nDe Gr\u00f6na i Jakobstad rf \/ Pietarsaaren vihre\u00e4t ry<\/p>\n","protected":false},"excerpt":{"rendered":"<p>Pietarsaaren kaupunki tasa-arvoisena ty\u00f6nantajana Seurasin pitkin syksy\u00e4 valtakunnallista uutisointia naisten palkkatasa-arvosta. Naisen euro on Suomessa noin 84 sentti\u00e4, eli keskim\u00e4\u00e4r\u00e4isen naisen keskim\u00e4\u00e4r\u00e4inen kuukausipalkka on n. 84% miesten kuukausipalkasta. Haluan tiet\u00e4\u00e4 millainen ty\u00f6nantaja Pietarsaaren kaupunki on. Pietarsaaren tyt\u00e4ryhti\u00f6t Jakobstads F\u00f6retagsfastigheter Ab Pietarsaaren Energia Oy Pietarsaaren Satama Oy Alerte Ab Oy Ab Bodg\u00e4rdet Oy Fastighets Ab Ebba [&hellip;]<\/p>\n","protected":false},"author":1021,"featured_media":0,"parent":0,"menu_order":0,"comment_status":"closed","ping_status":"closed","template":"","meta":{"_crdt_document":"","footnotes":""},"class_list":["post-26529","page","type-page","status-publish","hentry"],"yoast_head":"<!-- This site is optimized with the Yoast SEO plugin v27.1.1 - https:\/\/yoast.com\/product\/yoast-seo-wordpress\/ -->\n<title>Hanna Palovuoren aloite Pietarsaaren kaupunginvaltuustolle\u00a0 25.11.2019 - Pietarsaaren Vihre\u00e4t - De Gr\u00f6na i Jakobstad<\/title>\n<meta name=\"robots\" content=\"index, follow, max-snippet:-1, max-image-preview:large, max-video-preview:-1\" \/>\n<link rel=\"canonical\" href=\"https:\/\/yhdistykset.vihreat.fi\/pietarsaaren.vihreat\/hanna-palovuoren-aloite-pietarsaaren-kaupunginvaltuustolle-25-11-2019\/\" \/>\n<meta property=\"og:locale\" content=\"fi_FI\" \/>\n<meta property=\"og:type\" content=\"article\" \/>\n<meta property=\"og:title\" content=\"Hanna Palovuoren aloite Pietarsaaren kaupunginvaltuustolle\u00a0 25.11.2019 - Pietarsaaren Vihre\u00e4t - De Gr\u00f6na i Jakobstad\" \/>\n<meta property=\"og:description\" content=\"Pietarsaaren kaupunki tasa-arvoisena ty\u00f6nantajana Seurasin pitkin syksy\u00e4 valtakunnallista uutisointia naisten palkkatasa-arvosta. Naisen euro on Suomessa noin 84 sentti\u00e4, eli keskim\u00e4\u00e4r\u00e4isen naisen keskim\u00e4\u00e4r\u00e4inen kuukausipalkka on n. 84% miesten kuukausipalkasta. Haluan tiet\u00e4\u00e4 millainen ty\u00f6nantaja Pietarsaaren kaupunki on. Pietarsaaren tyt\u00e4ryhti\u00f6t Jakobstads F\u00f6retagsfastigheter Ab Pietarsaaren Energia Oy Pietarsaaren Satama Oy Alerte Ab Oy Ab Bodg\u00e4rdet Oy Fastighets Ab Ebba [&hellip;]\" \/>\n<meta property=\"og:url\" content=\"https:\/\/yhdistykset.vihreat.fi\/pietarsaaren.vihreat\/hanna-palovuoren-aloite-pietarsaaren-kaupunginvaltuustolle-25-11-2019\/\" \/>\n<meta property=\"og:site_name\" content=\"Pietarsaaren Vihre\u00e4t - De Gr\u00f6na i Jakobstad\" \/>\n<meta property=\"article:publisher\" content=\"https:\/\/www.facebook.com\/DeGrona\" \/>\n<meta name=\"twitter:card\" content=\"summary_large_image\" \/>\n<meta name=\"twitter:label1\" content=\"Arvioitu lukuaika\" \/>\n\t<meta name=\"twitter:data1\" content=\"1 minuutti\" \/>\n<script type=\"application\/ld+json\" class=\"yoast-schema-graph\">{\"@context\":\"https:\/\/schema.org\",\"@graph\":[{\"@type\":\"WebPage\",\"@id\":\"https:\/\/yhdistykset.vihreat.fi\/pietarsaaren.vihreat\/hanna-palovuoren-aloite-pietarsaaren-kaupunginvaltuustolle-25-11-2019\/\",\"url\":\"https:\/\/yhdistykset.vihreat.fi\/pietarsaaren.vihreat\/hanna-palovuoren-aloite-pietarsaaren-kaupunginvaltuustolle-25-11-2019\/\",\"name\":\"Hanna Palovuoren aloite Pietarsaaren kaupunginvaltuustolle\u00a0 25.11.2019 - Pietarsaaren Vihre\u00e4t - De Gr\u00f6na i Jakobstad\",\"isPartOf\":{\"@id\":\"https:\/\/yhdistykset.vihreat.fi\/pietarsaaren.vihreat\/#website\"},\"datePublished\":\"2020-09-22T10:44:39+00:00\",\"breadcrumb\":{\"@id\":\"https:\/\/yhdistykset.vihreat.fi\/pietarsaaren.vihreat\/hanna-palovuoren-aloite-pietarsaaren-kaupunginvaltuustolle-25-11-2019\/#breadcrumb\"},\"inLanguage\":\"fi\",\"potentialAction\":[{\"@type\":\"ReadAction\",\"target\":[\"https:\/\/yhdistykset.vihreat.fi\/pietarsaaren.vihreat\/hanna-palovuoren-aloite-pietarsaaren-kaupunginvaltuustolle-25-11-2019\/\"]}]},{\"@type\":\"BreadcrumbList\",\"@id\":\"https:\/\/yhdistykset.vihreat.fi\/pietarsaaren.vihreat\/hanna-palovuoren-aloite-pietarsaaren-kaupunginvaltuustolle-25-11-2019\/#breadcrumb\",\"itemListElement\":[{\"@type\":\"ListItem\",\"position\":1,\"name\":\"Home\",\"item\":\"https:\/\/yhdistykset.vihreat.fi\/pietarsaaren.vihreat\/\"},{\"@type\":\"ListItem\",\"position\":2,\"name\":\"Hanna Palovuoren aloite Pietarsaaren kaupunginvaltuustolle\u00a0 25.11.2019\"}]},{\"@type\":\"WebSite\",\"@id\":\"https:\/\/yhdistykset.vihreat.fi\/pietarsaaren.vihreat\/#website\",\"url\":\"https:\/\/yhdistykset.vihreat.fi\/pietarsaaren.vihreat\/\",\"name\":\"Pietarsaaren Vihre\u00e4t - De Gr\u00f6na i Jakobstad\",\"description\":\"N\u00e4yt\u00e4 luontosi ja \u00e4\u00e4nest\u00e4\",\"publisher\":{\"@id\":\"https:\/\/yhdistykset.vihreat.fi\/pietarsaaren.vihreat\/#organization\"},\"potentialAction\":[{\"@type\":\"SearchAction\",\"target\":{\"@type\":\"EntryPoint\",\"urlTemplate\":\"https:\/\/yhdistykset.vihreat.fi\/pietarsaaren.vihreat\/?s={search_term_string}\"},\"query-input\":{\"@type\":\"PropertyValueSpecification\",\"valueRequired\":true,\"valueName\":\"search_term_string\"}}],\"inLanguage\":\"fi\"},{\"@type\":\"Organization\",\"@id\":\"https:\/\/yhdistykset.vihreat.fi\/pietarsaaren.vihreat\/#organization\",\"name\":\"Pietarsaaren Vihre\u00e4t - De Gr\u00f6na i Jakobstad\",\"url\":\"https:\/\/yhdistykset.vihreat.fi\/pietarsaaren.vihreat\/\",\"logo\":{\"@type\":\"ImageObject\",\"inLanguage\":\"fi\",\"@id\":\"https:\/\/yhdistykset.vihreat.fi\/pietarsaaren.vihreat\/#\/schema\/logo\/image\/\",\"url\":\"https:\/\/yhdistykset.vihreat.fi\/pietarsaaren.vihreat\/files\/2023\/02\/Vihreat_Logo_HOR_RGB_FIN_SWE.png\",\"contentUrl\":\"https:\/\/yhdistykset.vihreat.fi\/pietarsaaren.vihreat\/files\/2023\/02\/Vihreat_Logo_HOR_RGB_FIN_SWE.png\",\"width\":1162,\"height\":409,\"caption\":\"Pietarsaaren Vihre\u00e4t - De Gr\u00f6na i Jakobstad\"},\"image\":{\"@id\":\"https:\/\/yhdistykset.vihreat.fi\/pietarsaaren.vihreat\/#\/schema\/logo\/image\/\"},\"sameAs\":[\"https:\/\/www.facebook.com\/DeGrona\",\"https:\/\/www.instagram.com\/vihreat_jeppis\"]}]}<\/script>\n<!-- \/ Yoast SEO plugin. -->","yoast_head_json":{"title":"Hanna Palovuoren aloite Pietarsaaren kaupunginvaltuustolle\u00a0 25.11.2019 - Pietarsaaren Vihre\u00e4t - De Gr\u00f6na i Jakobstad","robots":{"index":"index","follow":"follow","max-snippet":"max-snippet:-1","max-image-preview":"max-image-preview:large","max-video-preview":"max-video-preview:-1"},"canonical":"https:\/\/yhdistykset.vihreat.fi\/pietarsaaren.vihreat\/hanna-palovuoren-aloite-pietarsaaren-kaupunginvaltuustolle-25-11-2019\/","og_locale":"fi_FI","og_type":"article","og_title":"Hanna Palovuoren aloite Pietarsaaren kaupunginvaltuustolle\u00a0 25.11.2019 - Pietarsaaren Vihre\u00e4t - De Gr\u00f6na i Jakobstad","og_description":"Pietarsaaren kaupunki tasa-arvoisena ty\u00f6nantajana Seurasin pitkin syksy\u00e4 valtakunnallista uutisointia naisten palkkatasa-arvosta. Naisen euro on Suomessa noin 84 sentti\u00e4, eli keskim\u00e4\u00e4r\u00e4isen naisen keskim\u00e4\u00e4r\u00e4inen kuukausipalkka on n. 84% miesten kuukausipalkasta. Haluan tiet\u00e4\u00e4 millainen ty\u00f6nantaja Pietarsaaren kaupunki on. Pietarsaaren tyt\u00e4ryhti\u00f6t Jakobstads F\u00f6retagsfastigheter Ab Pietarsaaren Energia Oy Pietarsaaren Satama Oy Alerte Ab Oy Ab Bodg\u00e4rdet Oy Fastighets Ab Ebba [&hellip;]","og_url":"https:\/\/yhdistykset.vihreat.fi\/pietarsaaren.vihreat\/hanna-palovuoren-aloite-pietarsaaren-kaupunginvaltuustolle-25-11-2019\/","og_site_name":"Pietarsaaren Vihre\u00e4t - De Gr\u00f6na i Jakobstad","article_publisher":"https:\/\/www.facebook.com\/DeGrona","twitter_card":"summary_large_image","twitter_misc":{"Arvioitu lukuaika":"1 minuutti"},"schema":{"@context":"https:\/\/schema.org","@graph":[{"@type":"WebPage","@id":"https:\/\/yhdistykset.vihreat.fi\/pietarsaaren.vihreat\/hanna-palovuoren-aloite-pietarsaaren-kaupunginvaltuustolle-25-11-2019\/","url":"https:\/\/yhdistykset.vihreat.fi\/pietarsaaren.vihreat\/hanna-palovuoren-aloite-pietarsaaren-kaupunginvaltuustolle-25-11-2019\/","name":"Hanna Palovuoren aloite Pietarsaaren kaupunginvaltuustolle\u00a0 25.11.2019 - Pietarsaaren Vihre\u00e4t - De Gr\u00f6na i Jakobstad","isPartOf":{"@id":"https:\/\/yhdistykset.vihreat.fi\/pietarsaaren.vihreat\/#website"},"datePublished":"2020-09-22T10:44:39+00:00","breadcrumb":{"@id":"https:\/\/yhdistykset.vihreat.fi\/pietarsaaren.vihreat\/hanna-palovuoren-aloite-pietarsaaren-kaupunginvaltuustolle-25-11-2019\/#breadcrumb"},"inLanguage":"fi","potentialAction":[{"@type":"ReadAction","target":["https:\/\/yhdistykset.vihreat.fi\/pietarsaaren.vihreat\/hanna-palovuoren-aloite-pietarsaaren-kaupunginvaltuustolle-25-11-2019\/"]}]},{"@type":"BreadcrumbList","@id":"https:\/\/yhdistykset.vihreat.fi\/pietarsaaren.vihreat\/hanna-palovuoren-aloite-pietarsaaren-kaupunginvaltuustolle-25-11-2019\/#breadcrumb","itemListElement":[{"@type":"ListItem","position":1,"name":"Home","item":"https:\/\/yhdistykset.vihreat.fi\/pietarsaaren.vihreat\/"},{"@type":"ListItem","position":2,"name":"Hanna Palovuoren aloite Pietarsaaren kaupunginvaltuustolle\u00a0 25.11.2019"}]},{"@type":"WebSite","@id":"https:\/\/yhdistykset.vihreat.fi\/pietarsaaren.vihreat\/#website","url":"https:\/\/yhdistykset.vihreat.fi\/pietarsaaren.vihreat\/","name":"Pietarsaaren Vihre\u00e4t - De Gr\u00f6na i Jakobstad","description":"N\u00e4yt\u00e4 luontosi ja \u00e4\u00e4nest\u00e4","publisher":{"@id":"https:\/\/yhdistykset.vihreat.fi\/pietarsaaren.vihreat\/#organization"},"potentialAction":[{"@type":"SearchAction","target":{"@type":"EntryPoint","urlTemplate":"https:\/\/yhdistykset.vihreat.fi\/pietarsaaren.vihreat\/?s={search_term_string}"},"query-input":{"@type":"PropertyValueSpecification","valueRequired":true,"valueName":"search_term_string"}}],"inLanguage":"fi"},{"@type":"Organization","@id":"https:\/\/yhdistykset.vihreat.fi\/pietarsaaren.vihreat\/#organization","name":"Pietarsaaren Vihre\u00e4t - De Gr\u00f6na i Jakobstad","url":"https:\/\/yhdistykset.vihreat.fi\/pietarsaaren.vihreat\/","logo":{"@type":"ImageObject","inLanguage":"fi","@id":"https:\/\/yhdistykset.vihreat.fi\/pietarsaaren.vihreat\/#\/schema\/logo\/image\/","url":"https:\/\/yhdistykset.vihreat.fi\/pietarsaaren.vihreat\/files\/2023\/02\/Vihreat_Logo_HOR_RGB_FIN_SWE.png","contentUrl":"https:\/\/yhdistykset.vihreat.fi\/pietarsaaren.vihreat\/files\/2023\/02\/Vihreat_Logo_HOR_RGB_FIN_SWE.png","width":1162,"height":409,"caption":"Pietarsaaren Vihre\u00e4t - De Gr\u00f6na i Jakobstad"},"image":{"@id":"https:\/\/yhdistykset.vihreat.fi\/pietarsaaren.vihreat\/#\/schema\/logo\/image\/"},"sameAs":["https:\/\/www.facebook.com\/DeGrona","https:\/\/www.instagram.com\/vihreat_jeppis"]}]}},"_links":{"self":[{"href":"https:\/\/yhdistykset.vihreat.fi\/pietarsaaren.vihreat\/wp-json\/wp\/v2\/pages\/26529","targetHints":{"allow":["GET"]}}],"collection":[{"href":"https:\/\/yhdistykset.vihreat.fi\/pietarsaaren.vihreat\/wp-json\/wp\/v2\/pages"}],"about":[{"href":"https:\/\/yhdistykset.vihreat.fi\/pietarsaaren.vihreat\/wp-json\/wp\/v2\/types\/page"}],"author":[{"embeddable":true,"href":"https:\/\/yhdistykset.vihreat.fi\/pietarsaaren.vihreat\/wp-json\/wp\/v2\/users\/1021"}],"replies":[{"embeddable":true,"href":"https:\/\/yhdistykset.vihreat.fi\/pietarsaaren.vihreat\/wp-json\/wp\/v2\/comments?post=26529"}],"version-history":[{"count":1,"href":"https:\/\/yhdistykset.vihreat.fi\/pietarsaaren.vihreat\/wp-json\/wp\/v2\/pages\/26529\/revisions"}],"predecessor-version":[{"id":26530,"href":"https:\/\/yhdistykset.vihreat.fi\/pietarsaaren.vihreat\/wp-json\/wp\/v2\/pages\/26529\/revisions\/26530"}],"wp:attachment":[{"href":"https:\/\/yhdistykset.vihreat.fi\/pietarsaaren.vihreat\/wp-json\/wp\/v2\/media?parent=26529"}],"curies":[{"name":"wp","href":"https:\/\/api.w.org\/{rel}","templated":true}]}}