{"id":26532,"date":"2020-09-22T12:49:53","date_gmt":"2020-09-22T10:49:53","guid":{"rendered":"https:\/\/yhdistykset.vihreat.fi\/pietarsaaren.vihreat\/?page_id=26532"},"modified":"2020-09-22T12:49:53","modified_gmt":"2020-09-22T10:49:53","slug":"hanna-palovuoren-aloite-pietarsaaren-kaupunginvaltuustolle-25-11-2019-2","status":"publish","type":"page","link":"https:\/\/yhdistykset.vihreat.fi\/pietarsaaren.vihreat\/hanna-palovuoren-aloite-pietarsaaren-kaupunginvaltuustolle-25-11-2019-2\/","title":{"rendered":"Hanna Palovuoren aloite Pietarsaaren kaupunginvaltuustolle  25.11.2019"},"content":{"rendered":"<p><strong>Kaupungin tyt\u00e4ryhti\u00f6iden talouskatsausten j\u00e4rjest\u00e4minen valtuutetuilla<\/strong><\/p>\n<p>Kaupunginvaltuutetuille j\u00e4rjestet\u00e4\u00e4n vuosittain todella kattava ja huolellisesta valmisteltu katsaus kaupungin eri toimialueiden taloudellisesta tilasta.<\/p>\n<p>Kaupungin taloustilanteen kokonaiskuvan muodostamiseksi olisi t\u00e4rke\u00e4\u00e4, ett\u00e4 valtuutetut olisivat selvill\u00e4 my\u00f6s tyt\u00e4ryhti\u00f6iden taloudellisesta tilanteesta.<\/p>\n<p>T\u00e4ss\u00e4 aloitteessani ehdotan, ett\u00e4 kaupungin t\u00e4ysin omistamat tyt\u00e4ryhti\u00f6t<\/p>\n<ul>\n<li>Jakobstads F\u00f6retagsfastigheter Ab<\/li>\n<li>Pietarsaaren Energia Oy<\/li>\n<li>Pietarsaaren Satama Oy<\/li>\n<li>Alerte Ab Oy<\/li>\n<li>Ab Bodg\u00e4rdet Oy<\/li>\n<li>Fastighets Ab Ebba Kiinteist\u00f6 Oy<\/li>\n<\/ul>\n<p>velvoitettaisiin vuosittain esittelem\u00e4\u00e4n edellisen vuoden tilinp\u00e4\u00e4t\u00f6ksens\u00e4 ja tulevan vuoden toimintasuunnitelmansa budjetteineen kunnanvaltuutetuille.<\/p>\n<p>Pietarsaaressa 25.11.2019<\/p>\n<p>Hanna Palovuori<br \/>\nDe Gr\u00f6na i Jakobstad rf \/ Pietarsaaren vihre\u00e4t ry<\/p>\n","protected":false},"excerpt":{"rendered":"<p>Kaupungin tyt\u00e4ryhti\u00f6iden talouskatsausten j\u00e4rjest\u00e4minen valtuutetuilla Kaupunginvaltuutetuille j\u00e4rjestet\u00e4\u00e4n vuosittain todella kattava ja huolellisesta valmisteltu katsaus kaupungin eri toimialueiden taloudellisesta tilasta. Kaupungin taloustilanteen kokonaiskuvan muodostamiseksi olisi t\u00e4rke\u00e4\u00e4, ett\u00e4 valtuutetut olisivat selvill\u00e4 my\u00f6s tyt\u00e4ryhti\u00f6iden taloudellisesta tilanteesta. T\u00e4ss\u00e4 aloitteessani ehdotan, ett\u00e4 kaupungin t\u00e4ysin omistamat tyt\u00e4ryhti\u00f6t Jakobstads F\u00f6retagsfastigheter Ab Pietarsaaren Energia Oy Pietarsaaren Satama Oy Alerte Ab Oy Ab Bodg\u00e4rdet [&hellip;]<\/p>\n","protected":false},"author":1021,"featured_media":0,"parent":0,"menu_order":0,"comment_status":"closed","ping_status":"closed","template":"","meta":{"_crdt_document":"","footnotes":""},"class_list":["post-26532","page","type-page","status-publish","hentry"],"yoast_head":"<!-- This site is optimized with the Yoast SEO plugin v27.1.1 - https:\/\/yoast.com\/product\/yoast-seo-wordpress\/ -->\n<title>Hanna Palovuoren aloite Pietarsaaren kaupunginvaltuustolle 25.11.2019 - Pietarsaaren Vihre\u00e4t - De Gr\u00f6na i Jakobstad<\/title>\n<meta name=\"robots\" content=\"index, follow, max-snippet:-1, max-image-preview:large, max-video-preview:-1\" \/>\n<link rel=\"canonical\" href=\"https:\/\/yhdistykset.vihreat.fi\/pietarsaaren.vihreat\/hanna-palovuoren-aloite-pietarsaaren-kaupunginvaltuustolle-25-11-2019-2\/\" \/>\n<meta property=\"og:locale\" content=\"fi_FI\" \/>\n<meta property=\"og:type\" content=\"article\" \/>\n<meta property=\"og:title\" content=\"Hanna Palovuoren aloite Pietarsaaren kaupunginvaltuustolle 25.11.2019 - Pietarsaaren Vihre\u00e4t - De Gr\u00f6na i Jakobstad\" \/>\n<meta property=\"og:description\" content=\"Kaupungin tyt\u00e4ryhti\u00f6iden talouskatsausten j\u00e4rjest\u00e4minen valtuutetuilla Kaupunginvaltuutetuille j\u00e4rjestet\u00e4\u00e4n vuosittain todella kattava ja huolellisesta valmisteltu katsaus kaupungin eri toimialueiden taloudellisesta tilasta. Kaupungin taloustilanteen kokonaiskuvan muodostamiseksi olisi t\u00e4rke\u00e4\u00e4, ett\u00e4 valtuutetut olisivat selvill\u00e4 my\u00f6s tyt\u00e4ryhti\u00f6iden taloudellisesta tilanteesta. T\u00e4ss\u00e4 aloitteessani ehdotan, ett\u00e4 kaupungin t\u00e4ysin omistamat tyt\u00e4ryhti\u00f6t Jakobstads F\u00f6retagsfastigheter Ab Pietarsaaren Energia Oy Pietarsaaren Satama Oy Alerte Ab Oy Ab Bodg\u00e4rdet [&hellip;]\" \/>\n<meta property=\"og:url\" content=\"https:\/\/yhdistykset.vihreat.fi\/pietarsaaren.vihreat\/hanna-palovuoren-aloite-pietarsaaren-kaupunginvaltuustolle-25-11-2019-2\/\" \/>\n<meta property=\"og:site_name\" content=\"Pietarsaaren Vihre\u00e4t - De Gr\u00f6na i Jakobstad\" \/>\n<meta property=\"article:publisher\" content=\"https:\/\/www.facebook.com\/DeGrona\" \/>\n<meta name=\"twitter:card\" content=\"summary_large_image\" \/>\n<meta name=\"twitter:label1\" content=\"Arvioitu lukuaika\" \/>\n\t<meta name=\"twitter:data1\" content=\"1 minuutti\" \/>\n<script type=\"application\/ld+json\" class=\"yoast-schema-graph\">{\"@context\":\"https:\/\/schema.org\",\"@graph\":[{\"@type\":\"WebPage\",\"@id\":\"https:\/\/yhdistykset.vihreat.fi\/pietarsaaren.vihreat\/hanna-palovuoren-aloite-pietarsaaren-kaupunginvaltuustolle-25-11-2019-2\/\",\"url\":\"https:\/\/yhdistykset.vihreat.fi\/pietarsaaren.vihreat\/hanna-palovuoren-aloite-pietarsaaren-kaupunginvaltuustolle-25-11-2019-2\/\",\"name\":\"Hanna Palovuoren aloite Pietarsaaren kaupunginvaltuustolle 25.11.2019 - Pietarsaaren Vihre\u00e4t - De Gr\u00f6na i Jakobstad\",\"isPartOf\":{\"@id\":\"https:\/\/yhdistykset.vihreat.fi\/pietarsaaren.vihreat\/#website\"},\"datePublished\":\"2020-09-22T10:49:53+00:00\",\"breadcrumb\":{\"@id\":\"https:\/\/yhdistykset.vihreat.fi\/pietarsaaren.vihreat\/hanna-palovuoren-aloite-pietarsaaren-kaupunginvaltuustolle-25-11-2019-2\/#breadcrumb\"},\"inLanguage\":\"fi\",\"potentialAction\":[{\"@type\":\"ReadAction\",\"target\":[\"https:\/\/yhdistykset.vihreat.fi\/pietarsaaren.vihreat\/hanna-palovuoren-aloite-pietarsaaren-kaupunginvaltuustolle-25-11-2019-2\/\"]}]},{\"@type\":\"BreadcrumbList\",\"@id\":\"https:\/\/yhdistykset.vihreat.fi\/pietarsaaren.vihreat\/hanna-palovuoren-aloite-pietarsaaren-kaupunginvaltuustolle-25-11-2019-2\/#breadcrumb\",\"itemListElement\":[{\"@type\":\"ListItem\",\"position\":1,\"name\":\"Home\",\"item\":\"https:\/\/yhdistykset.vihreat.fi\/pietarsaaren.vihreat\/\"},{\"@type\":\"ListItem\",\"position\":2,\"name\":\"Hanna Palovuoren aloite Pietarsaaren kaupunginvaltuustolle 25.11.2019\"}]},{\"@type\":\"WebSite\",\"@id\":\"https:\/\/yhdistykset.vihreat.fi\/pietarsaaren.vihreat\/#website\",\"url\":\"https:\/\/yhdistykset.vihreat.fi\/pietarsaaren.vihreat\/\",\"name\":\"Pietarsaaren Vihre\u00e4t - De Gr\u00f6na i Jakobstad\",\"description\":\"N\u00e4yt\u00e4 luontosi ja \u00e4\u00e4nest\u00e4\",\"publisher\":{\"@id\":\"https:\/\/yhdistykset.vihreat.fi\/pietarsaaren.vihreat\/#organization\"},\"potentialAction\":[{\"@type\":\"SearchAction\",\"target\":{\"@type\":\"EntryPoint\",\"urlTemplate\":\"https:\/\/yhdistykset.vihreat.fi\/pietarsaaren.vihreat\/?s={search_term_string}\"},\"query-input\":{\"@type\":\"PropertyValueSpecification\",\"valueRequired\":true,\"valueName\":\"search_term_string\"}}],\"inLanguage\":\"fi\"},{\"@type\":\"Organization\",\"@id\":\"https:\/\/yhdistykset.vihreat.fi\/pietarsaaren.vihreat\/#organization\",\"name\":\"Pietarsaaren Vihre\u00e4t - De Gr\u00f6na i Jakobstad\",\"url\":\"https:\/\/yhdistykset.vihreat.fi\/pietarsaaren.vihreat\/\",\"logo\":{\"@type\":\"ImageObject\",\"inLanguage\":\"fi\",\"@id\":\"https:\/\/yhdistykset.vihreat.fi\/pietarsaaren.vihreat\/#\/schema\/logo\/image\/\",\"url\":\"https:\/\/yhdistykset.vihreat.fi\/pietarsaaren.vihreat\/files\/2023\/02\/Vihreat_Logo_HOR_RGB_FIN_SWE.png\",\"contentUrl\":\"https:\/\/yhdistykset.vihreat.fi\/pietarsaaren.vihreat\/files\/2023\/02\/Vihreat_Logo_HOR_RGB_FIN_SWE.png\",\"width\":1162,\"height\":409,\"caption\":\"Pietarsaaren Vihre\u00e4t - De Gr\u00f6na i Jakobstad\"},\"image\":{\"@id\":\"https:\/\/yhdistykset.vihreat.fi\/pietarsaaren.vihreat\/#\/schema\/logo\/image\/\"},\"sameAs\":[\"https:\/\/www.facebook.com\/DeGrona\",\"https:\/\/www.instagram.com\/vihreat_jeppis\"]}]}<\/script>\n<!-- \/ Yoast SEO plugin. -->","yoast_head_json":{"title":"Hanna Palovuoren aloite Pietarsaaren kaupunginvaltuustolle 25.11.2019 - Pietarsaaren Vihre\u00e4t - De Gr\u00f6na i Jakobstad","robots":{"index":"index","follow":"follow","max-snippet":"max-snippet:-1","max-image-preview":"max-image-preview:large","max-video-preview":"max-video-preview:-1"},"canonical":"https:\/\/yhdistykset.vihreat.fi\/pietarsaaren.vihreat\/hanna-palovuoren-aloite-pietarsaaren-kaupunginvaltuustolle-25-11-2019-2\/","og_locale":"fi_FI","og_type":"article","og_title":"Hanna Palovuoren aloite Pietarsaaren kaupunginvaltuustolle 25.11.2019 - Pietarsaaren Vihre\u00e4t - De Gr\u00f6na i Jakobstad","og_description":"Kaupungin tyt\u00e4ryhti\u00f6iden talouskatsausten j\u00e4rjest\u00e4minen valtuutetuilla Kaupunginvaltuutetuille j\u00e4rjestet\u00e4\u00e4n vuosittain todella kattava ja huolellisesta valmisteltu katsaus kaupungin eri toimialueiden taloudellisesta tilasta. Kaupungin taloustilanteen kokonaiskuvan muodostamiseksi olisi t\u00e4rke\u00e4\u00e4, ett\u00e4 valtuutetut olisivat selvill\u00e4 my\u00f6s tyt\u00e4ryhti\u00f6iden taloudellisesta tilanteesta. T\u00e4ss\u00e4 aloitteessani ehdotan, ett\u00e4 kaupungin t\u00e4ysin omistamat tyt\u00e4ryhti\u00f6t Jakobstads F\u00f6retagsfastigheter Ab Pietarsaaren Energia Oy Pietarsaaren Satama Oy Alerte Ab Oy Ab Bodg\u00e4rdet [&hellip;]","og_url":"https:\/\/yhdistykset.vihreat.fi\/pietarsaaren.vihreat\/hanna-palovuoren-aloite-pietarsaaren-kaupunginvaltuustolle-25-11-2019-2\/","og_site_name":"Pietarsaaren Vihre\u00e4t - De Gr\u00f6na i Jakobstad","article_publisher":"https:\/\/www.facebook.com\/DeGrona","twitter_card":"summary_large_image","twitter_misc":{"Arvioitu lukuaika":"1 minuutti"},"schema":{"@context":"https:\/\/schema.org","@graph":[{"@type":"WebPage","@id":"https:\/\/yhdistykset.vihreat.fi\/pietarsaaren.vihreat\/hanna-palovuoren-aloite-pietarsaaren-kaupunginvaltuustolle-25-11-2019-2\/","url":"https:\/\/yhdistykset.vihreat.fi\/pietarsaaren.vihreat\/hanna-palovuoren-aloite-pietarsaaren-kaupunginvaltuustolle-25-11-2019-2\/","name":"Hanna Palovuoren aloite Pietarsaaren kaupunginvaltuustolle 25.11.2019 - Pietarsaaren Vihre\u00e4t - De Gr\u00f6na i Jakobstad","isPartOf":{"@id":"https:\/\/yhdistykset.vihreat.fi\/pietarsaaren.vihreat\/#website"},"datePublished":"2020-09-22T10:49:53+00:00","breadcrumb":{"@id":"https:\/\/yhdistykset.vihreat.fi\/pietarsaaren.vihreat\/hanna-palovuoren-aloite-pietarsaaren-kaupunginvaltuustolle-25-11-2019-2\/#breadcrumb"},"inLanguage":"fi","potentialAction":[{"@type":"ReadAction","target":["https:\/\/yhdistykset.vihreat.fi\/pietarsaaren.vihreat\/hanna-palovuoren-aloite-pietarsaaren-kaupunginvaltuustolle-25-11-2019-2\/"]}]},{"@type":"BreadcrumbList","@id":"https:\/\/yhdistykset.vihreat.fi\/pietarsaaren.vihreat\/hanna-palovuoren-aloite-pietarsaaren-kaupunginvaltuustolle-25-11-2019-2\/#breadcrumb","itemListElement":[{"@type":"ListItem","position":1,"name":"Home","item":"https:\/\/yhdistykset.vihreat.fi\/pietarsaaren.vihreat\/"},{"@type":"ListItem","position":2,"name":"Hanna Palovuoren aloite Pietarsaaren kaupunginvaltuustolle 25.11.2019"}]},{"@type":"WebSite","@id":"https:\/\/yhdistykset.vihreat.fi\/pietarsaaren.vihreat\/#website","url":"https:\/\/yhdistykset.vihreat.fi\/pietarsaaren.vihreat\/","name":"Pietarsaaren Vihre\u00e4t - De Gr\u00f6na i Jakobstad","description":"N\u00e4yt\u00e4 luontosi ja \u00e4\u00e4nest\u00e4","publisher":{"@id":"https:\/\/yhdistykset.vihreat.fi\/pietarsaaren.vihreat\/#organization"},"potentialAction":[{"@type":"SearchAction","target":{"@type":"EntryPoint","urlTemplate":"https:\/\/yhdistykset.vihreat.fi\/pietarsaaren.vihreat\/?s={search_term_string}"},"query-input":{"@type":"PropertyValueSpecification","valueRequired":true,"valueName":"search_term_string"}}],"inLanguage":"fi"},{"@type":"Organization","@id":"https:\/\/yhdistykset.vihreat.fi\/pietarsaaren.vihreat\/#organization","name":"Pietarsaaren Vihre\u00e4t - De Gr\u00f6na i Jakobstad","url":"https:\/\/yhdistykset.vihreat.fi\/pietarsaaren.vihreat\/","logo":{"@type":"ImageObject","inLanguage":"fi","@id":"https:\/\/yhdistykset.vihreat.fi\/pietarsaaren.vihreat\/#\/schema\/logo\/image\/","url":"https:\/\/yhdistykset.vihreat.fi\/pietarsaaren.vihreat\/files\/2023\/02\/Vihreat_Logo_HOR_RGB_FIN_SWE.png","contentUrl":"https:\/\/yhdistykset.vihreat.fi\/pietarsaaren.vihreat\/files\/2023\/02\/Vihreat_Logo_HOR_RGB_FIN_SWE.png","width":1162,"height":409,"caption":"Pietarsaaren Vihre\u00e4t - De Gr\u00f6na i Jakobstad"},"image":{"@id":"https:\/\/yhdistykset.vihreat.fi\/pietarsaaren.vihreat\/#\/schema\/logo\/image\/"},"sameAs":["https:\/\/www.facebook.com\/DeGrona","https:\/\/www.instagram.com\/vihreat_jeppis"]}]}},"_links":{"self":[{"href":"https:\/\/yhdistykset.vihreat.fi\/pietarsaaren.vihreat\/wp-json\/wp\/v2\/pages\/26532","targetHints":{"allow":["GET"]}}],"collection":[{"href":"https:\/\/yhdistykset.vihreat.fi\/pietarsaaren.vihreat\/wp-json\/wp\/v2\/pages"}],"about":[{"href":"https:\/\/yhdistykset.vihreat.fi\/pietarsaaren.vihreat\/wp-json\/wp\/v2\/types\/page"}],"author":[{"embeddable":true,"href":"https:\/\/yhdistykset.vihreat.fi\/pietarsaaren.vihreat\/wp-json\/wp\/v2\/users\/1021"}],"replies":[{"embeddable":true,"href":"https:\/\/yhdistykset.vihreat.fi\/pietarsaaren.vihreat\/wp-json\/wp\/v2\/comments?post=26532"}],"version-history":[{"count":1,"href":"https:\/\/yhdistykset.vihreat.fi\/pietarsaaren.vihreat\/wp-json\/wp\/v2\/pages\/26532\/revisions"}],"predecessor-version":[{"id":26533,"href":"https:\/\/yhdistykset.vihreat.fi\/pietarsaaren.vihreat\/wp-json\/wp\/v2\/pages\/26532\/revisions\/26533"}],"wp:attachment":[{"href":"https:\/\/yhdistykset.vihreat.fi\/pietarsaaren.vihreat\/wp-json\/wp\/v2\/media?parent=26532"}],"curies":[{"name":"wp","href":"https:\/\/api.w.org\/{rel}","templated":true}]}}