{"id":80,"date":"2012-05-20T15:55:49","date_gmt":"2012-05-20T13:55:49","guid":{"rendered":"https:\/\/yhdistykset.vihreat.fi\/pietarsaaren.vihreat\/?page_id=80"},"modified":"2025-02-03T12:04:10","modified_gmt":"2025-02-03T10:04:10","slug":"liity-jaseneksi","status":"publish","type":"page","link":"https:\/\/yhdistykset.vihreat.fi\/pietarsaaren.vihreat\/liity-jaseneksi\/","title":{"rendered":"Liity j\u00e4seneksi"},"content":{"rendered":"<p>De Gr\u00f6na i Jakobstad-Pietarsaaren Vihre\u00e4t toivottavat tervetulleeksi kaikki vihreit\u00e4 arvoja ja periaatteita kunnioittavat uudet j\u00e4senet.<\/p>\n<p>J\u00e4senmaksu 2025: 48 \u20ac<br \/>\nV\u00e4h\u00e4varaiset (opiskelijat, ty\u00f6tt\u00f6m\u00e4t, el\u00e4kel\u00e4iset, jne.): 18 \u20ac<br \/>\nJ\u00e4senmaksu koskee aina kuluvaa kalenterivuotta.<\/p>\n<p>De Gr\u00f6na i Jakobstad-Pietarsaaren Vihre\u00e4t rf:n\u00a0j\u00e4seneksi voit liitty\u00e4 suoraan Vihreiden valtakunnallisilla verkkosivuilla osoitteessa: <a href=\"https:\/\/asiointi.vihreat.fi\/liittymislomake\" target=\"_blank\" rel=\"noopener\">www.vihreat.fi\/liity<\/a><\/p>\n","protected":false},"excerpt":{"rendered":"<p>De Gr\u00f6na i Jakobstad-Pietarsaaren Vihre\u00e4t toivottavat tervetulleeksi kaikki vihreit\u00e4 arvoja ja periaatteita kunnioittavat uudet j\u00e4senet. J\u00e4senmaksu 2025: 48 \u20ac V\u00e4h\u00e4varaiset (opiskelijat, ty\u00f6tt\u00f6m\u00e4t, el\u00e4kel\u00e4iset, jne.): 18 \u20ac J\u00e4senmaksu koskee aina kuluvaa kalenterivuotta. De Gr\u00f6na i Jakobstad-Pietarsaaren Vihre\u00e4t rf:n\u00a0j\u00e4seneksi voit liitty\u00e4 suoraan Vihreiden valtakunnallisilla verkkosivuilla osoitteessa: www.vihreat.fi\/liity<\/p>\n","protected":false},"author":44,"featured_media":27133,"parent":0,"menu_order":0,"comment_status":"closed","ping_status":"closed","template":"","meta":{"_crdt_document":"","footnotes":""},"class_list":["post-80","page","type-page","status-publish","has-post-thumbnail","hentry"],"yoast_head":"<!-- This site is optimized with the Yoast SEO plugin v27.1.1 - https:\/\/yoast.com\/product\/yoast-seo-wordpress\/ -->\n<title>Liity j\u00e4seneksi - Pietarsaaren Vihre\u00e4t - De Gr\u00f6na i Jakobstad<\/title>\n<meta name=\"robots\" content=\"index, follow, max-snippet:-1, max-image-preview:large, max-video-preview:-1\" \/>\n<link rel=\"canonical\" href=\"https:\/\/yhdistykset.vihreat.fi\/pietarsaaren.vihreat\/liity-jaseneksi\/\" \/>\n<meta property=\"og:locale\" content=\"fi_FI\" \/>\n<meta property=\"og:type\" content=\"article\" \/>\n<meta property=\"og:title\" content=\"Liity j\u00e4seneksi - Pietarsaaren Vihre\u00e4t - De Gr\u00f6na i Jakobstad\" \/>\n<meta property=\"og:description\" content=\"De Gr\u00f6na i Jakobstad-Pietarsaaren Vihre\u00e4t toivottavat tervetulleeksi kaikki vihreit\u00e4 arvoja ja periaatteita kunnioittavat uudet j\u00e4senet. J\u00e4senmaksu 2025: 48 \u20ac V\u00e4h\u00e4varaiset (opiskelijat, ty\u00f6tt\u00f6m\u00e4t, el\u00e4kel\u00e4iset, jne.): 18 \u20ac J\u00e4senmaksu koskee aina kuluvaa kalenterivuotta. De Gr\u00f6na i Jakobstad-Pietarsaaren Vihre\u00e4t rf:n\u00a0j\u00e4seneksi voit liitty\u00e4 suoraan Vihreiden valtakunnallisilla verkkosivuilla osoitteessa: www.vihreat.fi\/liity\" \/>\n<meta property=\"og:url\" content=\"https:\/\/yhdistykset.vihreat.fi\/pietarsaaren.vihreat\/liity-jaseneksi\/\" \/>\n<meta property=\"og:site_name\" content=\"Pietarsaaren Vihre\u00e4t - De Gr\u00f6na i Jakobstad\" \/>\n<meta property=\"article:publisher\" content=\"https:\/\/www.facebook.com\/DeGrona\" \/>\n<meta property=\"article:modified_time\" content=\"2025-02-03T10:04:10+00:00\" \/>\n<meta property=\"og:image\" content=\"https:\/\/yhdistykset.vihreat.fi\/pietarsaaren.vihreat\/files\/2021\/12\/bli-medlem.jpg\" \/>\n\t<meta property=\"og:image:width\" content=\"640\" \/>\n\t<meta property=\"og:image:height\" content=\"480\" \/>\n\t<meta property=\"og:image:type\" content=\"image\/jpeg\" \/>\n<meta name=\"twitter:card\" content=\"summary_large_image\" \/>\n<meta name=\"twitter:label1\" content=\"Arvioitu lukuaika\" \/>\n\t<meta name=\"twitter:data1\" content=\"1 minuutti\" \/>\n<script type=\"application\/ld+json\" class=\"yoast-schema-graph\">{\"@context\":\"https:\/\/schema.org\",\"@graph\":[{\"@type\":\"WebPage\",\"@id\":\"https:\/\/yhdistykset.vihreat.fi\/pietarsaaren.vihreat\/liity-jaseneksi\/\",\"url\":\"https:\/\/yhdistykset.vihreat.fi\/pietarsaaren.vihreat\/liity-jaseneksi\/\",\"name\":\"Liity j\u00e4seneksi - Pietarsaaren Vihre\u00e4t - De Gr\u00f6na i Jakobstad\",\"isPartOf\":{\"@id\":\"https:\/\/yhdistykset.vihreat.fi\/pietarsaaren.vihreat\/#website\"},\"primaryImageOfPage\":{\"@id\":\"https:\/\/yhdistykset.vihreat.fi\/pietarsaaren.vihreat\/liity-jaseneksi\/#primaryimage\"},\"image\":{\"@id\":\"https:\/\/yhdistykset.vihreat.fi\/pietarsaaren.vihreat\/liity-jaseneksi\/#primaryimage\"},\"thumbnailUrl\":\"https:\/\/yhdistykset.vihreat.fi\/pietarsaaren.vihreat\/files\/2021\/12\/bli-medlem.jpg\",\"datePublished\":\"2012-05-20T13:55:49+00:00\",\"dateModified\":\"2025-02-03T10:04:10+00:00\",\"breadcrumb\":{\"@id\":\"https:\/\/yhdistykset.vihreat.fi\/pietarsaaren.vihreat\/liity-jaseneksi\/#breadcrumb\"},\"inLanguage\":\"fi\",\"potentialAction\":[{\"@type\":\"ReadAction\",\"target\":[\"https:\/\/yhdistykset.vihreat.fi\/pietarsaaren.vihreat\/liity-jaseneksi\/\"]}]},{\"@type\":\"ImageObject\",\"inLanguage\":\"fi\",\"@id\":\"https:\/\/yhdistykset.vihreat.fi\/pietarsaaren.vihreat\/liity-jaseneksi\/#primaryimage\",\"url\":\"https:\/\/yhdistykset.vihreat.fi\/pietarsaaren.vihreat\/files\/2021\/12\/bli-medlem.jpg\",\"contentUrl\":\"https:\/\/yhdistykset.vihreat.fi\/pietarsaaren.vihreat\/files\/2021\/12\/bli-medlem.jpg\",\"width\":640,\"height\":480,\"caption\":\"Bli medlem i De Gr\u00f6na\"},{\"@type\":\"BreadcrumbList\",\"@id\":\"https:\/\/yhdistykset.vihreat.fi\/pietarsaaren.vihreat\/liity-jaseneksi\/#breadcrumb\",\"itemListElement\":[{\"@type\":\"ListItem\",\"position\":1,\"name\":\"Home\",\"item\":\"https:\/\/yhdistykset.vihreat.fi\/pietarsaaren.vihreat\/\"},{\"@type\":\"ListItem\",\"position\":2,\"name\":\"Liity j\u00e4seneksi\"}]},{\"@type\":\"WebSite\",\"@id\":\"https:\/\/yhdistykset.vihreat.fi\/pietarsaaren.vihreat\/#website\",\"url\":\"https:\/\/yhdistykset.vihreat.fi\/pietarsaaren.vihreat\/\",\"name\":\"Pietarsaaren Vihre\u00e4t - De Gr\u00f6na i Jakobstad\",\"description\":\"N\u00e4yt\u00e4 luontosi ja \u00e4\u00e4nest\u00e4\",\"publisher\":{\"@id\":\"https:\/\/yhdistykset.vihreat.fi\/pietarsaaren.vihreat\/#organization\"},\"potentialAction\":[{\"@type\":\"SearchAction\",\"target\":{\"@type\":\"EntryPoint\",\"urlTemplate\":\"https:\/\/yhdistykset.vihreat.fi\/pietarsaaren.vihreat\/?s={search_term_string}\"},\"query-input\":{\"@type\":\"PropertyValueSpecification\",\"valueRequired\":true,\"valueName\":\"search_term_string\"}}],\"inLanguage\":\"fi\"},{\"@type\":\"Organization\",\"@id\":\"https:\/\/yhdistykset.vihreat.fi\/pietarsaaren.vihreat\/#organization\",\"name\":\"Pietarsaaren Vihre\u00e4t - De Gr\u00f6na i Jakobstad\",\"url\":\"https:\/\/yhdistykset.vihreat.fi\/pietarsaaren.vihreat\/\",\"logo\":{\"@type\":\"ImageObject\",\"inLanguage\":\"fi\",\"@id\":\"https:\/\/yhdistykset.vihreat.fi\/pietarsaaren.vihreat\/#\/schema\/logo\/image\/\",\"url\":\"https:\/\/yhdistykset.vihreat.fi\/pietarsaaren.vihreat\/files\/2023\/02\/Vihreat_Logo_HOR_RGB_FIN_SWE.png\",\"contentUrl\":\"https:\/\/yhdistykset.vihreat.fi\/pietarsaaren.vihreat\/files\/2023\/02\/Vihreat_Logo_HOR_RGB_FIN_SWE.png\",\"width\":1162,\"height\":409,\"caption\":\"Pietarsaaren Vihre\u00e4t - De Gr\u00f6na i Jakobstad\"},\"image\":{\"@id\":\"https:\/\/yhdistykset.vihreat.fi\/pietarsaaren.vihreat\/#\/schema\/logo\/image\/\"},\"sameAs\":[\"https:\/\/www.facebook.com\/DeGrona\",\"https:\/\/www.instagram.com\/vihreat_jeppis\"]}]}<\/script>\n<!-- \/ Yoast SEO plugin. -->","yoast_head_json":{"title":"Liity j\u00e4seneksi - Pietarsaaren Vihre\u00e4t - De Gr\u00f6na i Jakobstad","robots":{"index":"index","follow":"follow","max-snippet":"max-snippet:-1","max-image-preview":"max-image-preview:large","max-video-preview":"max-video-preview:-1"},"canonical":"https:\/\/yhdistykset.vihreat.fi\/pietarsaaren.vihreat\/liity-jaseneksi\/","og_locale":"fi_FI","og_type":"article","og_title":"Liity j\u00e4seneksi - Pietarsaaren Vihre\u00e4t - De Gr\u00f6na i Jakobstad","og_description":"De Gr\u00f6na i Jakobstad-Pietarsaaren Vihre\u00e4t toivottavat tervetulleeksi kaikki vihreit\u00e4 arvoja ja periaatteita kunnioittavat uudet j\u00e4senet. J\u00e4senmaksu 2025: 48 \u20ac V\u00e4h\u00e4varaiset (opiskelijat, ty\u00f6tt\u00f6m\u00e4t, el\u00e4kel\u00e4iset, jne.): 18 \u20ac J\u00e4senmaksu koskee aina kuluvaa kalenterivuotta. De Gr\u00f6na i Jakobstad-Pietarsaaren Vihre\u00e4t rf:n\u00a0j\u00e4seneksi voit liitty\u00e4 suoraan Vihreiden valtakunnallisilla verkkosivuilla osoitteessa: www.vihreat.fi\/liity","og_url":"https:\/\/yhdistykset.vihreat.fi\/pietarsaaren.vihreat\/liity-jaseneksi\/","og_site_name":"Pietarsaaren Vihre\u00e4t - De Gr\u00f6na i Jakobstad","article_publisher":"https:\/\/www.facebook.com\/DeGrona","article_modified_time":"2025-02-03T10:04:10+00:00","og_image":[{"width":640,"height":480,"url":"https:\/\/yhdistykset.vihreat.fi\/pietarsaaren.vihreat\/files\/2021\/12\/bli-medlem.jpg","type":"image\/jpeg"}],"twitter_card":"summary_large_image","twitter_misc":{"Arvioitu lukuaika":"1 minuutti"},"schema":{"@context":"https:\/\/schema.org","@graph":[{"@type":"WebPage","@id":"https:\/\/yhdistykset.vihreat.fi\/pietarsaaren.vihreat\/liity-jaseneksi\/","url":"https:\/\/yhdistykset.vihreat.fi\/pietarsaaren.vihreat\/liity-jaseneksi\/","name":"Liity j\u00e4seneksi - Pietarsaaren Vihre\u00e4t - De Gr\u00f6na i Jakobstad","isPartOf":{"@id":"https:\/\/yhdistykset.vihreat.fi\/pietarsaaren.vihreat\/#website"},"primaryImageOfPage":{"@id":"https:\/\/yhdistykset.vihreat.fi\/pietarsaaren.vihreat\/liity-jaseneksi\/#primaryimage"},"image":{"@id":"https:\/\/yhdistykset.vihreat.fi\/pietarsaaren.vihreat\/liity-jaseneksi\/#primaryimage"},"thumbnailUrl":"https:\/\/yhdistykset.vihreat.fi\/pietarsaaren.vihreat\/files\/2021\/12\/bli-medlem.jpg","datePublished":"2012-05-20T13:55:49+00:00","dateModified":"2025-02-03T10:04:10+00:00","breadcrumb":{"@id":"https:\/\/yhdistykset.vihreat.fi\/pietarsaaren.vihreat\/liity-jaseneksi\/#breadcrumb"},"inLanguage":"fi","potentialAction":[{"@type":"ReadAction","target":["https:\/\/yhdistykset.vihreat.fi\/pietarsaaren.vihreat\/liity-jaseneksi\/"]}]},{"@type":"ImageObject","inLanguage":"fi","@id":"https:\/\/yhdistykset.vihreat.fi\/pietarsaaren.vihreat\/liity-jaseneksi\/#primaryimage","url":"https:\/\/yhdistykset.vihreat.fi\/pietarsaaren.vihreat\/files\/2021\/12\/bli-medlem.jpg","contentUrl":"https:\/\/yhdistykset.vihreat.fi\/pietarsaaren.vihreat\/files\/2021\/12\/bli-medlem.jpg","width":640,"height":480,"caption":"Bli medlem i De Gr\u00f6na"},{"@type":"BreadcrumbList","@id":"https:\/\/yhdistykset.vihreat.fi\/pietarsaaren.vihreat\/liity-jaseneksi\/#breadcrumb","itemListElement":[{"@type":"ListItem","position":1,"name":"Home","item":"https:\/\/yhdistykset.vihreat.fi\/pietarsaaren.vihreat\/"},{"@type":"ListItem","position":2,"name":"Liity j\u00e4seneksi"}]},{"@type":"WebSite","@id":"https:\/\/yhdistykset.vihreat.fi\/pietarsaaren.vihreat\/#website","url":"https:\/\/yhdistykset.vihreat.fi\/pietarsaaren.vihreat\/","name":"Pietarsaaren Vihre\u00e4t - De Gr\u00f6na i Jakobstad","description":"N\u00e4yt\u00e4 luontosi ja \u00e4\u00e4nest\u00e4","publisher":{"@id":"https:\/\/yhdistykset.vihreat.fi\/pietarsaaren.vihreat\/#organization"},"potentialAction":[{"@type":"SearchAction","target":{"@type":"EntryPoint","urlTemplate":"https:\/\/yhdistykset.vihreat.fi\/pietarsaaren.vihreat\/?s={search_term_string}"},"query-input":{"@type":"PropertyValueSpecification","valueRequired":true,"valueName":"search_term_string"}}],"inLanguage":"fi"},{"@type":"Organization","@id":"https:\/\/yhdistykset.vihreat.fi\/pietarsaaren.vihreat\/#organization","name":"Pietarsaaren Vihre\u00e4t - De Gr\u00f6na i Jakobstad","url":"https:\/\/yhdistykset.vihreat.fi\/pietarsaaren.vihreat\/","logo":{"@type":"ImageObject","inLanguage":"fi","@id":"https:\/\/yhdistykset.vihreat.fi\/pietarsaaren.vihreat\/#\/schema\/logo\/image\/","url":"https:\/\/yhdistykset.vihreat.fi\/pietarsaaren.vihreat\/files\/2023\/02\/Vihreat_Logo_HOR_RGB_FIN_SWE.png","contentUrl":"https:\/\/yhdistykset.vihreat.fi\/pietarsaaren.vihreat\/files\/2023\/02\/Vihreat_Logo_HOR_RGB_FIN_SWE.png","width":1162,"height":409,"caption":"Pietarsaaren Vihre\u00e4t - De Gr\u00f6na i Jakobstad"},"image":{"@id":"https:\/\/yhdistykset.vihreat.fi\/pietarsaaren.vihreat\/#\/schema\/logo\/image\/"},"sameAs":["https:\/\/www.facebook.com\/DeGrona","https:\/\/www.instagram.com\/vihreat_jeppis"]}]}},"_links":{"self":[{"href":"https:\/\/yhdistykset.vihreat.fi\/pietarsaaren.vihreat\/wp-json\/wp\/v2\/pages\/80","targetHints":{"allow":["GET"]}}],"collection":[{"href":"https:\/\/yhdistykset.vihreat.fi\/pietarsaaren.vihreat\/wp-json\/wp\/v2\/pages"}],"about":[{"href":"https:\/\/yhdistykset.vihreat.fi\/pietarsaaren.vihreat\/wp-json\/wp\/v2\/types\/page"}],"author":[{"embeddable":true,"href":"https:\/\/yhdistykset.vihreat.fi\/pietarsaaren.vihreat\/wp-json\/wp\/v2\/users\/44"}],"replies":[{"embeddable":true,"href":"https:\/\/yhdistykset.vihreat.fi\/pietarsaaren.vihreat\/wp-json\/wp\/v2\/comments?post=80"}],"version-history":[{"count":22,"href":"https:\/\/yhdistykset.vihreat.fi\/pietarsaaren.vihreat\/wp-json\/wp\/v2\/pages\/80\/revisions"}],"predecessor-version":[{"id":27757,"href":"https:\/\/yhdistykset.vihreat.fi\/pietarsaaren.vihreat\/wp-json\/wp\/v2\/pages\/80\/revisions\/27757"}],"wp:featuredmedia":[{"embeddable":true,"href":"https:\/\/yhdistykset.vihreat.fi\/pietarsaaren.vihreat\/wp-json\/wp\/v2\/media\/27133"}],"wp:attachment":[{"href":"https:\/\/yhdistykset.vihreat.fi\/pietarsaaren.vihreat\/wp-json\/wp\/v2\/media?parent=80"}],"curies":[{"name":"wp","href":"https:\/\/api.w.org\/{rel}","templated":true}]}}