{"id":286,"date":"2021-05-23T16:13:26","date_gmt":"2021-05-23T13:13:26","guid":{"rendered":"https:\/\/yhdistykset.vihreat.fi\/raaseporin.vihreat\/?page_id=286"},"modified":"2023-01-10T12:26:49","modified_gmt":"2023-01-10T10:26:49","slug":"ira-donner","status":"publish","type":"page","link":"https:\/\/yhdistykset.vihreat.fi\/raaseporin.vihreat\/arkisto\/kuntavaalit-kommunalval-2021\/ira-donner\/","title":{"rendered":"Ira Donner"},"content":{"rendered":"<p><img loading=\"lazy\" decoding=\"async\" class=\"alignnone size-medium wp-image-302\" src=\"https:\/\/yhdistykset.vihreat.fi\/raaseporin.vihreat\/files\/2021\/05\/ira-donner-3-300x300.jpg\" alt=\"Ira Donner\" width=\"300\" height=\"300\" srcset=\"https:\/\/yhdistykset.vihreat.fi\/raaseporin.vihreat\/files\/2021\/05\/ira-donner-3-300x300.jpg 300w, https:\/\/yhdistykset.vihreat.fi\/raaseporin.vihreat\/files\/2021\/05\/ira-donner-3-1024x1024.jpg 1024w, https:\/\/yhdistykset.vihreat.fi\/raaseporin.vihreat\/files\/2021\/05\/ira-donner-3-150x150.jpg 150w, https:\/\/yhdistykset.vihreat.fi\/raaseporin.vihreat\/files\/2021\/05\/ira-donner-3-768x768.jpg 768w, https:\/\/yhdistykset.vihreat.fi\/raaseporin.vihreat\/files\/2021\/05\/ira-donner-3.jpg 1281w\" sizes=\"auto, (max-width: 300px) 100vw, 300px\" \/><\/p>\n<p>Fil.mag., pensionerad l\u00e4rare, \u00f6vers\u00e4ttare<\/p>\n<p>Bor i Jomalvik \u2013 i skogen, vid havet.<\/p>\n<p>Bott h\u00e4r i snart 40 \u00e5r. Kommunalpolitiker i 25 \u00e5r. Aktiv i Emmausr\u00f6relsen i 20 \u00e5r. Fyra barn och sju barnbarn, alla Helsingforsbor.<\/p>\n<p>Jag tror p\u00e5 m\u00e4nniskans m\u00f6jligheter, p\u00e5 arternas och kulturens m\u00e5ngfald, p\u00e5 v\u00e5gade l\u00f6sningar och f\u00f6rnuftiga kompromisser. Men: i milj\u00f6fr\u00e5gor kompromissar jag inte.<\/p>\n<p>B\u00e4sta v\u00e4nner, klimatf\u00f6r\u00e4ndringen sker som b\u00e4st &#8211; ocks\u00e5 i Raseborg!<\/p>\n<p>Gillar spr\u00e5k, skogsmilj\u00f6er, yoga och vinterbad. Klarar mej inte utan b\u00f6cker. Gillar inte missunsamhet, mygel och fr\u00e4mlingsfientlighet.<\/p>\n<p>***<\/p>\n<p>Fil. maist., el\u00e4kkeell\u00e4 oleva opettaja, k\u00e4\u00e4nt\u00e4j\u00e4<\/p>\n<p>Asun Jomalvikiss\u00e4 \u2013 mets\u00e4ss\u00e4, meren rannalla<\/p>\n<p>Asunut t\u00e4\u00e4ll\u00e4 pian 40 vuotta. Mukana kunnallispolitiikassa 25 vuotta. Emmaus-liikkeen aktiivi 20 vuotta. Nelj\u00e4 lasta ja seitsem\u00e4n lastenlasta, kaikki asuvat Helsingiss\u00e4.<\/p>\n<p>Uskon ihmisen mahdollisuuksiin, lajien ja kulttuurin monimuotoisuuteen, punnittuihin ratkaisuihin ja j\u00e4rkeviin kompromisseihin. Mutta: ymp\u00e4rist\u00f6kysymyksiss\u00e4 en tee kompromisseja.<\/p>\n<p>Hyv\u00e4t yst\u00e4v\u00e4t: k\u00e4ynniss\u00e4 on ilmastonmuutos \u2013 my\u00f6s Raaseporissa!<\/p>\n<p>Olen kiinnostunut kielist\u00e4, pid\u00e4n mets\u00e4st\u00e4, joogasta ja talviuinnista. En p\u00e4rj\u00e4\u00e4 ilman kirjoja. En hyv\u00e4ksy pahantahtoisuutta, k\u00e4hmint\u00e4\u00e4 enk\u00e4 muukalaisvihamielisyytt\u00e4.<\/p>\n","protected":false},"excerpt":{"rendered":"<p>Fil.mag., pensionerad l\u00e4rare, \u00f6vers\u00e4ttare Bor i Jomalvik \u2013 i skogen, vid havet. Bott h\u00e4r i snart 40 \u00e5r. Kommunalpolitiker i 25 \u00e5r. Aktiv i Emmausr\u00f6relsen i 20 \u00e5r. Fyra barn och sju barnbarn, alla Helsingforsbor. Jag tror p\u00e5 m\u00e4nniskans m\u00f6jligheter, p\u00e5 arternas och kulturens m\u00e5ngfald, p\u00e5 v\u00e5gade l\u00f6sningar och f\u00f6rnuftiga kompromisser. Men: i milj\u00f6fr\u00e5gor kompromissar [&hellip;]<\/p>\n","protected":false},"author":633,"featured_media":0,"parent":242,"menu_order":1,"comment_status":"closed","ping_status":"closed","template":"","meta":{"footnotes":""},"class_list":["post-286","page","type-page","status-publish","hentry"],"_links":{"self":[{"href":"https:\/\/yhdistykset.vihreat.fi\/raaseporin.vihreat\/wp-json\/wp\/v2\/pages\/286","targetHints":{"allow":["GET"]}}],"collection":[{"href":"https:\/\/yhdistykset.vihreat.fi\/raaseporin.vihreat\/wp-json\/wp\/v2\/pages"}],"about":[{"href":"https:\/\/yhdistykset.vihreat.fi\/raaseporin.vihreat\/wp-json\/wp\/v2\/types\/page"}],"author":[{"embeddable":true,"href":"https:\/\/yhdistykset.vihreat.fi\/raaseporin.vihreat\/wp-json\/wp\/v2\/users\/633"}],"replies":[{"embeddable":true,"href":"https:\/\/yhdistykset.vihreat.fi\/raaseporin.vihreat\/wp-json\/wp\/v2\/comments?post=286"}],"version-history":[{"count":2,"href":"https:\/\/yhdistykset.vihreat.fi\/raaseporin.vihreat\/wp-json\/wp\/v2\/pages\/286\/revisions"}],"predecessor-version":[{"id":303,"href":"https:\/\/yhdistykset.vihreat.fi\/raaseporin.vihreat\/wp-json\/wp\/v2\/pages\/286\/revisions\/303"}],"up":[{"embeddable":true,"href":"https:\/\/yhdistykset.vihreat.fi\/raaseporin.vihreat\/wp-json\/wp\/v2\/pages\/242"}],"wp:attachment":[{"href":"https:\/\/yhdistykset.vihreat.fi\/raaseporin.vihreat\/wp-json\/wp\/v2\/media?parent=286"}],"curies":[{"name":"wp","href":"https:\/\/api.w.org\/{rel}","templated":true}]}}