{"id":312,"date":"2021-05-23T16:18:27","date_gmt":"2021-05-23T13:18:27","guid":{"rendered":"https:\/\/yhdistykset.vihreat.fi\/raaseporin.vihreat\/?page_id=312"},"modified":"2023-01-10T12:27:34","modified_gmt":"2023-01-10T10:27:34","slug":"bjarne-holmstrom","status":"publish","type":"page","link":"https:\/\/yhdistykset.vihreat.fi\/raaseporin.vihreat\/arkisto\/kuntavaalit-kommunalval-2021\/bjarne-holmstrom\/","title":{"rendered":"Bjarne Holmstr\u00f6m"},"content":{"rendered":"<p><img loading=\"lazy\" decoding=\"async\" class=\"alignnone size-medium wp-image-305\" src=\"https:\/\/yhdistykset.vihreat.fi\/raaseporin.vihreat\/files\/2021\/05\/bjarne-holmstrom-300x300.jpg\" alt=\"Bjarne Holmstr\u00f6m\" width=\"300\" height=\"300\" srcset=\"https:\/\/yhdistykset.vihreat.fi\/raaseporin.vihreat\/files\/2021\/05\/bjarne-holmstrom-300x300.jpg 300w, https:\/\/yhdistykset.vihreat.fi\/raaseporin.vihreat\/files\/2021\/05\/bjarne-holmstrom-1024x1024.jpg 1024w, https:\/\/yhdistykset.vihreat.fi\/raaseporin.vihreat\/files\/2021\/05\/bjarne-holmstrom-150x150.jpg 150w, https:\/\/yhdistykset.vihreat.fi\/raaseporin.vihreat\/files\/2021\/05\/bjarne-holmstrom-768x768.jpg 768w, https:\/\/yhdistykset.vihreat.fi\/raaseporin.vihreat\/files\/2021\/05\/bjarne-holmstrom.jpg 1281w\" sizes=\"auto, (max-width: 300px) 100vw, 300px\" \/><\/p>\n<p>\u00c4ldre kriminalkonstapel<br \/>\nVanhempi rikoskonstaapeli<br \/>\nEken\u00e4s, Tammisaari<\/p>\n<p>Maskinteknikern som blev polis och flyttade till Eken\u00e4s, Raseborg 1992, Snappertuna sommarbo sedan 1970. En son, inga barnbarn &#8230; \u00e4nnu.<\/p>\n<p>Trivs p\u00e5 landet, \u00e4r en vandrare, vinterbadare som g\u00e4rna reser.<\/p>\n<p>Med en h\u00e5llbar utveckling bevarar vi naturen ocks\u00e5 f\u00f6r kommande generationer.<\/p>\n<p>***<\/p>\n<p>Olen koneteknikko, josta tuli poliisi. Olen asunut Tammisaaressa, Raaseporissa vuodesta 1992 ja snappertunalainen kes\u00e4asukas olen 1970-luvulta l\u00e4htien. Yksi poika, ei lapsenlapsia &#8230; viel\u00e4.<\/p>\n<p>Viihdyn maalla, olen vaeltaja ja talviuimari, joka mielell\u00e4\u00e4n matkustaa. Kest\u00e4v\u00e4n kehityksen avulla mahdollistamme luonnon s\u00e4ilytt\u00e4misen my\u00f6s tuleville sukupolville.<\/p>\n","protected":false},"excerpt":{"rendered":"<p>\u00c4ldre kriminalkonstapel Vanhempi rikoskonstaapeli Eken\u00e4s, Tammisaari Maskinteknikern som blev polis och flyttade till Eken\u00e4s, Raseborg 1992, Snappertuna sommarbo sedan 1970. En son, inga barnbarn &#8230; \u00e4nnu. Trivs p\u00e5 landet, \u00e4r en vandrare, vinterbadare som g\u00e4rna reser. Med en h\u00e5llbar utveckling bevarar vi naturen ocks\u00e5 f\u00f6r kommande generationer. *** Olen koneteknikko, josta tuli poliisi. Olen asunut [&hellip;]<\/p>\n","protected":false},"author":633,"featured_media":0,"parent":242,"menu_order":3,"comment_status":"closed","ping_status":"closed","template":"","meta":{"footnotes":""},"class_list":["post-312","page","type-page","status-publish","hentry"],"_links":{"self":[{"href":"https:\/\/yhdistykset.vihreat.fi\/raaseporin.vihreat\/wp-json\/wp\/v2\/pages\/312","targetHints":{"allow":["GET"]}}],"collection":[{"href":"https:\/\/yhdistykset.vihreat.fi\/raaseporin.vihreat\/wp-json\/wp\/v2\/pages"}],"about":[{"href":"https:\/\/yhdistykset.vihreat.fi\/raaseporin.vihreat\/wp-json\/wp\/v2\/types\/page"}],"author":[{"embeddable":true,"href":"https:\/\/yhdistykset.vihreat.fi\/raaseporin.vihreat\/wp-json\/wp\/v2\/users\/633"}],"replies":[{"embeddable":true,"href":"https:\/\/yhdistykset.vihreat.fi\/raaseporin.vihreat\/wp-json\/wp\/v2\/comments?post=312"}],"version-history":[{"count":1,"href":"https:\/\/yhdistykset.vihreat.fi\/raaseporin.vihreat\/wp-json\/wp\/v2\/pages\/312\/revisions"}],"predecessor-version":[{"id":313,"href":"https:\/\/yhdistykset.vihreat.fi\/raaseporin.vihreat\/wp-json\/wp\/v2\/pages\/312\/revisions\/313"}],"up":[{"embeddable":true,"href":"https:\/\/yhdistykset.vihreat.fi\/raaseporin.vihreat\/wp-json\/wp\/v2\/pages\/242"}],"wp:attachment":[{"href":"https:\/\/yhdistykset.vihreat.fi\/raaseporin.vihreat\/wp-json\/wp\/v2\/media?parent=312"}],"curies":[{"name":"wp","href":"https:\/\/api.w.org\/{rel}","templated":true}]}}