{"id":316,"date":"2021-05-23T16:21:32","date_gmt":"2021-05-23T13:21:32","guid":{"rendered":"https:\/\/yhdistykset.vihreat.fi\/raaseporin.vihreat\/?page_id=316"},"modified":"2023-01-10T12:27:42","modified_gmt":"2023-01-10T10:27:42","slug":"martti-immonen","status":"publish","type":"page","link":"https:\/\/yhdistykset.vihreat.fi\/raaseporin.vihreat\/arkisto\/kuntavaalit-kommunalval-2021\/martti-immonen\/","title":{"rendered":"Martti Immonen"},"content":{"rendered":"<p><img loading=\"lazy\" decoding=\"async\" class=\"alignnone size-medium wp-image-307\" src=\"https:\/\/yhdistykset.vihreat.fi\/raaseporin.vihreat\/files\/2021\/05\/martti-immonen-300x300.jpg\" alt=\"Martti Immonen\" width=\"300\" height=\"300\" srcset=\"https:\/\/yhdistykset.vihreat.fi\/raaseporin.vihreat\/files\/2021\/05\/martti-immonen-300x300.jpg 300w, https:\/\/yhdistykset.vihreat.fi\/raaseporin.vihreat\/files\/2021\/05\/martti-immonen-1024x1024.jpg 1024w, https:\/\/yhdistykset.vihreat.fi\/raaseporin.vihreat\/files\/2021\/05\/martti-immonen-150x150.jpg 150w, https:\/\/yhdistykset.vihreat.fi\/raaseporin.vihreat\/files\/2021\/05\/martti-immonen-768x768.jpg 768w, https:\/\/yhdistykset.vihreat.fi\/raaseporin.vihreat\/files\/2021\/05\/martti-immonen.jpg 1281w\" sizes=\"auto, (max-width: 300px) 100vw, 300px\" \/><\/p>\n<p>El\u00e4kkeell\u00e4 oleva merimies\/ pensionerad sj\u00f6man<\/p>\n<p>Karjaa\/Karis<\/p>\n<p>Toimin k\u00e4r\u00e4j\u00e4oikeudessa lautamiehen\u00e4. Olen monenlaisista asioista kiinnostunut. Edelleen utelias ja pyrin oppimaan jotain uutta p\u00e4ivitt\u00e4in. Luova ajattelija ja tekij\u00e4. Liikuntaesteinen ja kiirehdin hitaammin \u2013 enn\u00e4t\u00e4n enemm\u00e4n.<\/p>\n<p>Innostun ongelmien ratkaisemisesta, kryptojen tekemisest\u00e4, musiikista ja auttamisesta. Harmistun ep\u00e4rehellisyydest\u00e4 ja siit\u00e4 suunnasta jolla hyvinvointiyhteiskuntaa heikennet\u00e4\u00e4n. En pid\u00e4 luokittelusta, sill\u00e4 jokainen on yht\u00e4 arvokas. Harrastan lukemista, musiikkia ja pid\u00e4n edelleen euroviisuista joiden parissa toimittu rajojen ulkopuolellakin vuodesta 1971 l\u00e4htien.<\/p>\n<p>Raasepori on t\u00e4ynn\u00e4 mahdollisuuksia,uusia ja vanhoja. Raasepori on my\u00f6s tienhaarassa niin taloudessa, sote-asioissa kuin ilmastonmuutoksen puolella.<\/p>\n<p>***<\/p>\n<p>Jag verkar sen m\u00e5nga \u00e5r tillbaka som n\u00e4mndeman i tingsr\u00e4tten. \u00c4r intresserad av m\u00e5ngt och mycket, fortfarande nyfiken och str\u00e4var att l\u00e4ra mej n\u00e5got nytt varje dag. T\u00e4nker och handlar kreativt. R\u00f6relsehindrad och skyndar l\u00e5ngsammare \u2013 hinner med mera.<\/p>\n<p>Jag gillar att l\u00f6sa problem och krypton, musik och att hj\u00e4lpa andra. Jag gillar inte ohederlighet och hur v\u00e5rt v\u00e4lf\u00e4rdssamh\u00e4lle f\u00f6rsvagas. Och jag gillar inte rangordning \u2013 alla m\u00e4nniskor \u00e4r lika v\u00e4rda. L\u00e4sning och musik h\u00f6r till mina fr\u00e4msta intressen &#8211; och Eurovisionen gillar jag fortfarande; har f\u00f6ljt med dem sen 1971, ocks\u00e5 utanf\u00f6r landets gr\u00e4nser.<\/p>\n<p>Raseborg \u00e4r fullt av m\u00f6jligheter, nya och gamla. Vi st\u00e5r ocks\u00e5 inf\u00f6r ett v\u00e4gsk\u00e4l i fr\u00e5ga om ekonomi, sote och klimatf\u00f6r\u00e4ndringen.<\/p>\n","protected":false},"excerpt":{"rendered":"<p>El\u00e4kkeell\u00e4 oleva merimies\/ pensionerad sj\u00f6man Karjaa\/Karis Toimin k\u00e4r\u00e4j\u00e4oikeudessa lautamiehen\u00e4. Olen monenlaisista asioista kiinnostunut. Edelleen utelias ja pyrin oppimaan jotain uutta p\u00e4ivitt\u00e4in. Luova ajattelija ja tekij\u00e4. Liikuntaesteinen ja kiirehdin hitaammin \u2013 enn\u00e4t\u00e4n enemm\u00e4n. Innostun ongelmien ratkaisemisesta, kryptojen tekemisest\u00e4, musiikista ja auttamisesta. Harmistun ep\u00e4rehellisyydest\u00e4 ja siit\u00e4 suunnasta jolla hyvinvointiyhteiskuntaa heikennet\u00e4\u00e4n. En pid\u00e4 luokittelusta, sill\u00e4 jokainen on yht\u00e4 [&hellip;]<\/p>\n","protected":false},"author":633,"featured_media":0,"parent":242,"menu_order":4,"comment_status":"closed","ping_status":"closed","template":"","meta":{"footnotes":""},"class_list":["post-316","page","type-page","status-publish","hentry"],"_links":{"self":[{"href":"https:\/\/yhdistykset.vihreat.fi\/raaseporin.vihreat\/wp-json\/wp\/v2\/pages\/316","targetHints":{"allow":["GET"]}}],"collection":[{"href":"https:\/\/yhdistykset.vihreat.fi\/raaseporin.vihreat\/wp-json\/wp\/v2\/pages"}],"about":[{"href":"https:\/\/yhdistykset.vihreat.fi\/raaseporin.vihreat\/wp-json\/wp\/v2\/types\/page"}],"author":[{"embeddable":true,"href":"https:\/\/yhdistykset.vihreat.fi\/raaseporin.vihreat\/wp-json\/wp\/v2\/users\/633"}],"replies":[{"embeddable":true,"href":"https:\/\/yhdistykset.vihreat.fi\/raaseporin.vihreat\/wp-json\/wp\/v2\/comments?post=316"}],"version-history":[{"count":1,"href":"https:\/\/yhdistykset.vihreat.fi\/raaseporin.vihreat\/wp-json\/wp\/v2\/pages\/316\/revisions"}],"predecessor-version":[{"id":317,"href":"https:\/\/yhdistykset.vihreat.fi\/raaseporin.vihreat\/wp-json\/wp\/v2\/pages\/316\/revisions\/317"}],"up":[{"embeddable":true,"href":"https:\/\/yhdistykset.vihreat.fi\/raaseporin.vihreat\/wp-json\/wp\/v2\/pages\/242"}],"wp:attachment":[{"href":"https:\/\/yhdistykset.vihreat.fi\/raaseporin.vihreat\/wp-json\/wp\/v2\/media?parent=316"}],"curies":[{"name":"wp","href":"https:\/\/api.w.org\/{rel}","templated":true}]}}