{"id":331,"date":"2021-05-23T16:33:16","date_gmt":"2021-05-23T13:33:16","guid":{"rendered":"https:\/\/yhdistykset.vihreat.fi\/raaseporin.vihreat\/?page_id=331"},"modified":"2023-01-10T12:28:13","modified_gmt":"2023-01-10T10:28:13","slug":"kennet-lindholm","status":"publish","type":"page","link":"https:\/\/yhdistykset.vihreat.fi\/raaseporin.vihreat\/arkisto\/kuntavaalit-kommunalval-2021\/kennet-lindholm\/","title":{"rendered":"Kennet Lindholm"},"content":{"rendered":"<p><img loading=\"lazy\" decoding=\"async\" class=\"alignnone size-medium wp-image-323\" src=\"https:\/\/yhdistykset.vihreat.fi\/raaseporin.vihreat\/files\/2021\/05\/Kennet-Lindholm-300x300.jpg\" alt=\"Kennet Lindholm\" width=\"300\" height=\"300\" srcset=\"https:\/\/yhdistykset.vihreat.fi\/raaseporin.vihreat\/files\/2021\/05\/Kennet-Lindholm-300x300.jpg 300w, https:\/\/yhdistykset.vihreat.fi\/raaseporin.vihreat\/files\/2021\/05\/Kennet-Lindholm-1024x1024.jpg 1024w, https:\/\/yhdistykset.vihreat.fi\/raaseporin.vihreat\/files\/2021\/05\/Kennet-Lindholm-150x150.jpg 150w, https:\/\/yhdistykset.vihreat.fi\/raaseporin.vihreat\/files\/2021\/05\/Kennet-Lindholm-768x768.jpg 768w, https:\/\/yhdistykset.vihreat.fi\/raaseporin.vihreat\/files\/2021\/05\/Kennet-Lindholm.jpg 1281w\" sizes=\"auto, (max-width: 300px) 100vw, 300px\" \/><\/p>\n<p>IT (Informations- och kommunikationsteknik)<br \/>\nTieto- ja Viestint\u00e4teknologia<br \/>\nKaris, Karjaa<\/p>\n<p>62-\u00e5ring fr\u00e5n Karis med 5 barn och 2 barnbarn. Statlig tj\u00e4nsteman p\u00e5 Valtori som intresserar sig f\u00f6r Teater, Kultur, Sport Film, Br\u00e4dspel, Dataspel och allt m\u00f6jligt annat. Aktiv medlem i den finska Science Fiction fandomen och har ordnat bla. festival f\u00f6r d\u00e5liga sk\u00e4mt. St\u00e5tt p\u00e5 scenen h\u00e4r i Raseborg en del och forts\u00e4tter med det.<\/p>\n<p>Dr\u00f6mmer om ett Raseborg d\u00e4r \u00e4ven barn och barnbarn vill bo och leva och njuta av den fantastiska naturen och djurlivet som finns h\u00e4r i V\u00e4stra Nyland. En av Raseborgs rikedomar \u00e4r landsbygden och glesbygden. Vi skall se till att det \u00e4r m\u00f6jligt att bo d\u00e4r \u00e4ven I forts\u00e4ttningen.<\/p>\n<p>***<\/p>\n<p>Olen 62-vuotias mies, jolla on 2 lastenlasta ja 5 lasta, joista kukaan ei en\u00e4\u00e4 asu kotona. Teen t\u00f6it\u00e4 valtiolle. Harrastuksiani ovat teatteri, kulttuuri, urheilu, elokuvat, lautapelit, tietokonepelit ja paljon muuta, mit\u00e4 milloinkin p\u00e4\u00e4h\u00e4n p\u00e4lk\u00e4ht\u00e4\u00e4. Olen aktiivinen j\u00e4sen suomalaisessa Science Fiction fandomissa ja olen j\u00e4rjest\u00e4nyt muutaman tapahtuman t\u00e4nne Raaseporiin. (mm. huonojen vitsien festivaalin) Olen noussut n\u00e4ytt\u00e4m\u00f6lle muutaman kerran paikallisessa teatterissa ja odotan innolla tulevia tuotantoja.<\/p>\n<p>Uneksin Raaseporista, miss\u00e4 lapset ja lapsenlapset haluavat el\u00e4\u00e4 ja nauttia t\u00e4st\u00e4 fantastisesta luonnosta ja el\u00e4imist\u00e4, mit\u00e4 meill\u00e4 on Suomessa ja varsinkin t\u00e4\u00e4ll\u00e4 L\u00e4nsi-Uudellamaalla. Lapset ja nuoret ovat meid\u00e4n tulevaisuutemme. Sit\u00e4 emme saa unohtaa. Maaseutu ja haja-asutusalueet ovat my\u00f6s Raaseporin rikkaus. Pidet\u00e4\u00e4n huolta, ett\u00e4 molemmissa on mahdollista asua my\u00f6s tulevaisuudessa.<\/p>\n","protected":false},"excerpt":{"rendered":"<p>IT (Informations- och kommunikationsteknik) Tieto- ja Viestint\u00e4teknologia Karis, Karjaa 62-\u00e5ring fr\u00e5n Karis med 5 barn och 2 barnbarn. Statlig tj\u00e4nsteman p\u00e5 Valtori som intresserar sig f\u00f6r Teater, Kultur, Sport Film, Br\u00e4dspel, Dataspel och allt m\u00f6jligt annat. Aktiv medlem i den finska Science Fiction fandomen och har ordnat bla. festival f\u00f6r d\u00e5liga sk\u00e4mt. St\u00e5tt p\u00e5 scenen [&hellip;]<\/p>\n","protected":false},"author":633,"featured_media":0,"parent":242,"menu_order":8,"comment_status":"closed","ping_status":"closed","template":"","meta":{"footnotes":""},"class_list":["post-331","page","type-page","status-publish","hentry"],"_links":{"self":[{"href":"https:\/\/yhdistykset.vihreat.fi\/raaseporin.vihreat\/wp-json\/wp\/v2\/pages\/331","targetHints":{"allow":["GET"]}}],"collection":[{"href":"https:\/\/yhdistykset.vihreat.fi\/raaseporin.vihreat\/wp-json\/wp\/v2\/pages"}],"about":[{"href":"https:\/\/yhdistykset.vihreat.fi\/raaseporin.vihreat\/wp-json\/wp\/v2\/types\/page"}],"author":[{"embeddable":true,"href":"https:\/\/yhdistykset.vihreat.fi\/raaseporin.vihreat\/wp-json\/wp\/v2\/users\/633"}],"replies":[{"embeddable":true,"href":"https:\/\/yhdistykset.vihreat.fi\/raaseporin.vihreat\/wp-json\/wp\/v2\/comments?post=331"}],"version-history":[{"count":1,"href":"https:\/\/yhdistykset.vihreat.fi\/raaseporin.vihreat\/wp-json\/wp\/v2\/pages\/331\/revisions"}],"predecessor-version":[{"id":332,"href":"https:\/\/yhdistykset.vihreat.fi\/raaseporin.vihreat\/wp-json\/wp\/v2\/pages\/331\/revisions\/332"}],"up":[{"embeddable":true,"href":"https:\/\/yhdistykset.vihreat.fi\/raaseporin.vihreat\/wp-json\/wp\/v2\/pages\/242"}],"wp:attachment":[{"href":"https:\/\/yhdistykset.vihreat.fi\/raaseporin.vihreat\/wp-json\/wp\/v2\/media?parent=331"}],"curies":[{"name":"wp","href":"https:\/\/api.w.org\/{rel}","templated":true}]}}