{"id":582,"date":"2025-03-16T17:50:12","date_gmt":"2025-03-16T15:50:12","guid":{"rendered":"https:\/\/yhdistykset.vihreat.fi\/raaseporin.vihreat\/?page_id=582"},"modified":"2025-03-24T23:58:47","modified_gmt":"2025-03-24T21:58:47","slug":"ehdokkaat-2025-kandidater-2025","status":"publish","type":"page","link":"https:\/\/yhdistykset.vihreat.fi\/raaseporin.vihreat\/vaalit-val-2025\/ehdokkaat-2025-kandidater-2025\/","title":{"rendered":"Ehdokkaat 2025 \u2013 Kandidater 2025"},"content":{"rendered":"<p><strong>Raaseporin Vihreill\u00e4 on kev\u00e4\u00e4n 2025 kuntavaaleissa 19 ehdokasta, joista osa on my\u00f6s aluevaaleissa ehdolla. Raseborgs Gr\u00f6na har 19 kandidater i kommunalvalet 2025, av vilka en del ocks\u00e5 kandidater i v\u00e4lf\u00e4rdsomr\u00e5desvalet.<br \/>\n<\/strong><\/p>\n<p><strong><a href=\"https:\/\/yhdistykset.vihreat.fi\/raaseporin.vihreat\/vaalit-val-2025\/ehdokkaat-2025-kandidater-2025\/hermanni-backer-johnsen\/\">Hermanni Backer Johnsen<\/a>, <\/strong>FT, FD, director<\/p>\n<p><strong><a href=\"https:\/\/yhdistykset.vihreat.fi\/raaseporin.vihreat\/vaalit-val-2025\/ehdokkaat-2025-kandidater-2025\/ira-donner\/\">Ira Donner<\/a>, <\/strong>pension\u00e4r, el\u00e4kel\u00e4inen, FM<\/p>\n<p><strong><a href=\"https:\/\/yhdistykset.vihreat.fi\/raaseporin.vihreat\/vaalit-val-2025\/ehdokkaat-2025-kandidater-2025\/martti-immonen\/\">Martti Immonen<\/a>, <\/strong>el\u00e4kel\u00e4inen, pension\u00e4r <em>(my\u00f6s aluevaaliehdokas, ocks\u00e5 kandidat i v\u00e4lf\u00e4rdsomr\u00e5desvalet)<\/em><\/p>\n<p><a href=\"https:\/\/yhdistykset.vihreat.fi\/raaseporin.vihreat\/vaalit-val-2025\/ehdokkaat-2025-kandidater-2025\/susanna-kankare\/\"><strong>Susanna Kankare<\/strong><\/a>, yritt\u00e4j\u00e4, yhteis\u00f6pedagogi, f\u00f6retagare, samh\u00e4llspedagog <em>(my\u00f6s aluevaaliehdokas, ocks\u00e5 kandidat i v\u00e4lf\u00e4rdsomr\u00e5desvalet)<\/em><\/p>\n<p><strong><a href=\"https:\/\/yhdistykset.vihreat.fi\/raaseporin.vihreat\/vaalit-val-2025\/ehdokkaat-2025-kandidater-2025\/tanja-konttinen\/\">Tanja Konttinen<\/a>, <\/strong>toimitussihteeri, redaktionssekreterare<\/p>\n<p><a href=\"https:\/\/yhdistykset.vihreat.fi\/raaseporin.vihreat\/vaalit-val-2025\/ehdokkaat-2025-kandidater-2025\/kennet-lindholm\/\"><strong>Kennet Lindholm<\/strong><\/a>, ICT-specialist<\/p>\n<p><strong><a href=\"https:\/\/yhdistykset.vihreat.fi\/raaseporin.vihreat\/vaalit-val-2025\/ehdokkaat-2025-kandidater-2025\/kirsi-lindroos-sit\/\">Kirsi Lindroos<\/a>, <\/strong>johtaja, KM, direkt\u00f6r, PeM<\/p>\n<p><strong><a href=\"https:\/\/yhdistykset.vihreat.fi\/raaseporin.vihreat\/vaalit-val-2025\/ehdokkaat-2025-kandidater-2025\/tommi-makela-sit\/\">Tommi M\u00e4kel\u00e4<\/a>, <\/strong>taidemaalari, opettaja, bildkonstn\u00e4r, l\u00e4rare<\/p>\n<p><strong><a href=\"https:\/\/yhdistykset.vihreat.fi\/raaseporin.vihreat\/vaalit-val-2025\/ehdokkaat-2025-kandidater-2025\/lennart-nybergh\/\">Lennart Nybergh<\/a>, <\/strong>pension\u00e4r, ekonom, el\u00e4kel\u00e4inen, ekonomi<\/p>\n<p><strong><a href=\"https:\/\/yhdistykset.vihreat.fi\/raaseporin.vihreat\/vaalit-val-2025\/ehdokkaat-2025-kandidater-2025\/jaakko-poytaniemi\/\">Jaakko P\u00f6yt\u00e4niemi<\/a>, <\/strong>arkkitehti, yritt\u00e4j\u00e4, arkitekt, f\u00f6retagare<\/p>\n<p><a href=\"https:\/\/yhdistykset.vihreat.fi\/raaseporin.vihreat\/vaalit-val-2025\/ehdokkaat-2025-kandidater-2025\/paivi-rignell\/\"><strong>P\u00e4ivi Rignell<\/strong><\/a>, sosionomi, socionom <em>(my\u00f6s aluevaaliehdokas, ocks\u00e5 kandidat i v\u00e4lf\u00e4rdsomr\u00e5desvalet)<\/em><\/p>\n<p><strong><a href=\"https:\/\/yhdistykset.vihreat.fi\/raaseporin.vihreat\/vaalit-val-2025\/ehdokkaat-2025-kandidater-2025\/katti-riski\/\">Katti Riski<\/a>, <\/strong>BA, kulturproducent, BA, kulttuurituottaja<\/p>\n<p><a href=\"https:\/\/yhdistykset.vihreat.fi\/raaseporin.vihreat\/vaalit-val-2025\/ehdokkaat-2025-kandidater-2025\/suvi-sjoblom\/\"><strong>Suvi Sj\u00f6blom<\/strong><\/a>, yritt\u00e4j\u00e4, toimittaja, f\u00f6retagare, journalist <em>(my\u00f6s aluevaaliehdokas, ocks\u00e5 kandidat i v\u00e4lf\u00e4rdsomr\u00e5desvalet)<\/em><\/p>\n<p><strong><a href=\"https:\/\/yhdistykset.vihreat.fi\/raaseporin.vihreat\/vaalit-val-2025\/ehdokkaat-2025-kandidater-2025\/kati-sointukangas\/\">Kati Sointukangas<\/a>, <\/strong>HTM, toimittaja, F\u00f6M, journalist<\/p>\n<p><a href=\"https:\/\/yhdistykset.vihreat.fi\/raaseporin.vihreat\/vaalit-val-2025\/ehdokkaat-2025-kandidater-2025\/fanni-sundell\/\"><strong>Fanni Sundell<\/strong><\/a>, socionom, n\u00e4rv\u00e5rdare, sosionomi, l\u00e4hihoitaja <em>(my\u00f6s aluevaaliehdokas, ocks\u00e5 kandidat i v\u00e4lf\u00e4rdsomr\u00e5desvalet)<\/em><\/p>\n<p><strong><a href=\"https:\/\/yhdistykset.vihreat.fi\/raaseporin.vihreat\/vaalit-val-2025\/ehdokkaat-2025-kandidater-2025\/sami-tuohimaa\/\">Sami Tuohimaa<\/a>. <\/strong>ty\u00f6t\u00f6n, arbetsl\u00f6s<\/p>\n<p><a href=\"https:\/\/yhdistykset.vihreat.fi\/raaseporin.vihreat\/vaalit-val-2025\/ehdokkaat-2025-kandidater-2025\/paivi-viitanen\/\"><strong>P\u00e4ivi Viitanen<\/strong><\/a>, kanttori, l\u00e4hihoitaja, kantor, n\u00e4rv\u00e5rdare<em> (my\u00f6s aluevaaliehdokas, ocks\u00e5 kandidat i v\u00e4lf\u00e4rdsomr\u00e5desvalet)<\/em><\/p>\n<p><a href=\"https:\/\/yhdistykset.vihreat.fi\/raaseporin.vihreat\/vaalit-val-2025\/ehdokkaat-2025-kandidater-2025\/esko-vuorinen\/\"><strong>Esko Vuorinen<\/strong><\/a>, yritt\u00e4j\u00e4, luonnonsuojelun asiantuntija, f\u00f6retagare, naturskyddsexpert<\/p>\n<p><a href=\"https:\/\/yhdistykset.vihreat.fi\/raaseporin.vihreat\/vaalit-val-2025\/ehdokkaat-2025-kandidater-2025\/minna-oster\/\"><strong>Minna \u00d6ster<\/strong><\/a>, toimitilap\u00e4\u00e4llikk\u00f6, fastighetschef<\/p>\n<p>Ehdokkaamme l\u00f6yd\u00e4t my\u00f6s Vihre\u00e4n liiton\u00a0 ehdokasgalleriasta.<\/p>\n<p><a href=\"https:\/\/www.vihreat.fi\/kuntavaalit-2025\/?kieli=fi&amp;vaali=kuntavaalit-2025&amp;kunta=k710\">Kuntavaalit<\/a><br \/>\n<a href=\"https:\/\/www.vihreat.fi\/aluevaalit-2025\/?kieli=fi&amp;vaali=aluevaalit-2025&amp;alue=lnsi-uusimaa\">Aluevaalit<\/a><\/p>\n","protected":false},"excerpt":{"rendered":"<p>Raaseporin Vihreill\u00e4 on kev\u00e4\u00e4n 2025 kuntavaaleissa 19 ehdokasta, joista osa on my\u00f6s aluevaaleissa ehdolla. Raseborgs Gr\u00f6na har 19 kandidater i kommunalvalet 2025, av vilka en del ocks\u00e5 kandidater i v\u00e4lf\u00e4rdsomr\u00e5desvalet. Hermanni Backer Johnsen, FT, FD, director Ira Donner, pension\u00e4r, el\u00e4kel\u00e4inen, FM Martti Immonen, el\u00e4kel\u00e4inen, pension\u00e4r (my\u00f6s aluevaaliehdokas, ocks\u00e5 kandidat i v\u00e4lf\u00e4rdsomr\u00e5desvalet) Susanna Kankare, yritt\u00e4j\u00e4, yhteis\u00f6pedagogi, [&hellip;]<\/p>\n","protected":false},"author":633,"featured_media":0,"parent":509,"menu_order":1,"comment_status":"closed","ping_status":"closed","template":"","meta":{"footnotes":""},"class_list":["post-582","page","type-page","status-publish","hentry"],"_links":{"self":[{"href":"https:\/\/yhdistykset.vihreat.fi\/raaseporin.vihreat\/wp-json\/wp\/v2\/pages\/582","targetHints":{"allow":["GET"]}}],"collection":[{"href":"https:\/\/yhdistykset.vihreat.fi\/raaseporin.vihreat\/wp-json\/wp\/v2\/pages"}],"about":[{"href":"https:\/\/yhdistykset.vihreat.fi\/raaseporin.vihreat\/wp-json\/wp\/v2\/types\/page"}],"author":[{"embeddable":true,"href":"https:\/\/yhdistykset.vihreat.fi\/raaseporin.vihreat\/wp-json\/wp\/v2\/users\/633"}],"replies":[{"embeddable":true,"href":"https:\/\/yhdistykset.vihreat.fi\/raaseporin.vihreat\/wp-json\/wp\/v2\/comments?post=582"}],"version-history":[{"count":5,"href":"https:\/\/yhdistykset.vihreat.fi\/raaseporin.vihreat\/wp-json\/wp\/v2\/pages\/582\/revisions"}],"predecessor-version":[{"id":774,"href":"https:\/\/yhdistykset.vihreat.fi\/raaseporin.vihreat\/wp-json\/wp\/v2\/pages\/582\/revisions\/774"}],"up":[{"embeddable":true,"href":"https:\/\/yhdistykset.vihreat.fi\/raaseporin.vihreat\/wp-json\/wp\/v2\/pages\/509"}],"wp:attachment":[{"href":"https:\/\/yhdistykset.vihreat.fi\/raaseporin.vihreat\/wp-json\/wp\/v2\/media?parent=582"}],"curies":[{"name":"wp","href":"https:\/\/api.w.org\/{rel}","templated":true}]}}