{"id":598,"date":"2025-03-16T19:05:12","date_gmt":"2025-03-16T17:05:12","guid":{"rendered":"https:\/\/yhdistykset.vihreat.fi\/raaseporin.vihreat\/?page_id=598"},"modified":"2025-03-16T19:34:03","modified_gmt":"2025-03-16T17:34:03","slug":"liity-jaseneksi-bli-medlem","status":"publish","type":"page","link":"https:\/\/yhdistykset.vihreat.fi\/raaseporin.vihreat\/liity-jaseneksi-bli-medlem\/","title":{"rendered":"Liity j\u00e4seneksi &#8211; Bli medlem"},"content":{"rendered":"<p>Vihreiden j\u00e4senyys on kannanotto Vihreiden arvojen puolesta. Jos haluat, ett\u00e4 Suomessa edistet\u00e4\u00e4n ilmastokriisin torjuntaa, luontokadon pys\u00e4ytt\u00e4mist\u00e4, kest\u00e4v\u00e4\u00e4 taloutta, koulutukseen panostamista sek\u00e4 pidet\u00e4\u00e4n huolta heikoimmassa asemassa olevista, n\u00e4ihin asioihin voi vaikuttaa olemalla puolueen j\u00e4sen.<\/p>\n<p>J\u00e4senmaksumme vuonna 2025 on 48 euroa, v\u00e4h\u00e4varaisilta 18 euroa.<\/p>\n<p>Liittyess\u00e4si Vihreisiin liityt aina jonkun vihre\u00e4n yhdistyksen j\u00e4seneksi. Valitse liittymislomakkeelta kohta &#8221;Oman kuntani paikallisyhdistys&#8221;, jos haluat liitty\u00e4 Raaseporin Vihreisiin.<\/p>\n<p><strong><a class=\"c-button\" href=\"https:\/\/asiointi.vihreat.fi\/liittymislomake\" target=\"_blank\" rel=\"noopener noreferrer\">Liity j\u00e4seneksi<\/a><br \/>\n<\/strong><\/p>\n<div class=\"style style--lightGreen-dark style--image-cover\">\n<section class=\"l-visual-editor collapse l-visual-editor--spacing-block l-visual-editor--vertical-align-top l-visual-editor--fit-container l-visual-editor--style-none\">\n<div class=\"l-visual-editor__container\">\n<div class=\"l-visual-editor__items\" data-one-layout=\"narrow-center\" data-two-layout=\"50-50\" data-three-layout=\"33-33-33\" data-four-layout=\"50-50\" data-columns=\"1\">\n<div class=\"l-visual-editor__item l-visual-editor__item--style-none wysiwyg\" data-style-color=\"\">\n<h2>***<\/h2>\n<p>Medlemskap i De Gr\u00f6na \u00e4r ett uttalande till f\u00f6rm\u00e5n f\u00f6r de gr\u00f6nas v\u00e4rderingar. Om du vill att Finland ska fr\u00e4mja kampen mot klimatkrisen, stoppa f\u00f6rlusten av natur, en h\u00e5llbar ekonomi, investera i utbildning och ta hand om de som har den svagaste positionen, kan du p\u00e5verka dessa saker genom att vara medlem i partiet.<\/p>\n<p>Medlemsavgiften 2024 \u00e4r 48 euro och den nedsatta avgiften f\u00f6r mindre bemedlade \u00e4r 18 euro.<\/p>\n<p>D\u00e5 du ansluter dej till De Gr\u00f6na, \u00e4r du i praktiken alltid medlem i n\u00e5gon gr\u00f6n f\u00f6rening. V\u00e4lj \u201dOman kuntani paikallisyhdistys\u201d i formul\u00e4ret om du vill ansluta dej till Raseborgs Gr\u00f6na.<\/p>\n<p><strong><a class=\"c-button\" href=\"https:\/\/asiointi.vihreat.fi\/liittymislomake\/sv\" target=\"_blank\" rel=\"noopener noreferrer\">Bli medlem nu<\/a><\/strong><\/p>\n<\/div>\n<\/div>\n<\/div>\n<\/section>\n<\/div>\n","protected":false},"excerpt":{"rendered":"<p>Vihreiden j\u00e4senyys on kannanotto Vihreiden arvojen puolesta. Jos haluat, ett\u00e4 Suomessa edistet\u00e4\u00e4n ilmastokriisin torjuntaa, luontokadon pys\u00e4ytt\u00e4mist\u00e4, kest\u00e4v\u00e4\u00e4 taloutta, koulutukseen panostamista sek\u00e4 pidet\u00e4\u00e4n huolta heikoimmassa asemassa olevista, n\u00e4ihin asioihin voi vaikuttaa olemalla puolueen j\u00e4sen. J\u00e4senmaksumme vuonna 2025 on 48 euroa, v\u00e4h\u00e4varaisilta 18 euroa. Liittyess\u00e4si Vihreisiin liityt aina jonkun vihre\u00e4n yhdistyksen j\u00e4seneksi. Valitse liittymislomakkeelta kohta &#8221;Oman kuntani [&hellip;]<\/p>\n","protected":false},"author":633,"featured_media":0,"parent":0,"menu_order":0,"comment_status":"closed","ping_status":"closed","template":"","meta":{"footnotes":""},"class_list":["post-598","page","type-page","status-publish","hentry"],"_links":{"self":[{"href":"https:\/\/yhdistykset.vihreat.fi\/raaseporin.vihreat\/wp-json\/wp\/v2\/pages\/598","targetHints":{"allow":["GET"]}}],"collection":[{"href":"https:\/\/yhdistykset.vihreat.fi\/raaseporin.vihreat\/wp-json\/wp\/v2\/pages"}],"about":[{"href":"https:\/\/yhdistykset.vihreat.fi\/raaseporin.vihreat\/wp-json\/wp\/v2\/types\/page"}],"author":[{"embeddable":true,"href":"https:\/\/yhdistykset.vihreat.fi\/raaseporin.vihreat\/wp-json\/wp\/v2\/users\/633"}],"replies":[{"embeddable":true,"href":"https:\/\/yhdistykset.vihreat.fi\/raaseporin.vihreat\/wp-json\/wp\/v2\/comments?post=598"}],"version-history":[{"count":6,"href":"https:\/\/yhdistykset.vihreat.fi\/raaseporin.vihreat\/wp-json\/wp\/v2\/pages\/598\/revisions"}],"predecessor-version":[{"id":610,"href":"https:\/\/yhdistykset.vihreat.fi\/raaseporin.vihreat\/wp-json\/wp\/v2\/pages\/598\/revisions\/610"}],"wp:attachment":[{"href":"https:\/\/yhdistykset.vihreat.fi\/raaseporin.vihreat\/wp-json\/wp\/v2\/media?parent=598"}],"curies":[{"name":"wp","href":"https:\/\/api.w.org\/{rel}","templated":true}]}}