{"id":632,"date":"2025-03-21T13:49:11","date_gmt":"2025-03-21T11:49:11","guid":{"rendered":"https:\/\/yhdistykset.vihreat.fi\/raaseporin.vihreat\/?page_id=632"},"modified":"2025-03-21T13:49:11","modified_gmt":"2025-03-21T11:49:11","slug":"martti-immonen","status":"publish","type":"page","link":"https:\/\/yhdistykset.vihreat.fi\/raaseporin.vihreat\/vaalit-val-2025\/ehdokkaat-2025-kandidater-2025\/martti-immonen\/","title":{"rendered":"Martti Immonen"},"content":{"rendered":"<p><img loading=\"lazy\" decoding=\"async\" class=\"alignnone size-full wp-image-633\" src=\"https:\/\/yhdistykset.vihreat.fi\/raaseporin.vihreat\/files\/2025\/03\/martti.png\" alt=\"Valokuva Martti Immosesta\" width=\"250\" height=\"313\" srcset=\"https:\/\/yhdistykset.vihreat.fi\/raaseporin.vihreat\/files\/2025\/03\/martti.png 250w, https:\/\/yhdistykset.vihreat.fi\/raaseporin.vihreat\/files\/2025\/03\/martti-120x150.png 120w\" sizes=\"auto, (max-width: 250px) 100vw, 250px\" \/><\/p>\n<p><strong>El\u00e4kel\u00e4inen<\/strong><br \/>\n<strong>Pension\u00e4r<\/strong><\/p>\n<p><em>&#8221;Raasepori kasvun tielle. Olen \u00e4\u00e4nesi.&#8221;<\/em><\/p>\n<p>Oikeudenmukainen, rehellinen, avoin, iloinen ja ahkera ty\u00f6myyr\u00e4 tarjolla. Olen alkoholiton, savuton ja p\u00e4ihteet\u00f6n &#8211; ja silti vallan OK tyyppi. Ty\u00f6urani tein laivoilla ja sit\u00e4 ennen hotelleissa kuin ravintoloissa Helsingiss\u00e4 nyt el\u00e4kkeell\u00e4. Olen kiinnostunut politiikasta, historiasta my\u00f6s sukututkimukset, musiikista my\u00f6s euroviisuista ja kielet niit\u00e4 opiskelen edelleen pit\u00e4\u00e4kseni kielitaitoni. Valmis kovaan ty\u00f6h\u00f6n muuttaakseni yhteiskuntaa edes piirun verran oikeaan suuntaan. Raaseporilla on haasteensa ja hyvinvointialueelle samoin ja siksi tulin mukaan. Mukana reuma-,invalidi-,kuulo-,hengitys ja nivelyhdistyksiss\u00e4. Arvannet loput.<\/p>\n<p>Palvelen edelleen oikeuslaitostamme maallikkotuomarina ja valmiina uudelle kaudelle.<\/p>\n<p><em>&#8221;Raseborg b\u00f6r v\u00e4xa. Jag \u00e4r din r\u00f6st.&#8221;<\/em><\/p>\n<p>R\u00e4ttvis, uppriktig, \u00f6ppen, glad och flitig arbetsmyra till f\u00f6rfogande.. Jag \u00e4r alkoholfri, r\u00f6kfri och fri fr\u00e5n alla slags rusmedel och \u00e4nd\u00e5 en helt OK typ. Jag har jobbat till sj\u00f6ss och f\u00f6re det p\u00e5 hotell och restauranger i Helsingfors, men numera \u00e4r jag pensionerad. Jag \u00e4r intresserad av politik, historia, \u00e4ven sl\u00e4ktforskning, musik, \u00e4ven Eurovision. Spr\u00e5k intresserar mej och jag studerar f\u00f6r att uppr\u00e4tth\u00e5lla mina spr\u00e5kkunskaper. Jag \u00e4r beredd att arbeta h\u00e5rt f.r att f\u00f6r\u00e4ndra samh\u00e4llet ens en aning mot det b\u00e4ttre. Raseborg har utmaningar och v\u00e4lf\u00e4rdsomr\u00e5dena likas\u00e5 &#8211; d\u00e4rf\u00f6r st\u00e4ller jag upp. Jag \u00e4r aktiv i reuma., invalid-, h\u00f6rsel-, andnings och ledf\u00f6rbunden. Du f\u00e5r gissa resten.<br \/>\nJag tj\u00e4nar \u00e4ven r\u00e4ttsv\u00e4sendet som lekmannadomare och beredd p\u00e5 en ny mandatperiod.<\/p>\n","protected":false},"excerpt":{"rendered":"<p>El\u00e4kel\u00e4inen Pension\u00e4r &#8221;Raasepori kasvun tielle. Olen \u00e4\u00e4nesi.&#8221; Oikeudenmukainen, rehellinen, avoin, iloinen ja ahkera ty\u00f6myyr\u00e4 tarjolla. Olen alkoholiton, savuton ja p\u00e4ihteet\u00f6n &#8211; ja silti vallan OK tyyppi. Ty\u00f6urani tein laivoilla ja sit\u00e4 ennen hotelleissa kuin ravintoloissa Helsingiss\u00e4 nyt el\u00e4kkeell\u00e4. Olen kiinnostunut politiikasta, historiasta my\u00f6s sukututkimukset, musiikista my\u00f6s euroviisuista ja kielet niit\u00e4 opiskelen edelleen pit\u00e4\u00e4kseni kielitaitoni. Valmis [&hellip;]<\/p>\n","protected":false},"author":633,"featured_media":0,"parent":582,"menu_order":3,"comment_status":"closed","ping_status":"closed","template":"","meta":{"footnotes":""},"class_list":["post-632","page","type-page","status-publish","hentry"],"_links":{"self":[{"href":"https:\/\/yhdistykset.vihreat.fi\/raaseporin.vihreat\/wp-json\/wp\/v2\/pages\/632","targetHints":{"allow":["GET"]}}],"collection":[{"href":"https:\/\/yhdistykset.vihreat.fi\/raaseporin.vihreat\/wp-json\/wp\/v2\/pages"}],"about":[{"href":"https:\/\/yhdistykset.vihreat.fi\/raaseporin.vihreat\/wp-json\/wp\/v2\/types\/page"}],"author":[{"embeddable":true,"href":"https:\/\/yhdistykset.vihreat.fi\/raaseporin.vihreat\/wp-json\/wp\/v2\/users\/633"}],"replies":[{"embeddable":true,"href":"https:\/\/yhdistykset.vihreat.fi\/raaseporin.vihreat\/wp-json\/wp\/v2\/comments?post=632"}],"version-history":[{"count":2,"href":"https:\/\/yhdistykset.vihreat.fi\/raaseporin.vihreat\/wp-json\/wp\/v2\/pages\/632\/revisions"}],"predecessor-version":[{"id":743,"href":"https:\/\/yhdistykset.vihreat.fi\/raaseporin.vihreat\/wp-json\/wp\/v2\/pages\/632\/revisions\/743"}],"up":[{"embeddable":true,"href":"https:\/\/yhdistykset.vihreat.fi\/raaseporin.vihreat\/wp-json\/wp\/v2\/pages\/582"}],"wp:attachment":[{"href":"https:\/\/yhdistykset.vihreat.fi\/raaseporin.vihreat\/wp-json\/wp\/v2\/media?parent=632"}],"curies":[{"name":"wp","href":"https:\/\/api.w.org\/{rel}","templated":true}]}}