{"id":646,"date":"2025-03-21T13:47:09","date_gmt":"2025-03-21T11:47:09","guid":{"rendered":"https:\/\/yhdistykset.vihreat.fi\/raaseporin.vihreat\/?page_id=646"},"modified":"2025-03-21T13:47:09","modified_gmt":"2025-03-21T11:47:09","slug":"kennet-lindholm","status":"publish","type":"page","link":"https:\/\/yhdistykset.vihreat.fi\/raaseporin.vihreat\/vaalit-val-2025\/ehdokkaat-2025-kandidater-2025\/kennet-lindholm\/","title":{"rendered":"Kennet Lindholm"},"content":{"rendered":"<p><strong><img loading=\"lazy\" decoding=\"async\" class=\"alignnone size-full wp-image-651\" src=\"https:\/\/yhdistykset.vihreat.fi\/raaseporin.vihreat\/files\/2025\/03\/kennet.png\" alt=\"Kennet Lindholm\" width=\"250\" height=\"313\" srcset=\"https:\/\/yhdistykset.vihreat.fi\/raaseporin.vihreat\/files\/2025\/03\/kennet.png 250w, https:\/\/yhdistykset.vihreat.fi\/raaseporin.vihreat\/files\/2025\/03\/kennet-120x150.png 120w\" sizes=\"auto, (max-width: 250px) 100vw, 250px\" \/><\/strong><\/p>\n<p><strong>ICT-specialist<\/strong><\/p>\n<p><em>&#8221;I ett gr\u00f6nt raseborg trivs \u00e4ven en nyckelpiga&#8221;<\/em><\/p>\n<p><span style=\"font-weight: 400;\">65-\u00e5rig giba fr\u00e5n Karis. Jobbar med IT och r\u00e5ddar med en massa. L\u00e4ser mycket och gillar Science fiction, fantasy och skr\u00e4ck. Spelar dataspel och br\u00e4dspel och g\u00e5r mycket p\u00e5 bio. Kan \u00e4ven ibland synas p\u00e5\u00a0 olika teaterscener runt omkring i V\u00e4stnyland.<\/span><span style=\"font-weight: 400;\"><br \/>\n<\/span><span style=\"font-weight: 400;\"><br \/>\n<\/span><span style=\"font-weight: 400;\">I v\u00e5r familij finns min fru och 5 barn och 2 barnbarn.\u00a0 Familjen \u00e4r tv\u00e5skpr\u00e5kig<\/span><\/p>\n<p><span style=\"font-weight: 400;\">Jobbar f\u00f6r att \u00e4ven mina barnbarn ocks\u00e5 skall f\u00e5 v\u00e4xa upp i en m\u00e5ngsidig milj\u00f6 och natur d\u00e4r det finns plats f\u00f6r alla. S\u00e5v\u00e4l m\u00e4nniskor som djur.<\/span><\/p>\n<p><em>&#8221;Vihre\u00e4ss\u00e4 Raaseporissa viihtyy my\u00f6s Lepp\u00e4kerttu&#8221;<\/em><\/p>\n<p><span style=\"font-weight: 400;\">65-vuotias mies Karjaalta. IT on ty\u00f6alani ja s\u00e4hell\u00e4n aika paljon Luen my\u00f6s paljon ja pid\u00e4n Science fictionista, fantasiasta sek\u00e4 kauhusta. Pelaan tietokonepelej\u00e4 ja lautapelej\u00e4 sek\u00e4 k\u00e4yn usein elokuvissa. Joskus minut voi bongata eri teatterin\u00e4ytt\u00e4m\u00f6ilt\u00e4 t\u00e4\u00e4ll\u00e4 L\u00e4nsi-Uudellamaalla.<\/span><\/p>\n<p><span style=\"font-weight: 400;\">Perheeseen kuuluu vaimo ja 5 lasta sek\u00e4 2 lastenlasta. Perhe on kaksikielinen.<\/span><\/p>\n<p><span style=\"font-weight: 400;\">Teen ty\u00f6t\u00e4 sen puolesta, ett\u00e4 my\u00f6s minun lapsenlapseni saavat kasvaa monipuolisessa ymp\u00e4rist\u00f6ss\u00e4 ja luonnossa, jossa on paikka kaikille. Niin ihmisille kuin el\u00e4imille.<\/span><\/p>\n<p>&nbsp;<\/p>\n","protected":false},"excerpt":{"rendered":"<p>ICT-specialist &#8221;I ett gr\u00f6nt raseborg trivs \u00e4ven en nyckelpiga&#8221; 65-\u00e5rig giba fr\u00e5n Karis. Jobbar med IT och r\u00e5ddar med en massa. L\u00e4ser mycket och gillar Science fiction, fantasy och skr\u00e4ck. Spelar dataspel och br\u00e4dspel och g\u00e5r mycket p\u00e5 bio. Kan \u00e4ven ibland synas p\u00e5\u00a0 olika teaterscener runt omkring i V\u00e4stnyland. I v\u00e5r familij finns min [&hellip;]<\/p>\n","protected":false},"author":633,"featured_media":0,"parent":582,"menu_order":6,"comment_status":"closed","ping_status":"closed","template":"","meta":{"footnotes":""},"class_list":["post-646","page","type-page","status-publish","hentry"],"_links":{"self":[{"href":"https:\/\/yhdistykset.vihreat.fi\/raaseporin.vihreat\/wp-json\/wp\/v2\/pages\/646","targetHints":{"allow":["GET"]}}],"collection":[{"href":"https:\/\/yhdistykset.vihreat.fi\/raaseporin.vihreat\/wp-json\/wp\/v2\/pages"}],"about":[{"href":"https:\/\/yhdistykset.vihreat.fi\/raaseporin.vihreat\/wp-json\/wp\/v2\/types\/page"}],"author":[{"embeddable":true,"href":"https:\/\/yhdistykset.vihreat.fi\/raaseporin.vihreat\/wp-json\/wp\/v2\/users\/633"}],"replies":[{"embeddable":true,"href":"https:\/\/yhdistykset.vihreat.fi\/raaseporin.vihreat\/wp-json\/wp\/v2\/comments?post=646"}],"version-history":[{"count":4,"href":"https:\/\/yhdistykset.vihreat.fi\/raaseporin.vihreat\/wp-json\/wp\/v2\/pages\/646\/revisions"}],"predecessor-version":[{"id":741,"href":"https:\/\/yhdistykset.vihreat.fi\/raaseporin.vihreat\/wp-json\/wp\/v2\/pages\/646\/revisions\/741"}],"up":[{"embeddable":true,"href":"https:\/\/yhdistykset.vihreat.fi\/raaseporin.vihreat\/wp-json\/wp\/v2\/pages\/582"}],"wp:attachment":[{"href":"https:\/\/yhdistykset.vihreat.fi\/raaseporin.vihreat\/wp-json\/wp\/v2\/media?parent=646"}],"curies":[{"name":"wp","href":"https:\/\/api.w.org\/{rel}","templated":true}]}}