{"id":658,"date":"2025-03-21T13:46:10","date_gmt":"2025-03-21T11:46:10","guid":{"rendered":"https:\/\/yhdistykset.vihreat.fi\/raaseporin.vihreat\/?page_id=658"},"modified":"2025-03-21T13:46:10","modified_gmt":"2025-03-21T11:46:10","slug":"tommi-makela-sit","status":"publish","type":"page","link":"https:\/\/yhdistykset.vihreat.fi\/raaseporin.vihreat\/vaalit-val-2025\/ehdokkaat-2025-kandidater-2025\/tommi-makela-sit\/","title":{"rendered":"Tommi M\u00e4kel\u00e4 (sit.)"},"content":{"rendered":"<p><img loading=\"lazy\" decoding=\"async\" class=\"alignnone size-full wp-image-660\" src=\"https:\/\/yhdistykset.vihreat.fi\/raaseporin.vihreat\/files\/2025\/03\/tommi.png\" alt=\"Tommi M\u00e4kel\u00e4\" width=\"250\" height=\"313\" srcset=\"https:\/\/yhdistykset.vihreat.fi\/raaseporin.vihreat\/files\/2025\/03\/tommi.png 250w, https:\/\/yhdistykset.vihreat.fi\/raaseporin.vihreat\/files\/2025\/03\/tommi-120x150.png 120w\" sizes=\"auto, (max-width: 250px) 100vw, 250px\" \/><\/p>\n<p><strong>Taidemaalari, opettaja<\/strong><br \/>\n<strong>Bildkonstn\u00e4r, l\u00e4rare<\/strong><\/p>\n<p><span style=\"font-weight: 400;\">Olen el\u00e4kel\u00e4inen, ammatillinen taustani taidemaalari ja opettaja.\u00a0<\/span><span style=\"font-weight: 400;\">Ty\u00f6urani aikana taideoppilaitoksissa olen toiminut ty\u00f6suojeluvaltuutettuna, mm. kiinnitt\u00e4en huomiota l\u00e4hiymp\u00e4rist\u00f6ss\u00e4 k\u00e4ytettyjen kemiallisten aineiden vaikutuksiin ja kest\u00e4viin vaihtoehtoihin.<\/span><\/p>\n<p><span style=\"font-weight: 400;\">Ymp\u00e4rist\u00f6p\u00e4\u00e4t\u00f6ksiss\u00e4 haluan vaikuttaa vesialueiden, metsien sek\u00e4 my\u00f6s kaupunkimaiseman suojelun vastuulliseen kehitt\u00e4miseen.<\/span><\/p>\n<p><span style=\"font-weight: 400;\">Kaksikielisess\u00e4 perheess\u00e4mme on 4 aikuista lasta ja 9 lastenlasta. Pohdin niit\u00e4 n\u00e4kymi\u00e4, joita t\u00e4n\u00e4\u00e4n luomme heid\u00e4n tulevaisuuteen.<\/span><\/p>\n<p><span style=\"font-weight: 400;\">Haluan my\u00f6t\u00e4vaikuttaa p\u00e4\u00e4t\u00f6ksiin, joilla kunnassamme vaikutetaan <\/span><span style=\"font-weight: 400;\">koulutukseen ja monipuoliseen kulttuuriin.<\/span><\/p>\n<p><span style=\"font-weight: 400;\">Olen toiminut kulttuurity\u00f6n tekij\u00e4n\u00e4 jo vuodesta 1975 alkaen.<\/span><\/p>\n<p><span style=\"font-weight: 400;\">***<\/span><\/p>\n<p><span style=\"font-weight: 400;\">Konstn\u00e4r och l\u00e4rare, numera pension\u00e4r. <\/span><span style=\"font-weight: 400;\">U<\/span><span style=\"font-weight: 400;\">nder \u00e5ren i konstundervisningen verksam som arbetsskyddsansvarig<\/span> <span style=\"font-weight: 400;\">och bl.a. arbetat f\u00f6r att med h\u00e5llbara alternativ undg\u00e5 kemikaliernas milj\u00f6p\u00e5verkan.<\/span><span style=\"font-weight: 400;\"><br \/>\n<\/span><span style=\"font-weight: 400;\"><br \/>\n<\/span><span style=\"font-weight: 400;\">F\u00f6r bevarande av naturens m\u00e5ngfald st\u00f6der jag skydd av skogar, sj\u00f6ar och havsomr\u00e5den och h\u00e5llbar utveckling av stadsmilj\u00f6er.<\/span><span style=\"font-weight: 400;\"><br \/>\n<\/span><span style=\"font-weight: 400;\"><br \/>\n<\/span><span style=\"font-weight: 400;\">Till v\u00e5r 2-spr\u00e5kiga familj h\u00f6r 4 vuxna barn och 9 barnbarn. Jag t\u00e4nker p\u00e5 de m\u00f6jligheter vi idag skapar f\u00f6r deras framtid och vill medverka till beslut som positivt bidrar till utvecklingenav skolor och kultur i v\u00e5r kommun.<\/span><span style=\"font-weight: 400;\"><br \/>\n<\/span><\/p>\n<p><span style=\"font-weight: 400;\">Jag har varit verksam i kulturf\u00e4ltet fr\u00e5n \u00e5r 1975.<\/span><\/p>\n","protected":false},"excerpt":{"rendered":"<p>Taidemaalari, opettaja Bildkonstn\u00e4r, l\u00e4rare Olen el\u00e4kel\u00e4inen, ammatillinen taustani taidemaalari ja opettaja.\u00a0Ty\u00f6urani aikana taideoppilaitoksissa olen toiminut ty\u00f6suojeluvaltuutettuna, mm. kiinnitt\u00e4en huomiota l\u00e4hiymp\u00e4rist\u00f6ss\u00e4 k\u00e4ytettyjen kemiallisten aineiden vaikutuksiin ja kest\u00e4viin vaihtoehtoihin. Ymp\u00e4rist\u00f6p\u00e4\u00e4t\u00f6ksiss\u00e4 haluan vaikuttaa vesialueiden, metsien sek\u00e4 my\u00f6s kaupunkimaiseman suojelun vastuulliseen kehitt\u00e4miseen. Kaksikielisess\u00e4 perheess\u00e4mme on 4 aikuista lasta ja 9 lastenlasta. Pohdin niit\u00e4 n\u00e4kymi\u00e4, joita t\u00e4n\u00e4\u00e4n luomme heid\u00e4n tulevaisuuteen. [&hellip;]<\/p>\n","protected":false},"author":633,"featured_media":0,"parent":582,"menu_order":8,"comment_status":"closed","ping_status":"closed","template":"","meta":{"footnotes":""},"class_list":["post-658","page","type-page","status-publish","hentry"],"_links":{"self":[{"href":"https:\/\/yhdistykset.vihreat.fi\/raaseporin.vihreat\/wp-json\/wp\/v2\/pages\/658","targetHints":{"allow":["GET"]}}],"collection":[{"href":"https:\/\/yhdistykset.vihreat.fi\/raaseporin.vihreat\/wp-json\/wp\/v2\/pages"}],"about":[{"href":"https:\/\/yhdistykset.vihreat.fi\/raaseporin.vihreat\/wp-json\/wp\/v2\/types\/page"}],"author":[{"embeddable":true,"href":"https:\/\/yhdistykset.vihreat.fi\/raaseporin.vihreat\/wp-json\/wp\/v2\/users\/633"}],"replies":[{"embeddable":true,"href":"https:\/\/yhdistykset.vihreat.fi\/raaseporin.vihreat\/wp-json\/wp\/v2\/comments?post=658"}],"version-history":[{"count":4,"href":"https:\/\/yhdistykset.vihreat.fi\/raaseporin.vihreat\/wp-json\/wp\/v2\/pages\/658\/revisions"}],"predecessor-version":[{"id":740,"href":"https:\/\/yhdistykset.vihreat.fi\/raaseporin.vihreat\/wp-json\/wp\/v2\/pages\/658\/revisions\/740"}],"up":[{"embeddable":true,"href":"https:\/\/yhdistykset.vihreat.fi\/raaseporin.vihreat\/wp-json\/wp\/v2\/pages\/582"}],"wp:attachment":[{"href":"https:\/\/yhdistykset.vihreat.fi\/raaseporin.vihreat\/wp-json\/wp\/v2\/media?parent=658"}],"curies":[{"name":"wp","href":"https:\/\/api.w.org\/{rel}","templated":true}]}}