{"id":701,"date":"2025-03-21T13:35:48","date_gmt":"2025-03-21T11:35:48","guid":{"rendered":"https:\/\/yhdistykset.vihreat.fi\/raaseporin.vihreat\/?page_id=701"},"modified":"2025-03-21T13:35:48","modified_gmt":"2025-03-21T11:35:48","slug":"katti-riski","status":"publish","type":"page","link":"https:\/\/yhdistykset.vihreat.fi\/raaseporin.vihreat\/vaalit-val-2025\/ehdokkaat-2025-kandidater-2025\/katti-riski\/","title":{"rendered":"Katti Riski"},"content":{"rendered":"<p><img loading=\"lazy\" decoding=\"async\" class=\"alignnone size-full wp-image-698\" src=\"https:\/\/yhdistykset.vihreat.fi\/raaseporin.vihreat\/files\/2025\/03\/katti.png\" alt=\"Katti Riski\" width=\"250\" height=\"313\" srcset=\"https:\/\/yhdistykset.vihreat.fi\/raaseporin.vihreat\/files\/2025\/03\/katti.png 250w, https:\/\/yhdistykset.vihreat.fi\/raaseporin.vihreat\/files\/2025\/03\/katti-120x150.png 120w\" sizes=\"auto, (max-width: 250px) 100vw, 250px\" \/><\/p>\n<p><strong>BA, kulturproducent<br \/>\n<\/strong><strong>BA, kulttuurituottaja<\/strong><\/p>\n<p><em>&#8221;Green is the new Black&#8221;<\/em><\/p>\n<p><span style=\"font-weight: 400;\">Som kulturproducent och merkonom har jag arbetat b\u00e5de p\u00e5 kulturf\u00e4ltet och inom handelsbranschen; b\u00e5de som arbetstagare och f\u00f6retagare. Mina favorit\u00e4mnen \u00e4r j\u00e4mst\u00e4lldhet, konst och kultur och en kommun d\u00e4r djur, natur och m\u00e4nniskor m\u00e5r bra. Mina fritidsintressen \u00e4r klassisk musik, vinterbad och att l\u00e4ra rescue-katten Morris Muffe Rudolf Mini-Riski att ge tass.\u00a0<\/span><\/p>\n<p>***<\/p>\n<p><span style=\"font-weight: 400;\">Kulttuurituottajana ja merkonomina olen ty\u00f6skennellyt sek\u00e4 kulttuurin kent\u00e4ll\u00e4 ett\u00e4 kaupan alalla; sek\u00e4 ty\u00f6ntekij\u00e4n\u00e4n\u00e4 ett\u00e4 yritt\u00e4j\u00e4n\u00e4. Lempiaiheitani ovat tasa-arvo, taide ja kulttuuri, sek\u00e4 kunta, jossa el\u00e4imet, luonto ja ihmiset voivat hyvin. Vapaa-aikaani kuuluvat klassinen musiikki, avantouinti ja rescue-kissa Morris Muffe Rudolf Mini-Riskin tassun antamisen harjoittelu.\u00a0\u00a0<\/span><\/p>\n<p>&nbsp;<\/p>\n","protected":false},"excerpt":{"rendered":"<p>BA, kulturproducent BA, kulttuurituottaja &#8221;Green is the new Black&#8221; Som kulturproducent och merkonom har jag arbetat b\u00e5de p\u00e5 kulturf\u00e4ltet och inom handelsbranschen; b\u00e5de som arbetstagare och f\u00f6retagare. Mina favorit\u00e4mnen \u00e4r j\u00e4mst\u00e4lldhet, konst och kultur och en kommun d\u00e4r djur, natur och m\u00e4nniskor m\u00e5r bra. Mina fritidsintressen \u00e4r klassisk musik, vinterbad och att l\u00e4ra rescue-katten Morris [&hellip;]<\/p>\n","protected":false},"author":633,"featured_media":0,"parent":582,"menu_order":12,"comment_status":"closed","ping_status":"closed","template":"","meta":{"footnotes":""},"class_list":["post-701","page","type-page","status-publish","hentry"],"_links":{"self":[{"href":"https:\/\/yhdistykset.vihreat.fi\/raaseporin.vihreat\/wp-json\/wp\/v2\/pages\/701","targetHints":{"allow":["GET"]}}],"collection":[{"href":"https:\/\/yhdistykset.vihreat.fi\/raaseporin.vihreat\/wp-json\/wp\/v2\/pages"}],"about":[{"href":"https:\/\/yhdistykset.vihreat.fi\/raaseporin.vihreat\/wp-json\/wp\/v2\/types\/page"}],"author":[{"embeddable":true,"href":"https:\/\/yhdistykset.vihreat.fi\/raaseporin.vihreat\/wp-json\/wp\/v2\/users\/633"}],"replies":[{"embeddable":true,"href":"https:\/\/yhdistykset.vihreat.fi\/raaseporin.vihreat\/wp-json\/wp\/v2\/comments?post=701"}],"version-history":[{"count":2,"href":"https:\/\/yhdistykset.vihreat.fi\/raaseporin.vihreat\/wp-json\/wp\/v2\/pages\/701\/revisions"}],"predecessor-version":[{"id":732,"href":"https:\/\/yhdistykset.vihreat.fi\/raaseporin.vihreat\/wp-json\/wp\/v2\/pages\/701\/revisions\/732"}],"up":[{"embeddable":true,"href":"https:\/\/yhdistykset.vihreat.fi\/raaseporin.vihreat\/wp-json\/wp\/v2\/pages\/582"}],"wp:attachment":[{"href":"https:\/\/yhdistykset.vihreat.fi\/raaseporin.vihreat\/wp-json\/wp\/v2\/media?parent=701"}],"curies":[{"name":"wp","href":"https:\/\/api.w.org\/{rel}","templated":true}]}}