{"id":26662,"date":"2017-09-12T20:02:11","date_gmt":"2017-09-12T17:02:11","guid":{"rendered":"https:\/\/yhdistykset.vihreat.fi\/raision.vihreat\/?page_id=26662"},"modified":"2021-10-27T09:04:21","modified_gmt":"2021-10-27T06:04:21","slug":"kristiina_engstrom","status":"publish","type":"page","link":"https:\/\/yhdistykset.vihreat.fi\/raision.vihreat\/kristiina_engstrom\/","title":{"rendered":"Kristiina Engstr\u00f6m"},"content":{"rendered":"<p>[et_pb_section fb_built=&#8221;1&#8243; admin_label=&#8221;section&#8221; _builder_version=&#8221;3.22&#8243; global_colors_info=&#8221;{}&#8221;][et_pb_row admin_label=&#8221;row&#8221; _builder_version=&#8221;3.25&#8243; background_size=&#8221;initial&#8221; background_position=&#8221;top_left&#8221; background_repeat=&#8221;repeat&#8221; global_colors_info=&#8221;{}&#8221;][et_pb_column type=&#8221;4_4&#8243; _builder_version=&#8221;3.25&#8243; custom_padding=&#8221;|||&#8221; global_colors_info=&#8221;{}&#8221; custom_padding__hover=&#8221;|||&#8221;][et_pb_team_member name=&#8221;Kristiina Engstr\u00f6m&#8221; position=&#8221;yritt\u00e4j\u00e4, toimitusjohtaja&#8221; image_url=&#8221;https:\/\/yhdistykset.vihreat.fi\/raision.vihreat\/files\/2021\/01\/Engstrom_Kristiina-1-scaled.jpg&#8221; facebook_url=&#8221;https:\/\/www.facebook.com\/kristiinaraisionvihreat&#8221; linkedin_url=&#8221;https:\/\/www.linkedin.com\/in\/kristiina-engstr\u00f6m-b8917231&#8243; admin_label=&#8221;Kristiina&#8221; _builder_version=&#8221;4.11.3&#8243; background_size=&#8221;initial&#8221; background_position=&#8221;top_left&#8221; background_repeat=&#8221;repeat&#8221; hover_enabled=&#8221;0&#8243; saved_tabs=&#8221;all&#8221; global_colors_info=&#8221;{}&#8221; sticky_enabled=&#8221;0&#8243;]<\/p>\n<div>Olen 52 vuotias yritt\u00e4j\u00e4.\u00a0<\/div>\n<div>Yritykseni on kodintekstiilien\u00a0myym\u00e4l\u00e4\u00a0<wbr><\/wbr>kauppakeskus Myllyss\u00e4.<\/div>\n<div>Olen varavaltuutettu ja kaupunginhallituksen j\u00e4sen.\u00a0<\/div>\n<div>\u00a0<\/div>\n<div>Kuntapolitiikassa minulle t\u00e4rkeit\u00e4 asioita ovat l\u00e4hiluonto, kirjasto, liikuntamahdollisuudet ulkona ja sis\u00e4ll\u00e4, laadukas varhaiskasvatus sek\u00e4 elinvoima. Kaikki Raision palvelut on pidett\u00e4v\u00e4 laadukkaina, sill\u00e4 vetovoima pit\u00e4\u00e4 huolta kaupungin elinvoimasta.\u00a0 \u00a0Raision strategiaa on kehitett\u00e4v\u00e4 niin, ett\u00e4 elinvoima ja ymp\u00e4rist\u00f6n arvostaminen saadaan kulkemaan yht\u00e4 polkua. Raision tulee kantaa vastuunsa ilmastonmuutoksen hillitsemisest\u00e4 ja s\u00e4ilytt\u00e4\u00e4 luonnontilaisia ymp\u00e4rist\u00f6j\u00e4 ja vihreit\u00e4 alueita. My\u00f6s hiljaisten alueiden arvostaminen p\u00e4\u00e4t\u00f6ksenteossa on tavoitteenani.<\/div>\n<div>\u00a0<\/div>\n<div>Harrastuksiani rajoittaa ty\u00f6nteko, muta ehdin tehd\u00e4 vaikuttamisty\u00f6t\u00e4. Olen Suomen Yritt\u00e4j\u00e4naisten varapuheenjohtaja, Suomen Yritt\u00e4jien valtuuston j\u00e4sen, Finnveran neuvottelukunnan j\u00e4sen ja Raision seudun vihreiden puheenjohtaja.\u00a0\u00a0<\/div>\n<p>\u200b<\/p>\n<p>&nbsp;<\/p>\n<p>[\/et_pb_team_member][\/et_pb_column][\/et_pb_row][\/et_pb_section][et_pb_section fb_built=&#8221;1&#8243; fullwidth=&#8221;on&#8221; _builder_version=&#8221;3.22&#8243; global_colors_info=&#8221;{}&#8221;][et_pb_fullwidth_menu menu_id=&#8221;14&#8243; submenu_direction=&#8221;downwards&#8221; fullwidth_menu=&#8221;off&#8221; admin_label=&#8221;Ehdokkaat&#8221; _builder_version=&#8221;4.7.7&#8243; menu_font_size=&#8221;18px&#8221; text_orientation=&#8221;center&#8221; global_colors_info=&#8221;{}&#8221;][\/et_pb_fullwidth_menu][\/et_pb_section]<\/p>\n","protected":false},"excerpt":{"rendered":"<p>[et_pb_section fb_built=&#8221;1&#8243; admin_label=&#8221;section&#8221; _builder_version=&#8221;3.22&#8243; global_colors_info=&#8221;{}&#8221;][et_pb_row admin_label=&#8221;row&#8221; _builder_version=&#8221;3.25&#8243; background_size=&#8221;initial&#8221; background_position=&#8221;top_left&#8221; background_repeat=&#8221;repeat&#8221; global_colors_info=&#8221;{}&#8221;][et_pb_column type=&#8221;4_4&#8243; _builder_version=&#8221;3.25&#8243; custom_padding=&#8221;|||&#8221; global_colors_info=&#8221;{}&#8221; custom_padding__hover=&#8221;|||&#8221;][et_pb_team_member name=&#8221;Kristiina Engstr\u00f6m&#8221; position=&#8221;yritt\u00e4j\u00e4, toimitusjohtaja&#8221; image_url=&#8221;https:\/\/yhdistykset.vihreat.fi\/raision.vihreat\/files\/2021\/01\/Engstrom_Kristiina-1-scaled.jpg&#8221; facebook_url=&#8221;https:\/\/www.facebook.com\/kristiinaraisionvihreat&#8221; linkedin_url=&#8221;https:\/\/www.linkedin.com\/in\/kristiina-engstr\u00f6m-b8917231&#8243; admin_label=&#8221;Kristiina&#8221; _builder_version=&#8221;4.11.3&#8243; background_size=&#8221;initial&#8221; background_position=&#8221;top_left&#8221; background_repeat=&#8221;repeat&#8221; hover_enabled=&#8221;0&#8243; saved_tabs=&#8221;all&#8221; global_colors_info=&#8221;{}&#8221; sticky_enabled=&#8221;0&#8243;] Olen 52 vuotias yritt\u00e4j\u00e4.\u00a0 Yritykseni on kodintekstiilien\u00a0myym\u00e4l\u00e4\u00a0kauppakeskus Myllyss\u00e4. Olen varavaltuutettu ja kaupunginhallituksen j\u00e4sen.\u00a0 \u00a0 Kuntapolitiikassa minulle t\u00e4rkeit\u00e4 asioita ovat l\u00e4hiluonto, kirjasto, liikuntamahdollisuudet ulkona [&hellip;]<\/p>\n","protected":false},"author":880,"featured_media":0,"parent":0,"menu_order":0,"comment_status":"closed","ping_status":"closed","template":"","meta":{"_crdt_document":"","footnotes":""},"class_list":["post-26662","page","type-page","status-publish","hentry"],"_links":{"self":[{"href":"https:\/\/yhdistykset.vihreat.fi\/raision.vihreat\/wp-json\/wp\/v2\/pages\/26662","targetHints":{"allow":["GET"]}}],"collection":[{"href":"https:\/\/yhdistykset.vihreat.fi\/raision.vihreat\/wp-json\/wp\/v2\/pages"}],"about":[{"href":"https:\/\/yhdistykset.vihreat.fi\/raision.vihreat\/wp-json\/wp\/v2\/types\/page"}],"author":[{"embeddable":true,"href":"https:\/\/yhdistykset.vihreat.fi\/raision.vihreat\/wp-json\/wp\/v2\/users\/880"}],"replies":[{"embeddable":true,"href":"https:\/\/yhdistykset.vihreat.fi\/raision.vihreat\/wp-json\/wp\/v2\/comments?post=26662"}],"version-history":[{"count":15,"href":"https:\/\/yhdistykset.vihreat.fi\/raision.vihreat\/wp-json\/wp\/v2\/pages\/26662\/revisions"}],"predecessor-version":[{"id":29476,"href":"https:\/\/yhdistykset.vihreat.fi\/raision.vihreat\/wp-json\/wp\/v2\/pages\/26662\/revisions\/29476"}],"wp:attachment":[{"href":"https:\/\/yhdistykset.vihreat.fi\/raision.vihreat\/wp-json\/wp\/v2\/media?parent=26662"}],"curies":[{"name":"wp","href":"https:\/\/api.w.org\/{rel}","templated":true}]}}