{"id":24808,"date":"2016-07-06T11:42:45","date_gmt":"2016-07-06T08:42:45","guid":{"rendered":"http:\/\/localhost\/vihreat\/?page_id=24808"},"modified":"2023-12-31T11:13:56","modified_gmt":"2023-12-31T09:13:56","slug":"yhdistys","status":"publish","type":"page","link":"https:\/\/yhdistykset.vihreat.fi\/ruskon.vihreat\/yhdistys\/","title":{"rendered":"Yhdistys"},"content":{"rendered":"<p>[et_pb_section fb_built=&#8221;1&#8243; _builder_version=&#8221;4.16&#8243; global_colors_info=&#8221;{}&#8221;][et_pb_row column_structure=&#8221;2_5,3_5&#8243; _builder_version=&#8221;4.16&#8243; background_size=&#8221;initial&#8221; background_position=&#8221;top_left&#8221; background_repeat=&#8221;repeat&#8221; global_colors_info=&#8221;{}&#8221;][et_pb_column type=&#8221;2_5&#8243; _builder_version=&#8221;4.16&#8243; custom_padding=&#8221;|||&#8221; global_colors_info=&#8221;{}&#8221; custom_padding__hover=&#8221;|||&#8221;][et_pb_text _builder_version=&#8221;4.16&#8243; background_size=&#8221;initial&#8221; background_position=&#8221;top_left&#8221; background_repeat=&#8221;repeat&#8221; global_colors_info=&#8221;{}&#8221;]<\/p>\n<h1>Yhdistys<\/h1>\n<p>Ruskon Vihre\u00e4t itsen\u00e4istyv\u00e4t omaksi yhdistykseksi Liedon Seudun Vihreist\u00e4 lokakuussa 2018.<\/p>\n<p>Ruskon Vihre\u00e4t haluavat madaltaa kynnyst\u00e4 osallistua paikalliseen vihre\u00e4\u00e4n toimintaan ja laajentaa keskustelupohjaa.<\/p>\n<h1>Hallitus 2023<\/h1>\n<p><strong>Monika Antikainen<\/strong>, puheenjohtaja<\/p>\n<p><strong>Anna Huttunen<br \/>Miia K\u00e4\u00e4r<\/strong><br \/><strong>Marja Kouvonen<br \/>Marju Teinikivi<br \/><\/strong><\/p>\n<p>[\/et_pb_text][\/et_pb_column][et_pb_column type=&#8221;3_5&#8243; _builder_version=&#8221;4.16&#8243; custom_padding=&#8221;|||&#8221; global_colors_info=&#8221;{}&#8221; custom_padding__hover=&#8221;|||&#8221;][et_pb_image src=&#8221;https:\/\/yhdistykset.vihreat.fi\/ruskon.vihreat\/files\/2019\/11\/Ruskon-Vihrea\u0308t.png&#8221; admin_label=&#8221;Hallituksen kuva&#8221; _builder_version=&#8221;4.16&#8243; custom_margin=&#8221;||0px||false|false&#8221; custom_padding=&#8221;||0px||false|false&#8221; global_colors_info=&#8221;{}&#8221;][\/et_pb_image][et_pb_text admin_label=&#8221;Teksti&#8221; _builder_version=&#8221;4.16&#8243; background_size=&#8221;initial&#8221; background_position=&#8221;top_left&#8221; background_repeat=&#8221;repeat&#8221; custom_margin=&#8221;0px||||false|false&#8221; custom_padding=&#8221;0px||||false|false&#8221; global_colors_info=&#8221;{}&#8221;]<\/p>\n<p style=\"text-align: center;\">Hallitus 2020-2021 Monika Antikainen, Marju Teinikivi, Miia K\u00e4\u00e4r, Joel Hakala ja Iida Salonen<\/p>\n<p>[\/et_pb_text][\/et_pb_column][\/et_pb_row][\/et_pb_section]<\/p>\n","protected":false},"excerpt":{"rendered":"<p>Yhdistys Ruskon Vihre\u00e4t itsen\u00e4istyv\u00e4t omaksi yhdistykseksi Liedon Seudun Vihreist\u00e4 lokakuussa 2018. Ruskon Vihre\u00e4t haluavat madaltaa kynnyst\u00e4 osallistua paikalliseen vihre\u00e4\u00e4n toimintaan ja laajentaa keskustelupohjaa. Hallitus 2023 Monika Antikainen, puheenjohtaja Anna HuttunenMiia K\u00e4\u00e4rMarja KouvonenMarju TeinikiviHallitus 2020-2021 Monika Antikainen, Marju Teinikivi, Miia K\u00e4\u00e4r, Joel Hakala ja Iida Salonen<\/p>\n","protected":false},"author":1,"featured_media":0,"parent":0,"menu_order":0,"comment_status":"closed","ping_status":"closed","template":"","meta":{"_et_pb_use_builder":"on","_et_pb_old_content":"<h2>Hallitus<\/h2>","_et_gb_content_width":"","footnotes":""},"class_list":["post-24808","page","type-page","status-publish","hentry"],"_links":{"self":[{"href":"https:\/\/yhdistykset.vihreat.fi\/ruskon.vihreat\/wp-json\/wp\/v2\/pages\/24808","targetHints":{"allow":["GET"]}}],"collection":[{"href":"https:\/\/yhdistykset.vihreat.fi\/ruskon.vihreat\/wp-json\/wp\/v2\/pages"}],"about":[{"href":"https:\/\/yhdistykset.vihreat.fi\/ruskon.vihreat\/wp-json\/wp\/v2\/types\/page"}],"author":[{"embeddable":true,"href":"https:\/\/yhdistykset.vihreat.fi\/ruskon.vihreat\/wp-json\/wp\/v2\/users\/1"}],"replies":[{"embeddable":true,"href":"https:\/\/yhdistykset.vihreat.fi\/ruskon.vihreat\/wp-json\/wp\/v2\/comments?post=24808"}],"version-history":[{"count":7,"href":"https:\/\/yhdistykset.vihreat.fi\/ruskon.vihreat\/wp-json\/wp\/v2\/pages\/24808\/revisions"}],"predecessor-version":[{"id":26442,"href":"https:\/\/yhdistykset.vihreat.fi\/ruskon.vihreat\/wp-json\/wp\/v2\/pages\/24808\/revisions\/26442"}],"wp:attachment":[{"href":"https:\/\/yhdistykset.vihreat.fi\/ruskon.vihreat\/wp-json\/wp\/v2\/media?parent=24808"}],"curies":[{"name":"wp","href":"https:\/\/api.w.org\/{rel}","templated":true}]}}