{"id":26095,"date":"2019-09-24T17:03:50","date_gmt":"2019-09-24T14:03:50","guid":{"rendered":"https:\/\/www.talousvihreat.fi\/?page_id=26095"},"modified":"2019-09-28T15:39:46","modified_gmt":"2019-09-28T12:39:46","slug":"26095-2","status":"publish","type":"page","link":"https:\/\/yhdistykset.vihreat.fi\/talous.vihreat\/26095-2\/","title":{"rendered":"Yhdistyksen s\u00e4\u00e4nn\u00f6t"},"content":{"rendered":"<p style=\"text-align: right;\"><em>Hyv\u00e4ksytty yhdistyksen kokouksessa 16.8.2019<\/em><br \/>\n<em>\u00a0ja rekister\u00f6ity PRH:ssa 28.8.2019<\/em><\/p>\n<h1>TalousVihre\u00e4t ry<\/h1>\n<ol>\n<li><strong>Yhdistyksen nimi, kotipaikka<\/strong><\/li>\n<\/ol>\n<p>Yhdistyksen nimi on TalousVihre\u00e4t ry, ruotsiksi De EkonomiGr\u00f6na rf ja englanniksi The EconomyGreens in Finland rs.<\/p>\n<p>Yhdistyksen kotipaikka on Helsinki.<\/p>\n<p>Yhdistys on Vihre\u00e4 liitto r.p.:n j\u00e4senyhdistys. Vihre\u00e4st\u00e4 liitosta k\u00e4ytet\u00e4\u00e4n n\u00e4iss\u00e4 s\u00e4\u00e4nn\u00f6iss\u00e4 nimityst\u00e4 puolue. Puoluekokous, puoluevaltuuskunta ja puoluehallitus tarkoittavat Vihre\u00e4n liiton asianomaisia puolue-elimi\u00e4.<\/p>\n<ol start=\"2\">\n<li><strong>Tarkoitus ja toimintamuodot<\/strong><\/li>\n<\/ol>\n<p>Yhdistyksen tarkoituksena on:<\/p>\n<ol>\n<li>edist\u00e4\u00e4 ekologista ja kest\u00e4v\u00e4\u00e4 sek\u00e4 vastuullista ja sosiaalisesti oikeudenmukaista taloutta, mukaan lukien sijoittaminen<\/li>\n<li>edist\u00e4\u00e4 kest\u00e4v\u00e4\u00e4 julkista taloutta sek\u00e4 sen, yritysmaailman ja kolmannen sektorin tasapainoa, niin kotimaassa kuin ulkomaille verkottuneena<\/li>\n<li>edist\u00e4\u00e4 kannustavaa, kannattavaa ja reilua yritt\u00e4jyytt\u00e4 ja ty\u00f6el\u00e4m\u00e4\u00e4, niin ty\u00f6nantajayrityksen, pienyritt\u00e4j\u00e4n, itsens\u00e4ty\u00f6llist\u00e4j\u00e4n kuin ty\u00f6ntekij\u00e4nkin osalta<\/li>\n<li>toimia foorumina talous- ja yritt\u00e4jyysaiheiselle keskustelulle sek\u00e4 edist\u00e4\u00e4 niiden osaamista ja ymm\u00e4rryst\u00e4<\/li>\n<li>edist\u00e4\u00e4 vihreit\u00e4 arvoja: ilmastonmuutoksen torjuntaa ja ilmastonmuutokseen sopeutumista, luonnon- ja ymp\u00e4rist\u00f6nsuojelua, kest\u00e4v\u00e4\u00e4 kehityst\u00e4, yhteiskunnallista oikeudenmukaisuutta, tasa-arvoa ja suvaitsevaisuutta<\/li>\n<li>tukea puolueen toimintaa, kertoa vihre\u00e4st\u00e4 liikkeest\u00e4 ja lis\u00e4t\u00e4 vihre\u00e4n liikkeen kannatusta niiden keskuudessa, joita kiinnostavat talous- tai yritt\u00e4jyysasiat, sek\u00e4 yhdist\u00e4\u00e4 heit\u00e4<\/li>\n<li>tuoda puolueessa esiin talous- ja yritt\u00e4jyysn\u00e4k\u00f6kulmaa ja lis\u00e4t\u00e4 ymm\u00e4rryst\u00e4 niist\u00e4.<\/li>\n<\/ol>\n<p>&nbsp;<\/p>\n<p>Tarkoituksensa toteuttamiseksi yhdistys:<\/p>\n<ol>\n<li>toimii yhdistyksen\u00e4 niille puolueen j\u00e4senille, joita kiinnostavat talous- ja\/tai yritt\u00e4jyysasiat<\/li>\n<li>tekee aloitteita ja kannanottoja<\/li>\n<li>harjoittaa tiedotus- ja julkaisutoimintaa<\/li>\n<li>j\u00e4rjest\u00e4\u00e4 keskustelu-, koulutus- ja kulttuuritilaisuuksia<\/li>\n<li>j\u00e4rjest\u00e4\u00e4 muuta vastaavaa tarkoitustaan edist\u00e4v\u00e4\u00e4, voittoa tavoittelematonta toimintaa.<\/li>\n<\/ol>\n<p>Toimintansa tukemiseksi yhdistys voi:<\/p>\n<ol>\n<li>ottaa vastaan avustuksia, lahjoituksia ja testamentteja<\/li>\n<li>omistaa toimintaansa varten tarpeellista kiinte\u00e4\u00e4 ja irtainta omaisuutta<\/li>\n<li>j\u00e4rjest\u00e4\u00e4 luvan saatuaan rahanker\u00e4yksi\u00e4 ja arpajaisia<\/li>\n<li>harjoittaa sellaista elinkeinoa tai ansiotoimintaa, joka muutoin v\u00e4litt\u00f6m\u00e4sti liittyy yhdistyksen tarkoituksen toteuttamiseen tai jota on pidett\u00e4v\u00e4 taloudellisesti v\u00e4h\u00e4arvoisena, sek\u00e4 arvojensa mukaista vastuullista sijoitustoimintaa.<\/li>\n<\/ol>\n<p>3.<strong> J\u00e4senet<\/strong><\/p>\n<p>Yhdistyksen j\u00e4seneksi voi liitty\u00e4 jokainen 15 vuotta t\u00e4ytt\u00e4nyt henkil\u00f6, joka hyv\u00e4ksyy yhdistyksen tarkoituksen ja s\u00e4\u00e4nn\u00f6t ja on Suomen kansalainen tai ulkomaalainen, jolla on kotipaikka Suomessa.<\/p>\n<p>Yhdistyksen j\u00e4sen ei voi olla j\u00e4senen\u00e4 johonkin muuhun puolueeseen kuuluvassa yhdistyksess\u00e4.<\/p>\n<p>J\u00e4senet hyv\u00e4ksyy hakemuksesta yhdistyksen hallitus.<\/p>\n<ol start=\"4\">\n<li><strong>J\u00e4senen eroaminen ja erottaminen<\/strong><\/li>\n<\/ol>\n<p>J\u00e4senell\u00e4 on oikeus erota yhdistyksest\u00e4 ilmoittamalla siit\u00e4 kirjallisesti hallitukselle tai sen puheenjohtajalle taikka ilmoittamalla erosta yhdistyksen kokouksessa merkitt\u00e4v\u00e4ksi p\u00f6yt\u00e4kirjaan.<\/p>\n<p>Hallitus voi erottaa j\u00e4senen yhdistyksest\u00e4, jos j\u00e4sen<\/p>\n<ul>\n<li>on j\u00e4tt\u00e4nyt t\u00e4ytt\u00e4m\u00e4tt\u00e4 ne velvoitteet, joihin h\u00e4n on yhdistykseen liittym\u00e4ll\u00e4 sitoutunut tai<\/li>\n<li>ei t\u00e4yt\u00e4 laissa taikka n\u00e4iss\u00e4 s\u00e4\u00e4nn\u00f6iss\u00e4 mainittuja j\u00e4senyyden ehtoja tai<\/li>\n<li>on menettelyll\u00e4\u00e4n yhdistyksess\u00e4 tai sen ulkopuolella huomattavasti vahingoittanut yhdistyst\u00e4 tai puoluetta tai<\/li>\n<li>asettuu toisen puolueen ehdokkaaksi vaaleissa tai siirtyy toisen poliittisen ryhm\u00e4n edustajaksi kunnallisessa, maakunnallisessa tai valtakunnallisessa luottamustoimielimess\u00e4.<\/li>\n<\/ul>\n<p>Hallitus voi sen tarkoituksenmukaiseksi n\u00e4hdess\u00e4\u00e4n siirt\u00e4\u00e4 erottamisp\u00e4\u00e4t\u00f6ksen yhdistyksen kokoukselle.<\/p>\n<p>Ennen erottamisp\u00e4\u00e4t\u00f6st\u00e4 j\u00e4senelle on varattava oikeus suullisen tai kirjallisen lausunnon antamiseen asiasta, mik\u00e4li erottamisen peruste on jokin muu kuin j\u00e4senmaksun maksamatta j\u00e4tt\u00e4minen.<\/p>\n<p>Hallitus voi katsoa j\u00e4senen eronneeksi yhdistyksest\u00e4, jos j\u00e4sen on j\u00e4tt\u00e4nyt j\u00e4senmaksunsa maksamatta kahtena per\u00e4kk\u00e4isen\u00e4 vuonna.<\/p>\n<ol start=\"5\">\n<li><strong>J\u00e4senmaksut<\/strong><\/li>\n<\/ol>\n<p>Yhdistyksen j\u00e4sen maksaa vuosittain j\u00e4senmaksun, joko perusj\u00e4senmaksun tai alennetun j\u00e4senmaksun.<\/p>\n<p>Perusj\u00e4senmaksuun ja alennettuun j\u00e4senmaksuun sis\u00e4ltyy sek\u00e4 j\u00e4senen j\u00e4senmaksu yhdistykselle ett\u00e4 yhdistyksen j\u00e4senmaksu puolueelle kyseisest\u00e4 j\u00e4senest\u00e4.<\/p>\n<p>Puoluekokous p\u00e4\u00e4tt\u00e4\u00e4 vuosittain:<\/p>\n<ul>\n<li>perusj\u00e4senmaksun ja alennetun j\u00e4senmaksun suuruuden<\/li>\n<li>perusj\u00e4senmaksun ja alennetun j\u00e4senmaksun jakautumisesta yhdistykselle ja puolueelle tuleviin j\u00e4senmaksuosuuksiin.<\/li>\n<\/ul>\n<p>Puolue hoitaa j\u00e4senmaksujen perinn\u00e4n yhdistyksen j\u00e4senilt\u00e4 ja tilitt\u00e4\u00e4 yhdistykselle tulevat j\u00e4senmaksuosuudet yhdistykselle.<\/p>\n<p>Puolue voi k\u00e4ytt\u00e4\u00e4 yhdistyksen j\u00e4senluettelon tietoja j\u00e4senmaksuperinn\u00e4n sek\u00e4 muiden j\u00e4senyyteen liittyvien asioiden k\u00e4yt\u00e4nn\u00f6n hoitamiseen kuten viestint\u00e4\u00e4n j\u00e4senist\u00f6lle.<\/p>\n<ol start=\"6\">\n<li><strong>Hallitus<\/strong><\/li>\n<\/ol>\n<p>Yhdistyksen asioita hoitaa hallitus, johon kuuluu yhdistyksen kokouksessa valitut puheenjohtaja ja nelj\u00e4st\u00e4 kahdeksaan muuta j\u00e4sent\u00e4, sek\u00e4 kokouksen niin p\u00e4\u00e4tt\u00e4ess\u00e4 enint\u00e4\u00e4n kolme varaj\u00e4sent\u00e4. Hallituksen j\u00e4senten ja mahdollisten varaj\u00e4senten m\u00e4\u00e4r\u00e4st\u00e4 p\u00e4\u00e4tt\u00e4\u00e4 yhdistyksen kokous.<\/p>\n<p>Hallituksen toimikausi on valinnasta seuraavan hallituksen valintaan.<\/p>\n<p>Hallitus valitsee keskuudestaan varapuheenjohtajan sek\u00e4 keskuudestaan tai ulkopuoleltaan sihteerin ja taloudenhoitajan.<\/p>\n<p>Hallitus kokoontuu puheenjohtajan tai h\u00e4nen estyneen\u00e4 ollessaan varapuheenjohtajan kutsusta, kun he katsovat siihen olevan aihetta tai kun v\u00e4hint\u00e4\u00e4n puolet hallituksen j\u00e4senist\u00e4 sit\u00e4 vaatii.<\/p>\n<p>Hallitus on p\u00e4\u00e4t\u00f6svaltainen, kun yli puolet sen varsinaisten j\u00e4senten m\u00e4\u00e4r\u00e4st\u00e4, puheenjohtaja tai varapuheenjohtaja mukaan luettuna, on l\u00e4sn\u00e4. Hallituksen p\u00e4\u00e4t\u00f6kseksi tulee se mielipide, jota on kannattanut yli puolet annetuista \u00e4\u00e4nist\u00e4. \u00c4\u00e4nten menness\u00e4 tasan ratkaisee puheenjohtajan \u00e4\u00e4ni, vaaleissa kuitenkin arpa.<\/p>\n<ol start=\"7\">\n<li><strong>Yhdistyksen nimen kirjoittaminen<\/strong><\/li>\n<\/ol>\n<p>Yhdistyksen nimen kirjoittavat joko puheenjohtaja yksin tai varapuheenjohtaja yhdess\u00e4 sihteerin tai taloudenhoitajan kanssa.<\/p>\n<ol start=\"8\">\n<li><strong>Tilikausi ja toiminnantarkastus<\/strong><\/li>\n<\/ol>\n<p>Yhdistyksen tilikausi on kalenterivuosi.<\/p>\n<p>Tilinp\u00e4\u00e4t\u00f6s tarvittavine asiakirjoineen on toimitettava toiminnantarkastajille viimeist\u00e4\u00e4n kuukautta ennen yhdistyksen kokousta. Toiminnantarkastajien tulee luovuttaa tarkastuskertomuksensa viimeist\u00e4\u00e4n kaksi viikkoa ennen yhdistyksen kokousta hallitukselle.<\/p>\n<ol start=\"9\">\n<li><strong>Yhdistyksen kokoukset<\/strong><\/li>\n<\/ol>\n<p>Yhdistys pit\u00e4\u00e4 vuosittain yhden varsinaisen kokouksen.<\/p>\n<p>Se pidet\u00e4\u00e4n maalis-toukokuussa hallituksen m\u00e4\u00e4r\u00e4\u00e4m\u00e4n\u00e4 p\u00e4iv\u00e4n\u00e4.<\/p>\n<p>Ylim\u00e4\u00e4r\u00e4inen kokous pidet\u00e4\u00e4n, kun yhdistyksen kokous niin p\u00e4\u00e4tt\u00e4\u00e4 tai kun hallitus katsoo siihen olevan aihetta tai kun v\u00e4hint\u00e4\u00e4n kymmenesosa (1\/10) yhdistyksen \u00e4\u00e4nioikeutetuista j\u00e4senist\u00e4 sit\u00e4 hallitukselta erityisesti ilmoitettua asiaa varten kirjallisesti vaatii. Kokous on pidett\u00e4v\u00e4 kahdenkymmenen (20) vuorokauden kuluessa siit\u00e4, kun vaatimus sen pit\u00e4misest\u00e4 on esitetty hallitukselle.<\/p>\n<ol start=\"10\">\n<li><strong>Yhdistyksen kokousten koollekutsuminen<\/strong><\/li>\n<\/ol>\n<p>Yhdistyksen kokoukset kutsuu koolle hallitus. Kokouskutsu on l\u00e4hetett\u00e4v\u00e4 j\u00e4senille v\u00e4hint\u00e4\u00e4n seitsem\u00e4n (7) vuorokautta ennen kokousta joko tavallisessa postissa tai s\u00e4hk\u00f6postitse j\u00e4senen ilmoittamaan s\u00e4hk\u00f6postiosoitteeseen.<\/p>\n<p>Kokouksessa k\u00e4sitelt\u00e4v\u00e4t asiat on mainittava kokouskutsussa.<\/p>\n<ol start=\"11\">\n<li><strong>P\u00e4\u00e4t\u00f6ksenteko yhdistyksen kokouksessa<\/strong><\/li>\n<\/ol>\n<p>Yhdistyksen kokouksessa on jokaisella j\u00e4senell\u00e4 yksi \u00e4\u00e4ni.<\/p>\n<p>Yhdistyksen kokouksen p\u00e4\u00e4t\u00f6kseksi tulee se mielipide, jota on kannattanut yli puolet annetuista \u00e4\u00e4nist\u00e4, ellei n\u00e4iss\u00e4 s\u00e4\u00e4nn\u00f6iss\u00e4 jonkin asian osalta toisin m\u00e4\u00e4r\u00e4t\u00e4. \u00c4\u00e4nten menness\u00e4 tasan ratkaisee kokouksen puheenjohtajan \u00e4\u00e4ni, vaaleissa kuitenkin arpa.<\/p>\n<p>Vaalit suoritetaan yhdistyksen kokouksessa enemmist\u00f6vaalina. Mik\u00e4li t\u00e4ytett\u00e4v\u00e4n\u00e4 on vain yksi paikka ja yksik\u00e4\u00e4n ehdokas ei saa vaalissa yli puolta annetuista \u00e4\u00e4nist\u00e4, j\u00e4rjestet\u00e4\u00e4n toinen \u00e4\u00e4nestyskierros kahden eniten \u00e4\u00e4ni\u00e4 saaneen ehdokkaan v\u00e4lill\u00e4.<\/p>\n<p>Yhdistyksen kokoukseen voidaan kokouksen aikana et\u00e4osallistua hallituksen niin p\u00e4\u00e4tt\u00e4ess\u00e4 tietoliikenneyhteyden tai muun teknisen apuv\u00e4lineen avulla.<\/p>\n<ol start=\"12\">\n<li><strong>Yhdistyksen kokouksessa k\u00e4sitelt\u00e4v\u00e4t puolueen asiat<\/strong><\/li>\n<\/ol>\n<p>Seuraavista puolueen toimintaan liittyvist\u00e4 asioista on teht\u00e4v\u00e4 p\u00e4\u00e4t\u00f6s yhdistyksen kokouksessa:<\/p>\n<ol>\n<li>yhdistyksen \u00e4\u00e4nivaltaisten edustajien valitseminen puoluekokoukseen<\/li>\n<li>ehdokkaiden esitt\u00e4minen puoluekokouksessa p\u00e4\u00e4tett\u00e4viin luottamusteht\u00e4viin (puolueen puheenjohtaja ja varapuheenjohtajat sek\u00e4 puoluehallituksen muut j\u00e4senet, puoluevaltuuskunnan puheenjohtaja, varapuheenjohtajat ja muut j\u00e4senet sek\u00e4 puoluesihteeri)<\/li>\n<\/ol>\n<p>Yhdistyksen kokous voi p\u00e4\u00e4tt\u00e4\u00e4 siirt\u00e4\u00e4 p\u00e4\u00e4t\u00f6svaltaa edell\u00e4 mainituissa asioissa hallitukselle.<\/p>\n<ol start=\"13\">\n<li><strong>Varsinaiset kokoukset<\/strong><\/li>\n<\/ol>\n<p>Yhdistyksen varsinaisen kokouksen teht\u00e4v\u00e4n\u00e4 on:<\/p>\n<ol>\n<li>k\u00e4sitell\u00e4 edellisen tilikauden tilinp\u00e4\u00e4t\u00f6s, toimintakertomus ja toiminnantarkastuskertomus<\/li>\n<li>p\u00e4\u00e4tt\u00e4\u00e4 tilinp\u00e4\u00e4t\u00f6ksen vahvistamisesta sek\u00e4 vastuuvapauden my\u00f6nt\u00e4misest\u00e4 hallitukselle ja muille tilivelvollisille<\/li>\n<li>hyv\u00e4ksy\u00e4 toimintasuunnitelma ja talousarvio kuluvalle kalenterivuodelle<\/li>\n<li>p\u00e4\u00e4tt\u00e4\u00e4 hallituksen j\u00e4senten lukum\u00e4\u00e4r\u00e4<\/li>\n<li>valita hallituksen puheenjohtaja<\/li>\n<li>valita hallituksen muut j\u00e4senet<\/li>\n<li>valita yksi tai kaksi toiminnantarkastajaa ja heille varahenkil\u00f6t<\/li>\n<li>k\u00e4sitell\u00e4 muut kokouskutsussa mainitut asiat<\/li>\n<\/ol>\n<p>Mik\u00e4li yhdistyksen j\u00e4sen haluaa saada jonkin asian yhdistyksen varsinaisen kokouksen k\u00e4sitelt\u00e4v\u00e4ksi, on h\u00e4nen ilmoitettava siit\u00e4 kirjallisesti hallitukselle niin hyviss\u00e4 ajoin, ett\u00e4 asia voidaan sis\u00e4llytt\u00e4\u00e4 kokouskutsuun.<\/p>\n<ol start=\"14\">\n<li><strong>S\u00e4\u00e4nt\u00f6jen muuttaminen ja yhdistyksen purkaminen<\/strong><\/li>\n<\/ol>\n<p>P\u00e4\u00e4t\u00f6s s\u00e4\u00e4nt\u00f6jen muuttamisesta tai yhdistyksen purkamisesta on teht\u00e4v\u00e4 yhdistyksen kokouksessa v\u00e4hint\u00e4\u00e4n kolmen nelj\u00e4sosan (3\/4) enemmist\u00f6ll\u00e4 annetuista \u00e4\u00e4nist\u00e4. Kokouskutsussa on mainittava s\u00e4\u00e4nt\u00f6jen muuttamisesta tai yhdistyksen purkamisesta.<\/p>\n<p>Yhdistyksen purkautuessa tai tullessa lakkautetuksi siirret\u00e4\u00e4n sen varat puolueen k\u00e4ytett\u00e4v\u00e4ksi yhdistyksen tarkoituksen edist\u00e4miseen.<\/p>\n","protected":false},"excerpt":{"rendered":"<p>Hyv\u00e4ksytty yhdistyksen kokouksessa 16.8.2019 \u00a0ja rekister\u00f6ity PRH:ssa 28.8.2019 TalousVihre\u00e4t ry Yhdistyksen nimi, kotipaikka Yhdistyksen nimi on TalousVihre\u00e4t ry, ruotsiksi De EkonomiGr\u00f6na rf ja englanniksi The EconomyGreens in Finland rs. Yhdistyksen [&hellip;]<\/p>\n","protected":false},"author":1027,"featured_media":0,"parent":0,"menu_order":0,"comment_status":"closed","ping_status":"closed","template":"","meta":{"_et_pb_use_builder":"","_et_pb_old_content":"","_et_gb_content_width":"","footnotes":""},"class_list":["post-26095","page","type-page","status-publish","hentry"],"yoast_head":"<!-- This site is optimized with the Yoast SEO plugin v27.1.1 - https:\/\/yoast.com\/product\/yoast-seo-wordpress\/ -->\n<title>Yhdistyksen s\u00e4\u00e4nn\u00f6t - TalousVihre\u00e4t<\/title>\n<meta name=\"robots\" content=\"index, follow, max-snippet:-1, max-image-preview:large, max-video-preview:-1\" \/>\n<link rel=\"canonical\" href=\"https:\/\/talousvihreat.fi\/26095-2\/\" \/>\n<meta property=\"og:locale\" content=\"fi_FI\" \/>\n<meta property=\"og:type\" content=\"article\" \/>\n<meta property=\"og:title\" content=\"Yhdistyksen s\u00e4\u00e4nn\u00f6t - TalousVihre\u00e4t\" \/>\n<meta property=\"og:description\" content=\"Hyv\u00e4ksytty yhdistyksen kokouksessa 16.8.2019 \u00a0ja rekister\u00f6ity PRH:ssa 28.8.2019 TalousVihre\u00e4t ry Yhdistyksen nimi, kotipaikka Yhdistyksen nimi on TalousVihre\u00e4t ry, ruotsiksi De EkonomiGr\u00f6na rf ja englanniksi The EconomyGreens in Finland rs. Yhdistyksen [&hellip;]\" \/>\n<meta property=\"og:url\" content=\"https:\/\/talousvihreat.fi\/26095-2\/\" \/>\n<meta property=\"og:site_name\" content=\"TalousVihre\u00e4t\" \/>\n<meta property=\"article:publisher\" content=\"https:\/\/www.facebook.com\/TalousVihreat\/\" \/>\n<meta property=\"article:modified_time\" content=\"2019-09-28T12:39:46+00:00\" \/>\n<meta name=\"twitter:card\" content=\"summary_large_image\" \/>\n<meta name=\"twitter:site\" content=\"@talousvihreat\" \/>\n<meta name=\"twitter:label1\" content=\"Arvioitu lukuaika\" \/>\n\t<meta name=\"twitter:data1\" content=\"6 minuuttia\" \/>\n<script type=\"application\/ld+json\" class=\"yoast-schema-graph\">{\"@context\":\"https:\/\/schema.org\",\"@graph\":[{\"@type\":\"WebPage\",\"@id\":\"https:\/\/talousvihreat.fi\/26095-2\/\",\"url\":\"https:\/\/talousvihreat.fi\/26095-2\/\",\"name\":\"Yhdistyksen s\u00e4\u00e4nn\u00f6t - TalousVihre\u00e4t\",\"isPartOf\":{\"@id\":\"https:\/\/talousvihreat.fi\/#website\"},\"datePublished\":\"2019-09-24T14:03:50+00:00\",\"dateModified\":\"2019-09-28T12:39:46+00:00\",\"breadcrumb\":{\"@id\":\"https:\/\/talousvihreat.fi\/26095-2\/#breadcrumb\"},\"inLanguage\":\"fi\",\"potentialAction\":[{\"@type\":\"ReadAction\",\"target\":[\"https:\/\/talousvihreat.fi\/26095-2\/\"]}]},{\"@type\":\"BreadcrumbList\",\"@id\":\"https:\/\/talousvihreat.fi\/26095-2\/#breadcrumb\",\"itemListElement\":[{\"@type\":\"ListItem\",\"position\":1,\"name\":\"Home\",\"item\":\"https:\/\/talousvihreat.fi\/\"},{\"@type\":\"ListItem\",\"position\":2,\"name\":\"Yhdistyksen s\u00e4\u00e4nn\u00f6t\"}]},{\"@type\":\"WebSite\",\"@id\":\"https:\/\/talousvihreat.fi\/#website\",\"url\":\"https:\/\/talousvihreat.fi\/\",\"name\":\"TalousVihre\u00e4t\",\"description\":\"Kest\u00e4v\u00e4\u00e4 talouspolitiikka\",\"potentialAction\":[{\"@type\":\"SearchAction\",\"target\":{\"@type\":\"EntryPoint\",\"urlTemplate\":\"https:\/\/talousvihreat.fi\/?s={search_term_string}\"},\"query-input\":{\"@type\":\"PropertyValueSpecification\",\"valueRequired\":true,\"valueName\":\"search_term_string\"}}],\"inLanguage\":\"fi\"}]}<\/script>\n<!-- \/ Yoast SEO plugin. -->","yoast_head_json":{"title":"Yhdistyksen s\u00e4\u00e4nn\u00f6t - TalousVihre\u00e4t","robots":{"index":"index","follow":"follow","max-snippet":"max-snippet:-1","max-image-preview":"max-image-preview:large","max-video-preview":"max-video-preview:-1"},"canonical":"https:\/\/talousvihreat.fi\/26095-2\/","og_locale":"fi_FI","og_type":"article","og_title":"Yhdistyksen s\u00e4\u00e4nn\u00f6t - TalousVihre\u00e4t","og_description":"Hyv\u00e4ksytty yhdistyksen kokouksessa 16.8.2019 \u00a0ja rekister\u00f6ity PRH:ssa 28.8.2019 TalousVihre\u00e4t ry Yhdistyksen nimi, kotipaikka Yhdistyksen nimi on TalousVihre\u00e4t ry, ruotsiksi De EkonomiGr\u00f6na rf ja englanniksi The EconomyGreens in Finland rs. Yhdistyksen [&hellip;]","og_url":"https:\/\/talousvihreat.fi\/26095-2\/","og_site_name":"TalousVihre\u00e4t","article_publisher":"https:\/\/www.facebook.com\/TalousVihreat\/","article_modified_time":"2019-09-28T12:39:46+00:00","twitter_card":"summary_large_image","twitter_site":"@talousvihreat","twitter_misc":{"Arvioitu lukuaika":"6 minuuttia"},"schema":{"@context":"https:\/\/schema.org","@graph":[{"@type":"WebPage","@id":"https:\/\/talousvihreat.fi\/26095-2\/","url":"https:\/\/talousvihreat.fi\/26095-2\/","name":"Yhdistyksen s\u00e4\u00e4nn\u00f6t - TalousVihre\u00e4t","isPartOf":{"@id":"https:\/\/talousvihreat.fi\/#website"},"datePublished":"2019-09-24T14:03:50+00:00","dateModified":"2019-09-28T12:39:46+00:00","breadcrumb":{"@id":"https:\/\/talousvihreat.fi\/26095-2\/#breadcrumb"},"inLanguage":"fi","potentialAction":[{"@type":"ReadAction","target":["https:\/\/talousvihreat.fi\/26095-2\/"]}]},{"@type":"BreadcrumbList","@id":"https:\/\/talousvihreat.fi\/26095-2\/#breadcrumb","itemListElement":[{"@type":"ListItem","position":1,"name":"Home","item":"https:\/\/talousvihreat.fi\/"},{"@type":"ListItem","position":2,"name":"Yhdistyksen s\u00e4\u00e4nn\u00f6t"}]},{"@type":"WebSite","@id":"https:\/\/talousvihreat.fi\/#website","url":"https:\/\/talousvihreat.fi\/","name":"TalousVihre\u00e4t","description":"Kest\u00e4v\u00e4\u00e4 talouspolitiikka","potentialAction":[{"@type":"SearchAction","target":{"@type":"EntryPoint","urlTemplate":"https:\/\/talousvihreat.fi\/?s={search_term_string}"},"query-input":{"@type":"PropertyValueSpecification","valueRequired":true,"valueName":"search_term_string"}}],"inLanguage":"fi"}]}},"_links":{"self":[{"href":"https:\/\/yhdistykset.vihreat.fi\/talous.vihreat\/wp-json\/wp\/v2\/pages\/26095","targetHints":{"allow":["GET"]}}],"collection":[{"href":"https:\/\/yhdistykset.vihreat.fi\/talous.vihreat\/wp-json\/wp\/v2\/pages"}],"about":[{"href":"https:\/\/yhdistykset.vihreat.fi\/talous.vihreat\/wp-json\/wp\/v2\/types\/page"}],"author":[{"embeddable":true,"href":"https:\/\/yhdistykset.vihreat.fi\/talous.vihreat\/wp-json\/wp\/v2\/users\/1027"}],"replies":[{"embeddable":true,"href":"https:\/\/yhdistykset.vihreat.fi\/talous.vihreat\/wp-json\/wp\/v2\/comments?post=26095"}],"version-history":[{"count":5,"href":"https:\/\/yhdistykset.vihreat.fi\/talous.vihreat\/wp-json\/wp\/v2\/pages\/26095\/revisions"}],"predecessor-version":[{"id":26158,"href":"https:\/\/yhdistykset.vihreat.fi\/talous.vihreat\/wp-json\/wp\/v2\/pages\/26095\/revisions\/26158"}],"wp:attachment":[{"href":"https:\/\/yhdistykset.vihreat.fi\/talous.vihreat\/wp-json\/wp\/v2\/media?parent=26095"}],"curies":[{"name":"wp","href":"https:\/\/api.w.org\/{rel}","templated":true}]}}