{"id":26099,"date":"2019-09-24T17:05:36","date_gmt":"2019-09-24T14:05:36","guid":{"rendered":"https:\/\/www.talousvihreat.fi\/?page_id=26099"},"modified":"2019-09-24T17:05:36","modified_gmt":"2019-09-24T14:05:36","slug":"tietosuojaseloste","status":"publish","type":"page","link":"https:\/\/yhdistykset.vihreat.fi\/talous.vihreat\/yhdistys\/tietosuojaseloste\/","title":{"rendered":"Tietosuojaseloste"},"content":{"rendered":"<h1 class=\"entry-title main_title\"><\/h1>\n<div class=\"entry-content\">\n<p><i>T\u00e4m\u00e4 tietosuojaseloste on sek\u00e4 asetuksen (EU) 2016\/679 (j\u00e4ljemp\u00e4n\u00e4 tietosuoja-asetus) mukainen tiedote rekister\u00f6idyille heid\u00e4n henkil\u00f6tietojensa k\u00e4sittelyst\u00e4 ett\u00e4 asetuksen (EU) 2016\/679 (j\u00e4ljemp\u00e4n\u00e4 tietosuoja-asetus tai TSA) 30 artiklan mukainen seloste henkil\u00f6tietojen k\u00e4sittelytoimista.<\/i><\/p>\n<h2>Rekisterin nimi<\/h2>\n<p>TalousVihre\u00e4t\u00a0ry:n j\u00e4senrekisteri.<\/p>\n<h2>Rekisterinpit\u00e4j\u00e4<\/h2>\n<p>TalousVihre\u00e4t ry<\/p>\n<p>Rekisterin yll\u00e4pidosta vastaa hallitus, jonka tavoittaa osoitteesta sakari.kouti@vihreat.fi<\/p>\n<p>Yhdistys on Vihre\u00e4 liitto rp:n j\u00e4senyhdistys ja muodostaa sen sek\u00e4 muiden sen j\u00e4senyhdistysten kanssa yhdistysoikeudellisesti nk. kiinte\u00e4n liiton. T\u00e4st\u00e4 kiinte\u00e4st\u00e4 liitosta k\u00e4ytet\u00e4\u00e4n t\u00e4ss\u00e4 tietosuojaselosteessa nimityst\u00e4 puolue. Yhdistyksen henkil\u00f6j\u00e4senill\u00e4 on yhdistyksen j\u00e4senyyden kautta v\u00e4lillinen j\u00e4senyyssuhde Vihre\u00e4\u00e4n liittoon yhden v\u00e4liss\u00e4 olevan yhdistysportaan kautta.<\/p>\n<h2>Rekister\u00f6ityjen henkil\u00f6tietojen tietol\u00e4hteet, k\u00e4ytt\u00f6tarkoitukset ja oikeusperiaatteet<\/h2>\n<p>J\u00e4senrekisterin tarkoituksena on mahdollistaa yhdistyksen toiminnan tarkoituksen toteuttaminen, j\u00e4senten poliittisten vaikutusmahdollisuuksien parantaminen, yhteydenpito j\u00e4senist\u00f6\u00f6n sek\u00e4 yhdistyksen lakis\u00e4\u00e4teinen vaatimus pit\u00e4\u00e4 j\u00e4senist\u00e4\u00e4n j\u00e4senrekisteri\u00e4.<\/p>\n<p>Henkil\u00f6tietojen k\u00e4sittelyn ensisijaisena oikeusperusteena on tietosuoja-asetuksen artiklojen\u00a06.1(a) ja 9.2(a) mukaisesti rekister\u00f6idyn itsens\u00e4 antama suostumus, artiklan 9.2(d) mukaisesti rekister\u00f6idyn henkil\u00f6n j\u00e4senyyden my\u00f6t\u00e4 syntyv\u00e4 yhteys poliittiseen yhdistykseen, ja artiklan 6.1(c) mukainen rekisterinpit\u00e4j\u00e4n lakis\u00e4\u00e4teinen velvollisuus pit\u00e4\u00e4 j\u00e4senist\u00e4\u00e4n j\u00e4senrekisteri\u00e4. Henkil\u00f6n suostuessa henkil\u00f6tietojensa tallentamiseen puolueen j\u00e4senmaksurekisteriin h\u00e4n suostuu samalla niiden luovuttamiseen valitsemalleen yhdistykselle j\u00e4senrekisteriin tallentamista varten. Yhdistys voi kuitenkin tarvittaessa pyyt\u00e4\u00e4 suostumusta henkil\u00f6lt\u00e4 my\u00f6s suoraan.<\/p>\n<p>Ensisijaisena tietol\u00e4hteen\u00e4 toimivat Vihre\u00e4 liitto rp:n j\u00e4senmaksurekisterist\u00e4\u00e4n j\u00e4senyhdistyksilleen luovuttamat tiedot. Tietoja voidaan niiden ajantasaisuuden varmistamiseksi p\u00e4ivitt\u00e4\u00e4 my\u00f6s muihin julkisesti saatavilla oleviin rekistereihin tallennetuista henkil\u00f6tiedoista, esimerkiksi julkisten Suomessa toimivien puhelinnumeropalvelujen tiedoista. Maksusuoritusten ja pankkiyhteystietojen osalta tietojen l\u00e4hteen\u00e4 toimii rekister\u00f6idyn pankki.<\/p>\n<h2>Rekisterin tietosis\u00e4lt\u00f6<\/h2>\n<p>Rekisteriin tallentaan seuraavat henkil\u00f6tietojen ryhm\u00e4t:<\/p>\n<ul>\n<li>syntym\u00e4aika<\/li>\n<li>etu- ja sukunimi<\/li>\n<li>yhteystiedot, kuten s\u00e4hk\u00f6postiosoitteet, puhelinnumerot ja katuosoitteet<\/li>\n<li>tiedot j\u00e4senyyksist\u00e4<\/li>\n<li>tiedot j\u00e4senmaksusuorituksista<\/li>\n<\/ul>\n<p>Lis\u00e4ksi rekisteriin voidaan rekister\u00f6idyn suostumuksella j\u00e4senpalvelun parantamiseksi ja puolueen tilastointitarkoituksia varten tallentaa:<\/p>\n<ul>\n<li>pankkiyhteystiedot, kuten e-laskuosoite<\/li>\n<li>itsem\u00e4\u00e4ritelty sukupuoli<\/li>\n<li>opiskelupaikka<\/li>\n<li>tiedot henkil\u00f6n kielitaidosta<\/li>\n<li>tietoja aiemmista yhteydenotoista henkil\u00f6\u00f6n<\/li>\n<li>tieto siit\u00e4, mik\u00e4li henkil\u00f6 haluaa tulla kohdelluksi puolueessa nk. sitoutumattomana j\u00e4senen\u00e4. T\u00e4llaista henkil\u00f6\u00e4 ei pidet\u00e4 puolueen j\u00e4senen\u00e4 tilastollisissa tarkoituksissa, eik\u00e4 h\u00e4n saa puolueen j\u00e4senetuja, kuten j\u00e4senetulehte\u00e4.<\/li>\n<\/ul>\n<h2>Henkil\u00f6tietojen s\u00e4ilytt\u00e4misaika<\/h2>\n<p>Mik\u00e4li henkil\u00f6 ei itse j\u00e4ljemp\u00e4n\u00e4 esitetyll\u00e4 tavalla vaadi henkil\u00f6tietojensa poistoa rekisterist\u00e4, rekisterinpit\u00e4j\u00e4 poistaa rekister\u00f6idyn henkil\u00f6tiedot, kun niiden k\u00e4sittely ei en\u00e4\u00e4 ole tietojen k\u00e4sittelyn tarkoitus huomioiden v\u00e4ltt\u00e4m\u00e4t\u00f6nt\u00e4, kuitenkin viimeist\u00e4\u00e4n sitten, kun on kulunut v\u00e4hint\u00e4\u00e4n kaksi kokonaista kalenterivuotta siit\u00e4, kun henkil\u00f6n kaikki j\u00e4senyydet ovat p\u00e4\u00e4ttyneet tai p\u00e4\u00e4tetty.<\/p>\n<h2>Rekister\u00f6idyn oikeudet<\/h2>\n<h3>Oikeus saada p\u00e4\u00e4sy rekisterin tietoihin<\/h3>\n<p>Henkil\u00f6ll\u00e4 on oikeus tietosuoja-asetuksen mukaisesti omasta pyynn\u00f6st\u00e4\u00e4n saada tieto h\u00e4nen rekisteriin tallennetuista tiedoistaan.<\/p>\n<p>Tietoja voi tarvittaessa pyyt\u00e4\u00e4 rekisterinpit\u00e4j\u00e4n yhteyshenkil\u00f6lt\u00e4.<\/p>\n<h3>Oikeus vaatia rekisterin tietojen oikaisua<\/h3>\n<p>Henkil\u00f6ll\u00e4 on oikeus tietosuoja-asetuksen mukaisesti vaatia h\u00e4nt\u00e4 koskevien virheellisten tietojen oikaisua tai puutteellisten tietojen t\u00e4ydent\u00e4mist\u00e4.<\/p>\n<p>Oikaisua voi tarvittaessa pyyt\u00e4\u00e4 rekisterinpit\u00e4j\u00e4n yhteyshenkil\u00f6lt\u00e4.<\/p>\n<h3>Oikeus rajoittaa ja vastustaa tietojen k\u00e4sittely\u00e4, kielt\u00e4\u00e4 tietojen k\u00e4sittely sek\u00e4 vaatia tietojen poistoa<\/h3>\n<p>Henkil\u00f6ll\u00e4 on oikeus tietosuoja-asetuksen mukaisesti kielt\u00e4\u00e4 henkil\u00f6tietojen k\u00e4sittely tai rajoittaa niiden k\u00e4sittely\u00e4 ja vaatia rekisteriin tallennettujen henkil\u00f6tietojen poistoa. Mik\u00e4li henkil\u00f6 rajoittaa tai vastustaa k\u00e4sittely\u00e4 tai kielt\u00e4\u00e4 k\u00e4sittelyn tavalla, joka est\u00e4\u00e4 k\u00e4ytt\u00e4m\u00e4st\u00e4 rekisteri\u00e4 sen k\u00e4ytt\u00f6tarkoituksen mukaisesti, rekisterinpit\u00e4j\u00e4 katsoo henkil\u00f6n eroavan yhdistyksest\u00e4.<\/p>\n<p>Tietojen poistoa voi tarvittaessa pyyt\u00e4\u00e4 rekisterinpit\u00e4j\u00e4n yhteyshenkil\u00f6lt\u00e4.<\/p>\n<h3>Oikeus siirt\u00e4\u00e4 tiedot j\u00e4rjestelm\u00e4st\u00e4 toiseen<\/h3>\n<p>Rekister\u00f6idyll\u00e4 henkil\u00f6ll\u00e4 on oikeus saada h\u00e4nt\u00e4 koskevat tiedot j\u00e4sennellyss\u00e4, yleisesti k\u00e4ytetyss\u00e4 ja koneellisesti luettavassa muodossa, esimerkiksi taulukko-, XML- tai JSON-muodossa. Tietoja voi tarvittaessa pyyt\u00e4\u00e4 rekisterinpit\u00e4j\u00e4n yhteyshenkil\u00f6lt\u00e4. Rekisterinpit\u00e4j\u00e4 pyrkii toimittamaan tiedot viivytyksett\u00e4, kuitenkin viimeist\u00e4\u00e4n kuukauden sis\u00e4ll\u00e4 pyynn\u00f6st\u00e4. Mik\u00e4li kuukauden aikaraja ylittyy, rekister\u00f6idylle tiedotetaan t\u00e4st\u00e4 erikseen.<\/p>\n<p>Mik\u00e4li rekister\u00f6idyn esitt\u00e4m\u00e4t pyynn\u00f6t ovat luonteeltaan toistuvia, rekisterinpit\u00e4j\u00e4ll\u00e4 on oikeus pyyt\u00e4\u00e4 niiden toimittamisesta maksu. Maksun suuruudesta p\u00e4\u00e4tt\u00e4\u00e4 yhdistyksen hallitus.<\/p>\n<h3>Valitusoikeus valvontaviranomaiselle<\/h3>\n<p>Jos rekister\u00f6ity henkil\u00f6 katsoo, ett\u00e4 h\u00e4nt\u00e4 koskevien henkil\u00f6tietojen k\u00e4sittelyss\u00e4 rikotaan tietosuoja-asetusta, h\u00e4nell\u00e4 on oikeus tehd\u00e4 valitus kansalliselle valvontaviranomaiselle joko vakituisessa asuin- tai ty\u00f6skentelyvaltiossaan, tai siin\u00e4 j\u00e4senvaltiossa, jossa rikkominen on tapahtunut. Kyseinen valtio on Suomi, jos rekister\u00f6ity katsoo, ett\u00e4 rikkomuksen tekij\u00e4 on rekisterinpit\u00e4j\u00e4n\u00e4 toimiva puolueen j\u00e4senyhdistys. T\u00e4m\u00e4 oikeus ei rajoita rekister\u00f6idyn oikeuksia muihin lain suomiin suojakeinoihin.<\/p>\n<p>Tietosuoja-asetuksen valvontaviranomaisena Suomessa toimii tietosuojavaltuutettu.<\/p>\n<p>Puolue kehottaa rekister\u00f6ityj\u00e4 j\u00e4seni\u00e4\u00e4n saattamaan mahdolliset ep\u00e4ilyksens\u00e4 j\u00e4senyhdistyksi\u00e4 koskevista tietosuoja-asetuksen rikkomuksista v\u00e4litt\u00f6m\u00e4sti my\u00f6s puolueen tietosuojavastaavan tietoon riippumatta siit\u00e4, aikooko j\u00e4sen tehd\u00e4 asiasta valituksen valvontaviranomaiselle. Puolueen tietosuojavastaavan tavoittaa s\u00e4hk\u00f6postitse osoitteesta dpo@vihreat.fi.<\/p>\n<h2>Tietojen luovutukset ja siirrot<\/h2>\n<p>Kaikki henkil\u00f6tiedot voidaan yhdistyksen j\u00e4senpalvelun parantamiseksi ja j\u00e4senmaksuperinn\u00e4n tehostamiseksi luovuttaa Vihre\u00e4 liitto rp:n k\u00e4ytt\u00f6\u00f6n puolueen j\u00e4senmaksurekisterin yll\u00e4pitoa varten. Mit\u00e4\u00e4n henkil\u00f6tietoja ei muutoin luovuteta ulkopuolisille, paitsi milloin rekisterinpit\u00e4j\u00e4n lakis\u00e4\u00e4teisten velvoitteiden noudattaminen t\u00e4t\u00e4 edellytt\u00e4\u00e4.<\/p>\n<p>Jos kaikkien yhdistysten j\u00e4senten tiedot on j\u00e4senten suostumuksella tallennettu my\u00f6s puolueen j\u00e4senmaksurekisteriin, voi yhdistys puolueen suostumuksella p\u00e4\u00e4tt\u00e4\u00e4 my\u00f6hemmin siirt\u00e4\u00e4 j\u00e4senrekisterins\u00e4 Vihre\u00e4 liitto rp:n yll\u00e4pidett\u00e4v\u00e4ksi. Yhdistys toimii t\u00e4ll\u00f6in yhteisrekisterinpit\u00e4j\u00e4n\u00e4 puolueen kanssa siten, kun puolueen j\u00e4senmaksurekisterin tietosuojaselosteessa on kuvattu.<\/p>\n<p>Henkil\u00f6tietoja ei siirret\u00e4 niiden k\u00e4sittely\u00e4 varten Euroopan talousalueen ulkopuolelle, mik\u00e4li Euroopan komissio ei ole katsonut kohdemaan tietosuojan tasoa riitt\u00e4v\u00e4ksi.<\/p>\n<h2>Automaattinen p\u00e4\u00e4t\u00f6ksenteko ja profilointi<\/h2>\n<p>Ker\u00e4ttyj\u00e4 tietoja ei k\u00e4ytet\u00e4 pelk\u00e4st\u00e4\u00e4n automaattiseen k\u00e4sittelyyn perustuvaan p\u00e4\u00e4t\u00f6ksentekoon. Tietoja voidaan kuitenkin k\u00e4ytt\u00e4\u00e4 profilointiin osittain automaattista p\u00e4\u00e4t\u00f6ksentekoa varten viestinn\u00e4llisiss\u00e4 tarkoituksessa, esimerkiksi haluttaessa v\u00e4litt\u00e4\u00e4 viesti kaikille niille henkil\u00f6ille, joiden arvellaan olevan ilmoittamansa ik\u00e4tiedon perusteella kiinnostuneita osallistumaan yhdistyksen nuorisoiltaan.<\/p>\n<h2>Henkil\u00f6tietojen k\u00e4sittelij\u00e4t<\/h2>\n<p>Henkil\u00f6t, joilla on p\u00e4\u00e4sy rekisterin tietoihin, nime\u00e4\u00e4 yhdistyksen hallitus.<\/p>\n<h2>Henkil\u00f6tietojen k\u00e4sittelyn turvallisuus<\/h2>\n<p>Henkil\u00f6tietojen k\u00e4sittelyn turvallisuus on pyritty varmistamaan arvioituun riskitasoon n\u00e4hden tarkoituksenmukaisella tavalla:<\/p>\n<ul>\n<li>Tiedot sijaitsevat rekisterinpit\u00e4j\u00e4n hallinnassa olevalla laitteella, jonka sis\u00e4lt\u00f6 on salattu tai virtuaalisilla palvelimilla tietokoneilla, joiden fyysinen turvallisuus on riitt\u00e4v\u00e4ll\u00e4 tavalla varmistettu.<\/li>\n<li>Tietojen luottamuksellisuus on turvattu salatulla tietoliikenteell\u00e4.<\/li>\n<li>Kyky palauttaa tiedot nopeasti vikatilanteessa on turvattu s\u00e4\u00e4nn\u00f6llisell\u00e4 varmuuskopioinnilla. Palveluiden k\u00e4ytett\u00e4vyys on muuten varmistettu huolehtimalla ohjelmistojen yll\u00e4pidosta s\u00e4\u00e4nn\u00f6llisesti.<\/li>\n<li>Yhdistys pyrkii arvioimaan tietojenk\u00e4sittelyn turvallisuuteen vaikuttavien teknisten ja organisatoristen toimenpiteiden tehokkuutta s\u00e4\u00e4nn\u00f6llisesti.<\/li>\n<li>K\u00e4sittelyss\u00e4 k\u00e4ytett\u00e4vi\u00e4 ja\u0308rjestelmia\u0308, sovelluksia ja palveluja hankittaessa huomioidaan tietosuoja jo hankintaprosessissa.<\/li>\n<li>Rekisterin muokkaaminen ja p\u00e4\u00e4sy rekisterin tietoihin estet\u00e4\u00e4n teknisesti muilta kuin edell\u00e4 m\u00e4\u00e4ritellyilt\u00e4 tietojen k\u00e4sittelyyn oikeutetuilta henkil\u00f6ilt\u00e4. Oikeutetut henkil\u00f6t tunnistetaan asianmukaisella p\u00e4\u00e4synvalvonnalla.<\/li>\n<\/ul>\n<\/div>\n","protected":false},"excerpt":{"rendered":"<p>T\u00e4m\u00e4 tietosuojaseloste on sek\u00e4 asetuksen (EU) 2016\/679 (j\u00e4ljemp\u00e4n\u00e4 tietosuoja-asetus) mukainen tiedote rekister\u00f6idyille heid\u00e4n henkil\u00f6tietojensa k\u00e4sittelyst\u00e4 ett\u00e4 asetuksen (EU) 2016\/679 (j\u00e4ljemp\u00e4n\u00e4 tietosuoja-asetus tai TSA) 30 artiklan mukainen seloste henkil\u00f6tietojen k\u00e4sittelytoimista. Rekisterin [&hellip;]<\/p>\n","protected":false},"author":1027,"featured_media":0,"parent":24808,"menu_order":0,"comment_status":"closed","ping_status":"closed","template":"","meta":{"_et_pb_use_builder":"","_et_pb_old_content":"","_et_gb_content_width":"","footnotes":""},"class_list":["post-26099","page","type-page","status-publish","hentry"],"yoast_head":"<!-- This site is optimized with the Yoast SEO plugin v27.1.1 - https:\/\/yoast.com\/product\/yoast-seo-wordpress\/ -->\n<title>Tietosuojaseloste - TalousVihre\u00e4t<\/title>\n<meta name=\"robots\" content=\"index, follow, max-snippet:-1, max-image-preview:large, max-video-preview:-1\" \/>\n<link rel=\"canonical\" href=\"https:\/\/talousvihreat.fi\/yhdistys\/tietosuojaseloste\/\" \/>\n<meta property=\"og:locale\" content=\"fi_FI\" \/>\n<meta property=\"og:type\" content=\"article\" \/>\n<meta property=\"og:title\" content=\"Tietosuojaseloste - TalousVihre\u00e4t\" \/>\n<meta property=\"og:description\" content=\"T\u00e4m\u00e4 tietosuojaseloste on sek\u00e4 asetuksen (EU) 2016\/679 (j\u00e4ljemp\u00e4n\u00e4 tietosuoja-asetus) mukainen tiedote rekister\u00f6idyille heid\u00e4n henkil\u00f6tietojensa k\u00e4sittelyst\u00e4 ett\u00e4 asetuksen (EU) 2016\/679 (j\u00e4ljemp\u00e4n\u00e4 tietosuoja-asetus tai TSA) 30 artiklan mukainen seloste henkil\u00f6tietojen k\u00e4sittelytoimista. Rekisterin [&hellip;]\" \/>\n<meta property=\"og:url\" content=\"https:\/\/talousvihreat.fi\/yhdistys\/tietosuojaseloste\/\" \/>\n<meta property=\"og:site_name\" content=\"TalousVihre\u00e4t\" \/>\n<meta property=\"article:publisher\" content=\"https:\/\/www.facebook.com\/TalousVihreat\/\" \/>\n<meta name=\"twitter:card\" content=\"summary_large_image\" \/>\n<meta name=\"twitter:site\" content=\"@talousvihreat\" \/>\n<meta name=\"twitter:label1\" content=\"Arvioitu lukuaika\" \/>\n\t<meta name=\"twitter:data1\" content=\"6 minuuttia\" \/>\n<script type=\"application\/ld+json\" class=\"yoast-schema-graph\">{\"@context\":\"https:\/\/schema.org\",\"@graph\":[{\"@type\":\"WebPage\",\"@id\":\"https:\/\/talousvihreat.fi\/yhdistys\/tietosuojaseloste\/\",\"url\":\"https:\/\/talousvihreat.fi\/yhdistys\/tietosuojaseloste\/\",\"name\":\"Tietosuojaseloste - TalousVihre\u00e4t\",\"isPartOf\":{\"@id\":\"https:\/\/talousvihreat.fi\/#website\"},\"datePublished\":\"2019-09-24T14:05:36+00:00\",\"breadcrumb\":{\"@id\":\"https:\/\/talousvihreat.fi\/yhdistys\/tietosuojaseloste\/#breadcrumb\"},\"inLanguage\":\"fi\",\"potentialAction\":[{\"@type\":\"ReadAction\",\"target\":[\"https:\/\/talousvihreat.fi\/yhdistys\/tietosuojaseloste\/\"]}]},{\"@type\":\"BreadcrumbList\",\"@id\":\"https:\/\/talousvihreat.fi\/yhdistys\/tietosuojaseloste\/#breadcrumb\",\"itemListElement\":[{\"@type\":\"ListItem\",\"position\":1,\"name\":\"Home\",\"item\":\"https:\/\/talousvihreat.fi\/\"},{\"@type\":\"ListItem\",\"position\":2,\"name\":\"Yhdistys\",\"item\":\"https:\/\/talousvihreat.fi\/yhdistys\/\"},{\"@type\":\"ListItem\",\"position\":3,\"name\":\"Tietosuojaseloste\"}]},{\"@type\":\"WebSite\",\"@id\":\"https:\/\/talousvihreat.fi\/#website\",\"url\":\"https:\/\/talousvihreat.fi\/\",\"name\":\"TalousVihre\u00e4t\",\"description\":\"Kest\u00e4v\u00e4\u00e4 talouspolitiikka\",\"potentialAction\":[{\"@type\":\"SearchAction\",\"target\":{\"@type\":\"EntryPoint\",\"urlTemplate\":\"https:\/\/talousvihreat.fi\/?s={search_term_string}\"},\"query-input\":{\"@type\":\"PropertyValueSpecification\",\"valueRequired\":true,\"valueName\":\"search_term_string\"}}],\"inLanguage\":\"fi\"}]}<\/script>\n<!-- \/ Yoast SEO plugin. -->","yoast_head_json":{"title":"Tietosuojaseloste - TalousVihre\u00e4t","robots":{"index":"index","follow":"follow","max-snippet":"max-snippet:-1","max-image-preview":"max-image-preview:large","max-video-preview":"max-video-preview:-1"},"canonical":"https:\/\/talousvihreat.fi\/yhdistys\/tietosuojaseloste\/","og_locale":"fi_FI","og_type":"article","og_title":"Tietosuojaseloste - TalousVihre\u00e4t","og_description":"T\u00e4m\u00e4 tietosuojaseloste on sek\u00e4 asetuksen (EU) 2016\/679 (j\u00e4ljemp\u00e4n\u00e4 tietosuoja-asetus) mukainen tiedote rekister\u00f6idyille heid\u00e4n henkil\u00f6tietojensa k\u00e4sittelyst\u00e4 ett\u00e4 asetuksen (EU) 2016\/679 (j\u00e4ljemp\u00e4n\u00e4 tietosuoja-asetus tai TSA) 30 artiklan mukainen seloste henkil\u00f6tietojen k\u00e4sittelytoimista. Rekisterin [&hellip;]","og_url":"https:\/\/talousvihreat.fi\/yhdistys\/tietosuojaseloste\/","og_site_name":"TalousVihre\u00e4t","article_publisher":"https:\/\/www.facebook.com\/TalousVihreat\/","twitter_card":"summary_large_image","twitter_site":"@talousvihreat","twitter_misc":{"Arvioitu lukuaika":"6 minuuttia"},"schema":{"@context":"https:\/\/schema.org","@graph":[{"@type":"WebPage","@id":"https:\/\/talousvihreat.fi\/yhdistys\/tietosuojaseloste\/","url":"https:\/\/talousvihreat.fi\/yhdistys\/tietosuojaseloste\/","name":"Tietosuojaseloste - TalousVihre\u00e4t","isPartOf":{"@id":"https:\/\/talousvihreat.fi\/#website"},"datePublished":"2019-09-24T14:05:36+00:00","breadcrumb":{"@id":"https:\/\/talousvihreat.fi\/yhdistys\/tietosuojaseloste\/#breadcrumb"},"inLanguage":"fi","potentialAction":[{"@type":"ReadAction","target":["https:\/\/talousvihreat.fi\/yhdistys\/tietosuojaseloste\/"]}]},{"@type":"BreadcrumbList","@id":"https:\/\/talousvihreat.fi\/yhdistys\/tietosuojaseloste\/#breadcrumb","itemListElement":[{"@type":"ListItem","position":1,"name":"Home","item":"https:\/\/talousvihreat.fi\/"},{"@type":"ListItem","position":2,"name":"Yhdistys","item":"https:\/\/talousvihreat.fi\/yhdistys\/"},{"@type":"ListItem","position":3,"name":"Tietosuojaseloste"}]},{"@type":"WebSite","@id":"https:\/\/talousvihreat.fi\/#website","url":"https:\/\/talousvihreat.fi\/","name":"TalousVihre\u00e4t","description":"Kest\u00e4v\u00e4\u00e4 talouspolitiikka","potentialAction":[{"@type":"SearchAction","target":{"@type":"EntryPoint","urlTemplate":"https:\/\/talousvihreat.fi\/?s={search_term_string}"},"query-input":{"@type":"PropertyValueSpecification","valueRequired":true,"valueName":"search_term_string"}}],"inLanguage":"fi"}]}},"_links":{"self":[{"href":"https:\/\/yhdistykset.vihreat.fi\/talous.vihreat\/wp-json\/wp\/v2\/pages\/26099","targetHints":{"allow":["GET"]}}],"collection":[{"href":"https:\/\/yhdistykset.vihreat.fi\/talous.vihreat\/wp-json\/wp\/v2\/pages"}],"about":[{"href":"https:\/\/yhdistykset.vihreat.fi\/talous.vihreat\/wp-json\/wp\/v2\/types\/page"}],"author":[{"embeddable":true,"href":"https:\/\/yhdistykset.vihreat.fi\/talous.vihreat\/wp-json\/wp\/v2\/users\/1027"}],"replies":[{"embeddable":true,"href":"https:\/\/yhdistykset.vihreat.fi\/talous.vihreat\/wp-json\/wp\/v2\/comments?post=26099"}],"version-history":[{"count":1,"href":"https:\/\/yhdistykset.vihreat.fi\/talous.vihreat\/wp-json\/wp\/v2\/pages\/26099\/revisions"}],"predecessor-version":[{"id":26100,"href":"https:\/\/yhdistykset.vihreat.fi\/talous.vihreat\/wp-json\/wp\/v2\/pages\/26099\/revisions\/26100"}],"up":[{"embeddable":true,"href":"https:\/\/yhdistykset.vihreat.fi\/talous.vihreat\/wp-json\/wp\/v2\/pages\/24808"}],"wp:attachment":[{"href":"https:\/\/yhdistykset.vihreat.fi\/talous.vihreat\/wp-json\/wp\/v2\/media?parent=26099"}],"curies":[{"name":"wp","href":"https:\/\/api.w.org\/{rel}","templated":true}]}}