{"id":26741,"date":"2022-07-19T11:40:18","date_gmt":"2022-07-19T08:40:18","guid":{"rendered":"https:\/\/www.talousvihreat.fi\/?page_id=26741"},"modified":"2022-07-19T11:47:05","modified_gmt":"2022-07-19T08:47:05","slug":"10-teesia-taloudesta","status":"publish","type":"page","link":"https:\/\/yhdistykset.vihreat.fi\/talous.vihreat\/10-teesia-taloudesta\/","title":{"rendered":"10 teesi\u00e4 taloudesta"},"content":{"rendered":"<p>[et_pb_section fb_built=&#8221;1&#8243; admin_label=&#8221;1. section&#8221; _builder_version=&#8221;4.17.4&#8243; global_colors_info=&#8221;{}&#8221; collapsed=&#8221;off&#8221;][et_pb_row admin_label=&#8221;10 teesi\u00e4 taloudesta&#8221; _builder_version=&#8221;4.17.4&#8243; background_size=&#8221;initial&#8221; background_position=&#8221;top_left&#8221; background_repeat=&#8221;repeat&#8221; global_colors_info=&#8221;{}&#8221; collapsed=&#8221;off&#8221;][et_pb_column type=&#8221;4_4&#8243; _builder_version=&#8221;4.16&#8243; custom_padding=&#8221;|||&#8221; global_colors_info=&#8221;{}&#8221; custom_padding__hover=&#8221;|||&#8221;][et_pb_accordion _builder_version=&#8221;4.17.4&#8243; _module_preset=&#8221;default&#8221; hover_enabled=&#8221;0&#8243; sticky_enabled=&#8221;0&#8243; admin_label=&#8221;10 teesi\u00e4 taloudesta&#8221;][et_pb_accordion_item _builder_version=&#8221;4.17.4&#8243; _module_preset=&#8221;default&#8221; title=&#8221;10 TEESI\u00c4 TALOUDESTA&#8221;][\/et_pb_accordion_item][et_pb_accordion_item _builder_version=&#8221;4.17.4&#8243; _module_preset=&#8221;default&#8221; title=&#8221;1. T&amp;K-rahoitus on parasta ty\u00f6llisyyspolitiikkaa&#8221; hover_enabled=&#8221;0&#8243; sticky_enabled=&#8221;0&#8243;]<\/p>\n<p>Yritykset ja innovaatiot ovat keskeinen osa ilmastonmuutoksen ja luontokadon torjuntaa.<\/p>\n<p>Valtion on j\u00e4rkev\u00e4\u00e4 tukea tuotteiden ja palveluiden kehityshankkeita varhaisessa vaiheessa, jotta suomalaiset yritykset pystyv\u00e4t kehitt\u00e4m\u00e4\u00e4n toimintaansa, tuomaan markkinoille ratkaisuja globaaleihin ongelmiin ja samalla luomaan uusia markkinoita. N\u00e4in luodaan pohja menestykselle kansainv\u00e4lisess\u00e4 kilpailussa ja parannetaan mahdollisuuksia ty\u00f6llist\u00e4\u00e4.<\/p>\n<p>[\/et_pb_accordion_item][et_pb_accordion_item _builder_version=&#8221;4.17.4&#8243; _module_preset=&#8221;default&#8221; title=&#8221;2. Tuhlaustaloudesta j\u00e4rkitalouteen&#8221; hover_enabled=&#8221;0&#8243; sticky_enabled=&#8221;0&#8243;]<\/p>\n<p>Taloudellisen toiminnan on perustuttava olemassa olevien hy\u00f6dykkeiden k\u00e4ytt\u00e4miseen ja niiden k\u00e4ytt\u00f6i\u00e4n pident\u00e4miseen, ei jatkuvaan uustuotantoon.<\/p>\n<p>Miksi ei k\u00e4ytet\u00e4 samaa tavaraa uudestaan ja korjata vanhaa? Kiertotalous luo paikallista ty\u00f6t\u00e4, mutta ollakseen kannattavaa, kiertotalous vaatii lains\u00e4\u00e4d\u00e4nn\u00f6n yhten\u00e4ist\u00e4misen ja neitseellisten raaka-aineiden haittaverotuksen. Lis\u00e4ksi ty\u00f6n hinnan on oltava kilpailukykyinen.<\/p>\n<p>[\/et_pb_accordion_item][et_pb_accordion_item _builder_version=&#8221;4.17.4&#8243; _module_preset=&#8221;default&#8221; title=&#8221;3. Pidet\u00e4\u00e4n vetemme maailman puhtaimpina&#8221; hover_enabled=&#8221;0&#8243; sticky_enabled=&#8221;0&#8243;]<\/p>\n<p>Olemme tottuneet siihen, ett\u00e4 meill\u00e4 on yllin kyllin puhdasta vett\u00e4. Maailmalla on kuitenkin pulaa puhtaasta juomavedest\u00e4, joten meid\u00e4n on pidett\u00e4v\u00e4 huolta arvokkaimmasta luonnonvarastamme my\u00f6s silloin kun siit\u00e4 on haittaa taloudellemme. Puhdistetaan juomakelpoisiksi saastuneita j\u00e4rvi\u00e4mme ja annetaan saastuttajien kantaa vastuunsa.<\/p>\n<p>[\/et_pb_accordion_item][et_pb_accordion_item _builder_version=&#8221;4.17.4&#8243; _module_preset=&#8221;default&#8221; title=&#8221;4. Ilman luontoa ei ole taloutta&#8221; hover_enabled=&#8221;0&#8243; sticky_enabled=&#8221;0&#8243;]<\/p>\n<p>Luonto on kaiken taloudellisen toiminnan alku ja juuri.<\/p>\n<p>Nykyinen talousajattelumme perustuu jatkuvaan talouskasvun tavoitteluun, mik\u00e4 k\u00e4yt\u00e4nn\u00f6ss\u00e4 on tarkoittanut t\u00e4h\u00e4n asti jatkuvaa luonnonvarojen ylikuluttamista. Ihmisten perustarpeet, kuten ruoka ja puhdas juomavesi tarvitsevat puhtaan ja toimivan ekosysteemin. Samalla kun fossiilitaloudesta luopuminen muuttaa maailman talouden dynamiikkaa, tulevaisuuden infrastruktuuri kuten autot ja tietokoneet, tehd\u00e4\u00e4n kaikki luonnon raaka-aineista: maasta louhituista rautamalmeista, mineraaleista ja organismeista.<\/p>\n<p>Nykyiset valtiollisen kehityksen mittausj\u00e4rjestelm\u00e4t, kuten BKT, eiv\u00e4t mittaa niin laadullista hyvinvointia ja turvallisuutta kuin luonnonvarojen ylikulutustakaan. T\u00e4m\u00e4n vuoksi p\u00e4\u00e4t\u00f6ksenteon tueksi on otettava mittareita, jotka huomioivat suuremmat kokonaisuudet.<\/p>\n<p>[\/et_pb_accordion_item][et_pb_accordion_item _builder_version=&#8221;4.17.4&#8243; _module_preset=&#8221;default&#8221; hover_enabled=&#8221;0&#8243; sticky_enabled=&#8221;0&#8243; title=&#8221;5. Rakennetaan kest\u00e4v\u00e4\u00e4 maailmaa verotuksella&#8221;]<\/p>\n<p>Ansiotuloverotusta on laskettava samassa suhteessa kuin haittaperusteista verotusta nostetaan.<\/p>\n<p>Haittaverotuksen tarkoitus ei ole tilkit\u00e4 valtion kassaa, vaan ohjata kulutusta luonnon ja terveyden kannalta kest\u00e4v\u00e4mm\u00e4lle polulle. Kun ansiotuloverotusta kevennet\u00e4\u00e4n samalla kun haittaverotusta nostetaan, pidet\u00e4\u00e4n huolta ostovoiman s\u00e4ilyvyydest\u00e4.<\/p>\n<p>[\/et_pb_accordion_item][et_pb_accordion_item _builder_version=&#8221;4.17.4&#8243; _module_preset=&#8221;default&#8221; title=&#8221;6. P\u00e4ivitet\u00e4\u00e4n ty\u00f6el\u00e4m\u00e4n s\u00e4\u00e4nn\u00f6t&#8221; hover_enabled=&#8221;0&#8243; sticky_enabled=&#8221;0&#8243;]<\/p>\n<p>Ty\u00f6el\u00e4m\u00e4n pelis\u00e4\u00e4nn\u00f6t on p\u00e4ivitett\u00e4v\u00e4 nopeasti muuttuvan maailman tarpeisiin.<\/p>\n<p>Digitalisaatio tuhoaa vanhaa ja luo uutta ty\u00f6t\u00e4, samalla kun ty\u00f6n muodot muuttuvat. Ty\u00f6el\u00e4m\u00e4n pelis\u00e4\u00e4nt\u00f6j\u00e4 on p\u00e4ivitett\u00e4v\u00e4 t\u00e4m\u00e4n p\u00e4iv\u00e4n ja l\u00e4hitulevaisuuden tarpeisiin. Et\u00e4ty\u00f6, alustaty\u00f6 ja ep\u00e4tyypilliset ty\u00f6suhteet on otettava lains\u00e4\u00e4d\u00e4nn\u00f6ss\u00e4 paremmin huomioon. Hyv\u00e4n mielenterveyden yll\u00e4pit\u00e4minen on ty\u00f6llist\u00e4mistoimi, siksi ty\u00f6per\u00e4iseen uupumukseen ja masennukseen on puututtava nykyist\u00e4 tarmokkaammin.<\/p>\n<p>&nbsp;<\/p>\n<p>[\/et_pb_accordion_item][et_pb_accordion_item _builder_version=&#8221;4.17.4&#8243; _module_preset=&#8221;default&#8221; title=&#8221;7. Julkinen talous on ihmist\u00e4 varten&#8221; hover_enabled=&#8221;0&#8243; sticky_enabled=&#8221;0&#8243;]<\/p>\n<p>Julkisen vallan teht\u00e4v\u00e4 on pit\u00e4\u00e4 huolta kansalaistensa perustarpeista, kuten terveydest\u00e4 ja turvallisuudesta. Siksi julkista taloutta on puolustettava.<\/p>\n<p>Julkisen talouden tasapainoa on vaalittava pitk\u00e4j\u00e4nteisesti ja kest\u00e4v\u00e4ll\u00e4 tavalla, jotta valtio suoriutuu teht\u00e4vist\u00e4\u00e4n ja voi pit\u00e4\u00e4 ihmisist\u00e4 huolta silloin kun h\u00e4t\u00e4 on suurin.<\/p>\n<p>[\/et_pb_accordion_item][et_pb_accordion_item _builder_version=&#8221;4.17.4&#8243; _module_preset=&#8221;default&#8221; title=&#8221;8. Hallinnon on hy\u00f6dynnett\u00e4v\u00e4 automatisaation edut&#8221; hover_enabled=&#8221;0&#8243; sticky_enabled=&#8221;0&#8243;]<\/p>\n<p>Automatisaatiolla voidaan vapauttaa valtionhallinnon resursseja ihmisten kohtaamiseen.<\/p>\n<p>Esimerkiksi ty\u00f6tt\u00f6myyden aikana on j\u00e4rkev\u00e4\u00e4, ett\u00e4 asiat voi hoitaa yhdell\u00e4 s\u00e4hk\u00f6isell\u00e4 lomakkeella ja ty\u00f6tt\u00f6myyskorvaukset tulevat automaattisesti tulorekisterin tietojen perusteella. Byrokratiarumbasta vapautuneet ty\u00f6ntekij\u00e4t voivat keskitty\u00e4 asiakkaaseen eli ihmiseen &#8211; eli miten saada ty\u00f6tt\u00f6m\u00e4lle t\u00f6it\u00e4.<\/p>\n<p>[\/et_pb_accordion_item][et_pb_accordion_item _builder_version=&#8221;4.17.4&#8243; _module_preset=&#8221;default&#8221; title=&#8221;9. Sivistys on Suomen kilpailuetu&#8221; hover_enabled=&#8221;0&#8243; sticky_enabled=&#8221;0&#8243;]<\/p>\n<p>Suomen kilpailuetu on joustava koulutusj\u00e4rjestelm\u00e4, jonka avulla taataan osaavan ty\u00f6voiman helppo saatavuus.<\/p>\n<p>Oppiminen on koko el\u00e4m\u00e4n kest\u00e4v\u00e4 prosessi ja siksi sen jokaiseen vaiheeseen varhaiskasvatuksesta ja peruskoulutuksesta alkaen on panostettava, jotta voimme turvata ty\u00f6voiman korkean osaamistason my\u00f6s tulevaisuudessa. Opintopolut on pidett\u00e4v\u00e4 avoinna my\u00f6s aikuisi\u00e4ll\u00e4, kun ammatinvaihto tai t\u00e4ydennyskoulutus tulee ajankohtaiseksi.<\/p>\n<p>[\/et_pb_accordion_item][et_pb_accordion_item _builder_version=&#8221;4.17.4&#8243; _module_preset=&#8221;default&#8221; title=&#8221;10. Yritt\u00e4jyyteen vauhtia ja vakautta perustulon avulla&#8221; hover_enabled=&#8221;0&#8243; sticky_enabled=&#8221;0&#8243;]<\/p>\n<p>Yritt\u00e4jien ja silpput\u00f6iden tekij\u00f6iden toimeentulon ennakoitavuus taataan perustulolla.<\/p>\n<p>Tulorekisterin ansioista voidaan ottaa nopeasti k\u00e4ytt\u00f6\u00f6n perustulo, joka korvaa kaikki alle 600 euron tuet. T\u00e4m\u00e4 koskee kaikkia ty\u00f6ik\u00e4isi\u00e4, my\u00f6s yritt\u00e4ji\u00e4. N\u00e4in ihmiset voivat luottaa saavansa tietyn takuutulon joka kuukausi, vaikka tilanteet muuttuisivat. T\u00e4m\u00e4 my\u00f6s rohkaisee ryhtym\u00e4\u00e4n yritt\u00e4j\u00e4ksi ja tarttumaan lyhytaikaisiin ty\u00f6tarjouksiin.<\/p>\n<p>&nbsp;<\/p>\n<p>[\/et_pb_accordion_item][\/et_pb_accordion][\/et_pb_column][\/et_pb_row][\/et_pb_section]<\/p>\n","protected":false},"excerpt":{"rendered":"<p>[et_pb_section fb_built=&#8221;1&#8243; admin_label=&#8221;1. section&#8221; _builder_version=&#8221;4.17.4&#8243; global_colors_info=&#8221;{}&#8221; collapsed=&#8221;off&#8221;][et_pb_row admin_label=&#8221;10 teesi\u00e4 taloudesta&#8221; _builder_version=&#8221;4.17.4&#8243; background_size=&#8221;initial&#8221; background_position=&#8221;top_left&#8221; background_repeat=&#8221;repeat&#8221; global_colors_info=&#8221;{}&#8221; collapsed=&#8221;off&#8221;][et_pb_column type=&#8221;4_4&#8243; _builder_version=&#8221;4.16&#8243; custom_padding=&#8221;|||&#8221; global_colors_info=&#8221;{}&#8221; custom_padding__hover=&#8221;|||&#8221;][et_pb_accordion _builder_version=&#8221;4.17.4&#8243; _module_preset=&#8221;default&#8221; hover_enabled=&#8221;0&#8243; sticky_enabled=&#8221;0&#8243; admin_label=&#8221;10 teesi\u00e4 taloudesta&#8221;][et_pb_accordion_item _builder_version=&#8221;4.17.4&#8243; _module_preset=&#8221;default&#8221; [&hellip;]<\/p>\n","protected":false},"author":1194,"featured_media":0,"parent":0,"menu_order":0,"comment_status":"closed","ping_status":"closed","template":"","meta":{"_et_pb_use_builder":"off","_et_pb_old_content":"","_et_gb_content_width":"","footnotes":""},"class_list":["post-26741","page","type-page","status-publish","hentry"],"yoast_head":"<!-- This site is optimized with the Yoast SEO plugin v27.1.1 - https:\/\/yoast.com\/product\/yoast-seo-wordpress\/ -->\n<title>10 teesi\u00e4 taloudesta - TalousVihre\u00e4t<\/title>\n<meta name=\"description\" content=\"10 Teesi\u00e4 Taloudesta - TalousVihre\u00e4t tarjoaa n\u00e4kemyst\u00e4 miten taloutta kannattaa uudistaa, ja miksi. Vain uudistuminen on pysyv\u00e4\u00e4.\" \/>\n<meta name=\"robots\" content=\"index, follow, max-snippet:-1, max-image-preview:large, max-video-preview:-1\" \/>\n<link rel=\"canonical\" href=\"https:\/\/talousvihreat.fi\/10-teesia-taloudesta\/\" \/>\n<meta property=\"og:locale\" content=\"fi_FI\" \/>\n<meta property=\"og:type\" content=\"article\" \/>\n<meta property=\"og:title\" content=\"10 teesi\u00e4 taloudesta - TalousVihre\u00e4t\" \/>\n<meta property=\"og:description\" content=\"10 Teesi\u00e4 Taloudesta - TalousVihre\u00e4t tarjoaa n\u00e4kemyst\u00e4 miten taloutta kannattaa uudistaa, ja miksi. Vain uudistuminen on pysyv\u00e4\u00e4.\" \/>\n<meta property=\"og:url\" content=\"https:\/\/talousvihreat.fi\/10-teesia-taloudesta\/\" \/>\n<meta property=\"og:site_name\" content=\"TalousVihre\u00e4t\" \/>\n<meta property=\"article:publisher\" content=\"https:\/\/www.facebook.com\/TalousVihreat\/\" \/>\n<meta property=\"article:modified_time\" content=\"2022-07-19T08:47:05+00:00\" \/>\n<meta name=\"twitter:card\" content=\"summary_large_image\" \/>\n<meta name=\"twitter:site\" content=\"@talousvihreat\" \/>\n<meta name=\"twitter:label1\" content=\"Arvioitu lukuaika\" \/>\n\t<meta name=\"twitter:data1\" content=\"5 minuuttia\" \/>\n<script type=\"application\/ld+json\" class=\"yoast-schema-graph\">{\"@context\":\"https:\/\/schema.org\",\"@graph\":[{\"@type\":\"WebPage\",\"@id\":\"https:\/\/talousvihreat.fi\/10-teesia-taloudesta\/\",\"url\":\"https:\/\/talousvihreat.fi\/10-teesia-taloudesta\/\",\"name\":\"10 teesi\u00e4 taloudesta - TalousVihre\u00e4t\",\"isPartOf\":{\"@id\":\"https:\/\/talousvihreat.fi\/#website\"},\"datePublished\":\"2022-07-19T08:40:18+00:00\",\"dateModified\":\"2022-07-19T08:47:05+00:00\",\"description\":\"10 Teesi\u00e4 Taloudesta - TalousVihre\u00e4t tarjoaa n\u00e4kemyst\u00e4 miten taloutta kannattaa uudistaa, ja miksi. Vain uudistuminen on pysyv\u00e4\u00e4.\",\"breadcrumb\":{\"@id\":\"https:\/\/talousvihreat.fi\/10-teesia-taloudesta\/#breadcrumb\"},\"inLanguage\":\"fi\",\"potentialAction\":[{\"@type\":\"ReadAction\",\"target\":[\"https:\/\/talousvihreat.fi\/10-teesia-taloudesta\/\"]}]},{\"@type\":\"BreadcrumbList\",\"@id\":\"https:\/\/talousvihreat.fi\/10-teesia-taloudesta\/#breadcrumb\",\"itemListElement\":[{\"@type\":\"ListItem\",\"position\":1,\"name\":\"Home\",\"item\":\"https:\/\/talousvihreat.fi\/\"},{\"@type\":\"ListItem\",\"position\":2,\"name\":\"10 teesi\u00e4 taloudesta\"}]},{\"@type\":\"WebSite\",\"@id\":\"https:\/\/talousvihreat.fi\/#website\",\"url\":\"https:\/\/talousvihreat.fi\/\",\"name\":\"TalousVihre\u00e4t\",\"description\":\"Kest\u00e4v\u00e4\u00e4 talouspolitiikka\",\"potentialAction\":[{\"@type\":\"SearchAction\",\"target\":{\"@type\":\"EntryPoint\",\"urlTemplate\":\"https:\/\/talousvihreat.fi\/?s={search_term_string}\"},\"query-input\":{\"@type\":\"PropertyValueSpecification\",\"valueRequired\":true,\"valueName\":\"search_term_string\"}}],\"inLanguage\":\"fi\"}]}<\/script>\n<!-- \/ Yoast SEO plugin. -->","yoast_head_json":{"title":"10 teesi\u00e4 taloudesta - TalousVihre\u00e4t","description":"10 Teesi\u00e4 Taloudesta - TalousVihre\u00e4t tarjoaa n\u00e4kemyst\u00e4 miten taloutta kannattaa uudistaa, ja miksi. Vain uudistuminen on pysyv\u00e4\u00e4.","robots":{"index":"index","follow":"follow","max-snippet":"max-snippet:-1","max-image-preview":"max-image-preview:large","max-video-preview":"max-video-preview:-1"},"canonical":"https:\/\/talousvihreat.fi\/10-teesia-taloudesta\/","og_locale":"fi_FI","og_type":"article","og_title":"10 teesi\u00e4 taloudesta - TalousVihre\u00e4t","og_description":"10 Teesi\u00e4 Taloudesta - TalousVihre\u00e4t tarjoaa n\u00e4kemyst\u00e4 miten taloutta kannattaa uudistaa, ja miksi. Vain uudistuminen on pysyv\u00e4\u00e4.","og_url":"https:\/\/talousvihreat.fi\/10-teesia-taloudesta\/","og_site_name":"TalousVihre\u00e4t","article_publisher":"https:\/\/www.facebook.com\/TalousVihreat\/","article_modified_time":"2022-07-19T08:47:05+00:00","twitter_card":"summary_large_image","twitter_site":"@talousvihreat","twitter_misc":{"Arvioitu lukuaika":"5 minuuttia"},"schema":{"@context":"https:\/\/schema.org","@graph":[{"@type":"WebPage","@id":"https:\/\/talousvihreat.fi\/10-teesia-taloudesta\/","url":"https:\/\/talousvihreat.fi\/10-teesia-taloudesta\/","name":"10 teesi\u00e4 taloudesta - TalousVihre\u00e4t","isPartOf":{"@id":"https:\/\/talousvihreat.fi\/#website"},"datePublished":"2022-07-19T08:40:18+00:00","dateModified":"2022-07-19T08:47:05+00:00","description":"10 Teesi\u00e4 Taloudesta - TalousVihre\u00e4t tarjoaa n\u00e4kemyst\u00e4 miten taloutta kannattaa uudistaa, ja miksi. Vain uudistuminen on pysyv\u00e4\u00e4.","breadcrumb":{"@id":"https:\/\/talousvihreat.fi\/10-teesia-taloudesta\/#breadcrumb"},"inLanguage":"fi","potentialAction":[{"@type":"ReadAction","target":["https:\/\/talousvihreat.fi\/10-teesia-taloudesta\/"]}]},{"@type":"BreadcrumbList","@id":"https:\/\/talousvihreat.fi\/10-teesia-taloudesta\/#breadcrumb","itemListElement":[{"@type":"ListItem","position":1,"name":"Home","item":"https:\/\/talousvihreat.fi\/"},{"@type":"ListItem","position":2,"name":"10 teesi\u00e4 taloudesta"}]},{"@type":"WebSite","@id":"https:\/\/talousvihreat.fi\/#website","url":"https:\/\/talousvihreat.fi\/","name":"TalousVihre\u00e4t","description":"Kest\u00e4v\u00e4\u00e4 talouspolitiikka","potentialAction":[{"@type":"SearchAction","target":{"@type":"EntryPoint","urlTemplate":"https:\/\/talousvihreat.fi\/?s={search_term_string}"},"query-input":{"@type":"PropertyValueSpecification","valueRequired":true,"valueName":"search_term_string"}}],"inLanguage":"fi"}]}},"_links":{"self":[{"href":"https:\/\/yhdistykset.vihreat.fi\/talous.vihreat\/wp-json\/wp\/v2\/pages\/26741","targetHints":{"allow":["GET"]}}],"collection":[{"href":"https:\/\/yhdistykset.vihreat.fi\/talous.vihreat\/wp-json\/wp\/v2\/pages"}],"about":[{"href":"https:\/\/yhdistykset.vihreat.fi\/talous.vihreat\/wp-json\/wp\/v2\/types\/page"}],"author":[{"embeddable":true,"href":"https:\/\/yhdistykset.vihreat.fi\/talous.vihreat\/wp-json\/wp\/v2\/users\/1194"}],"replies":[{"embeddable":true,"href":"https:\/\/yhdistykset.vihreat.fi\/talous.vihreat\/wp-json\/wp\/v2\/comments?post=26741"}],"version-history":[{"count":6,"href":"https:\/\/yhdistykset.vihreat.fi\/talous.vihreat\/wp-json\/wp\/v2\/pages\/26741\/revisions"}],"predecessor-version":[{"id":26751,"href":"https:\/\/yhdistykset.vihreat.fi\/talous.vihreat\/wp-json\/wp\/v2\/pages\/26741\/revisions\/26751"}],"wp:attachment":[{"href":"https:\/\/yhdistykset.vihreat.fi\/talous.vihreat\/wp-json\/wp\/v2\/media?parent=26741"}],"curies":[{"name":"wp","href":"https:\/\/api.w.org\/{rel}","templated":true}]}}