{"id":273,"date":"2012-05-12T11:09:33","date_gmt":"2012-05-12T09:09:33","guid":{"rendered":"https:\/\/yhdistykset.vihreat.fi\/vihdin.vihreat\/?page_id=273"},"modified":"2020-11-19T08:51:14","modified_gmt":"2020-11-19T06:51:14","slug":"tule-mukaan","status":"publish","type":"page","link":"https:\/\/yhdistykset.vihreat.fi\/vihdin.vihreat\/tule-mukaan\/","title":{"rendered":"Tule mukaan"},"content":{"rendered":"<p style=\"text-align: center;\">\u00a0Vihdin Vihre\u00e4t ajattelee, ideoi, pohtii, keskustelee, toimii, rep\u00e4isee, irrottelee, kertoo, kirjoittaa, puhuu, kuuntelee, lukee, tiedottaa ja vaikuttaa.<\/p>\n<p style=\"text-align: center;\">Tule mukaan!<\/p>\n<p>\u00a0<a href=\"https:\/\/asiointi.vihreat.fi\/liittymislomake?yhdistys=84\" target=\"_blank\" rel=\"noopener noreferrer\"><img loading=\"lazy\" decoding=\"async\" class=\"aligncenter wp-image-1412\" title=\"j\u00e4seneksi\" src=\"https:\/\/yhdistykset.vihreat.fi\/vihdin.vihreat\/files\/2012\/05\/j\u00e4seneksi1-300x183.jpg\" alt=\"\" width=\"409\" height=\"242\" \/><\/a><\/p>\n<p style=\"text-align: center;\">Aiempaa kokemusta tai tietoa politiikasta ei tarvita, kiinnostus ja halu toimia ihmisten ja ymp\u00e4rist\u00f6n hyv\u00e4ksi riitt\u00e4v\u00e4t. J\u00e4senyys on kannanotto paremman tulevaisuuden puolesta.<\/p>\n<p>&nbsp;<\/p>\n<h2 style=\"text-align: center;\">Liity j\u00e4seneksi nyt<\/h2>\n<p style=\"text-align: center;\">\u00a0J\u00e4senmaksu:<\/p>\n<p style=\"text-align: center;\">30 euroa\/v\u00e4h\u00e4varaisilta 12,5 euroa.<\/p>\n<p style=\"text-align: center;\">Maksu sis\u00e4lt\u00e4\u00e4 j\u00e4senyyden Vihdin Vihreiss\u00e4<\/p>\n<p style=\"text-align: center;\">ja sit\u00e4 kautta Vihre\u00e4ss\u00e4 liitossa.<\/p>\n<p style=\"text-align: center;\">Tervetuloa mukaan!<\/p>\n<p style=\"text-align: center;\"><a href=\"http:\/\/www.facebook.com\/vihdinvihreat\" target=\"_blank\" rel=\"noopener noreferrer\"><img loading=\"lazy\" decoding=\"async\" title=\"facebook\" src=\"https:\/\/yhdistykset.vihreat.fi\/vihdin.vihreat\/files\/2012\/05\/facebook-300x174.jpg\" alt=\"\" width=\"404\" height=\"275\" \/><\/a><\/p>\n<p style=\"text-align: center;\">\n<!-- AddThis Advanced Settings generic via filter on the_content --><!-- AddThis Share Buttons generic via filter on the_content -->","protected":false},"excerpt":{"rendered":"<p>\u00a0Vihdin Vihre\u00e4t ajattelee, ideoi, pohtii, keskustelee, toimii, rep\u00e4isee, irrottelee, kertoo, kirjoittaa, puhuu, kuuntelee, lukee, tiedottaa ja vaikuttaa. Tule mukaan! \u00a0 Aiempaa kokemusta tai tietoa politiikasta ei tarvita, kiinnostus ja halu toimia ihmisten ja ymp\u00e4rist\u00f6n hyv\u00e4ksi riitt\u00e4v\u00e4t. J\u00e4senyys on kannanotto paremman tulevaisuuden puolesta. &nbsp; Liity j\u00e4seneksi nyt \u00a0J\u00e4senmaksu: 30 euroa\/v\u00e4h\u00e4varaisilta 12,5 euroa. Maksu sis\u00e4lt\u00e4\u00e4 j\u00e4senyyden Vihdin [&hellip;]<!-- AddThis Advanced Settings generic via filter on get_the_excerpt --><!-- AddThis Share Buttons generic via filter on get_the_excerpt --><\/p>\n","protected":false},"author":77,"featured_media":0,"parent":0,"menu_order":0,"comment_status":"closed","ping_status":"closed","template":"","meta":{"footnotes":""},"class_list":["post-273","page","type-page","status-publish","hentry"],"_links":{"self":[{"href":"https:\/\/yhdistykset.vihreat.fi\/vihdin.vihreat\/wp-json\/wp\/v2\/pages\/273","targetHints":{"allow":["GET"]}}],"collection":[{"href":"https:\/\/yhdistykset.vihreat.fi\/vihdin.vihreat\/wp-json\/wp\/v2\/pages"}],"about":[{"href":"https:\/\/yhdistykset.vihreat.fi\/vihdin.vihreat\/wp-json\/wp\/v2\/types\/page"}],"author":[{"embeddable":true,"href":"https:\/\/yhdistykset.vihreat.fi\/vihdin.vihreat\/wp-json\/wp\/v2\/users\/77"}],"replies":[{"embeddable":true,"href":"https:\/\/yhdistykset.vihreat.fi\/vihdin.vihreat\/wp-json\/wp\/v2\/comments?post=273"}],"version-history":[{"count":31,"href":"https:\/\/yhdistykset.vihreat.fi\/vihdin.vihreat\/wp-json\/wp\/v2\/pages\/273\/revisions"}],"predecessor-version":[{"id":26380,"href":"https:\/\/yhdistykset.vihreat.fi\/vihdin.vihreat\/wp-json\/wp\/v2\/pages\/273\/revisions\/26380"}],"wp:attachment":[{"href":"https:\/\/yhdistykset.vihreat.fi\/vihdin.vihreat\/wp-json\/wp\/v2\/media?parent=273"}],"curies":[{"name":"wp","href":"https:\/\/api.w.org\/{rel}","templated":true}]}}